
{"id":1471,"date":"2023-04-14T11:23:56","date_gmt":"2023-04-14T11:23:56","guid":{"rendered":"http:\/\/localhost:8888\/veterina-porec.com\/?page_id=1471"},"modified":"2023-09-26T08:24:13","modified_gmt":"2023-09-26T08:24:13","slug":"kontakt","status":"publish","type":"page","link":"https:\/\/veterinarska-bolnica-porec.com\/de\/kontakt\/","title":{"rendered":"Kontakt"},"content":{"rendered":"<div data-elementor-type=\"wp-page\" data-elementor-id=\"1471\" class=\"elementor elementor-1471\">\n\t\t\t\t<div class=\"elementor-element elementor-element-b11e72d main-container e-flex e-con-boxed e-con e-parent\" data-id=\"b11e72d\" data-element_type=\"container\" data-settings=\"{&quot;background_background&quot;:&quot;classic&quot;}\">\n\t\t\t\t\t<div class=\"e-con-inner\">\n\t\t<div class=\"elementor-element elementor-element-33b9528 e-flex e-con-boxed e-con e-child\" data-id=\"33b9528\" data-element_type=\"container\">\n\t\t\t\t\t<div class=\"e-con-inner\">\n\t\t<div class=\"elementor-element elementor-element-f46202e e-con-full e-flex e-con e-child\" data-id=\"f46202e\" data-element_type=\"container\">\n\t\t\t\t<div class=\"elementor-element elementor-element-919bf2a elementor-widget elementor-widget-heading\" data-id=\"919bf2a\" data-element_type=\"widget\" data-widget_type=\"heading.default\">\n\t\t\t\t<div class=\"elementor-widget-container\">\n\t\t\t\t\t<h2 class=\"elementor-heading-title elementor-size-default\">Kontaktieren<br>Sie uns<\/h2>\t\t\t\t<\/div>\n\t\t\t\t<\/div>\n\t\t\t\t<div class=\"elementor-element elementor-element-4d85785 elementor-widget elementor-widget-text-editor\" data-id=\"4d85785\" data-element_type=\"widget\" data-widget_type=\"text-editor.default\">\n\t\t\t\t<div class=\"elementor-widget-container\">\n\t\t\t\t\t\t\t\t\t<p>Besuchen Sie uns noch heute!<\/p>\t\t\t\t\t\t\t\t<\/div>\n\t\t\t\t<\/div>\n\t\t\t\t<\/div>\n\t\t\t\t\t<\/div>\n\t\t\t\t<\/div>\n\t\t\t\t\t<\/div>\n\t\t\t\t<\/div>\n\t\t<div class=\"elementor-element elementor-element-314a453 main-container e-flex e-con-boxed e-con e-parent\" data-id=\"314a453\" data-element_type=\"container\" id=\"kontakt-forma\">\n\t\t\t\t\t<div class=\"e-con-inner\">\n\t\t\t\t<div class=\"elementor-element elementor-element-46fa56bf elementor-widget elementor-widget-heading\" data-id=\"46fa56bf\" data-element_type=\"widget\" data-widget_type=\"heading.default\">\n\t\t\t\t<div class=\"elementor-widget-container\">\n\t\t\t\t\t<h2 class=\"elementor-heading-title elementor-size-default\">Finden Sie uns an<br>diesem Standort<\/h2>\t\t\t\t<\/div>\n\t\t\t\t<\/div>\n\t\t<div class=\"elementor-element elementor-element-55bdb061 e-con-full e-flex e-con e-child\" data-id=\"55bdb061\" data-element_type=\"container\" data-settings=\"{&quot;background_background&quot;:&quot;classic&quot;}\">\n\t\t\t\t<\/div>\n\t\t\t\t\t<\/div>\n\t\t\t\t<\/div>\n\t\t<div class=\"elementor-element elementor-element-5838e49 main-container e-flex e-con-boxed e-con e-parent\" data-id=\"5838e49\" data-element_type=\"container\" id=\"kontakt-forma\">\n\t\t\t\t\t<div class=\"e-con-inner\">\n\t\t<div class=\"elementor-element elementor-element-1011a8f e-con-full e-flex e-con e-child\" data-id=\"1011a8f\" data-element_type=\"container\">\n\t\t<div class=\"elementor-element elementor-element-2bf3015 show e-flex e-con-boxed e-con e-child\" data-id=\"2bf3015\" data-element_type=\"container\" id=\"porec-map\">\n\t\t\t\t\t<div class=\"e-con-inner\">\n\t\t\t\t<div class=\"elementor-element elementor-element-e23b8e5 google-map elementor-widget elementor-widget-google_maps\" data-id=\"e23b8e5\" data-element_type=\"widget\" data-widget_type=\"google_maps.default\">\n\t\t\t\t<div class=\"elementor-widget-container\">\n\t\t\t\t\t\t\t<div class=\"elementor-custom-embed\">\n\t\t\t<iframe loading=\"lazy\"\n\t\t\t\t\tsrc=\"https:\/\/maps.google.com\/maps?q=Ul.%20Mate%20Vla%C5%A1i%C4%87a%2045%2052440%2C%20Pore%C4%8D&#038;t=m&#038;z=16&#038;output=embed&#038;iwloc=near\"\n\t\t\t\t\ttitle=\"Ul. Mate Vla\u0161i\u0107a 45 52440, Pore\u010d\"\n\t\t\t\t\taria-label=\"Ul. Mate Vla\u0161i\u0107a 45 52440, Pore\u010d\"\n\t\t\t><\/iframe>\n\t\t<\/div>\n\t\t\t\t\t\t<\/div>\n\t\t\t\t<\/div>\n\t\t\t\t\t<\/div>\n\t\t\t\t<\/div>\n\t\t<div class=\"elementor-element elementor-element-b86500a google-maps-container-ultravet-labin e-flex e-con-boxed e-con e-child\" data-id=\"b86500a\" data-element_type=\"container\" id=\"labin-map\">\n\t\t\t\t\t<div class=\"e-con-inner\">\n\t\t\t\t<div class=\"elementor-element elementor-element-bb09b21 google-map elementor-widget elementor-widget-google_maps\" data-id=\"bb09b21\" data-element_type=\"widget\" data-widget_type=\"google_maps.default\">\n\t\t\t\t<div class=\"elementor-widget-container\">\n\t\t\t\t\t\t\t<div class=\"elementor-custom-embed\">\n\t\t\t<iframe loading=\"lazy\"\n\t\t\t\t\tsrc=\"https:\/\/maps.google.com\/maps?q=Ul.%20Trg%20labinskih%20rudara%207%2C%2052220%2C%20Labin&#038;t=m&#038;z=16&#038;output=embed&#038;iwloc=near\"\n\t\t\t\t\ttitle=\"Ul. Trg labinskih rudara 7, 52220, Labin\"\n\t\t\t\t\taria-label=\"Ul. Trg labinskih rudara 7, 52220, Labin\"\n\t\t\t><\/iframe>\n\t\t<\/div>\n\t\t\t\t\t\t<\/div>\n\t\t\t\t<\/div>\n\t\t\t\t\t<\/div>\n\t\t\t\t<\/div>\n\t\t<div class=\"elementor-element elementor-element-1fc60f9 e-flex e-con-boxed e-con e-child\" data-id=\"1fc60f9\" data-element_type=\"container\">\n\t\t\t\t\t<div class=\"e-con-inner\">\n\t\t\t\t<div class=\"elementor-element elementor-element-820414c active elementor-widget elementor-widget-button\" data-id=\"820414c\" data-element_type=\"widget\" id=\"btn-vet-porec\" data-widget_type=\"button.default\">\n\t\t\t\t<div class=\"elementor-widget-container\">\n\t\t\t\t\t\t\t\t\t<div class=\"elementor-button-wrapper\">\n\t\t\t\t\t<a class=\"elementor-button elementor-size-sm\" role=\"button\">\n\t\t\t\t\t\t<span class=\"elementor-button-content-wrapper\">\n\t\t\t\t\t\t\t\t\t<span class=\"elementor-button-text\">Tierklinik Pore\u010d<\/span>\n\t\t\t\t\t<\/span>\n\t\t\t\t\t<\/a>\n\t\t\t\t<\/div>\n\t\t\t\t\t\t\t\t<\/div>\n\t\t\t\t<\/div>\n\t\t\t\t<div class=\"elementor-element elementor-element-d3adb3e elementor-widget elementor-widget-button\" data-id=\"d3adb3e\" data-element_type=\"widget\" id=\"btn-ultra-vet\" data-widget_type=\"button.default\">\n\t\t\t\t<div class=\"elementor-widget-container\">\n\t\t\t\t\t\t\t\t\t<div class=\"elementor-button-wrapper\">\n\t\t\t\t\t<a class=\"elementor-button elementor-size-sm\" role=\"button\">\n\t\t\t\t\t\t<span class=\"elementor-button-content-wrapper\">\n\t\t\t\t\t\t\t\t\t<span class=\"elementor-button-text\">Ultra vet Labin<\/span>\n\t\t\t\t\t<\/span>\n\t\t\t\t\t<\/a>\n\t\t\t\t<\/div>\n\t\t\t\t\t\t\t\t<\/div>\n\t\t\t\t<\/div>\n\t\t\t\t\t<\/div>\n\t\t\t\t<\/div>\n\t\t\t\t<\/div>\n\t\t<div class=\"elementor-element elementor-element-864dc33 e-con-full e-flex e-con e-child\" data-id=\"864dc33\" data-element_type=\"container\">\n\t\t<div class=\"elementor-element elementor-element-59a73d6 e-con-full e-flex e-con e-child\" data-id=\"59a73d6\" data-element_type=\"container\" data-settings=\"{&quot;background_background&quot;:&quot;classic&quot;}\">\n\t\t\t\t<\/div>\n\t\t<div class=\"elementor-element elementor-element-b86f9be e-con-full e-flex e-con e-child\" data-id=\"b86f9be\" data-element_type=\"container\">\n\t\t\t\t<div class=\"elementor-element elementor-element-022697c elementor-widget elementor-widget-heading\" data-id=\"022697c\" data-element_type=\"widget\" data-widget_type=\"heading.default\">\n\t\t\t\t<div class=\"elementor-widget-container\">\n\t\t\t\t\t<h4 class=\"elementor-heading-title elementor-size-default\">Tierklinik Pore\u010d<\/h4>\t\t\t\t<\/div>\n\t\t\t\t<\/div>\n\t\t\t\t<div class=\"elementor-element elementor-element-e9aa46a elementor-widget elementor-widget-text-editor\" data-id=\"e9aa46a\" data-element_type=\"widget\" data-widget_type=\"text-editor.default\">\n\t\t\t\t<div class=\"elementor-widget-container\">\n\t\t\t\t\t\t\t\t\t<p><em><span class=\"accent-color\">Arbeitszeit<\/span><\/em><\/p>\t\t\t\t\t\t\t\t<\/div>\n\t\t\t\t<\/div>\n\t\t\t\t<div class=\"elementor-element elementor-element-3de206d elementor-widget elementor-widget-text-editor\" data-id=\"3de206d\" data-element_type=\"widget\" data-widget_type=\"text-editor.default\">\n\t\t\t\t<div class=\"elementor-widget-container\">\n\t\t\t\t\t\t\t\t\t<p><em>Mo-Fr: 08:00 - 20:00<\/em><\/p><p><em>Sa: 08:00 -13:00, 17:00 - 20:00<\/em><\/p><p><em>Sonntag &amp; Feiertage: 08:00 - 10:00<\/em><\/p>\t\t\t\t\t\t\t\t<\/div>\n\t\t\t\t<\/div>\n\t\t\t\t<div class=\"elementor-element elementor-element-9cc8cd8 elementor-widget elementor-widget-heading\" data-id=\"9cc8cd8\" data-element_type=\"widget\" data-widget_type=\"heading.default\">\n\t\t\t\t<div class=\"elementor-widget-container\">\n\t\t\t\t\t<h4 class=\"elementor-heading-title elementor-size-default\">Ultra Vet Labin<\/h4>\t\t\t\t<\/div>\n\t\t\t\t<\/div>\n\t\t\t\t<div class=\"elementor-element elementor-element-cdb2111 elementor-widget elementor-widget-text-editor\" data-id=\"cdb2111\" data-element_type=\"widget\" data-widget_type=\"text-editor.default\">\n\t\t\t\t<div class=\"elementor-widget-container\">\n\t\t\t\t\t\t\t\t\t<span class=\"accent-color\">Arbeitszeit<\/span>\t\t\t\t\t\t\t\t<\/div>\n\t\t\t\t<\/div>\n\t\t\t\t<div class=\"elementor-element elementor-element-d1c2d98 elementor-widget elementor-widget-text-editor\" data-id=\"d1c2d98\" data-element_type=\"widget\" data-widget_type=\"text-editor.default\">\n\t\t\t\t<div class=\"elementor-widget-container\">\n\t\t\t\t\t\t\t\t\t<p><em>Mo. \/ Do. 13:00 - 20:00<\/em><\/p><p><em>Di \/ Fr: 09:00 - 16:00<\/em><\/p><p><i>Mi: 09:00 - 05:00<\/i><\/p><p><i>Sub: 09:00-13:00<\/i><\/p><p><em style=\"text-align: var(--text-align); background-color: var(--ast-global-color-4);\">Wir arbeiten nicht an<\/em><i>\u00a0Sonn- und Feiertagen<\/i><\/p>\t\t\t\t\t\t\t\t<\/div>\n\t\t\t\t<\/div>\n\t\t\t\t<\/div>\n\t\t\t\t<\/div>\n\t\t\t\t\t<\/div>\n\t\t\t\t<\/div>\n\t\t<div class=\"elementor-element elementor-element-4e9068e8 main-container e-flex e-con-boxed e-con e-parent\" data-id=\"4e9068e8\" data-element_type=\"container\">\n\t\t\t\t\t<div class=\"e-con-inner\">\n\t\t<div class=\"elementor-element elementor-element-d520889 e-flex e-con-boxed e-con e-child\" data-id=\"d520889\" data-element_type=\"container\">\n\t\t\t\t\t<div class=\"e-con-inner\">\n\t\t<div class=\"elementor-element elementor-element-46d3b8b e-con-full e-flex e-con e-child\" data-id=\"46d3b8b\" data-element_type=\"container\">\n\t\t<div class=\"elementor-element elementor-element-effeff0 e-flex e-con-boxed e-con e-child\" data-id=\"effeff0\" data-element_type=\"container\">\n\t\t\t\t\t<div class=\"e-con-inner\">\n\t\t\t\t<div class=\"elementor-element elementor-element-fc39631 elementor-widget elementor-widget-heading\" data-id=\"fc39631\" data-element_type=\"widget\" data-widget_type=\"heading.default\">\n\t\t\t\t<div class=\"elementor-widget-container\">\n\t\t\t\t\t<h2 class=\"elementor-heading-title elementor-size-default\">Weitere Informationen<\/h2>\t\t\t\t<\/div>\n\t\t\t\t<\/div>\n\t\t\t\t\t<\/div>\n\t\t\t\t<\/div>\n\t\t<div class=\"elementor-element elementor-element-f4b4db8 e-con-full e-flex e-con e-child\" data-id=\"f4b4db8\" data-element_type=\"container\" data-settings=\"{&quot;background_background&quot;:&quot;classic&quot;}\">\n\t\t\t\t<\/div>\n\t\t\t\t<div class=\"elementor-element elementor-element-bc10915 elementor-widget elementor-widget-heading\" data-id=\"bc10915\" data-element_type=\"widget\" data-widget_type=\"heading.default\">\n\t\t\t\t<div class=\"elementor-widget-container\">\n\t\t\t\t\t<h4 class=\"elementor-heading-title elementor-size-default\">Tierklinik Pore\u010d<\/h4>\t\t\t\t<\/div>\n\t\t\t\t<\/div>\n\t\t\t\t<div class=\"elementor-element elementor-element-d36debf elementor-widget elementor-widget-text-editor\" data-id=\"d36debf\" data-element_type=\"widget\" data-widget_type=\"text-editor.default\">\n\t\t\t\t<div class=\"elementor-widget-container\">\n\t\t\t\t\t\t\t\t\t<p><a class=\"accent-color\"><strong>Adresse:<\/strong> <\/a>Mate Vla\u0161i\u0107a 45, 52440 Pore\u010d<br \/><a class=\"accent-color\"><strong>Num: <\/strong><\/a><span style=\"text-align: var(--text-align); background-color: var(--ast-global-color-4); font-size: 1rem;\">+385 52 432 128<\/span><br \/><a class=\"accent-color\"><strong>Notrufnummer: <\/strong><\/a><span style=\"text-align: var(--text-align); background-color: var(--ast-global-color-4); font-size: 1rem;\">+385 91 521 6783<\/span><br \/><a class=\"accent-color\"><strong>E-mail:<\/strong> <\/a>info@veterinarska-bolnica-porec.com<\/p>\t\t\t\t\t\t\t\t<\/div>\n\t\t\t\t<\/div>\n\t\t\t\t<div class=\"elementor-element elementor-element-f07656c elementor-widget elementor-widget-heading\" data-id=\"f07656c\" data-element_type=\"widget\" data-widget_type=\"heading.default\">\n\t\t\t\t<div class=\"elementor-widget-container\">\n\t\t\t\t\t<h4 class=\"elementor-heading-title elementor-size-default\">Ultra Vet Labin<\/h4>\t\t\t\t<\/div>\n\t\t\t\t<\/div>\n\t\t\t\t<div class=\"elementor-element elementor-element-88b2a1e elementor-widget elementor-widget-text-editor\" data-id=\"88b2a1e\" data-element_type=\"widget\" data-widget_type=\"text-editor.default\">\n\t\t\t\t<div class=\"elementor-widget-container\">\n\t\t\t\t\t\t\t\t\t<a class=\"accent-color\"><strong>Adresse:<\/strong> <\/a>Trg labinskih rudara 7, 52220, Labin\n<br>\n<a class=\"accent-color\"><strong>Num:\u00a0<\/strong><\/a>+385 99 490 5408\n<br>\n<a class=\"accent-color\"><strong>E-mail:<\/strong> <\/a>veterinarskapraksa.ultravet@gmail.com\t\t\t\t\t\t\t\t<\/div>\n\t\t\t\t<\/div>\n\t\t\t\t<\/div>\n\t\t<div class=\"elementor-element elementor-element-701158f e-con-full e-flex e-con e-child\" data-id=\"701158f\" data-element_type=\"container\">\n\t\t\t\t<div class=\"elementor-element elementor-element-4b55c3b elementor-widget elementor-widget-image\" data-id=\"4b55c3b\" data-element_type=\"widget\" data-widget_type=\"image.default\">\n\t\t\t\t<div class=\"elementor-widget-container\">\n\t\t\t\t\t\t\t\t\t\t\t\t\t\t\t<img fetchpriority=\"high\" decoding=\"async\" width=\"683\" height=\"1024\" src=\"https:\/\/veterinarska-bolnica-porec.com\/wp-content\/uploads\/2023\/06\/luna-auto-bolnica-683x1024.webp\" class=\"attachment-large size-large wp-image-8302\" alt=\"\" srcset=\"https:\/\/veterinarska-bolnica-porec.com\/wp-content\/uploads\/2023\/06\/luna-auto-bolnica-683x1024.webp 683w, https:\/\/veterinarska-bolnica-porec.com\/wp-content\/uploads\/2023\/06\/luna-auto-bolnica-200x300.webp 200w, https:\/\/veterinarska-bolnica-porec.com\/wp-content\/uploads\/2023\/06\/luna-auto-bolnica-768x1152.webp 768w, https:\/\/veterinarska-bolnica-porec.com\/wp-content\/uploads\/2023\/06\/luna-auto-bolnica-1024x1536.webp 1024w, https:\/\/veterinarska-bolnica-porec.com\/wp-content\/uploads\/2023\/06\/luna-auto-bolnica-1365x2048.webp 1365w, https:\/\/veterinarska-bolnica-porec.com\/wp-content\/uploads\/2023\/06\/luna-auto-bolnica-8x12.webp 8w, https:\/\/veterinarska-bolnica-porec.com\/wp-content\/uploads\/2023\/06\/luna-auto-bolnica-scaled.webp 1707w\" sizes=\"(max-width: 683px) 100vw, 683px\" \/>\t\t\t\t\t\t\t\t\t\t\t\t\t\t\t<\/div>\n\t\t\t\t<\/div>\n\t\t\t\t<\/div>\n\t\t\t\t\t<\/div>\n\t\t\t\t<\/div>\n\t\t\t\t\t<\/div>\n\t\t\t\t<\/div>\n\t\t\t\t<\/div>","protected":false},"excerpt":{"rendered":"<p>Kontaktirajtenas Posjetite nas ve\u0107 danas! Prona\u0111ite nas nalokaciji Veterinarska bolnica Pore\u010d Ultra vet Labin Veterinarska bolnica Pore\u010d\u200b Radno Vrijeme Pon-pet: 08:00 &#8211; 20:00 Sub: 08 &#8211; 13:00, 17:00 &#8211; 20:00 Nedeljom i praznicima: 08:00 &#8211; 10:00 Ultra Vet Labin Radno Vrijeme Pon \/ \u010cet: 13:00 &#8211; 20:00 Ut \/ Pet: 09:00 &#8211; 16:00 Sri: 09:00-05:00 [&hellip;]<\/p>","protected":false},"author":1,"featured_media":0,"parent":0,"menu_order":0,"comment_status":"closed","ping_status":"closed","template":"","meta":{"_acf_changed":false,"site-sidebar-layout":"no-sidebar","site-content-layout":"page-builder","ast-site-content-layout":"default","site-content-style":"default","site-sidebar-style":"default","ast-global-header-display":"","ast-banner-title-visibility":"","ast-main-header-display":"","ast-hfb-above-header-display":"","ast-hfb-below-header-display":"","ast-hfb-mobile-header-display":"","site-post-title":"disabled","ast-breadcrumbs-content":"","ast-featured-img":"disabled","footer-sml-layout":"","theme-transparent-header-meta":"","adv-header-id-meta":"","stick-header-meta":"","header-above-stick-meta":"","header-main-stick-meta":"","header-below-stick-meta":"","astra-migrate-meta-layouts":"default","ast-page-background-enabled":"default","ast-page-background-meta":{"desktop":{"background-color":"","background-image":"","background-repeat":"repeat","background-position":"center center","background-size":"auto","background-attachment":"scroll","background-type":"","background-media":"","overlay-type":"","overlay-color":"","overlay-opacity":"","overlay-gradient":""},"tablet":{"background-color":"","background-image":"","background-repeat":"repeat","background-position":"center center","background-size":"auto","background-attachment":"scroll","background-type":"","background-media":"","overlay-type":"","overlay-color":"","overlay-opacity":"","overlay-gradient":""},"mobile":{"background-color":"","background-image":"","background-repeat":"repeat","background-position":"center center","background-size":"auto","background-attachment":"scroll","background-type":"","background-media":"","overlay-type":"","overlay-color":"","overlay-opacity":"","overlay-gradient":""}},"ast-content-background-meta":{"desktop":{"background-color":"var(--ast-global-color-5)","background-image":"","background-repeat":"repeat","background-position":"center center","background-size":"auto","background-attachment":"scroll","background-type":"","background-media":"","overlay-type":"","overlay-color":"","overlay-opacity":"","overlay-gradient":""},"tablet":{"background-color":"var(--ast-global-color-5)","background-image":"","background-repeat":"repeat","background-position":"center center","background-size":"auto","background-attachment":"scroll","background-type":"","background-media":"","overlay-type":"","overlay-color":"","overlay-opacity":"","overlay-gradient":""},"mobile":{"background-color":"var(--ast-global-color-5)","background-image":"","background-repeat":"repeat","background-position":"center center","background-size":"auto","background-attachment":"scroll","background-type":"","background-media":"","overlay-type":"","overlay-color":"","overlay-opacity":"","overlay-gradient":""}},"footnotes":""},"class_list":["post-1471","page","type-page","status-publish","hentry"],"acf":[],"_links":{"self":[{"href":"https:\/\/veterinarska-bolnica-porec.com\/de\/wp-json\/wp\/v2\/pages\/1471","targetHints":{"allow":["GET"]}}],"collection":[{"href":"https:\/\/veterinarska-bolnica-porec.com\/de\/wp-json\/wp\/v2\/pages"}],"about":[{"href":"https:\/\/veterinarska-bolnica-porec.com\/de\/wp-json\/wp\/v2\/types\/page"}],"author":[{"embeddable":true,"href":"https:\/\/veterinarska-bolnica-porec.com\/de\/wp-json\/wp\/v2\/users\/1"}],"replies":[{"embeddable":true,"href":"https:\/\/veterinarska-bolnica-porec.com\/de\/wp-json\/wp\/v2\/comments?post=1471"}],"version-history":[{"count":0,"href":"https:\/\/veterinarska-bolnica-porec.com\/de\/wp-json\/wp\/v2\/pages\/1471\/revisions"}],"wp:attachment":[{"href":"https:\/\/veterinarska-bolnica-porec.com\/de\/wp-json\/wp\/v2\/media?parent=1471"}],"curies":[{"name":"wp","href":"https:\/\/api.w.org\/{rel}","templated":true}]}}