
{"id":2382,"date":"2023-05-07T17:29:48","date_gmt":"2023-05-07T17:29:48","guid":{"rendered":"http:\/\/localhost:8888\/veterina-porec.com\/?page_id=2382"},"modified":"2023-06-26T12:07:45","modified_gmt":"2023-06-26T12:07:45","slug":"rtg-dijagnostika-ultra-vet-labin","status":"publish","type":"page","link":"https:\/\/veterinarska-bolnica-porec.com\/de\/rtg-dijagnostika-ultra-vet-labin\/","title":{"rendered":"RTG Dijagnostika &#8211; Ultra Vet Labin"},"content":{"rendered":"<div data-elementor-type=\"wp-page\" data-elementor-id=\"2382\" class=\"elementor elementor-2382\">\n\t\t\t\t<div class=\"elementor-element elementor-element-c73bdf0 e-flex e-con-boxed e-con e-parent\" data-id=\"c73bdf0\" data-element_type=\"container\" data-settings=\"{&quot;background_background&quot;:&quot;classic&quot;}\">\n\t\t\t\t\t<div class=\"e-con-inner\">\n\t\t<div class=\"elementor-element elementor-element-be7119b e-flex e-con-boxed e-con e-child\" data-id=\"be7119b\" data-element_type=\"container\">\n\t\t\t\t\t<div class=\"e-con-inner\">\n\t\t<div class=\"elementor-element elementor-element-1b8e52c e-con-full e-flex e-con e-child\" data-id=\"1b8e52c\" data-element_type=\"container\">\n\t\t\t\t<div class=\"elementor-element elementor-element-f65abba elementor-widget elementor-widget-text-editor\" data-id=\"f65abba\" data-element_type=\"widget\" data-widget_type=\"text-editor.default\">\n\t\t\t\t<div class=\"elementor-widget-container\">\n\t\t\t\t\t\t\t\t\t<p><strong>Ultra Vet Labin \/ RTG Dijagnostika<\/strong><\/p>\t\t\t\t\t\t\t\t<\/div>\n\t\t\t\t<\/div>\n\t\t\t\t<div class=\"elementor-element elementor-element-35b60b2 elementor-widget elementor-widget-heading\" data-id=\"35b60b2\" data-element_type=\"widget\" data-widget_type=\"heading.default\">\n\t\t\t\t<div class=\"elementor-widget-container\">\n\t\t\t\t\t<h2 class=\"elementor-heading-title elementor-size-default\">R\u00f6ntgendiagnostik<\/h2>\t\t\t\t<\/div>\n\t\t\t\t<\/div>\n\t\t\t\t<div class=\"elementor-element elementor-element-456d48d elementor-widget elementor-widget-text-editor\" data-id=\"456d48d\" data-element_type=\"widget\" data-widget_type=\"text-editor.default\">\n\t\t\t\t<div class=\"elementor-widget-container\">\n\t\t\t\t\t\t\t\t\t<p class=\"p1\"><span class=\"s1\">Dieses Verfahren ist v\u00f6llig schmerzfrei und sicher, da nur sehr wenig R\u00f6ntgenstrahlen verwendet werden. Es ist auch<span class=\"Apple-converted-space\">\u00a0 <\/span>unsch\u00e4dlich f\u00fcr tr\u00e4chtige und junge Tiere.<\/span><\/p>\t\t\t\t\t\t\t\t<\/div>\n\t\t\t\t<\/div>\n\t\t\t\t<div class=\"elementor-element elementor-element-24f2e4a elementor-hidden-desktop elementor-hidden-tablet elementor-hidden-mobile elementor-widget elementor-widget-button\" data-id=\"24f2e4a\" data-element_type=\"widget\" data-widget_type=\"button.default\">\n\t\t\t\t<div class=\"elementor-widget-container\">\n\t\t\t\t\t\t\t\t\t<div class=\"elementor-button-wrapper\">\n\t\t\t\t\t<a class=\"elementor-button elementor-button-link elementor-size-sm\" href=\"https:\/\/veterinarska-bolnica-porec.com\/de\/kontakt\/\">\n\t\t\t\t\t\t<span class=\"elementor-button-content-wrapper\">\n\t\t\t\t\t\t\t\t\t<span class=\"elementor-button-text\">Na\u0161 kontakt<\/span>\n\t\t\t\t\t<\/span>\n\t\t\t\t\t<\/a>\n\t\t\t\t<\/div>\n\t\t\t\t\t\t\t\t<\/div>\n\t\t\t\t<\/div>\n\t\t\t\t<\/div>\n\t\t\t\t\t<\/div>\n\t\t\t\t<\/div>\n\t\t\t\t\t<\/div>\n\t\t\t\t<\/div>\n\t\t<div class=\"elementor-element elementor-element-687e127 main-container e-flex e-con-boxed e-con e-parent\" data-id=\"687e127\" data-element_type=\"container\">\n\t\t\t\t\t<div class=\"e-con-inner\">\n\t\t\t\t<div class=\"elementor-element elementor-element-410505c elementor-widget elementor-widget-heading\" data-id=\"410505c\" data-element_type=\"widget\" data-widget_type=\"heading.default\">\n\t\t\t\t<div class=\"elementor-widget-container\">\n\t\t\t\t\t<h2 class=\"elementor-heading-title elementor-size-default\">Durchf\u00fchrung der<br>R\u00f6ntgendiagnostik<\/h2>\t\t\t\t<\/div>\n\t\t\t\t<\/div>\n\t\t<div class=\"elementor-element elementor-element-bb56532 e-con-full e-flex e-con e-child\" data-id=\"bb56532\" data-element_type=\"container\" data-settings=\"{&quot;background_background&quot;:&quot;classic&quot;}\">\n\t\t\t\t<\/div>\n\t\t\t\t\t<\/div>\n\t\t\t\t<\/div>\n\t\t<div class=\"elementor-element elementor-element-cc739f9 main-container e-flex e-con-boxed e-con e-parent\" data-id=\"cc739f9\" data-element_type=\"container\">\n\t\t\t\t\t<div class=\"e-con-inner\">\n\t\t<div class=\"elementor-element elementor-element-7ec20a7 e-flex e-con-boxed e-con e-child\" data-id=\"7ec20a7\" data-element_type=\"container\">\n\t\t\t\t\t<div class=\"e-con-inner\">\n\t\t\t\t<div class=\"elementor-element elementor-element-b2af540 elementor-widget elementor-widget-heading\" data-id=\"b2af540\" data-element_type=\"widget\" data-widget_type=\"heading.default\">\n\t\t\t\t<div class=\"elementor-widget-container\">\n\t\t\t\t\t<h2 class=\"elementor-heading-title elementor-size-default\">Minimal Radiation<\/h2>\t\t\t\t<\/div>\n\t\t\t\t<\/div>\n\t\t\t\t<div class=\"elementor-element elementor-element-c3e4041 elementor-widget elementor-widget-text-editor\" data-id=\"c3e4041\" data-element_type=\"widget\" data-widget_type=\"text-editor.default\">\n\t\t\t\t<div class=\"elementor-widget-container\">\n\t\t\t\t\t\t\t\t\t<p>Unsere hochwertige Ausr\u00fcstung gew\u00e4hrleistet minimale Mengen an R\u00f6ntgenstrahlen und ein qualitativ hochwertiges Bild.<\/p>\t\t\t\t\t\t\t\t<\/div>\n\t\t\t\t<\/div>\n\t\t\t\t<div class=\"elementor-element elementor-element-56b26e4 elementor-widget elementor-widget-heading\" data-id=\"56b26e4\" data-element_type=\"widget\" data-widget_type=\"heading.default\">\n\t\t\t\t<div class=\"elementor-widget-container\">\n\t\t\t\t\t<h2 class=\"elementor-heading-title elementor-size-default\">V\u00f6llig ungef\u00e4hrlich<\/h2>\t\t\t\t<\/div>\n\t\t\t\t<\/div>\n\t\t\t\t<div class=\"elementor-element elementor-element-9080ac0 elementor-widget elementor-widget-text-editor\" data-id=\"9080ac0\" data-element_type=\"widget\" data-widget_type=\"text-editor.default\">\n\t\t\t\t<div class=\"elementor-widget-container\">\n\t\t\t\t\t\t\t\t\t<p>Mit diesem diagnostischen Verfahren sind wir in der Lage, einen Blick in den K\u00f6rper Ihres Haustieres zu werfen. So k\u00f6nnen wir ein ver\u00e4ndertes Herz, eine ver\u00e4nderte Lunge, Organe in der Bauchh\u00f6hle und Knochen sehen. Wir wissen, dass dieses Verfahren v\u00f6llig schmerzfrei und sicher ist, da es eine sehr geringe Menge an R\u00f6ntgenstrahlen verwendet, so dass es f\u00fcr tr\u00e4chtige und junge Tiere v\u00f6llig ungef\u00e4hrlich ist.<\/p>\t\t\t\t\t\t\t\t<\/div>\n\t\t\t\t<\/div>\n\t\t\t\t<div class=\"elementor-element elementor-element-8fdf209 elementor-hidden-desktop elementor-hidden-tablet elementor-hidden-mobile elementor-widget elementor-widget-button\" data-id=\"8fdf209\" data-element_type=\"widget\" data-widget_type=\"button.default\">\n\t\t\t\t<div class=\"elementor-widget-container\">\n\t\t\t\t\t\t\t\t\t<div class=\"elementor-button-wrapper\">\n\t\t\t\t\t<a class=\"elementor-button elementor-button-link elementor-size-sm\" href=\"https:\/\/veterinarska-bolnica-porec.com\/de\/kontakt\/\">\n\t\t\t\t\t\t<span class=\"elementor-button-content-wrapper\">\n\t\t\t\t\t\t\t\t\t<span class=\"elementor-button-text\">Na\u0161 kontakt<\/span>\n\t\t\t\t\t<\/span>\n\t\t\t\t\t<\/a>\n\t\t\t\t<\/div>\n\t\t\t\t\t\t\t\t<\/div>\n\t\t\t\t<\/div>\n\t\t\t\t\t<\/div>\n\t\t\t\t<\/div>\n\t\t<div class=\"elementor-element elementor-element-93cbaf1 e-con-full e-flex e-con e-child\" data-id=\"93cbaf1\" data-element_type=\"container\" data-settings=\"{&quot;background_background&quot;:&quot;classic&quot;}\">\n\t\t\t\t<div class=\"elementor-element elementor-element-4444b0b elementor-widget elementor-widget-image\" data-id=\"4444b0b\" data-element_type=\"widget\" data-widget_type=\"image.default\">\n\t\t\t\t<div class=\"elementor-widget-container\">\n\t\t\t\t\t\t\t\t\t\t\t\t\t\t\t<img fetchpriority=\"high\" decoding=\"async\" width=\"768\" height=\"1024\" src=\"https:\/\/veterinarska-bolnica-porec.com\/wp-content\/uploads\/2023\/06\/dogo-2-768x1024.jpeg\" class=\"attachment-large size-large wp-image-7459\" alt=\"\" srcset=\"https:\/\/veterinarska-bolnica-porec.com\/wp-content\/uploads\/2023\/06\/dogo-2-768x1024.jpeg 768w, https:\/\/veterinarska-bolnica-porec.com\/wp-content\/uploads\/2023\/06\/dogo-2-225x300.jpeg 225w, https:\/\/veterinarska-bolnica-porec.com\/wp-content\/uploads\/2023\/06\/dogo-2-1152x1536.jpeg 1152w, https:\/\/veterinarska-bolnica-porec.com\/wp-content\/uploads\/2023\/06\/dogo-2-1536x2048.jpeg 1536w, https:\/\/veterinarska-bolnica-porec.com\/wp-content\/uploads\/2023\/06\/dogo-2-9x12.jpeg 9w, https:\/\/veterinarska-bolnica-porec.com\/wp-content\/uploads\/2023\/06\/dogo-2-200x267.jpeg 200w, https:\/\/veterinarska-bolnica-porec.com\/wp-content\/uploads\/2023\/06\/dogo-2-scaled.jpeg 1920w\" sizes=\"(max-width: 768px) 100vw, 768px\" \/>\t\t\t\t\t\t\t\t\t\t\t\t\t\t\t<\/div>\n\t\t\t\t<\/div>\n\t\t\t\t<\/div>\n\t\t\t\t\t<\/div>\n\t\t\t\t<\/div>\n\t\t\t\t<\/div>","protected":false},"excerpt":{"rendered":"<p>Ultra Vet Labin \/ RTG Dijagnostika RTG Dijagnostika Ovaj postupak je potpuno bezbolan i siguran jer koristi vrlo malu koli\u010dinu rendgenskih zraka. Ujedno je i\u00a0 bezopasan za gravidne i mlade \u017eivotinje. Na\u0161 kontakt Izvo\u0111enje RTGdijagnostike Minimalna radijacija Na\u0161a kvalitetna oprema osigurava minimalne koli\u010dine rendgenskih zraka i vrlo kvalitetnu sliku. Potpuno bezopasno Ovim dijagnosti\u010dkim postupkom u [&hellip;]<\/p>","protected":false},"author":1,"featured_media":0,"parent":0,"menu_order":0,"comment_status":"closed","ping_status":"closed","template":"","meta":{"_acf_changed":false,"site-sidebar-layout":"no-sidebar","site-content-layout":"page-builder","ast-site-content-layout":"default","site-content-style":"default","site-sidebar-style":"default","ast-global-header-display":"","ast-banner-title-visibility":"","ast-main-header-display":"","ast-hfb-above-header-display":"","ast-hfb-below-header-display":"","ast-hfb-mobile-header-display":"","site-post-title":"disabled","ast-breadcrumbs-content":"","ast-featured-img":"disabled","footer-sml-layout":"","theme-transparent-header-meta":"","adv-header-id-meta":"","stick-header-meta":"","header-above-stick-meta":"","header-main-stick-meta":"","header-below-stick-meta":"","astra-migrate-meta-layouts":"default","ast-page-background-enabled":"default","ast-page-background-meta":{"desktop":{"background-color":"","background-image":"","background-repeat":"repeat","background-position":"center center","background-size":"auto","background-attachment":"scroll","background-type":"","background-media":"","overlay-type":"","overlay-color":"","overlay-opacity":"","overlay-gradient":""},"tablet":{"background-color":"","background-image":"","background-repeat":"repeat","background-position":"center center","background-size":"auto","background-attachment":"scroll","background-type":"","background-media":"","overlay-type":"","overlay-color":"","overlay-opacity":"","overlay-gradient":""},"mobile":{"background-color":"","background-image":"","background-repeat":"repeat","background-position":"center center","background-size":"auto","background-attachment":"scroll","background-type":"","background-media":"","overlay-type":"","overlay-color":"","overlay-opacity":"","overlay-gradient":""}},"ast-content-background-meta":{"desktop":{"background-color":"var(--ast-global-color-5)","background-image":"","background-repeat":"repeat","background-position":"center center","background-size":"auto","background-attachment":"scroll","background-type":"","background-media":"","overlay-type":"","overlay-color":"","overlay-opacity":"","overlay-gradient":""},"tablet":{"background-color":"var(--ast-global-color-5)","background-image":"","background-repeat":"repeat","background-position":"center center","background-size":"auto","background-attachment":"scroll","background-type":"","background-media":"","overlay-type":"","overlay-color":"","overlay-opacity":"","overlay-gradient":""},"mobile":{"background-color":"var(--ast-global-color-5)","background-image":"","background-repeat":"repeat","background-position":"center center","background-size":"auto","background-attachment":"scroll","background-type":"","background-media":"","overlay-type":"","overlay-color":"","overlay-opacity":"","overlay-gradient":""}},"footnotes":""},"class_list":["post-2382","page","type-page","status-publish","hentry"],"acf":[],"_links":{"self":[{"href":"https:\/\/veterinarska-bolnica-porec.com\/de\/wp-json\/wp\/v2\/pages\/2382","targetHints":{"allow":["GET"]}}],"collection":[{"href":"https:\/\/veterinarska-bolnica-porec.com\/de\/wp-json\/wp\/v2\/pages"}],"about":[{"href":"https:\/\/veterinarska-bolnica-porec.com\/de\/wp-json\/wp\/v2\/types\/page"}],"author":[{"embeddable":true,"href":"https:\/\/veterinarska-bolnica-porec.com\/de\/wp-json\/wp\/v2\/users\/1"}],"replies":[{"embeddable":true,"href":"https:\/\/veterinarska-bolnica-porec.com\/de\/wp-json\/wp\/v2\/comments?post=2382"}],"version-history":[{"count":0,"href":"https:\/\/veterinarska-bolnica-porec.com\/de\/wp-json\/wp\/v2\/pages\/2382\/revisions"}],"wp:attachment":[{"href":"https:\/\/veterinarska-bolnica-porec.com\/de\/wp-json\/wp\/v2\/media?parent=2382"}],"curies":[{"name":"wp","href":"https:\/\/api.w.org\/{rel}","templated":true}]}}