
{"id":2384,"date":"2023-05-07T17:31:00","date_gmt":"2023-05-07T17:31:00","guid":{"rendered":"http:\/\/localhost:8888\/veterina-porec.com\/?page_id=2384"},"modified":"2023-06-26T13:08:45","modified_gmt":"2023-06-26T13:08:45","slug":"kirurgija-ultra-vet-labin","status":"publish","type":"page","link":"https:\/\/veterinarska-bolnica-porec.com\/de\/kirurgija-ultra-vet-labin\/","title":{"rendered":"Kirurgija &#8211; Ultra Vet Labin"},"content":{"rendered":"<div data-elementor-type=\"wp-page\" data-elementor-id=\"2384\" class=\"elementor elementor-2384\">\n\t\t\t\t<div class=\"elementor-element elementor-element-3a57eab e-flex e-con-boxed e-con e-parent\" data-id=\"3a57eab\" data-element_type=\"container\" data-settings=\"{&quot;background_background&quot;:&quot;classic&quot;}\">\n\t\t\t\t\t<div class=\"e-con-inner\">\n\t\t<div class=\"elementor-element elementor-element-1af9c5b e-flex e-con-boxed e-con e-child\" data-id=\"1af9c5b\" data-element_type=\"container\">\n\t\t\t\t\t<div class=\"e-con-inner\">\n\t\t<div class=\"elementor-element elementor-element-4e5ee8d e-con-full e-flex e-con e-child\" data-id=\"4e5ee8d\" data-element_type=\"container\">\n\t\t\t\t<div class=\"elementor-element elementor-element-c62767c elementor-widget elementor-widget-text-editor\" data-id=\"c62767c\" data-element_type=\"widget\" data-widget_type=\"text-editor.default\">\n\t\t\t\t<div class=\"elementor-widget-container\">\n\t\t\t\t\t\t\t\t\t<p><strong>Ultra Vet Labin \/ Chirurgie<\/strong><\/p>\t\t\t\t\t\t\t\t<\/div>\n\t\t\t\t<\/div>\n\t\t\t\t<div class=\"elementor-element elementor-element-85d259a elementor-widget elementor-widget-heading\" data-id=\"85d259a\" data-element_type=\"widget\" data-widget_type=\"heading.default\">\n\t\t\t\t<div class=\"elementor-widget-container\">\n\t\t\t\t\t<h2 class=\"elementor-heading-title elementor-size-default\">Operation<\/h2>\t\t\t\t<\/div>\n\t\t\t\t<\/div>\n\t\t\t\t<div class=\"elementor-element elementor-element-989730a elementor-widget elementor-widget-text-editor\" data-id=\"989730a\" data-element_type=\"widget\" data-widget_type=\"text-editor.default\">\n\t\t\t\t<div class=\"elementor-widget-container\">\n\t\t\t\t\t\t\t\t\t<p>Um Ihnen stets erstklassige tier\u00e4rztliche Leistungen bieten zu k\u00f6nnen, sind wir stolz darauf, Ihnen eine breite Palette chirurgischer Eingriffe f\u00fcr Ihre Haustiere anbieten zu k\u00f6nnen. Von der pr\u00e4operativen Behandlung bis zur Entlassung nach Hause ist die Pflege Ihres Haustieres unser oberstes Gebot.<\/p>\t\t\t\t\t\t\t\t<\/div>\n\t\t\t\t<\/div>\n\t\t\t\t<div class=\"elementor-element elementor-element-823ddb3 elementor-hidden-desktop elementor-hidden-tablet elementor-hidden-mobile elementor-widget elementor-widget-button\" data-id=\"823ddb3\" data-element_type=\"widget\" data-widget_type=\"button.default\">\n\t\t\t\t<div class=\"elementor-widget-container\">\n\t\t\t\t\t\t\t\t\t<div class=\"elementor-button-wrapper\">\n\t\t\t\t\t<a class=\"elementor-button elementor-button-link elementor-size-sm\" href=\"https:\/\/veterinarska-bolnica-porec.com\/de\/kontakt\/\">\n\t\t\t\t\t\t<span class=\"elementor-button-content-wrapper\">\n\t\t\t\t\t\t\t\t\t<span class=\"elementor-button-text\">Na\u0161 kontakt<\/span>\n\t\t\t\t\t<\/span>\n\t\t\t\t\t<\/a>\n\t\t\t\t<\/div>\n\t\t\t\t\t\t\t\t<\/div>\n\t\t\t\t<\/div>\n\t\t\t\t<\/div>\n\t\t\t\t\t<\/div>\n\t\t\t\t<\/div>\n\t\t\t\t\t<\/div>\n\t\t\t\t<\/div>\n\t\t<div class=\"elementor-element elementor-element-6f4995a main-container e-flex e-con-boxed e-con e-parent\" data-id=\"6f4995a\" data-element_type=\"container\">\n\t\t\t\t\t<div class=\"e-con-inner\">\n\t\t\t\t<div class=\"elementor-element elementor-element-b22be69 elementor-widget elementor-widget-heading\" data-id=\"b22be69\" data-element_type=\"widget\" data-widget_type=\"heading.default\">\n\t\t\t\t<div class=\"elementor-widget-container\">\n\t\t\t\t\t<h2 class=\"elementor-heading-title elementor-size-default\">Was bieten wir an?<\/h2>\t\t\t\t<\/div>\n\t\t\t\t<\/div>\n\t\t<div class=\"elementor-element elementor-element-3f7b33c e-con-full e-flex e-con e-child\" data-id=\"3f7b33c\" data-element_type=\"container\" data-settings=\"{&quot;background_background&quot;:&quot;classic&quot;}\">\n\t\t\t\t<\/div>\n\t\t\t\t\t<\/div>\n\t\t\t\t<\/div>\n\t\t<div class=\"elementor-element elementor-element-42a2662 main-container e-flex e-con-boxed e-con e-parent\" data-id=\"42a2662\" data-element_type=\"container\" data-settings=\"{&quot;background_background&quot;:&quot;classic&quot;}\">\n\t\t\t\t\t<div class=\"e-con-inner\">\n\t\t<div class=\"elementor-element elementor-element-a62972a e-con-full e-flex e-con e-child\" data-id=\"a62972a\" data-element_type=\"container\">\n\t\t\t\t<div class=\"elementor-element elementor-element-1e74d1f elementor-widget elementor-widget-heading\" data-id=\"1e74d1f\" data-element_type=\"widget\" data-widget_type=\"heading.default\">\n\t\t\t\t<div class=\"elementor-widget-container\">\n\t\t\t\t\t<h2 class=\"elementor-heading-title elementor-size-default\">Weichteilchirurgie<\/h2>\t\t\t\t<\/div>\n\t\t\t\t<\/div>\n\t\t\t\t<div class=\"elementor-element elementor-element-1ee92a4 elementor-widget elementor-widget-text-editor\" data-id=\"1ee92a4\" data-element_type=\"widget\" data-widget_type=\"text-editor.default\">\n\t\t\t\t<div class=\"elementor-widget-container\">\n\t\t\t\t\t\t\t\t\t<p class=\"p1\">In unserer Klinik f\u00fchren wir routinem\u00e4\u00dfige, pr\u00e4ventive chirurgische Eingriffe bis hin zu therapeutischen, Notfall- und anderen Eingriffen durch. So k\u00f6nnen Sie Ihre Haustiere bei uns sterilisieren oder kastrieren und ihnen auf diese Weise ein besseres und l\u00e4ngeres Leben mit einem reduzierten Risiko f\u00fcr hormoninduzierte tumor\u00f6se Ver\u00e4nderungen erm\u00f6glichen.<\/p>\t\t\t\t\t\t\t\t<\/div>\n\t\t\t\t<\/div>\n\t\t\t\t<div class=\"elementor-element elementor-element-04afccf elementor-widget elementor-widget-text-editor\" data-id=\"04afccf\" data-element_type=\"widget\" data-widget_type=\"text-editor.default\">\n\t\t\t\t<div class=\"elementor-widget-container\">\n\t\t\t\t\t\t\t\t\t<p class=\"p1\">Wenn Ihr Haustier andere gesundheitliche Probleme hat, Schwierigkeiten beim Wasserlassen aufgrund von Blasensteinen, Geb\u00e4rmutterentz\u00fcndungen oder Magendrehungen usw., k\u00f6nnen Sie sich vertrauensvoll an uns wenden.vvvvvvvv<\/p>\t\t\t\t\t\t\t\t<\/div>\n\t\t\t\t<\/div>\n\t\t<div class=\"elementor-element elementor-element-2340253 e-flex e-con-boxed e-con e-child\" data-id=\"2340253\" data-element_type=\"container\">\n\t\t\t\t\t<div class=\"e-con-inner\">\n\t\t<div class=\"elementor-element elementor-element-c610d7f card-basic e-con-full e-flex e-con e-child\" data-id=\"c610d7f\" data-element_type=\"container\" data-settings=\"{&quot;background_background&quot;:&quot;classic&quot;}\">\n\t\t\t\t<div class=\"elementor-element elementor-element-72dc2b2 elementor-widget elementor-widget-heading\" data-id=\"72dc2b2\" data-element_type=\"widget\" data-widget_type=\"heading.default\">\n\t\t\t\t<div class=\"elementor-widget-container\">\n\t\t\t\t\t<h5 class=\"elementor-heading-title elementor-size-default\">Organe des Verdauungssystems<\/h5>\t\t\t\t<\/div>\n\t\t\t\t<\/div>\n\t\t<div class=\"elementor-element elementor-element-498addf e-con-full elementor-hidden-mobile e-flex e-con e-child\" data-id=\"498addf\" data-element_type=\"container\" data-settings=\"{&quot;background_background&quot;:&quot;classic&quot;}\">\n\t\t\t\t<\/div>\n\t\t\t\t<div class=\"elementor-element elementor-element-d520fbd elementor-widget elementor-widget-text-editor\" data-id=\"d520fbd\" data-element_type=\"widget\" data-widget_type=\"text-editor.default\">\n\t\t\t\t<div class=\"elementor-widget-container\">\n\t\t\t\t\t\t\t\t\t<p>Extraktion eines Fremdk\u00f6rpers, chirurgische Behandlung einer Blockade.\nEnglish Text: Extraction of a foreign body, surgical treatment of a blockage.<\/p>\t\t\t\t\t\t\t\t<\/div>\n\t\t\t\t<\/div>\n\t\t<div class=\"elementor-element elementor-element-35580d5 e-flex e-con-boxed e-con e-child\" data-id=\"35580d5\" data-element_type=\"container\">\n\t\t\t\t\t<div class=\"e-con-inner\">\n\t\t\t\t<div class=\"elementor-element elementor-element-7b359d3 card-link elementor-hidden-desktop elementor-hidden-tablet elementor-hidden-mobile elementor-widget elementor-widget-text-editor\" data-id=\"7b359d3\" data-element_type=\"widget\" data-widget_type=\"text-editor.default\">\n\t\t\t\t<div class=\"elementor-widget-container\">\n\t\t\t\t\t\t\t\t\t<p><a href=\"https:\/\/veterinarska-bolnica-porec.com\/de\/kontakt\/\"><span style=\"white-space: pre-wrap;\">Na\u0161 kontakt<\/span><\/a><\/p>\t\t\t\t\t\t\t\t<\/div>\n\t\t\t\t<\/div>\n\t\t\t\t\t<\/div>\n\t\t\t\t<\/div>\n\t\t\t\t<\/div>\n\t\t<div class=\"elementor-element elementor-element-d808692 card-basic e-flex e-con-boxed e-con e-child\" data-id=\"d808692\" data-element_type=\"container\" data-settings=\"{&quot;background_background&quot;:&quot;classic&quot;}\">\n\t\t\t\t\t<div class=\"e-con-inner\">\n\t\t\t\t<div class=\"elementor-element elementor-element-4c0a81d elementor-widget elementor-widget-heading\" data-id=\"4c0a81d\" data-element_type=\"widget\" data-widget_type=\"heading.default\">\n\t\t\t\t<div class=\"elementor-widget-container\">\n\t\t\t\t\t<h5 class=\"elementor-heading-title elementor-size-default\">Organe des Fortpflanzungssystems<\/h5>\t\t\t\t<\/div>\n\t\t\t\t<\/div>\n\t\t<div class=\"elementor-element elementor-element-e1fdb0e e-con-full elementor-hidden-mobile e-flex e-con e-child\" data-id=\"e1fdb0e\" data-element_type=\"container\" data-settings=\"{&quot;background_background&quot;:&quot;classic&quot;}\">\n\t\t\t\t<\/div>\n\t\t\t\t<div class=\"elementor-element elementor-element-a00a1a1 elementor-widget elementor-widget-text-editor\" data-id=\"a00a1a1\" data-element_type=\"widget\" data-widget_type=\"text-editor.default\">\n\t\t\t\t<div class=\"elementor-widget-container\">\n\t\t\t\t\t\t\t\t\t<p><span style=\"white-space: pre-wrap;\">Orchiektomie, Ovariotomie, Ovariohysterektomie, Vaginalprolaps, chirurgische Behandlung der Pyometra.<\/span><\/p>\t\t\t\t\t\t\t\t<\/div>\n\t\t\t\t<\/div>\n\t\t<div class=\"elementor-element elementor-element-7a97ae7 e-flex e-con-boxed e-con e-child\" data-id=\"7a97ae7\" data-element_type=\"container\">\n\t\t\t\t\t<div class=\"e-con-inner\">\n\t\t\t\t<div class=\"elementor-element elementor-element-e0cdece card-link elementor-hidden-desktop elementor-hidden-tablet elementor-hidden-mobile elementor-widget elementor-widget-text-editor\" data-id=\"e0cdece\" data-element_type=\"widget\" data-widget_type=\"text-editor.default\">\n\t\t\t\t<div class=\"elementor-widget-container\">\n\t\t\t\t\t\t\t\t\t<p><a href=\"https:\/\/veterinarska-bolnica-porec.com\/de\/kontakt\/\"><span style=\"white-space: pre-wrap;\">Na\u0161 kontakt<\/span><\/a><\/p>\t\t\t\t\t\t\t\t<\/div>\n\t\t\t\t<\/div>\n\t\t\t\t\t<\/div>\n\t\t\t\t<\/div>\n\t\t\t\t\t<\/div>\n\t\t\t\t<\/div>\n\t\t<div class=\"elementor-element elementor-element-9676e27 card-basic e-flex e-con-boxed e-con e-child\" data-id=\"9676e27\" data-element_type=\"container\" data-settings=\"{&quot;background_background&quot;:&quot;classic&quot;}\">\n\t\t\t\t\t<div class=\"e-con-inner\">\n\t\t\t\t<div class=\"elementor-element elementor-element-991597b elementor-widget elementor-widget-heading\" data-id=\"991597b\" data-element_type=\"widget\" data-widget_type=\"heading.default\">\n\t\t\t\t<div class=\"elementor-widget-container\">\n\t\t\t\t\t<h5 class=\"elementor-heading-title elementor-size-default\">Organe der Harnwege<\/h5>\t\t\t\t<\/div>\n\t\t\t\t<\/div>\n\t\t<div class=\"elementor-element elementor-element-96085b3 e-con-full elementor-hidden-mobile e-flex e-con e-child\" data-id=\"96085b3\" data-element_type=\"container\" data-settings=\"{&quot;background_background&quot;:&quot;classic&quot;}\">\n\t\t\t\t<\/div>\n\t\t\t\t<div class=\"elementor-element elementor-element-16120c3 elementor-widget elementor-widget-text-editor\" data-id=\"16120c3\" data-element_type=\"widget\" data-widget_type=\"text-editor.default\">\n\t\t\t\t<div class=\"elementor-widget-container\">\n\t\t\t\t\t\t\t\t\t<p><span style=\"white-space: pre-wrap;\">Zystotomie, Entfernung von Harnsteinen, Obstruktionen, Nephrektomie.\nEnglish Text: Cystotomy, removal of urinary stones, obstructions, nephrectomy.<\/span><\/p>\t\t\t\t\t\t\t\t<\/div>\n\t\t\t\t<\/div>\n\t\t<div class=\"elementor-element elementor-element-f502bae e-flex e-con-boxed e-con e-child\" data-id=\"f502bae\" data-element_type=\"container\">\n\t\t\t\t\t<div class=\"e-con-inner\">\n\t\t\t\t<div class=\"elementor-element elementor-element-9ec6572 card-link elementor-hidden-desktop elementor-hidden-tablet elementor-hidden-mobile elementor-widget elementor-widget-text-editor\" data-id=\"9ec6572\" data-element_type=\"widget\" data-widget_type=\"text-editor.default\">\n\t\t\t\t<div class=\"elementor-widget-container\">\n\t\t\t\t\t\t\t\t\t<p><a href=\"https:\/\/veterinarska-bolnica-porec.com\/de\/kontakt\/\"><span style=\"white-space: pre-wrap;\">Na\u0161 kontakt<\/span><\/a><\/p>\t\t\t\t\t\t\t\t<\/div>\n\t\t\t\t<\/div>\n\t\t\t\t\t<\/div>\n\t\t\t\t<\/div>\n\t\t\t\t\t<\/div>\n\t\t\t\t<\/div>\n\t\t\t\t\t<\/div>\n\t\t\t\t<\/div>\n\t\t\t\t<\/div>\n\t\t<div class=\"elementor-element elementor-element-011ce3a e-con-full e-flex e-con e-child\" data-id=\"011ce3a\" data-element_type=\"container\">\n\t\t\t\t<div class=\"elementor-element elementor-element-0ac9de5 elementor-widget elementor-widget-heading\" data-id=\"0ac9de5\" data-element_type=\"widget\" data-widget_type=\"heading.default\">\n\t\t\t\t<div class=\"elementor-widget-container\">\n\t\t\t\t\t<h2 class=\"elementor-heading-title elementor-size-default\">Onkolo\u0161ki kirur\u0161ki zahvati<\/h2>\t\t\t\t<\/div>\n\t\t\t\t<\/div>\n\t\t<div class=\"elementor-element elementor-element-4f7c188 e-flex e-con-boxed e-con e-child\" data-id=\"4f7c188\" data-element_type=\"container\">\n\t\t\t\t\t<div class=\"e-con-inner\">\n\t\t<div class=\"elementor-element elementor-element-08d90e9 e-con-full card-basic e-flex e-con e-child\" data-id=\"08d90e9\" data-element_type=\"container\" data-settings=\"{&quot;background_background&quot;:&quot;classic&quot;}\">\n\t\t\t\t<div class=\"elementor-element elementor-element-22efeec elementor-widget elementor-widget-heading\" data-id=\"22efeec\" data-element_type=\"widget\" data-widget_type=\"heading.default\">\n\t\t\t\t<div class=\"elementor-widget-container\">\n\t\t\t\t\t<h5 class=\"elementor-heading-title elementor-size-default\">Organe des Verdauungssystems<\/h5>\t\t\t\t<\/div>\n\t\t\t\t<\/div>\n\t\t<div class=\"elementor-element elementor-element-d4c069f e-con-full elementor-hidden-mobile e-flex e-con e-child\" data-id=\"d4c069f\" data-element_type=\"container\" data-settings=\"{&quot;background_background&quot;:&quot;classic&quot;}\">\n\t\t\t\t<\/div>\n\t\t\t\t<div class=\"elementor-element elementor-element-0e10f3f elementor-widget elementor-widget-text-editor\" data-id=\"0e10f3f\" data-element_type=\"widget\" data-widget_type=\"text-editor.default\">\n\t\t\t\t<div class=\"elementor-widget-container\">\n\t\t\t\t\t\t\t\t\t<p>Extraktion eines Fremdk\u00f6rpers, chirurgische Behandlung einer Blockade.\nEnglish Text: Extraction of a foreign body, surgical treatment of a blockage.<\/p>\t\t\t\t\t\t\t\t<\/div>\n\t\t\t\t<\/div>\n\t\t<div class=\"elementor-element elementor-element-36a023d e-flex e-con-boxed e-con e-child\" data-id=\"36a023d\" data-element_type=\"container\">\n\t\t\t\t\t<div class=\"e-con-inner\">\n\t\t\t\t<div class=\"elementor-element elementor-element-42b3403 card-link elementor-hidden-desktop elementor-hidden-tablet elementor-hidden-mobile elementor-widget elementor-widget-text-editor\" data-id=\"42b3403\" data-element_type=\"widget\" data-widget_type=\"text-editor.default\">\n\t\t\t\t<div class=\"elementor-widget-container\">\n\t\t\t\t\t\t\t\t\t<p><a href=\"https:\/\/veterinarska-bolnica-porec.com\/de\/kontakt\/\"><span style=\"white-space: pre-wrap;\">Na\u0161 kontakt<\/span><\/a><\/p>\t\t\t\t\t\t\t\t<\/div>\n\t\t\t\t<\/div>\n\t\t\t\t\t<\/div>\n\t\t\t\t<\/div>\n\t\t\t\t<\/div>\n\t\t\t\t\t<\/div>\n\t\t\t\t<\/div>\n\t\t\t\t<\/div>\n\t\t<div class=\"elementor-element elementor-element-76ad44f e-con-full e-flex e-con e-child\" data-id=\"76ad44f\" data-element_type=\"container\">\n\t\t\t\t<div class=\"elementor-element elementor-element-d99a452 elementor-widget elementor-widget-heading\" data-id=\"d99a452\" data-element_type=\"widget\" data-widget_type=\"heading.default\">\n\t\t\t\t<div class=\"elementor-widget-container\">\n\t\t\t\t\t<h2 class=\"elementor-heading-title elementor-size-default\">An\u00e4sthesie<\/h2>\t\t\t\t<\/div>\n\t\t\t\t<\/div>\n\t\t\t\t<div class=\"elementor-element elementor-element-c6eec4d elementor-widget elementor-widget-text-editor\" data-id=\"c6eec4d\" data-element_type=\"widget\" data-widget_type=\"text-editor.default\">\n\t\t\t\t<div class=\"elementor-widget-container\">\n\t\t\t\t\t\t\t\t\t<p>In unserer Praxis kommen alle modernen Verfahren der Allgemein- und Lokalan\u00e4sthesie zum Einsatz. Wir stellen Ihnen diese Verfahren gerne n\u00e4her vor.\u00a0<\/p><p>Op\u0107a anestezija je stanje bez svijesti koje nam omogu\u0107uje da obavimo kirur\u0161ke zahvate jer iste ne bi mogli obaviti na budnoj \u017eivotinji. Lokalna anestezija je postupak koji uklju\u010duje kori\u0161tenje lijekova kojima se sprje\u010dava prijenos impulsa pa tako i osje\u0107aja boli na mjestu na kojem \u0107emo provesti kirur\u0161ki zahvat.\u00a0<\/p><p>Prije dono\u0161enja odluke o anesteziji pregledati \u0107emo va\u0161eg ljubimca. Sie erhalten die erforderlichen Informationen und Details, bevor Sie Ihre Beratung abschlie\u00dfen.\u00a0<\/p><p>Nach der Narkose \u00fcberwachen wir Herzfrequenz, Atemqualit\u00e4t, Blutdruck, K\u00f6rpertemperatur und Sauerstoffversorgung des K\u00f6rpers. Haustiere erholen sich in unseren Intensivstationen von der Narkose und stehen unter st\u00e4ndiger Aufsicht.\u00a0<\/p><p>Wie beim Menschen, obwohl bei der Anwendung von An\u00e4sthetika selten Komplikationen auftreten.\u00a0<\/p>\t\t\t\t\t\t\t\t<\/div>\n\t\t\t\t<\/div>\n\t\t\t\t<\/div>\n\t\t<div class=\"elementor-element elementor-element-b761735 e-con-full e-flex e-con e-child\" data-id=\"b761735\" data-element_type=\"container\">\n\t\t<div class=\"elementor-element elementor-element-07ac94e e-flex e-con-boxed e-con e-child\" data-id=\"07ac94e\" data-element_type=\"container\">\n\t\t\t\t\t<div class=\"e-con-inner\">\n\t\t\t\t\t<\/div>\n\t\t\t\t<\/div>\n\t\t\t\t<\/div>\n\t\t\t\t\t<\/div>\n\t\t\t\t<\/div>\n\t\t\t\t<\/div>","protected":false},"excerpt":{"rendered":"<p>Ultra Vet Labin \/ Kirurgija Kirurgija U cilju da\u00a0 stalno pru\u017eimo vrhunske veterinarske usluge\u00a0 ponosni smo \u0161to\u00a0 vam mo\u017eemo ponuditi\u00a0 \u010ditav niz kirur\u0161kih zahvata za va\u0161e ljubimce.\u00a0 Od prijeoperacijskog tretmana do odlaska ku\u0107i,\u00a0 briga o va\u0161em ljubimcu je na\u0161 imperativ. Na\u0161 kontakt \u0160to nudimo? Kirurgija mekih tkiva U na\u0161oj bolnici vr\u0161imo od rutinskih, preventivnih kirur\u0161kih [&hellip;]<\/p>","protected":false},"author":1,"featured_media":0,"parent":0,"menu_order":0,"comment_status":"closed","ping_status":"closed","template":"","meta":{"_acf_changed":false,"site-sidebar-layout":"no-sidebar","site-content-layout":"page-builder","ast-site-content-layout":"default","site-content-style":"default","site-sidebar-style":"default","ast-global-header-display":"","ast-banner-title-visibility":"","ast-main-header-display":"","ast-hfb-above-header-display":"","ast-hfb-below-header-display":"","ast-hfb-mobile-header-display":"","site-post-title":"disabled","ast-breadcrumbs-content":"","ast-featured-img":"disabled","footer-sml-layout":"","theme-transparent-header-meta":"","adv-header-id-meta":"","stick-header-meta":"","header-above-stick-meta":"","header-main-stick-meta":"","header-below-stick-meta":"","astra-migrate-meta-layouts":"default","ast-page-background-enabled":"default","ast-page-background-meta":{"desktop":{"background-color":"","background-image":"","background-repeat":"repeat","background-position":"center center","background-size":"auto","background-attachment":"scroll","background-type":"","background-media":"","overlay-type":"","overlay-color":"","overlay-opacity":"","overlay-gradient":""},"tablet":{"background-color":"","background-image":"","background-repeat":"repeat","background-position":"center center","background-size":"auto","background-attachment":"scroll","background-type":"","background-media":"","overlay-type":"","overlay-color":"","overlay-opacity":"","overlay-gradient":""},"mobile":{"background-color":"","background-image":"","background-repeat":"repeat","background-position":"center center","background-size":"auto","background-attachment":"scroll","background-type":"","background-media":"","overlay-type":"","overlay-color":"","overlay-opacity":"","overlay-gradient":""}},"ast-content-background-meta":{"desktop":{"background-color":"var(--ast-global-color-5)","background-image":"","background-repeat":"repeat","background-position":"center center","background-size":"auto","background-attachment":"scroll","background-type":"","background-media":"","overlay-type":"","overlay-color":"","overlay-opacity":"","overlay-gradient":""},"tablet":{"background-color":"var(--ast-global-color-5)","background-image":"","background-repeat":"repeat","background-position":"center center","background-size":"auto","background-attachment":"scroll","background-type":"","background-media":"","overlay-type":"","overlay-color":"","overlay-opacity":"","overlay-gradient":""},"mobile":{"background-color":"var(--ast-global-color-5)","background-image":"","background-repeat":"repeat","background-position":"center center","background-size":"auto","background-attachment":"scroll","background-type":"","background-media":"","overlay-type":"","overlay-color":"","overlay-opacity":"","overlay-gradient":""}},"footnotes":""},"class_list":["post-2384","page","type-page","status-publish","hentry"],"acf":[],"_links":{"self":[{"href":"https:\/\/veterinarska-bolnica-porec.com\/de\/wp-json\/wp\/v2\/pages\/2384","targetHints":{"allow":["GET"]}}],"collection":[{"href":"https:\/\/veterinarska-bolnica-porec.com\/de\/wp-json\/wp\/v2\/pages"}],"about":[{"href":"https:\/\/veterinarska-bolnica-porec.com\/de\/wp-json\/wp\/v2\/types\/page"}],"author":[{"embeddable":true,"href":"https:\/\/veterinarska-bolnica-porec.com\/de\/wp-json\/wp\/v2\/users\/1"}],"replies":[{"embeddable":true,"href":"https:\/\/veterinarska-bolnica-porec.com\/de\/wp-json\/wp\/v2\/comments?post=2384"}],"version-history":[{"count":0,"href":"https:\/\/veterinarska-bolnica-porec.com\/de\/wp-json\/wp\/v2\/pages\/2384\/revisions"}],"wp:attachment":[{"href":"https:\/\/veterinarska-bolnica-porec.com\/de\/wp-json\/wp\/v2\/media?parent=2384"}],"curies":[{"name":"wp","href":"https:\/\/api.w.org\/{rel}","templated":true}]}}