
{"id":2386,"date":"2023-05-07T17:32:22","date_gmt":"2023-05-07T17:32:22","guid":{"rendered":"http:\/\/localhost:8888\/veterina-porec.com\/?page_id=2386"},"modified":"2023-06-26T13:42:50","modified_gmt":"2023-06-26T13:42:50","slug":"stomatologija-ultra-vet-labin","status":"publish","type":"page","link":"https:\/\/veterinarska-bolnica-porec.com\/de\/stomatologija-ultra-vet-labin\/","title":{"rendered":"Stomatologija &#8211; Ultra Vet Labin"},"content":{"rendered":"<div data-elementor-type=\"wp-page\" data-elementor-id=\"2386\" class=\"elementor elementor-2386\">\n\t\t\t\t<div class=\"elementor-element elementor-element-2decceb main-container e-flex e-con-boxed e-con e-parent\" data-id=\"2decceb\" data-element_type=\"container\" data-settings=\"{&quot;background_background&quot;:&quot;classic&quot;}\">\n\t\t\t\t\t<div class=\"e-con-inner\">\n\t\t<div class=\"elementor-element elementor-element-69c21ac e-flex e-con-boxed e-con e-child\" data-id=\"69c21ac\" data-element_type=\"container\">\n\t\t\t\t\t<div class=\"e-con-inner\">\n\t\t<div class=\"elementor-element elementor-element-c5b0390 e-con-full e-flex e-con e-child\" data-id=\"c5b0390\" data-element_type=\"container\">\n\t\t\t\t<div class=\"elementor-element elementor-element-baf7516 elementor-widget elementor-widget-text-editor\" data-id=\"baf7516\" data-element_type=\"widget\" data-widget_type=\"text-editor.default\">\n\t\t\t\t<div class=\"elementor-widget-container\">\n\t\t\t\t\t\t\t\t\t<p><strong>Ultra vet Labin \/ Zahnmedizin<\/strong><\/p>\t\t\t\t\t\t\t\t<\/div>\n\t\t\t\t<\/div>\n\t\t\t\t<div class=\"elementor-element elementor-element-cba546c elementor-widget elementor-widget-heading\" data-id=\"cba546c\" data-element_type=\"widget\" data-widget_type=\"heading.default\">\n\t\t\t\t<div class=\"elementor-widget-container\">\n\t\t\t\t\t<h2 class=\"elementor-heading-title elementor-size-default\">Zahnheilkunde<\/h2>\t\t\t\t<\/div>\n\t\t\t\t<\/div>\n\t\t\t\t<div class=\"elementor-element elementor-element-698cc1c elementor-widget elementor-widget-text-editor\" data-id=\"698cc1c\" data-element_type=\"widget\" data-widget_type=\"text-editor.default\">\n\t\t\t\t<div class=\"elementor-widget-container\">\n\t\t\t\t\t\t\t\t\t<p>Wenn Probleme auftreten, wissen wir, wie wir sie mit verschiedenen Eingriffen und modernen Ger\u00e4ten l\u00f6sen k\u00f6nnen.<\/p>\t\t\t\t\t\t\t\t<\/div>\n\t\t\t\t<\/div>\n\t\t\t\t<div class=\"elementor-element elementor-element-876517e elementor-hidden-desktop elementor-hidden-tablet elementor-hidden-mobile elementor-widget elementor-widget-button\" data-id=\"876517e\" data-element_type=\"widget\" data-widget_type=\"button.default\">\n\t\t\t\t<div class=\"elementor-widget-container\">\n\t\t\t\t\t\t\t\t\t<div class=\"elementor-button-wrapper\">\n\t\t\t\t\t<a class=\"elementor-button elementor-button-link elementor-size-sm\" href=\"https:\/\/veterinarska-bolnica-porec.com\/de\/kontakt\/\">\n\t\t\t\t\t\t<span class=\"elementor-button-content-wrapper\">\n\t\t\t\t\t\t\t\t\t<span class=\"elementor-button-text\">Na\u0161 kontakt<\/span>\n\t\t\t\t\t<\/span>\n\t\t\t\t\t<\/a>\n\t\t\t\t<\/div>\n\t\t\t\t\t\t\t\t<\/div>\n\t\t\t\t<\/div>\n\t\t\t\t<\/div>\n\t\t\t\t\t<\/div>\n\t\t\t\t<\/div>\n\t\t\t\t\t<\/div>\n\t\t\t\t<\/div>\n\t\t<div class=\"elementor-element elementor-element-4711ed4 main-container e-flex e-con-boxed e-con e-parent\" data-id=\"4711ed4\" data-element_type=\"container\">\n\t\t\t\t\t<div class=\"e-con-inner\">\n\t\t<div class=\"elementor-element elementor-element-841769b e-con-full e-flex e-con e-child\" data-id=\"841769b\" data-element_type=\"container\">\n\t\t\t\t<div class=\"elementor-element elementor-element-f6c7486 elementor-widget elementor-widget-heading\" data-id=\"f6c7486\" data-element_type=\"widget\" data-widget_type=\"heading.default\">\n\t\t\t\t<div class=\"elementor-widget-container\">\n\t\t\t\t\t<h2 class=\"elementor-heading-title elementor-size-default\">Vorbeugende <br>Zahnpflege<\/h2>\t\t\t\t<\/div>\n\t\t\t\t<\/div>\n\t\t<div class=\"elementor-element elementor-element-1f8f50d e-con-full e-flex e-con e-child\" data-id=\"1f8f50d\" data-element_type=\"container\" data-settings=\"{&quot;background_background&quot;:&quot;classic&quot;}\">\n\t\t\t\t<\/div>\n\t\t\t\t<div class=\"elementor-element elementor-element-040967d elementor-widget elementor-widget-text-editor\" data-id=\"040967d\" data-element_type=\"widget\" data-widget_type=\"text-editor.default\">\n\t\t\t\t<div class=\"elementor-widget-container\">\n\t\t\t\t\t\t\t\t\t<p>Pr\u00e4vention ist der Schl\u00fcssel, wenn es um die Tierzahnheilkunde geht. Als verantwortungsbewusster Haustierbesitzer k\u00f6nnen Sie die folgenden Schritte unternehmen, um die Mundgesundheit Ihres Haustieres zu gew\u00e4hrleisten:<\/p>\t\t\t\t\t\t\t\t<\/div>\n\t\t\t\t<\/div>\n\t\t\t\t<div class=\"elementor-element elementor-element-8ed9a52 elementor-widget elementor-widget-text-editor\" data-id=\"8ed9a52\" data-element_type=\"widget\" data-widget_type=\"text-editor.default\">\n\t\t\t\t<div class=\"elementor-widget-container\">\n\t\t\t\t\t\t\t\t\t<span class=\"accent-color\"><strong>1. Regelm\u00e4\u00dfiges Reinigen<\/strong><\/span> und Polieren der Z\u00e4hne beugt schmerzhaften Entz\u00fcndungen des Zahnfleisches und der Z\u00e4hne vor und verbessert das Leben des Haustieres.\t\t\t\t\t\t\t\t<\/div>\n\t\t\t\t<\/div>\n\t\t\t\t<div class=\"elementor-element elementor-element-6cf7c9c elementor-widget elementor-widget-text-editor\" data-id=\"6cf7c9c\" data-element_type=\"widget\" data-widget_type=\"text-editor.default\">\n\t\t\t\t<div class=\"elementor-widget-container\">\n\t\t\t\t\t\t\t\t\t<span class=\"accent-color\"><b>2. Sie f\u00fcr eine ausgewogene Ern\u00e4hrung<\/b><\/span> , die die Zahngesundheit f\u00f6rdert. Bestimmte Tiernahrung und Leckerlis sind so konzipiert, dass sie die Bildung von Plaque und Zahnstein reduzieren.\t\t\t\t\t\t\t\t<\/div>\n\t\t\t\t<\/div>\n\t\t\t\t<div class=\"elementor-element elementor-element-1c524ff elementor-widget elementor-widget-text-editor\" data-id=\"1c524ff\" data-element_type=\"widget\" data-widget_type=\"text-editor.default\">\n\t\t\t\t<div class=\"elementor-widget-container\">\n\t\t\t\t\t\t\t\t\t<span class=\"accent-color\"><b>3. Zahnspielzeug: Spielzeug<\/b><\/span> , das hilft, die Z\u00e4hne und das Zahnfleisch Ihres Haustieres zu reinigen und gleichzeitig sein nat\u00fcrliches Kaubed\u00fcrfnis zu befriedigen.\t\t\t\t\t\t\t\t<\/div>\n\t\t\t\t<\/div>\n\t\t\t\t<div class=\"elementor-element elementor-element-22b9f2a elementor-widget elementor-widget-text-editor\" data-id=\"22b9f2a\" data-element_type=\"widget\" data-widget_type=\"text-editor.default\">\n\t\t\t\t<div class=\"elementor-widget-container\">\n\t\t\t\t\t\t\t\t\t<p><span class=\"accent-color\"><b>4. Routinem\u00e4\u00dfige zahn\u00e4rztliche Untersuchungen:<\/b><\/span> Planen Sie regelm\u00e4\u00dfige Besuche bei einem Tierarzt, der sich auf Zahnheilkunde spezialisiert hat. Professionelle Zahnreinigung, Kontrolluntersuchungen und die fr\u00fchzeitige Erkennung von Zahnproblemen k\u00f6nnen die Mundgesundheit Ihres Haustieres erheblich verbessern.<\/p>\t\t\t\t\t\t\t\t<\/div>\n\t\t\t\t<\/div>\n\t\t\t\t<\/div>\n\t\t<div class=\"elementor-element elementor-element-da224bc e-flex e-con-boxed e-con e-child\" data-id=\"da224bc\" data-element_type=\"container\" data-settings=\"{&quot;background_background&quot;:&quot;classic&quot;}\">\n\t\t\t\t\t<div class=\"e-con-inner\">\n\t\t\t\t<div class=\"elementor-element elementor-element-81fcecf elementor-widget elementor-widget-image\" data-id=\"81fcecf\" data-element_type=\"widget\" data-widget_type=\"image.default\">\n\t\t\t\t<div class=\"elementor-widget-container\">\n\t\t\t\t\t\t\t\t\t\t\t\t\t\t\t<img fetchpriority=\"high\" decoding=\"async\" width=\"527\" height=\"900\" src=\"https:\/\/veterinarska-bolnica-porec.com\/wp-content\/uploads\/2023\/05\/stomatologija-pas.webp\" class=\"attachment-large size-large wp-image-5158\" alt=\"\" srcset=\"https:\/\/veterinarska-bolnica-porec.com\/wp-content\/uploads\/2023\/05\/stomatologija-pas.webp 527w, https:\/\/veterinarska-bolnica-porec.com\/wp-content\/uploads\/2023\/05\/stomatologija-pas-176x300.webp 176w, https:\/\/veterinarska-bolnica-porec.com\/wp-content\/uploads\/2023\/05\/stomatologija-pas-7x12.webp 7w\" sizes=\"(max-width: 527px) 100vw, 527px\" \/>\t\t\t\t\t\t\t\t\t\t\t\t\t\t\t<\/div>\n\t\t\t\t<\/div>\n\t\t\t\t\t<\/div>\n\t\t\t\t<\/div>\n\t\t\t\t\t<\/div>\n\t\t\t\t<\/div>\n\t\t<div class=\"elementor-element elementor-element-0bfb5c5 main-container e-flex e-con-boxed e-con e-parent\" data-id=\"0bfb5c5\" data-element_type=\"container\" data-settings=\"{&quot;background_background&quot;:&quot;classic&quot;}\">\n\t\t\t\t\t<div class=\"e-con-inner\">\n\t\t<div class=\"elementor-element elementor-element-881f2f3 e-con-full e-flex e-con e-child\" data-id=\"881f2f3\" data-element_type=\"container\">\n\t\t\t\t<div class=\"elementor-element elementor-element-c9ab549 elementor-widget elementor-widget-heading\" data-id=\"c9ab549\" data-element_type=\"widget\" data-widget_type=\"heading.default\">\n\t\t\t\t<div class=\"elementor-widget-container\">\n\t\t\t\t\t<h2 class=\"elementor-heading-title elementor-size-default\">H\u00e4ufige Zahnprobleme bei Tieren<\/h2>\t\t\t\t<\/div>\n\t\t\t\t<\/div>\n\t\t\t\t<div class=\"elementor-element elementor-element-add64bd elementor-widget elementor-widget-text-editor\" data-id=\"add64bd\" data-element_type=\"widget\" data-widget_type=\"text-editor.default\">\n\t\t\t\t<div class=\"elementor-widget-container\">\n\t\t\t\t\t\t\t\t\t<p><span class=\"accent-color\"><b>1. Parodontale Erkrankungen <\/b><\/span> sind haupts\u00e4chlich die Folge von Infektionen und Entz\u00fcndungen des Zahnfleisches und der Knochen, die die Z\u00e4hne umgeben und st\u00fctzen. Im Fr\u00fchstadium, der sogenannten Gingivitis, kann das Zahnfleisch anschwellen, sich r\u00f6ten und bluten.<\/p><p><span class=\"accent-color\"><b>2. Zahnfrakturen: <\/b><\/span> Tiere, insbesondere Hunde, sind aufgrund ihrer Kaugewohnheiten anf\u00e4llig f\u00fcr Zahnfrakturen. Gebrochene Z\u00e4hne verursachen nicht nur Beschwerden, sondern k\u00f6nnen auch zu Infektionen f\u00fchren<\/p><p><span class=\"accent-color\"><b>3. Orale Tumoren:<\/b><\/span> Obwohl relativ selten, k\u00f6nnen orale Tumoren bei Tieren auftreten. Der Schweregrad dieser Tumoren kann variieren und erfordert eine sofortige Diagnose und Behandlung.<\/p>\t\t\t\t\t\t\t\t<\/div>\n\t\t\t\t<\/div>\n\t\t\t\t<div class=\"elementor-element elementor-element-1d0c04f elementor-widget elementor-widget-text-editor\" data-id=\"1d0c04f\" data-element_type=\"widget\" data-widget_type=\"text-editor.default\">\n\t\t\t\t<div class=\"elementor-widget-container\">\n\t\t\t\t\t\t\t\t\t<p><b><i>Zahnpflege ist ein wichtiger Aspekt der allgemeinen Tierpflege. Indem wir der Zahnmedizin Priorit\u00e4t einr\u00e4umen, k\u00f6nnen wir sicherstellen, dass unsere pelzigen Freunde gesunde Z\u00e4hne und Zahnfleisch haben und so ihre allgemeine Lebensqualit\u00e4t verbessern.<\/i><\/b><\/p>\t\t\t\t\t\t\t\t<\/div>\n\t\t\t\t<\/div>\n\t\t\t\t<div class=\"elementor-element elementor-element-c8d63ef elementor-hidden-desktop elementor-hidden-tablet elementor-hidden-mobile elementor-widget elementor-widget-button\" data-id=\"c8d63ef\" data-element_type=\"widget\" data-widget_type=\"button.default\">\n\t\t\t\t<div class=\"elementor-widget-container\">\n\t\t\t\t\t\t\t\t\t<div class=\"elementor-button-wrapper\">\n\t\t\t\t\t<a class=\"elementor-button elementor-button-link elementor-size-sm\" href=\"https:\/\/veterinarska-bolnica-porec.com\/de\/kontakt\/\">\n\t\t\t\t\t\t<span class=\"elementor-button-content-wrapper\">\n\t\t\t\t\t\t\t\t\t<span class=\"elementor-button-text\">Na\u0161 kontakt<\/span>\n\t\t\t\t\t<\/span>\n\t\t\t\t\t<\/a>\n\t\t\t\t<\/div>\n\t\t\t\t\t\t\t\t<\/div>\n\t\t\t\t<\/div>\n\t\t\t\t<\/div>\n\t\t\t\t\t<\/div>\n\t\t\t\t<\/div>\n\t\t\t\t<\/div>","protected":false},"excerpt":{"rendered":"<p>Ultra vet Labin \/ Stomatologija Stomatologija Ako nastanu problemi znat \u0107emo ih rije\u0161iti razli\u010ditim intervencijama uz kori\u0161tenje suvremene opreme. Na\u0161 kontakt Preventivna stomatolo\u0161ka njega Prevencija je klju\u010dna kada je stomatologija \u017eivotinja u pitanju. Kao odgovoran vlasnik ku\u0107nog ljubimca, mo\u017eete poduzeti sljede\u0107e korake kako biste osigurali oralno zdravlje svog ljubimca: 1. Redovitim \u010di\u0161\u0107enjem i poliranjem zubi [&hellip;]<\/p>","protected":false},"author":1,"featured_media":0,"parent":0,"menu_order":0,"comment_status":"closed","ping_status":"closed","template":"","meta":{"_acf_changed":false,"site-sidebar-layout":"no-sidebar","site-content-layout":"page-builder","ast-site-content-layout":"default","site-content-style":"default","site-sidebar-style":"default","ast-global-header-display":"","ast-banner-title-visibility":"","ast-main-header-display":"","ast-hfb-above-header-display":"","ast-hfb-below-header-display":"","ast-hfb-mobile-header-display":"","site-post-title":"disabled","ast-breadcrumbs-content":"","ast-featured-img":"disabled","footer-sml-layout":"","theme-transparent-header-meta":"","adv-header-id-meta":"","stick-header-meta":"","header-above-stick-meta":"","header-main-stick-meta":"","header-below-stick-meta":"","astra-migrate-meta-layouts":"default","ast-page-background-enabled":"default","ast-page-background-meta":{"desktop":{"background-color":"","background-image":"","background-repeat":"repeat","background-position":"center center","background-size":"auto","background-attachment":"scroll","background-type":"","background-media":"","overlay-type":"","overlay-color":"","overlay-opacity":"","overlay-gradient":""},"tablet":{"background-color":"","background-image":"","background-repeat":"repeat","background-position":"center center","background-size":"auto","background-attachment":"scroll","background-type":"","background-media":"","overlay-type":"","overlay-color":"","overlay-opacity":"","overlay-gradient":""},"mobile":{"background-color":"","background-image":"","background-repeat":"repeat","background-position":"center center","background-size":"auto","background-attachment":"scroll","background-type":"","background-media":"","overlay-type":"","overlay-color":"","overlay-opacity":"","overlay-gradient":""}},"ast-content-background-meta":{"desktop":{"background-color":"var(--ast-global-color-5)","background-image":"","background-repeat":"repeat","background-position":"center center","background-size":"auto","background-attachment":"scroll","background-type":"","background-media":"","overlay-type":"","overlay-color":"","overlay-opacity":"","overlay-gradient":""},"tablet":{"background-color":"var(--ast-global-color-5)","background-image":"","background-repeat":"repeat","background-position":"center center","background-size":"auto","background-attachment":"scroll","background-type":"","background-media":"","overlay-type":"","overlay-color":"","overlay-opacity":"","overlay-gradient":""},"mobile":{"background-color":"var(--ast-global-color-5)","background-image":"","background-repeat":"repeat","background-position":"center center","background-size":"auto","background-attachment":"scroll","background-type":"","background-media":"","overlay-type":"","overlay-color":"","overlay-opacity":"","overlay-gradient":""}},"footnotes":""},"class_list":["post-2386","page","type-page","status-publish","hentry"],"acf":[],"_links":{"self":[{"href":"https:\/\/veterinarska-bolnica-porec.com\/de\/wp-json\/wp\/v2\/pages\/2386","targetHints":{"allow":["GET"]}}],"collection":[{"href":"https:\/\/veterinarska-bolnica-porec.com\/de\/wp-json\/wp\/v2\/pages"}],"about":[{"href":"https:\/\/veterinarska-bolnica-porec.com\/de\/wp-json\/wp\/v2\/types\/page"}],"author":[{"embeddable":true,"href":"https:\/\/veterinarska-bolnica-porec.com\/de\/wp-json\/wp\/v2\/users\/1"}],"replies":[{"embeddable":true,"href":"https:\/\/veterinarska-bolnica-porec.com\/de\/wp-json\/wp\/v2\/comments?post=2386"}],"version-history":[{"count":0,"href":"https:\/\/veterinarska-bolnica-porec.com\/de\/wp-json\/wp\/v2\/pages\/2386\/revisions"}],"wp:attachment":[{"href":"https:\/\/veterinarska-bolnica-porec.com\/de\/wp-json\/wp\/v2\/media?parent=2386"}],"curies":[{"name":"wp","href":"https:\/\/api.w.org\/{rel}","templated":true}]}}