
{"id":5507,"date":"2023-05-31T11:19:29","date_gmt":"2023-05-31T11:19:29","guid":{"rendered":"http:\/\/localhost:8888\/veterina-porec.com\/?page_id=5507"},"modified":"2023-07-12T12:00:19","modified_gmt":"2023-07-12T12:00:19","slug":"ostale-usluge","status":"publish","type":"page","link":"https:\/\/veterinarska-bolnica-porec.com\/de\/ostale-usluge\/","title":{"rendered":"Ostale Usluge"},"content":{"rendered":"<div data-elementor-type=\"wp-page\" data-elementor-id=\"5507\" class=\"elementor elementor-5507\">\n\t\t\t\t<div class=\"elementor-element elementor-element-e7be3db main-container e-flex e-con-boxed e-con e-parent\" data-id=\"e7be3db\" data-element_type=\"container\" data-settings=\"{&quot;background_background&quot;:&quot;classic&quot;}\">\n\t\t\t\t\t<div class=\"e-con-inner\">\n\t\t<div class=\"elementor-element elementor-element-4a6b788 e-flex e-con-boxed e-con e-child\" data-id=\"4a6b788\" data-element_type=\"container\">\n\t\t\t\t\t<div class=\"e-con-inner\">\n\t\t<div class=\"elementor-element elementor-element-36a4553 e-con-full e-flex e-con e-child\" data-id=\"36a4553\" data-element_type=\"container\">\n\t\t\t\t<div class=\"elementor-element elementor-element-81ba95f elementor-widget elementor-widget-heading\" data-id=\"81ba95f\" data-element_type=\"widget\" data-widget_type=\"heading.default\">\n\t\t\t\t<div class=\"elementor-widget-container\">\n\t\t\t\t\t<h2 class=\"elementor-heading-title elementor-size-default\">Weitere Dienstleistungen<\/h2>\t\t\t\t<\/div>\n\t\t\t\t<\/div>\n\t\t\t\t<div class=\"elementor-element elementor-element-ce0b923 elementor-hidden-desktop elementor-hidden-tablet elementor-hidden-mobile elementor-widget elementor-widget-button\" data-id=\"ce0b923\" data-element_type=\"widget\" data-widget_type=\"button.default\">\n\t\t\t\t<div class=\"elementor-widget-container\">\n\t\t\t\t\t\t\t\t\t<div class=\"elementor-button-wrapper\">\n\t\t\t\t\t<a class=\"elementor-button elementor-button-link elementor-size-sm\" href=\"https:\/\/veterinarska-bolnica-porec.com\/de\/kontakt\/\">\n\t\t\t\t\t\t<span class=\"elementor-button-content-wrapper\">\n\t\t\t\t\t\t\t\t\t<span class=\"elementor-button-text\">Na\u0161 kontakt<\/span>\n\t\t\t\t\t<\/span>\n\t\t\t\t\t<\/a>\n\t\t\t\t<\/div>\n\t\t\t\t\t\t\t\t<\/div>\n\t\t\t\t<\/div>\n\t\t\t\t<div class=\"elementor-element elementor-element-50b8d1c elementor-widget elementor-widget-text-editor\" data-id=\"50b8d1c\" data-element_type=\"widget\" data-widget_type=\"text-editor.default\">\n\t\t\t\t<div class=\"elementor-widget-container\">\n\t\t\t\t\t\t\t\t\t<p><span style=\"white-space: pre-wrap;\">Alle weiteren angebotenen Leistungen sind nachfolgend aufgef\u00fchrt.<\/span><\/p>\t\t\t\t\t\t\t\t<\/div>\n\t\t\t\t<\/div>\n\t\t\t\t<\/div>\n\t\t\t\t\t<\/div>\n\t\t\t\t<\/div>\n\t\t\t\t\t<\/div>\n\t\t\t\t<\/div>\n\t\t<div class=\"elementor-element elementor-element-ec0e8f4 main-container e-flex e-con-boxed e-con e-parent\" data-id=\"ec0e8f4\" data-element_type=\"container\">\n\t\t\t\t\t<div class=\"e-con-inner\">\n\t\t\t\t<div class=\"elementor-element elementor-element-d0213f7 elementor-widget elementor-widget-heading\" data-id=\"d0213f7\" data-element_type=\"widget\" data-widget_type=\"heading.default\">\n\t\t\t\t<div class=\"elementor-widget-container\">\n\t\t\t\t\t<h2 class=\"elementor-heading-title elementor-size-default\">Welche weiteren Dienstleistungen <br>bieten wir an?<\/h2>\t\t\t\t<\/div>\n\t\t\t\t<\/div>\n\t\t<div class=\"elementor-element elementor-element-182e724 e-con-full e-flex e-con e-child\" data-id=\"182e724\" data-element_type=\"container\" data-settings=\"{&quot;background_background&quot;:&quot;classic&quot;}\">\n\t\t\t\t<\/div>\n\t\t\t\t\t<\/div>\n\t\t\t\t<\/div>\n\t\t<div class=\"elementor-element elementor-element-856315e main-container e-flex e-con-boxed e-con e-parent\" data-id=\"856315e\" data-element_type=\"container\">\n\t\t\t\t\t<div class=\"e-con-inner\">\n\t\t<div class=\"elementor-element elementor-element-43b46c3 e-flex e-con-boxed e-con e-child\" data-id=\"43b46c3\" data-element_type=\"container\">\n\t\t\t\t\t<div class=\"e-con-inner\">\n\t\t<div class=\"elementor-element elementor-element-8e263c6 e-con-full lab-card e-flex e-con e-child\" data-id=\"8e263c6\" data-element_type=\"container\">\n\t\t<a class=\"elementor-element elementor-element-b76c16f e-con-full e-flex e-con e-child\" data-id=\"b76c16f\" data-element_type=\"container\" data-settings=\"{&quot;background_background&quot;:&quot;classic&quot;}\" href=\"https:\/\/veterinarska-bolnica-porec.com\/de\/dermatologija\/\">\n\t\t\t\t<\/a>\n\t\t<div class=\"elementor-element elementor-element-2f8a242 e-con-full e-flex e-con e-child\" data-id=\"2f8a242\" data-element_type=\"container\">\n\t\t\t\t<div class=\"elementor-element elementor-element-a40b307 elementor-widget elementor-widget-heading\" data-id=\"a40b307\" data-element_type=\"widget\" data-widget_type=\"heading.default\">\n\t\t\t\t<div class=\"elementor-widget-container\">\n\t\t\t\t\t<h5 class=\"elementor-heading-title elementor-size-default\">Dermatologie<\/h5>\t\t\t\t<\/div>\n\t\t\t\t<\/div>\n\t\t\t\t<div class=\"elementor-element elementor-element-9aa6442 elementor-widget elementor-widget-text-editor\" data-id=\"9aa6442\" data-element_type=\"widget\" data-widget_type=\"text-editor.default\">\n\t\t\t\t<div class=\"elementor-widget-container\">\n\t\t\t\t\t\t\t\t\t<p>Es sind mehrere hundert verschiedene Hauterkrankungen bei Hunden und Katzen bekannt, die sich sehr oft mit \u00e4hnlichen Anzeichen \u00e4u\u00dfern. Sie wissen es vielleicht nicht, aber selbst auf globaler Ebene sind Hautprobleme die wichtigsten Gr\u00fcnde, zum Tierarzt zu gehen.\u00a0\u00a0<\/p>\t\t\t\t\t\t\t\t<\/div>\n\t\t\t\t<\/div>\n\t\t\t\t<div class=\"elementor-element elementor-element-3e52b20 card-link elementor-widget elementor-widget-text-editor\" data-id=\"3e52b20\" data-element_type=\"widget\" data-widget_type=\"text-editor.default\">\n\t\t\t\t<div class=\"elementor-widget-container\">\n\t\t\t\t\t\t\t\t\t<p><a href=\"https:\/\/veterinarska-bolnica-porec.com\/de\/dermatologija\/\"><span style=\"white-space: pre-wrap;\">Mehr erfahren<\/span><\/a><\/p>\t\t\t\t\t\t\t\t<\/div>\n\t\t\t\t<\/div>\n\t\t\t\t<\/div>\n\t\t\t\t<\/div>\n\t\t<div class=\"elementor-element elementor-element-04c2f87 e-con-full lab-card e-flex e-con e-child\" data-id=\"04c2f87\" data-element_type=\"container\">\n\t\t<a class=\"elementor-element elementor-element-7e96f33 e-con-full e-flex e-con e-child\" data-id=\"7e96f33\" data-element_type=\"container\" data-settings=\"{&quot;background_background&quot;:&quot;classic&quot;}\" href=\"https:\/\/veterinarska-bolnica-porec.com\/de\/veterina-porec.com\/preventivni-pregledi\/\">\n\t\t\t\t<\/a>\n\t\t<div class=\"elementor-element elementor-element-5b9d384 e-con-full e-flex e-con e-child\" data-id=\"5b9d384\" data-element_type=\"container\">\n\t\t\t\t<div class=\"elementor-element elementor-element-f66f8ba elementor-widget elementor-widget-heading\" data-id=\"f66f8ba\" data-element_type=\"widget\" data-widget_type=\"heading.default\">\n\t\t\t\t<div class=\"elementor-widget-container\">\n\t\t\t\t\t<h5 class=\"elementor-heading-title elementor-size-default\">Vorsorgeuntersuchungen<\/h5>\t\t\t\t<\/div>\n\t\t\t\t<\/div>\n\t\t\t\t<div class=\"elementor-element elementor-element-8fff804 elementor-widget elementor-widget-text-editor\" data-id=\"8fff804\" data-element_type=\"widget\" data-widget_type=\"text-editor.default\">\n\t\t\t\t<div class=\"elementor-widget-container\">\n\t\t\t\t\t\t\t\t\t<div class=\"wpb_text_column wpb_content_element  wpb_animate_when_almost_visible wpb_left-to-right left-to-right vc_custom_1422696902754 okruglo wpb_start_animation animated\"><div class=\"wpb_wrapper\"><p>\u201eVorbeugen ist besser als Heilen\u201c ist ein gutes altes Sprichwort, das voll und ganz auf unsere Haustiere zutrifft.<\/p><\/div><\/div>\t\t\t\t\t\t\t\t<\/div>\n\t\t\t\t<\/div>\n\t\t\t\t<div class=\"elementor-element elementor-element-481cf26 card-link elementor-widget elementor-widget-text-editor\" data-id=\"481cf26\" data-element_type=\"widget\" data-widget_type=\"text-editor.default\">\n\t\t\t\t<div class=\"elementor-widget-container\">\n\t\t\t\t\t\t\t\t\t<p><a href=\"https:\/\/veterinarska-bolnica-porec.com\/de\/preventivni-pregled\/\"><span style=\"white-space: pre-wrap;\">Mehr erfahren<\/span><\/a><\/p>\t\t\t\t\t\t\t\t<\/div>\n\t\t\t\t<\/div>\n\t\t\t\t<\/div>\n\t\t\t\t<\/div>\n\t\t\t\t\t<\/div>\n\t\t\t\t<\/div>\n\t\t<div class=\"elementor-element elementor-element-3bd7eb3 e-flex e-con-boxed e-con e-child\" data-id=\"3bd7eb3\" data-element_type=\"container\">\n\t\t\t\t\t<div class=\"e-con-inner\">\n\t\t<div class=\"elementor-element elementor-element-12970c2 e-con-full lab-card e-flex e-con e-child\" data-id=\"12970c2\" data-element_type=\"container\">\n\t\t<a class=\"elementor-element elementor-element-fcc2a7a e-con-full e-flex e-con e-child\" data-id=\"fcc2a7a\" data-element_type=\"container\" data-settings=\"{&quot;background_background&quot;:&quot;classic&quot;}\" href=\"https:\/\/veterinarska-bolnica-porec.com\/de\/veterina-porec.com\/lijecenje-boli\/\">\n\t\t\t\t<\/a>\n\t\t<div class=\"elementor-element elementor-element-2279af9 e-con-full e-flex e-con e-child\" data-id=\"2279af9\" data-element_type=\"container\">\n\t\t\t\t<div class=\"elementor-element elementor-element-d1baac1 elementor-widget elementor-widget-heading\" data-id=\"d1baac1\" data-element_type=\"widget\" data-widget_type=\"heading.default\">\n\t\t\t\t<div class=\"elementor-widget-container\">\n\t\t\t\t\t<h5 class=\"elementor-heading-title elementor-size-default\">Schmerzbehandlung<\/h5>\t\t\t\t<\/div>\n\t\t\t\t<\/div>\n\t\t\t\t<div class=\"elementor-element elementor-element-5e42d26 elementor-widget elementor-widget-text-editor\" data-id=\"5e42d26\" data-element_type=\"widget\" data-widget_type=\"text-editor.default\">\n\t\t\t\t<div class=\"elementor-widget-container\">\n\t\t\t\t\t\t\t\t\t<div class=\"wpb_text_column wpb_content_element  wpb_animate_when_almost_visible wpb_left-to-right left-to-right vc_custom_1416161548637 okruglo wpb_start_animation animated\"><div class=\"wpb_wrapper\"><p>Wir sind uns bewusst, dass Schmerzen auch f\u00fcr unsere Haustiere schwer zu ertragen sind. Es sind die Schmerzen, die den Krankheitsverlauf ma\u00dfgeblich beeinflussen.<\/p><\/div><\/div>\t\t\t\t\t\t\t\t<\/div>\n\t\t\t\t<\/div>\n\t\t\t\t<div class=\"elementor-element elementor-element-bddfcaa card-link elementor-widget elementor-widget-text-editor\" data-id=\"bddfcaa\" data-element_type=\"widget\" data-widget_type=\"text-editor.default\">\n\t\t\t\t<div class=\"elementor-widget-container\">\n\t\t\t\t\t\t\t\t\t<p><a href=\"https:\/\/veterinarska-bolnica-porec.com\/de\/lijecenje-boli\/\"><span style=\"white-space: pre-wrap;\">Mehr erfahren<\/span><\/a><\/p>\t\t\t\t\t\t\t\t<\/div>\n\t\t\t\t<\/div>\n\t\t\t\t<\/div>\n\t\t\t\t<\/div>\n\t\t<div class=\"elementor-element elementor-element-e49dc40 e-con-full lab-card e-flex e-con e-child\" data-id=\"e49dc40\" data-element_type=\"container\">\n\t\t<a class=\"elementor-element elementor-element-a6a71bf e-con-full e-flex e-con e-child\" data-id=\"a6a71bf\" data-element_type=\"container\" data-settings=\"{&quot;background_background&quot;:&quot;classic&quot;}\" href=\"https:\/\/veterinarska-bolnica-porec.com\/de\/veterina-porec.com\/cijepljenje-kucnih-ljubimaca\/\">\n\t\t\t\t<\/a>\n\t\t<div class=\"elementor-element elementor-element-49ff381 e-con-full e-flex e-con e-child\" data-id=\"49ff381\" data-element_type=\"container\">\n\t\t\t\t<div class=\"elementor-element elementor-element-0ad8d9c elementor-widget elementor-widget-heading\" data-id=\"0ad8d9c\" data-element_type=\"widget\" data-widget_type=\"heading.default\">\n\t\t\t\t<div class=\"elementor-widget-container\">\n\t\t\t\t\t<h5 class=\"elementor-heading-title elementor-size-default\">Impfung von Haustieren<\/h5>\t\t\t\t<\/div>\n\t\t\t\t<\/div>\n\t\t\t\t<div class=\"elementor-element elementor-element-e528c34 elementor-widget elementor-widget-text-editor\" data-id=\"e528c34\" data-element_type=\"widget\" data-widget_type=\"text-editor.default\">\n\t\t\t\t<div class=\"elementor-widget-container\">\n\t\t\t\t\t\t\t\t\t<div class=\"wpb_text_column wpb_content_element  wpb_animate_when_almost_visible wpb_left-to-right left-to-right vc_custom_1422698090795 okruglo wpb_start_animation animated\"><div class=\"wpb_wrapper\"><p>Wir bieten Ihren Haustieren Schutz vor gef\u00e4hrlichen Infektionskrankheiten nach h\u00f6chsten Standards.<\/p><\/div><\/div>\t\t\t\t\t\t\t\t<\/div>\n\t\t\t\t<\/div>\n\t\t\t\t<div class=\"elementor-element elementor-element-fa1a6a2 card-link elementor-widget elementor-widget-text-editor\" data-id=\"fa1a6a2\" data-element_type=\"widget\" data-widget_type=\"text-editor.default\">\n\t\t\t\t<div class=\"elementor-widget-container\">\n\t\t\t\t\t\t\t\t\t<p><a href=\"https:\/\/veterinarska-bolnica-porec.com\/de\/cijepljenje-kucnih-ljubimaca\/\"><span style=\"white-space: pre-wrap;\">Mehr erfahren<\/span><\/a><\/p>\t\t\t\t\t\t\t\t<\/div>\n\t\t\t\t<\/div>\n\t\t\t\t<\/div>\n\t\t\t\t<\/div>\n\t\t\t\t\t<\/div>\n\t\t\t\t<\/div>\n\t\t<div class=\"elementor-element elementor-element-e844dfe e-flex e-con-boxed e-con e-child\" data-id=\"e844dfe\" data-element_type=\"container\">\n\t\t\t\t\t<div class=\"e-con-inner\">\n\t\t<div class=\"elementor-element elementor-element-a50ca53 e-con-full lab-card e-flex e-con e-child\" data-id=\"a50ca53\" data-element_type=\"container\">\n\t\t<a class=\"elementor-element elementor-element-f88a473 e-con-full e-flex e-con e-child\" data-id=\"f88a473\" data-element_type=\"container\" data-settings=\"{&quot;background_background&quot;:&quot;classic&quot;}\" href=\"https:\/\/veterinarska-bolnica-porec.com\/de\/veterina-porec.com\/zastita-od-parazita\/\">\n\t\t\t\t<\/a>\n\t\t<div class=\"elementor-element elementor-element-1af39c8 e-con-full e-flex e-con e-child\" data-id=\"1af39c8\" data-element_type=\"container\">\n\t\t\t\t<div class=\"elementor-element elementor-element-01c0fdc elementor-widget elementor-widget-heading\" data-id=\"01c0fdc\" data-element_type=\"widget\" data-widget_type=\"heading.default\">\n\t\t\t\t<div class=\"elementor-widget-container\">\n\t\t\t\t\t<h5 class=\"elementor-heading-title elementor-size-default\">Schutz vor Parasiten<\/h5>\t\t\t\t<\/div>\n\t\t\t\t<\/div>\n\t\t\t\t<div class=\"elementor-element elementor-element-3934c04 elementor-widget elementor-widget-text-editor\" data-id=\"3934c04\" data-element_type=\"widget\" data-widget_type=\"text-editor.default\">\n\t\t\t\t<div class=\"elementor-widget-container\">\n\t\t\t\t\t\t\t\t\t<div class=\"wpb_text_column wpb_content_element  wpb_animate_when_almost_visible wpb_left-to-right left-to-right vc_custom_1422699864001 okruglo wpb_start_animation animated\"><div class=\"wpb_wrapper\"><p>Wir bieten eine ganze Reihe von Schutzmitteln zur Bek\u00e4mpfung von inneren und \u00e4u\u00dferen Parasiten aller namhaften Hersteller an.<\/p><\/div><\/div>\t\t\t\t\t\t\t\t<\/div>\n\t\t\t\t<\/div>\n\t\t\t\t<div class=\"elementor-element elementor-element-cd563fe card-link elementor-widget elementor-widget-text-editor\" data-id=\"cd563fe\" data-element_type=\"widget\" data-widget_type=\"text-editor.default\">\n\t\t\t\t<div class=\"elementor-widget-container\">\n\t\t\t\t\t\t\t\t\t<p><a href=\"https:\/\/veterinarska-bolnica-porec.com\/de\/zastita-od-parazita\/\"><span style=\"white-space: pre-wrap;\">Mehr erfahren<\/span><\/a><\/p>\t\t\t\t\t\t\t\t<\/div>\n\t\t\t\t<\/div>\n\t\t\t\t<\/div>\n\t\t\t\t<\/div>\n\t\t<div class=\"elementor-element elementor-element-d7b23b1 e-con-full lab-card e-flex e-con e-child\" data-id=\"d7b23b1\" data-element_type=\"container\">\n\t\t<a class=\"elementor-element elementor-element-3e7ef23 e-con-full e-flex e-con e-child\" data-id=\"3e7ef23\" data-element_type=\"container\" data-settings=\"{&quot;background_background&quot;:&quot;classic&quot;}\" href=\"https:\/\/veterinarska-bolnica-porec.com\/de\/veterina-porec.com\/reprodukcija\/\">\n\t\t\t\t<\/a>\n\t\t<div class=\"elementor-element elementor-element-7bcbeb2 e-con-full e-flex e-con e-child\" data-id=\"7bcbeb2\" data-element_type=\"container\">\n\t\t\t\t<div class=\"elementor-element elementor-element-f881cb7 elementor-widget elementor-widget-heading\" data-id=\"f881cb7\" data-element_type=\"widget\" data-widget_type=\"heading.default\">\n\t\t\t\t<div class=\"elementor-widget-container\">\n\t\t\t\t\t<h5 class=\"elementor-heading-title elementor-size-default\">Reproduktion<\/h5>\t\t\t\t<\/div>\n\t\t\t\t<\/div>\n\t\t\t\t<div class=\"elementor-element elementor-element-59964fb elementor-widget elementor-widget-text-editor\" data-id=\"59964fb\" data-element_type=\"widget\" data-widget_type=\"text-editor.default\">\n\t\t\t\t<div class=\"elementor-widget-container\">\n\t\t\t\t\t\t\t\t\t<p>Ob es sich um die rechtzeitige Verpaarung, die k\u00fcnstliche Befruchtung, die Vorbeugung von Fehlgeburten sowie die Hilfe und Pflege von Mutter und Nachkommen handelt, wir sind hier, um Sie zu beraten und Dienstleistungen anzubieten, die eine reibungslose Schwangerschaft und Welpenschaft sowie ein gesundes Wachstum und eine gesunde Entwicklung der Welpen gew\u00e4hrleisten.<\/p>\t\t\t\t\t\t\t\t<\/div>\n\t\t\t\t<\/div>\n\t\t\t\t<div class=\"elementor-element elementor-element-524ed7e card-link elementor-widget elementor-widget-text-editor\" data-id=\"524ed7e\" data-element_type=\"widget\" data-widget_type=\"text-editor.default\">\n\t\t\t\t<div class=\"elementor-widget-container\">\n\t\t\t\t\t\t\t\t\t<p><a href=\"https:\/\/veterinarska-bolnica-porec.com\/de\/reprodukcija\/\"><span style=\"white-space: pre-wrap;\">Mehr erfahren<\/span><\/a><\/p>\t\t\t\t\t\t\t\t<\/div>\n\t\t\t\t<\/div>\n\t\t\t\t<\/div>\n\t\t\t\t<\/div>\n\t\t\t\t\t<\/div>\n\t\t\t\t<\/div>\n\t\t\t\t\t<\/div>\n\t\t\t\t<\/div>\n\t\t\t\t<\/div>","protected":false},"excerpt":{"rendered":"<p>Ostale usluge Na\u0161 kontakt Dolje navedene su sve preostale usluge koje su u ponudi. Koje ostale usluge nudimo? Dermatologija Poznato je nekoliko stotina razli\u010ditih bolesti ko\u017ee u\u00a0 pasa i ma\u010daka koje\u00a0 se vrlo\u00a0 \u010desto o\u010dituju sli\u010dnim znakovima. Mo\u017eda niste znali no i u svjetskim razmjerima problemi s ko\u017eom su najzna\u010dajniji razlozi odlaska veterinaru.\u00a0\u00a0 Saznaj vi\u0161e [&hellip;]<\/p>","protected":false},"author":1,"featured_media":0,"parent":0,"menu_order":0,"comment_status":"closed","ping_status":"closed","template":"","meta":{"_acf_changed":false,"site-sidebar-layout":"no-sidebar","site-content-layout":"page-builder","ast-site-content-layout":"default","site-content-style":"default","site-sidebar-style":"default","ast-global-header-display":"","ast-banner-title-visibility":"","ast-main-header-display":"","ast-hfb-above-header-display":"","ast-hfb-below-header-display":"","ast-hfb-mobile-header-display":"","site-post-title":"disabled","ast-breadcrumbs-content":"","ast-featured-img":"disabled","footer-sml-layout":"","theme-transparent-header-meta":"","adv-header-id-meta":"","stick-header-meta":"","header-above-stick-meta":"","header-main-stick-meta":"","header-below-stick-meta":"","astra-migrate-meta-layouts":"default","ast-page-background-enabled":"default","ast-page-background-meta":{"desktop":{"background-color":"","background-image":"","background-repeat":"repeat","background-position":"center center","background-size":"auto","background-attachment":"scroll","background-type":"","background-media":"","overlay-type":"","overlay-color":"","overlay-opacity":"","overlay-gradient":""},"tablet":{"background-color":"","background-image":"","background-repeat":"repeat","background-position":"center center","background-size":"auto","background-attachment":"scroll","background-type":"","background-media":"","overlay-type":"","overlay-color":"","overlay-opacity":"","overlay-gradient":""},"mobile":{"background-color":"","background-image":"","background-repeat":"repeat","background-position":"center center","background-size":"auto","background-attachment":"scroll","background-type":"","background-media":"","overlay-type":"","overlay-color":"","overlay-opacity":"","overlay-gradient":""}},"ast-content-background-meta":{"desktop":{"background-color":"var(--ast-global-color-5)","background-image":"","background-repeat":"repeat","background-position":"center center","background-size":"auto","background-attachment":"scroll","background-type":"","background-media":"","overlay-type":"","overlay-color":"","overlay-opacity":"","overlay-gradient":""},"tablet":{"background-color":"var(--ast-global-color-5)","background-image":"","background-repeat":"repeat","background-position":"center center","background-size":"auto","background-attachment":"scroll","background-type":"","background-media":"","overlay-type":"","overlay-color":"","overlay-opacity":"","overlay-gradient":""},"mobile":{"background-color":"var(--ast-global-color-5)","background-image":"","background-repeat":"repeat","background-position":"center center","background-size":"auto","background-attachment":"scroll","background-type":"","background-media":"","overlay-type":"","overlay-color":"","overlay-opacity":"","overlay-gradient":""}},"footnotes":""},"class_list":["post-5507","page","type-page","status-publish","hentry"],"acf":[],"_links":{"self":[{"href":"https:\/\/veterinarska-bolnica-porec.com\/de\/wp-json\/wp\/v2\/pages\/5507","targetHints":{"allow":["GET"]}}],"collection":[{"href":"https:\/\/veterinarska-bolnica-porec.com\/de\/wp-json\/wp\/v2\/pages"}],"about":[{"href":"https:\/\/veterinarska-bolnica-porec.com\/de\/wp-json\/wp\/v2\/types\/page"}],"author":[{"embeddable":true,"href":"https:\/\/veterinarska-bolnica-porec.com\/de\/wp-json\/wp\/v2\/users\/1"}],"replies":[{"embeddable":true,"href":"https:\/\/veterinarska-bolnica-porec.com\/de\/wp-json\/wp\/v2\/comments?post=5507"}],"version-history":[{"count":0,"href":"https:\/\/veterinarska-bolnica-porec.com\/de\/wp-json\/wp\/v2\/pages\/5507\/revisions"}],"wp:attachment":[{"href":"https:\/\/veterinarska-bolnica-porec.com\/de\/wp-json\/wp\/v2\/media?parent=5507"}],"curies":[{"name":"wp","href":"https:\/\/api.w.org\/{rel}","templated":true}]}}