
{"id":8020,"date":"2023-06-15T10:25:56","date_gmt":"2023-06-15T10:25:56","guid":{"rendered":"https:\/\/veterinarska-bolnica-porec.com\/?page_id=8020"},"modified":"2024-01-25T09:07:10","modified_gmt":"2024-01-25T09:07:10","slug":"nas-tim-ultra-vet-labin","status":"publish","type":"page","link":"https:\/\/veterinarska-bolnica-porec.com\/de\/nas-tim-ultra-vet-labin\/","title":{"rendered":"Na\u0161 tim &#8211; Ultra Vet Labin"},"content":{"rendered":"<div data-elementor-type=\"wp-page\" data-elementor-id=\"8020\" class=\"elementor elementor-8020\">\n\t\t\t\t<div class=\"elementor-element elementor-element-dddb746 main-container e-flex e-con-boxed e-con e-parent\" data-id=\"dddb746\" data-element_type=\"container\" data-settings=\"{&quot;background_background&quot;:&quot;classic&quot;}\">\n\t\t\t\t\t<div class=\"e-con-inner\">\n\t\t<div class=\"elementor-element elementor-element-b7a521f e-flex e-con-boxed e-con e-child\" data-id=\"b7a521f\" data-element_type=\"container\">\n\t\t\t\t\t<div class=\"e-con-inner\">\n\t\t<div class=\"elementor-element elementor-element-e5075f1 e-con-full e-flex e-con e-child\" data-id=\"e5075f1\" data-element_type=\"container\">\n\t\t\t\t<div class=\"elementor-element elementor-element-0fa7a6b elementor-widget elementor-widget-heading\" data-id=\"0fa7a6b\" data-element_type=\"widget\" data-widget_type=\"heading.default\">\n\t\t\t\t<div class=\"elementor-widget-container\">\n\t\t\t\t\t<h2 class=\"elementor-heading-title elementor-size-default\">Ein Team anerkannter <br>Experten\n\n<\/h2>\t\t\t\t<\/div>\n\t\t\t\t<\/div>\n\t\t\t\t<div class=\"elementor-element elementor-element-4488cb5 elementor-widget elementor-widget-text-editor\" data-id=\"4488cb5\" data-element_type=\"widget\" data-widget_type=\"text-editor.default\">\n\t\t\t\t<div class=\"elementor-widget-container\">\n\t\t\t\t\t\t\t\t\t<p>Lernen Sie unser au\u00dfergew\u00f6hnliches Team mitf\u00fchlender Tier\u00e4rzte kennen, die sich der bestm\u00f6glichen Pflege Ihrer Haustiere verschrieben haben.<\/p>\t\t\t\t\t\t\t\t<\/div>\n\t\t\t\t<\/div>\n\t\t\t\t<div class=\"elementor-element elementor-element-9e20ffa elementor-hidden-desktop elementor-hidden-tablet elementor-hidden-mobile elementor-widget elementor-widget-button\" data-id=\"9e20ffa\" data-element_type=\"widget\" data-widget_type=\"button.default\">\n\t\t\t\t<div class=\"elementor-widget-container\">\n\t\t\t\t\t\t\t\t\t<div class=\"elementor-button-wrapper\">\n\t\t\t\t\t<a class=\"elementor-button elementor-button-link elementor-size-sm\" href=\"https:\/\/veterinarska-bolnica-porec.com\/de\/kontakt\/\">\n\t\t\t\t\t\t<span class=\"elementor-button-content-wrapper\">\n\t\t\t\t\t\t\t\t\t<span class=\"elementor-button-text\">Na\u0161 kontakt<\/span>\n\t\t\t\t\t<\/span>\n\t\t\t\t\t<\/a>\n\t\t\t\t<\/div>\n\t\t\t\t\t\t\t\t<\/div>\n\t\t\t\t<\/div>\n\t\t\t\t<\/div>\n\t\t\t\t\t<\/div>\n\t\t\t\t<\/div>\n\t\t\t\t\t<\/div>\n\t\t\t\t<\/div>\n\t\t<div class=\"elementor-element elementor-element-b7a0ce8 main-container e-flex e-con-boxed e-con e-parent\" data-id=\"b7a0ce8\" data-element_type=\"container\">\n\t\t\t\t\t<div class=\"e-con-inner\">\n\t\t<div class=\"elementor-element elementor-element-4967952 e-con-full e-flex e-con e-child\" data-id=\"4967952\" data-element_type=\"container\">\n\t\t\t\t<div class=\"elementor-element elementor-element-145b9fd elementor-widget elementor-widget-heading\" data-id=\"145b9fd\" data-element_type=\"widget\" data-widget_type=\"heading.default\">\n\t\t\t\t<div class=\"elementor-widget-container\">\n\t\t\t\t\t<h2 class=\"elementor-heading-title elementor-size-default\">Lernen Sie unser Team kennen<\/h2>\t\t\t\t<\/div>\n\t\t\t\t<\/div>\n\t\t\t\t<div class=\"elementor-element elementor-element-f9c2d74 elementor-widget elementor-widget-text-editor\" data-id=\"f9c2d74\" data-element_type=\"widget\" data-widget_type=\"text-editor.default\">\n\t\t\t\t<div class=\"elementor-widget-container\">\n\t\t\t\t\t\t\t\t\t<p>Engagierte Fachkr\u00e4fte hinter unserer Tierarztpraxis<\/p>\t\t\t\t\t\t\t\t<\/div>\n\t\t\t\t<\/div>\n\t\t\t\t<div class=\"elementor-element elementor-element-7c15f72 elementor-widget-divider--view-line elementor-widget elementor-widget-divider\" data-id=\"7c15f72\" data-element_type=\"widget\" data-widget_type=\"divider.default\">\n\t\t\t\t<div class=\"elementor-widget-container\">\n\t\t\t\t\t\t\t<div class=\"elementor-divider\">\n\t\t\t<span class=\"elementor-divider-separator\">\n\t\t\t\t\t\t<\/span>\n\t\t<\/div>\n\t\t\t\t\t\t<\/div>\n\t\t\t\t<\/div>\n\t\t<div class=\"elementor-element elementor-element-9acc109 e-con-full e-flex e-con e-child\" data-id=\"9acc109\" data-element_type=\"container\">\n\t\t<div class=\"elementor-element elementor-element-d673c24 e-con-full e-flex e-con e-child\" data-id=\"d673c24\" data-element_type=\"container\">\n\t\t\t\t<div class=\"elementor-element elementor-element-715c467 elementor-widget elementor-widget-image\" data-id=\"715c467\" data-element_type=\"widget\" data-widget_type=\"image.default\">\n\t\t\t\t<div class=\"elementor-widget-container\">\n\t\t\t\t\t\t\t\t\t\t\t\t\t\t\t<img fetchpriority=\"high\" decoding=\"async\" width=\"600\" height=\"750\" src=\"https:\/\/veterinarska-bolnica-porec.com\/wp-content\/uploads\/2023\/06\/Branko_Juric.webp\" class=\"attachment-full size-full wp-image-6771\" alt=\"\" srcset=\"https:\/\/veterinarska-bolnica-porec.com\/wp-content\/uploads\/2023\/06\/Branko_Juric.webp 600w, https:\/\/veterinarska-bolnica-porec.com\/wp-content\/uploads\/2023\/06\/Branko_Juric-240x300.webp 240w, https:\/\/veterinarska-bolnica-porec.com\/wp-content\/uploads\/2023\/06\/Branko_Juric-10x12.webp 10w\" sizes=\"(max-width: 600px) 100vw, 600px\" \/>\t\t\t\t\t\t\t\t\t\t\t\t\t\t\t<\/div>\n\t\t\t\t<\/div>\n\t\t\t\t<\/div>\n\t\t<div class=\"elementor-element elementor-element-5b5ad7f e-con-full e-flex e-con e-child\" data-id=\"5b5ad7f\" data-element_type=\"container\">\n\t\t\t\t<div class=\"elementor-element elementor-element-8945c94 elementor-widget elementor-widget-heading\" data-id=\"8945c94\" data-element_type=\"widget\" data-widget_type=\"heading.default\">\n\t\t\t\t<div class=\"elementor-widget-container\">\n\t\t\t\t\t<div class=\"elementor-heading-title elementor-size-small\">dr.med.vet.<\/div>\t\t\t\t<\/div>\n\t\t\t\t<\/div>\n\t\t\t\t<div class=\"elementor-element elementor-element-346e67c elementor-vertical-align-top elementor-widget elementor-widget-image-box\" data-id=\"346e67c\" data-element_type=\"widget\" data-widget_type=\"image-box.default\">\n\t\t\t\t<div class=\"elementor-widget-container\">\n\t\t\t\t\t<div class=\"elementor-image-box-wrapper\"><div class=\"elementor-image-box-content\"><h3 class=\"elementor-image-box-title\">mr.sc. Branko Juri\u0107<\/h3><p class=\"elementor-image-box-description\">Mr.sc Dr. Branko Juri\u0107 Er wurde 1962 geboren. Schon als Kind war er am gl\u00fccklichsten, wenn er von Tieren umgeben war. Er liebte seinen Hund Ricky \u00fcber alles, also schwor er sich, bereit zu sein, Tieren in Not zu helfen. Um sich besser auf sein Studium vorzubereiten, besuchte er das Medizinische Gymnasium und begann schlie\u00dflich sein Studium. Nach seinem Abschluss an der Veterin\u00e4rmedizinischen Fakult\u00e4t der Universit\u00e4t Zagreb im Jahr 1992 erhielt er eine Stelle in der Tierklinik in Pore\u010d, die sich heute zu einer renommierten Tierklinik entwickelt hat.<\/p><\/div><\/div>\t\t\t\t<\/div>\n\t\t\t\t<\/div>\n\t\t<div class=\"elementor-element elementor-element-5feea5c expandable-text-el e-flex e-con-boxed e-con e-child\" data-id=\"5feea5c\" data-element_type=\"container\">\n\t\t\t\t\t<div class=\"e-con-inner\">\n\t\t\t\t<div class=\"elementor-element elementor-element-c181515 elementor-widget elementor-widget-text-editor\" data-id=\"c181515\" data-element_type=\"widget\" data-widget_type=\"text-editor.default\">\n\t\t\t\t<div class=\"elementor-widget-container\">\n\t\t\t\t\t\t\t\t\t<p>Magistrirao je na rezultatima istra\u017eiva\u010dkog rada na podru\u010dju mikrosporoze ku\u0107nih ljubimaca na Veterinarskom fakultetu Sveu\u010dili\u0161ta u Ljubljani 2002. U tome su ga vodili renomirani znastvenici\u00a0doc.dr.sc\u00a0Zaninovi\u0107,\u00a0prof.dr.sc. Pinter i\u00a0prof.dr.sc. Sim\u010di\u0107. Ovla\u0161teni je veterinar.<\/p>\t\t\t\t\t\t\t\t<\/div>\n\t\t\t\t<\/div>\n\t\t\t\t<div class=\"elementor-element elementor-element-2849876 elementor-widget elementor-widget-text-editor\" data-id=\"2849876\" data-element_type=\"widget\" data-widget_type=\"text-editor.default\">\n\t\t\t\t<div class=\"elementor-widget-container\">\n\t\t\t\t\t\t\t\t\t<p style=\"font-weight: 400;\">Do sada se usavr\u0161avao u na Sveu\u010dili\u0161tu u Ljubljani ( Klinika za male \u017eivali) i Kranju ( (Klinika za male \u017eivali Kranj) i to na podru\u010dju unutra\u0161njih bolesti i meke kirurgije. Sudjelovao je na brojnim seminarima i stru\u010dnim usavr\u0161avanjima u Hrvatskoj, Sloveniji i Italiji. Vi\u0161e od dva desetlje\u0107a\u00a0<a href=\"http:\/\/mr.sc\/\" data-saferedirecturl=\"https:\/\/www.google.com\/url?q=http:\/\/mr.sc&amp;source=gmail&amp;ust=1688828671975000&amp;usg=AOvVaw13IC8Qv1IkrpUUhDJX8hH3\">mr.sc<\/a>. Juri\u0107 predano radi i ve\u0107 niz godina kao ravnatelj koordinira timom veterinara i pomo\u0107nog osoblja na \u0161to je osobito ponosan. U sklopu Bolnice i Veterinarske prakse Ultra-vet organizira i izvodi kirur\u0161ke zahvate.<\/p>\t\t\t\t\t\t\t\t<\/div>\n\t\t\t\t<\/div>\n\t\t\t\t<div class=\"elementor-element elementor-element-0dc47dc elementor-widget elementor-widget-text-editor\" data-id=\"0dc47dc\" data-element_type=\"widget\" data-widget_type=\"text-editor.default\">\n\t\t\t\t<div class=\"elementor-widget-container\">\n\t\t\t\t\t\t\t\t\t<p style=\"font-weight: 400;\">Otac je odraslog sina. Nekada mu je dom uveseljavala bokserica Aja, a sada svu ljubav zajedno s obitelji pru\u017ea Luni, udomljenom pin\u010du. Svoje slobodno vrijeme provodi s obitelji i kada je god to mogu\u0107e obilaze\u0107i pore\u010dki arhipelag. Oduvijek je bio veliki zaljubljenik u ribolov i more.<\/p>\t\t\t\t\t\t\t\t<\/div>\n\t\t\t\t<\/div>\n\t\t\t\t<div class=\"elementor-element elementor-element-01cfdc4 elementor-widget elementor-widget-heading\" data-id=\"01cfdc4\" data-element_type=\"widget\" data-widget_type=\"heading.default\">\n\t\t\t\t<div class=\"elementor-widget-container\">\n\t\t\t\t\t<h2 class=\"elementor-heading-title elementor-size-default\">Evo \u0161to misli:<\/h2>\t\t\t\t<\/div>\n\t\t\t\t<\/div>\n\t\t\t\t<div class=\"elementor-element elementor-element-3601d67 elementor-widget elementor-widget-text-editor\" data-id=\"3601d67\" data-element_type=\"widget\" data-widget_type=\"text-editor.default\">\n\t\t\t\t<div class=\"elementor-widget-container\">\n\t\t\t\t\t\t\t\t\t<p><em style=\"font-weight: inherit; text-align: var(--text-align); background-color: var(--ast-global-color-4);\">\u201d Za mene, biti veterinar nije posao ve\u0107 zadovoljstvo. U vi\u0161e od dva desetlje\u0107a nikad to nisam osje\u0107ao kao zaposlenje ve\u0107 kao zadovoljstvo pru\u017eanja pomo\u0107i<span style=\"text-align: var(--text-align); background-color: var(--ast-global-color-4); font-size: 1rem;\">\u201d<\/span><\/em><br><\/p>\t\t\t\t\t\t\t\t<\/div>\n\t\t\t\t<\/div>\n\t\t\t\t\t<\/div>\n\t\t\t\t<\/div>\n\t\t\t\t<div class=\"elementor-element elementor-element-94bf1b4 expand-text-button elementor-widget elementor-widget-heading\" data-id=\"94bf1b4\" data-element_type=\"widget\" data-widget_type=\"heading.default\">\n\t\t\t\t<div class=\"elementor-widget-container\">\n\t\t\t\t\t<h6 class=\"elementor-heading-title elementor-size-default\">Mehr lesen<\/h6>\t\t\t\t<\/div>\n\t\t\t\t<\/div>\n\t\t\t\t<\/div>\n\t\t\t\t<\/div>\n\t\t<div class=\"elementor-element elementor-element-2c16353 e-con-full e-flex e-con e-child\" data-id=\"2c16353\" data-element_type=\"container\">\n\t\t<div class=\"elementor-element elementor-element-9136aec e-con-full e-flex e-con e-child\" data-id=\"9136aec\" data-element_type=\"container\">\n\t\t\t\t<div class=\"elementor-element elementor-element-4a8f29e elementor-widget elementor-widget-image\" data-id=\"4a8f29e\" data-element_type=\"widget\" data-widget_type=\"image.default\">\n\t\t\t\t<div class=\"elementor-widget-container\">\n\t\t\t\t\t\t\t\t\t\t\t\t\t\t\t<img decoding=\"async\" width=\"1414\" height=\"1979\" src=\"https:\/\/veterinarska-bolnica-porec.com\/wp-content\/uploads\/2024\/01\/alma-11_pp.jpg\" class=\"attachment-full size-full wp-image-9882\" alt=\"\" srcset=\"https:\/\/veterinarska-bolnica-porec.com\/wp-content\/uploads\/2024\/01\/alma-11_pp.jpg 1414w, https:\/\/veterinarska-bolnica-porec.com\/wp-content\/uploads\/2024\/01\/alma-11_pp-214x300.jpg 214w, https:\/\/veterinarska-bolnica-porec.com\/wp-content\/uploads\/2024\/01\/alma-11_pp-732x1024.jpg 732w, https:\/\/veterinarska-bolnica-porec.com\/wp-content\/uploads\/2024\/01\/alma-11_pp-768x1075.jpg 768w, https:\/\/veterinarska-bolnica-porec.com\/wp-content\/uploads\/2024\/01\/alma-11_pp-1097x1536.jpg 1097w, https:\/\/veterinarska-bolnica-porec.com\/wp-content\/uploads\/2024\/01\/alma-11_pp-9x12.jpg 9w, https:\/\/veterinarska-bolnica-porec.com\/wp-content\/uploads\/2024\/01\/alma-11_pp-200x280.jpg 200w\" sizes=\"(max-width: 1414px) 100vw, 1414px\" \/>\t\t\t\t\t\t\t\t\t\t\t\t\t\t\t<\/div>\n\t\t\t\t<\/div>\n\t\t\t\t<\/div>\n\t\t<div class=\"elementor-element elementor-element-55185f1 e-con-full e-flex e-con e-child\" data-id=\"55185f1\" data-element_type=\"container\">\n\t\t\t\t<div class=\"elementor-element elementor-element-4bea60a elementor-widget elementor-widget-heading\" data-id=\"4bea60a\" data-element_type=\"widget\" data-widget_type=\"heading.default\">\n\t\t\t\t<div class=\"elementor-widget-container\">\n\t\t\t\t\t<div class=\"elementor-heading-title elementor-size-small\">dr.med.vet.<\/div>\t\t\t\t<\/div>\n\t\t\t\t<\/div>\n\t\t\t\t<div class=\"elementor-element elementor-element-8c81672 elementor-vertical-align-top elementor-widget elementor-widget-image-box\" data-id=\"8c81672\" data-element_type=\"widget\" data-widget_type=\"image-box.default\">\n\t\t\t\t<div class=\"elementor-widget-container\">\n\t\t\t\t\t<div class=\"elementor-image-box-wrapper\"><div class=\"elementor-image-box-content\"><h3 class=\"elementor-image-box-title\">univ.mag. Alma Ristani\u0107<\/h3><p class=\"elementor-image-box-description\">Sie wurde am 6. Dezember 1968 in Slavonski Brod geboren. Sie absolvierte ihre Grund- und Sekundarschulbildung in Ora\u0161je, Bosnien und Herzegowina. 1987 schrieb sie sich an der Veterin\u00e4rmedizinischen Fakult\u00e4t der Universit\u00e4t Zagreb ein, wo sie mit kriegsbedingten Unterbrechungen studierte. Das gleiche Studium schloss sie 2003 erfolgreich ab. Im Mai 2006 begann sie das postgraduale Fachstudium \u201ePathologie und Zucht von Nutztieren\u201c und erhielt nach der Verteidigung ihrer Dissertation am 26. M\u00e4rz 2010 den akademischen Titel \u201eUniversit\u00e4tsmagisterin f\u00fcr Nutztiere\u201c. Vom 1. August 2003 bis 15. Juni 2008 arbeitete sie als Feldtier\u00e4rztin an der Veterin\u00e4rstation in Od\u017eak, Bosnien und Herzegowina. Sie f\u00fchrt im Team und selbstst\u00e4ndig alle Feldarbeiten eines Tierarztes durch, Untersuchungen, Vorbeugung, Behandlung und Operationen im Feld und im B\u00fcro der Station, au\u00dferdem die Aufsicht \u00fcber Schlachth\u00f6fe und andere Einrichtungen unter tier\u00e4rztlicher Aufsicht, die Ausstellung tier\u00e4rztlicher Unterlagen und zahlreiche andere Aufgaben im Rahmen der tier\u00e4rztlichen T\u00e4tigkeit. Vom 15. Juni 2008 bis zum 31. Januar 2009 arbeitete sie beim ungarischen Unternehmen \u201eAgrokomplex nutritions\u201c, in der Futtermittelfabrik in Ora\u0161je. Sie f\u00fchrte Vorbereitungen und Kontrollen bei der Herstellung von Tierfutter durch, sowie die Aufsicht auf Bauernh\u00f6fen, auf denen dieses Futter vertrieben wird. Im Zeitraum zwischen 2009, als sie das Unternehmen gr\u00fcndete, und 2023 leitete sie das Unternehmen \u201eAna-vet\u201c d.o.o. Donji Svilaj, Od\u017eak, innerhalb dessen sie bis 2017 eine Veterin\u00e4rstation betrieb, in deren Rahmen sie auch kleine Praxisdienste anbot. Im Zeitraum von 2017 bis 2018 war sie bei VS \u201eFad\u017eis\u201c d.o.o. Od\u017eak als Spezialistin mit Masterabschluss f\u00fcr Haustiere angestellt und arbeitete im Rahmen des Projekts \u201eDog Trust\u201c mit, das Unterst\u00fctzung bei der Sterilisation, Chip-Implantation und Impfung von Hunden bietet. Vom 1. M\u00e4rz 2018 bis 15. Dezember 2018 war sie als Leiterin der Tierklinik Lukavec angestellt, die der Firma \u201eEkosanitacija\u201c d.o.o. Zagreb geh\u00f6rt. Vom 15.3.2018 bis 31.7.2020 arbeitete sie bei der Firma \u201eSanitarac\u201c j.d.o.o. f\u00fcr DDD in Zagreb. Vom 23.08.2021 bis 23.08.2022 war sie in der Tierklinik Dobra veterinarska praksa d.o.o., Zagreb angestellt. Vom 17.1.2023 bis 31.10.2023 \u00fcbt sie die Aufgaben einer approbierten Tier\u00e4rztin in der Tierklinik Labin aus, sowie in der Tierklinik, im Au\u00dfendienst und als Leiterin der Tierapotheke. Am 1.11.2023 verst\u00e4rkt sie unser Team als Teil der Klinik und ab dem 1.1.2024 k\u00fcmmert sie sich um Haustiere in unserer Tierarztpraxis Ultra vet in Labin. \n\n<\/p><\/div><\/div>\t\t\t\t<\/div>\n\t\t\t\t<\/div>\n\t\t\t\t<\/div>\n\t\t\t\t<\/div>\n\t\t<div class=\"elementor-element elementor-element-d6ebc02 e-con-full e-flex e-con e-child\" data-id=\"d6ebc02\" data-element_type=\"container\">\n\t\t<div class=\"elementor-element elementor-element-594d400 e-con-full e-flex e-con e-child\" data-id=\"594d400\" data-element_type=\"container\">\n\t\t\t\t<\/div>\n\t\t<div class=\"elementor-element elementor-element-7881149 e-con-full e-flex e-con e-child\" data-id=\"7881149\" data-element_type=\"container\">\n\t\t\t\t<\/div>\n\t\t\t\t<\/div>\n\t\t\t\t<\/div>\n\t\t\t\t\t<\/div>\n\t\t\t\t<\/div>\n\t\t\t\t<\/div>","protected":false},"excerpt":{"rendered":"<p>Tim priznatih stru\u010dnjaka Upoznajte na\u0161 izniman tim suosje\u0107ajnih veterinara koji su predani pru\u017eanju najvi\u0161eg standarda skrbi za va\u0161e ku\u0107ne ljubimce. Na\u0161 kontakt Upoznajte na\u0161 tim Predani profesionalci koji stoje iza na\u0161e veterinarske prakse dr.med.vet. mr.sc. Branko Juri\u0107 Mr.sc Branko Juri\u0107, dr.med.vet. je ro\u0111en 1962. godine. Ve\u0107 kao dijete bio je najsretniji kad su ga okru\u017eivale [&hellip;]<\/p>","protected":false},"author":1,"featured_media":0,"parent":0,"menu_order":0,"comment_status":"closed","ping_status":"closed","template":"","meta":{"_acf_changed":false,"site-sidebar-layout":"no-sidebar","site-content-layout":"page-builder","ast-site-content-layout":"default","site-content-style":"default","site-sidebar-style":"default","ast-global-header-display":"","ast-banner-title-visibility":"","ast-main-header-display":"","ast-hfb-above-header-display":"","ast-hfb-below-header-display":"","ast-hfb-mobile-header-display":"","site-post-title":"disabled","ast-breadcrumbs-content":"","ast-featured-img":"disabled","footer-sml-layout":"","theme-transparent-header-meta":"","adv-header-id-meta":"","stick-header-meta":"","header-above-stick-meta":"","header-main-stick-meta":"","header-below-stick-meta":"","astra-migrate-meta-layouts":"default","ast-page-background-enabled":"default","ast-page-background-meta":{"desktop":{"background-color":"","background-image":"","background-repeat":"repeat","background-position":"center center","background-size":"auto","background-attachment":"scroll","background-type":"","background-media":"","overlay-type":"","overlay-color":"","overlay-opacity":"","overlay-gradient":""},"tablet":{"background-color":"","background-image":"","background-repeat":"repeat","background-position":"center center","background-size":"auto","background-attachment":"scroll","background-type":"","background-media":"","overlay-type":"","overlay-color":"","overlay-opacity":"","overlay-gradient":""},"mobile":{"background-color":"","background-image":"","background-repeat":"repeat","background-position":"center center","background-size":"auto","background-attachment":"scroll","background-type":"","background-media":"","overlay-type":"","overlay-color":"","overlay-opacity":"","overlay-gradient":""}},"ast-content-background-meta":{"desktop":{"background-color":"var(--ast-global-color-5)","background-image":"","background-repeat":"repeat","background-position":"center center","background-size":"auto","background-attachment":"scroll","background-type":"","background-media":"","overlay-type":"","overlay-color":"","overlay-opacity":"","overlay-gradient":""},"tablet":{"background-color":"var(--ast-global-color-5)","background-image":"","background-repeat":"repeat","background-position":"center center","background-size":"auto","background-attachment":"scroll","background-type":"","background-media":"","overlay-type":"","overlay-color":"","overlay-opacity":"","overlay-gradient":""},"mobile":{"background-color":"var(--ast-global-color-5)","background-image":"","background-repeat":"repeat","background-position":"center center","background-size":"auto","background-attachment":"scroll","background-type":"","background-media":"","overlay-type":"","overlay-color":"","overlay-opacity":"","overlay-gradient":""}},"footnotes":""},"class_list":["post-8020","page","type-page","status-publish","hentry"],"acf":[],"_links":{"self":[{"href":"https:\/\/veterinarska-bolnica-porec.com\/de\/wp-json\/wp\/v2\/pages\/8020","targetHints":{"allow":["GET"]}}],"collection":[{"href":"https:\/\/veterinarska-bolnica-porec.com\/de\/wp-json\/wp\/v2\/pages"}],"about":[{"href":"https:\/\/veterinarska-bolnica-porec.com\/de\/wp-json\/wp\/v2\/types\/page"}],"author":[{"embeddable":true,"href":"https:\/\/veterinarska-bolnica-porec.com\/de\/wp-json\/wp\/v2\/users\/1"}],"replies":[{"embeddable":true,"href":"https:\/\/veterinarska-bolnica-porec.com\/de\/wp-json\/wp\/v2\/comments?post=8020"}],"version-history":[{"count":0,"href":"https:\/\/veterinarska-bolnica-porec.com\/de\/wp-json\/wp\/v2\/pages\/8020\/revisions"}],"wp:attachment":[{"href":"https:\/\/veterinarska-bolnica-porec.com\/de\/wp-json\/wp\/v2\/media?parent=8020"}],"curies":[{"name":"wp","href":"https:\/\/api.w.org\/{rel}","templated":true}]}}