
{"id":8403,"date":"2023-06-26T10:58:15","date_gmt":"2023-06-26T10:58:15","guid":{"rendered":"https:\/\/veterinarska-bolnica-porec.com\/?page_id=8403"},"modified":"2023-07-12T11:15:06","modified_gmt":"2023-07-12T11:15:06","slug":"happy-dog-vetbeauty-corner","status":"publish","type":"page","link":"https:\/\/veterinarska-bolnica-porec.com\/de\/happy-dog-vetbeauty-corner\/","title":{"rendered":"Happy dog vet &#038; beauty corner\u200b"},"content":{"rendered":"<div data-elementor-type=\"wp-page\" data-elementor-id=\"8403\" class=\"elementor elementor-8403\">\n\t\t\t\t<div class=\"elementor-element elementor-element-7c2e7a32 main-container e-flex e-con-boxed e-con e-parent\" data-id=\"7c2e7a32\" data-element_type=\"container\" data-settings=\"{&quot;background_background&quot;:&quot;classic&quot;}\">\n\t\t\t\t\t<div class=\"e-con-inner\">\n\t\t<div class=\"elementor-element elementor-element-33af5bd3 e-flex e-con-boxed e-con e-parent\" data-id=\"33af5bd3\" data-element_type=\"container\" data-settings=\"{&quot;background_background&quot;:&quot;classic&quot;}\">\n\t\t\t\t\t<div class=\"e-con-inner\">\n\t\t<div class=\"elementor-element elementor-element-11fa68c7 e-con-full e-flex e-con e-parent\" data-id=\"11fa68c7\" data-element_type=\"container\">\n\t\t\t\t<div class=\"elementor-element elementor-element-54f40c5c elementor-widget elementor-widget-heading\" data-id=\"54f40c5c\" data-element_type=\"widget\" data-widget_type=\"heading.default\">\n\t\t\t\t<div class=\"elementor-widget-container\">\n\t\t\t\t\t<h2 class=\"elementor-heading-title elementor-size-default\">Lanterna Vet Corner<\/h2>\t\t\t\t<\/div>\n\t\t\t\t<\/div>\n\t\t\t\t<div class=\"elementor-element elementor-element-24c4efd elementor-widget elementor-widget-text-editor\" data-id=\"24c4efd\" data-element_type=\"widget\" data-widget_type=\"text-editor.default\">\n\t\t\t\t<div class=\"elementor-widget-container\">\n\t\t\t\t\t\t\t\t\t<p>Wir wissen, dass Tierbesitzer, insbesondere Hundebesitzer, oft alles, was sie tun, mit ihren besten Freunden teilen, einschlie\u00dflich ihrer Urlaube.<\/p>\t\t\t\t\t\t\t\t<\/div>\n\t\t\t\t<\/div>\n\t\t\t\t<\/div>\n\t\t\t\t<div class=\"elementor-element elementor-element-a634d62 elementor-align-center elementor-tablet-align-left elementor-mobile-align-center elementor-widget elementor-widget-button\" data-id=\"a634d62\" data-element_type=\"widget\" data-widget_type=\"button.default\">\n\t\t\t\t<div class=\"elementor-widget-container\">\n\t\t\t\t\t\t\t\t\t<div class=\"elementor-button-wrapper\">\n\t\t\t\t\t<a class=\"elementor-button elementor-button-link elementor-size-sm\" href=\"https:\/\/www.camping-adriatic.com\/lanterna-camp-porec\/mobile-homes\/happy-dog-premium-village\" target=\"_blank\">\n\t\t\t\t\t\t<span class=\"elementor-button-content-wrapper\">\n\t\t\t\t\t\t\t\t\t<span class=\"elementor-button-text\">Mehr \u00fcber das Camp<\/span>\n\t\t\t\t\t<\/span>\n\t\t\t\t\t<\/a>\n\t\t\t\t<\/div>\n\t\t\t\t\t\t\t\t<\/div>\n\t\t\t\t<\/div>\n\t\t\t\t\t<\/div>\n\t\t\t\t<\/div>\n\t\t\t\t\t<\/div>\n\t\t\t\t<\/div>\n\t\t<div class=\"elementor-element elementor-element-473005f9 main-container e-flex e-con-boxed e-con e-parent\" data-id=\"473005f9\" data-element_type=\"container\">\n\t\t\t\t\t<div class=\"e-con-inner\">\n\t\t\t\t<div class=\"elementor-element elementor-element-77405724 elementor-widget elementor-widget-heading\" data-id=\"77405724\" data-element_type=\"widget\" data-widget_type=\"heading.default\">\n\t\t\t\t<div class=\"elementor-widget-container\">\n\t\t\t\t\t<h2 class=\"elementor-heading-title elementor-size-default\">F\u00e4hrst du in den Urlaub mit<br>Ihr Haustier?<\/h2>\t\t\t\t<\/div>\n\t\t\t\t<\/div>\n\t\t<div class=\"elementor-element elementor-element-606ced62 e-con-full e-flex e-con e-parent\" data-id=\"606ced62\" data-element_type=\"container\" data-settings=\"{&quot;background_background&quot;:&quot;classic&quot;}\">\n\t\t\t\t<\/div>\n\t\t\t\t<div class=\"elementor-element elementor-element-45471c16 elementor-widget elementor-widget-text-editor\" data-id=\"45471c16\" data-element_type=\"widget\" data-widget_type=\"text-editor.default\">\n\t\t\t\t<div class=\"elementor-widget-container\">\n\t\t\t\t\t\t\t\t\t<p style=\"font-weight: 400;\">Wir wissen, dass Tierbesitzer, insbesondere Hundebesitzer, oft alles mit ihren besten Freunden teilen, auch den Urlaub. Was macht den Urlaub mit Ihrem Haustier wirklich anders? Sicherlich die Betreuung bei Ihrer Ankunft, die Qualit\u00e4t der angebotenen Dienstleistungen und die Freundlichkeit, unbeschwerte Tage in der Gesellschaft Ihres vierbeinigen Lieblings zu verbringen. Die Tierklinik Pore\u010d hat in Zusammenarbeit mit Valamar dies f\u00fcr alle Haustiere auf dem Campingplatz Lanterna sichergestellt, indem sie einen Service f\u00fcr Hunde namens Lanterna Vet Corner organisiert hat.\u00a0\u00a0<\/p>\t\t\t\t\t\t\t\t<\/div>\n\t\t\t\t<\/div>\n\t\t\t\t\t<\/div>\n\t\t\t\t<\/div>\n\t\t<div class=\"elementor-element elementor-element-2356b7d main-container e-flex e-con-boxed e-con e-parent\" data-id=\"2356b7d\" data-element_type=\"container\" data-settings=\"{&quot;background_background&quot;:&quot;gradient&quot;}\">\n\t\t\t\t\t<div class=\"e-con-inner\">\n\t\t<div class=\"elementor-element elementor-element-20e30e4 e-con-full e-flex e-con e-parent\" data-id=\"20e30e4\" data-element_type=\"container\">\n\t\t<div class=\"elementor-element elementor-element-46fc248 e-con-full e-flex e-con e-parent\" data-id=\"46fc248\" data-element_type=\"container\">\n\t\t\t\t<div class=\"elementor-element elementor-element-b6df59a elementor-widget__width-initial elementor-widget elementor-widget-heading\" data-id=\"b6df59a\" data-element_type=\"widget\" data-widget_type=\"heading.default\">\n\t\t\t\t<div class=\"elementor-widget-container\">\n\t\t\t\t\t<h1 class=\"elementor-heading-title elementor-size-default\">Entspannungsecke<\/h1>\t\t\t\t<\/div>\n\t\t\t\t<\/div>\n\t\t\t\t<div class=\"elementor-element elementor-element-5a6d375 elementor-widget elementor-widget-text-editor\" data-id=\"5a6d375\" data-element_type=\"widget\" data-widget_type=\"text-editor.default\">\n\t\t\t\t<div class=\"elementor-widget-container\">\n\t\t\t\t\t\t\t\t\t<p>Ihr Vierbeiner findet im Hundehotel eine wunderbare Ruheecke. Aber das ist noch nicht alles: Leckerlis und Spielzeuge finden Sie in unserem gut ausgestatteten Tiershop. F\u00fcr Sportler gibt es au\u00dferdem einen Agility-Trainingsbereich, auf dem sie garantiert Spa\u00df haben werden. Wir haben auch eine Beauty-Ecke eingerichtet, in der wir Dienstleistungen wie Waschen, Haareschneiden und Krallenschneiden anbieten, alles mit einer kostenlosen Beratung durch den diensthabenden Tierarzt.<\/p><p>\u00a0<\/p><p><em><strong>Montag - Samstag 8-12 Uhr, 17-20 Uhr<\/strong><\/em><\/p>\t\t\t\t\t\t\t\t<\/div>\n\t\t\t\t<\/div>\n\t\t\t\t<\/div>\n\t\t<div class=\"elementor-element elementor-element-da42641 e-con-full e-flex e-con e-parent\" data-id=\"da42641\" data-element_type=\"container\" data-settings=\"{&quot;background_background&quot;:&quot;classic&quot;}\">\n\t\t\t\t<\/div>\n\t\t\t\t<\/div>\n\t\t<div class=\"elementor-element elementor-element-e521275 e-con-full e-flex e-con e-parent\" data-id=\"e521275\" data-element_type=\"container\">\n\t\t\t\t<div class=\"elementor-element elementor-element-3f36df8 elementor-align-center elementor-tablet-align-left elementor-mobile-align-center elementor-widget elementor-widget-button\" data-id=\"3f36df8\" data-element_type=\"widget\" data-widget_type=\"button.default\">\n\t\t\t\t<div class=\"elementor-widget-container\">\n\t\t\t\t\t\t\t\t\t<div class=\"elementor-button-wrapper\">\n\t\t\t\t\t<a class=\"elementor-button elementor-button-link elementor-size-sm\" href=\"https:\/\/www.camping-adriatic.com\/lanterna-camp-porec\/mobile-homes\/happy-dog-premium-village\" target=\"_blank\">\n\t\t\t\t\t\t<span class=\"elementor-button-content-wrapper\">\n\t\t\t\t\t\t\t\t\t<span class=\"elementor-button-text\">Mehr \u00fcber das Camp<\/span>\n\t\t\t\t\t<\/span>\n\t\t\t\t\t<\/a>\n\t\t\t\t<\/div>\n\t\t\t\t\t\t\t\t<\/div>\n\t\t\t\t<\/div>\n\t\t\t\t<\/div>\n\t\t\t\t\t<\/div>\n\t\t\t\t<\/div>\n\t\t<div class=\"elementor-element elementor-element-6b578580 main-container e-flex e-con-boxed e-con e-parent\" data-id=\"6b578580\" data-element_type=\"container\" data-settings=\"{&quot;background_background&quot;:&quot;classic&quot;}\">\n\t\t\t\t\t<div class=\"e-con-inner\">\n\t\t\t\t<div class=\"elementor-element elementor-element-ccd8a85 elementor-widget elementor-widget-heading\" data-id=\"ccd8a85\" data-element_type=\"widget\" data-widget_type=\"heading.default\">\n\t\t\t\t<div class=\"elementor-widget-container\">\n\t\t\t\t\t<h2 class=\"elementor-heading-title elementor-size-default\">Lanterna Vet Corner<br> Galerija<\/h2>\t\t\t\t<\/div>\n\t\t\t\t<\/div>\n\t\t\t\t<div class=\"elementor-element elementor-element-3490e8e elementor-widget__width-inherit elementor-widget elementor-widget-ucaddon_uc_tiles_grid_image\" data-id=\"3490e8e\" data-element_type=\"widget\" data-widget_type=\"ucaddon_uc_tiles_grid_image.default\">\n\t\t\t\t<div class=\"elementor-widget-container\">\n\t\t\t\t\t\n<!-- start Tile Gallery -->\n\t\t<link id='unitegallery-css' href='https:\/\/veterinarska-bolnica-porec.com\/wp-content\/plugins\/unlimited-elements-for-elementor\/assets_libraries\/unitegallery\/css\/unite-gallery.css' type='text\/css' rel='stylesheet' >\n\n\n<div id=\"uc_uc_tiles_grid_image_elementor_3490e8e\" style=\"display:none;\" class=\"uc-items-wrapper\" data-custom-sethtml=\"true\" >\n\n\n<img decoding=\"async\" alt=\"Happy-dog-gallery-01\"\n   src=\"https:\/\/veterinarska-bolnica-porec.com\/wp-content\/uploads\/2023\/07\/Happy-dog-gallery-01-768x512.webp\"\n    data-image=\"https:\/\/veterinarska-bolnica-porec.com\/wp-content\/uploads\/2023\/07\/Happy-dog-gallery-01.webp\"\n    data-title=\"Happy-dog-gallery-01\">\n\n<img decoding=\"async\" alt=\"Happy-dog-gallery-17\"\n   src=\"https:\/\/veterinarska-bolnica-porec.com\/wp-content\/uploads\/2023\/07\/Happy-dog-gallery-17-768x512.webp\"\n    data-image=\"https:\/\/veterinarska-bolnica-porec.com\/wp-content\/uploads\/2023\/07\/Happy-dog-gallery-17-1024x683.webp\"\n    data-title=\"Happy-dog-gallery-17\">\n\n<img decoding=\"async\" alt=\"Happy-dog-gallery-21\"\n   src=\"https:\/\/veterinarska-bolnica-porec.com\/wp-content\/uploads\/2023\/07\/Happy-dog-gallery-21-768x512.webp\"\n    data-image=\"https:\/\/veterinarska-bolnica-porec.com\/wp-content\/uploads\/2023\/07\/Happy-dog-gallery-21-1024x683.webp\"\n    data-title=\"Happy-dog-gallery-21\">\n\n<img decoding=\"async\" alt=\"Happy-dog-gallery-24\"\n   src=\"https:\/\/veterinarska-bolnica-porec.com\/wp-content\/uploads\/2023\/07\/Happy-dog-gallery-24-768x512.webp\"\n    data-image=\"https:\/\/veterinarska-bolnica-porec.com\/wp-content\/uploads\/2023\/07\/Happy-dog-gallery-24-1024x683.webp\"\n    data-title=\"Happy-dog-gallery-24\">\n\n<img decoding=\"async\" alt=\"Happy-dog-gallery-15\"\n   src=\"https:\/\/veterinarska-bolnica-porec.com\/wp-content\/uploads\/2023\/07\/Happy-dog-gallery-15-768x512.webp\"\n    data-image=\"https:\/\/veterinarska-bolnica-porec.com\/wp-content\/uploads\/2023\/07\/Happy-dog-gallery-15-1024x683.webp\"\n    data-title=\"Happy-dog-gallery-15\">\n\n<img decoding=\"async\" alt=\"Happy-dog-gallery-20\"\n   src=\"https:\/\/veterinarska-bolnica-porec.com\/wp-content\/uploads\/2023\/07\/Happy-dog-gallery-20-768x512.webp\"\n    data-image=\"https:\/\/veterinarska-bolnica-porec.com\/wp-content\/uploads\/2023\/07\/Happy-dog-gallery-20-1024x683.webp\"\n    data-title=\"Happy-dog-gallery-20\">\n\n<img decoding=\"async\" alt=\"Happy-dog-gallery-22\"\n   src=\"https:\/\/veterinarska-bolnica-porec.com\/wp-content\/uploads\/2023\/07\/Happy-dog-gallery-22-768x512.webp\"\n    data-image=\"https:\/\/veterinarska-bolnica-porec.com\/wp-content\/uploads\/2023\/07\/Happy-dog-gallery-22-1024x683.webp\"\n    data-title=\"Happy-dog-gallery-22\">\n\n<img decoding=\"async\" alt=\"Happy-dog-gallery-19\"\n   src=\"https:\/\/veterinarska-bolnica-porec.com\/wp-content\/uploads\/2023\/07\/Happy-dog-gallery-19-768x512.webp\"\n    data-image=\"https:\/\/veterinarska-bolnica-porec.com\/wp-content\/uploads\/2023\/07\/Happy-dog-gallery-19-1024x683.webp\"\n    data-title=\"Happy-dog-gallery-19\">\n\n<img decoding=\"async\" alt=\"Happy-dog-gallery-23\"\n   src=\"https:\/\/veterinarska-bolnica-porec.com\/wp-content\/uploads\/2023\/07\/Happy-dog-gallery-23-768x512.webp\"\n    data-image=\"https:\/\/veterinarska-bolnica-porec.com\/wp-content\/uploads\/2023\/07\/Happy-dog-gallery-23-1024x683.webp\"\n    data-title=\"Happy-dog-gallery-23\">\n\n<img decoding=\"async\" alt=\"Happy-dog-gallery-18\"\n   src=\"https:\/\/veterinarska-bolnica-porec.com\/wp-content\/uploads\/2023\/07\/Happy-dog-gallery-18-768x512.webp\"\n    data-image=\"https:\/\/veterinarska-bolnica-porec.com\/wp-content\/uploads\/2023\/07\/Happy-dog-gallery-18-1024x683.webp\"\n    data-title=\"Happy-dog-gallery-18\">\n\n<img decoding=\"async\" alt=\"Happy-dog-gallery-14\"\n   src=\"https:\/\/veterinarska-bolnica-porec.com\/wp-content\/uploads\/2023\/07\/Happy-dog-gallery-14-768x512.webp\"\n    data-image=\"https:\/\/veterinarska-bolnica-porec.com\/wp-content\/uploads\/2023\/07\/Happy-dog-gallery-14-1024x683.webp\"\n    data-title=\"Happy-dog-gallery-14\">\n\n<img decoding=\"async\" alt=\"Happy-dog-gallery-26\"\n   src=\"https:\/\/veterinarska-bolnica-porec.com\/wp-content\/uploads\/2023\/07\/Happy-dog-gallery-26-768x512.webp\"\n    data-image=\"https:\/\/veterinarska-bolnica-porec.com\/wp-content\/uploads\/2023\/07\/Happy-dog-gallery-26-1024x683.webp\"\n    data-title=\"Happy-dog-gallery-26\">\n\n<img decoding=\"async\" alt=\"Happy-dog-gallery-05\"\n   src=\"https:\/\/veterinarska-bolnica-porec.com\/wp-content\/uploads\/2023\/07\/Happy-dog-gallery-05-768x614.webp\"\n    data-image=\"https:\/\/veterinarska-bolnica-porec.com\/wp-content\/uploads\/2023\/07\/Happy-dog-gallery-05-1024x819.webp\"\n    data-title=\"Happy-dog-gallery-05\">\n\n<img decoding=\"async\" alt=\"Happy-dog-gallery-25\"\n   src=\"https:\/\/veterinarska-bolnica-porec.com\/wp-content\/uploads\/2023\/07\/Happy-dog-gallery-25-768x512.webp\"\n    data-image=\"https:\/\/veterinarska-bolnica-porec.com\/wp-content\/uploads\/2023\/07\/Happy-dog-gallery-25-1024x683.webp\"\n    data-title=\"Happy-dog-gallery-25\">\n\n<img decoding=\"async\" alt=\"Happy-dog-gallery-06\"\n   src=\"https:\/\/veterinarska-bolnica-porec.com\/wp-content\/uploads\/2023\/07\/Happy-dog-gallery-06-768x576.webp\"\n    data-image=\"https:\/\/veterinarska-bolnica-porec.com\/wp-content\/uploads\/2023\/07\/Happy-dog-gallery-06-1024x768.webp\"\n    data-title=\"Happy-dog-gallery-06\">\n\n<img decoding=\"async\" alt=\"Happy-dog-gallery-12\"\n   src=\"https:\/\/veterinarska-bolnica-porec.com\/wp-content\/uploads\/2023\/07\/Happy-dog-gallery-12-768x512.webp\"\n    data-image=\"https:\/\/veterinarska-bolnica-porec.com\/wp-content\/uploads\/2023\/07\/Happy-dog-gallery-12-1024x683.webp\"\n    data-title=\"Happy-dog-gallery-12\">\n\n<img decoding=\"async\" alt=\"Happy-dog-gallery-13\"\n   src=\"https:\/\/veterinarska-bolnica-porec.com\/wp-content\/uploads\/2023\/07\/Happy-dog-gallery-13-768x512.webp\"\n    data-image=\"https:\/\/veterinarska-bolnica-porec.com\/wp-content\/uploads\/2023\/07\/Happy-dog-gallery-13-1024x683.webp\"\n    data-title=\"Happy-dog-gallery-13\">\n\n<img decoding=\"async\" alt=\"Happy-dog-gallery-04\"\n   src=\"https:\/\/veterinarska-bolnica-porec.com\/wp-content\/uploads\/2023\/07\/Happy-dog-gallery-04-768x576.webp\"\n    data-image=\"https:\/\/veterinarska-bolnica-porec.com\/wp-content\/uploads\/2023\/07\/Happy-dog-gallery-04.webp\"\n    data-title=\"Happy-dog-gallery-04\">\n\n<img decoding=\"async\" alt=\"Happy-dog-gallery-02\"\n   src=\"https:\/\/veterinarska-bolnica-porec.com\/wp-content\/uploads\/2023\/07\/Happy-dog-gallery-02-768x512.webp\"\n    data-image=\"https:\/\/veterinarska-bolnica-porec.com\/wp-content\/uploads\/2023\/07\/Happy-dog-gallery-02.webp\"\n    data-title=\"Happy-dog-gallery-02\">\n\n<img decoding=\"async\" alt=\"Happy-dog-gallery-07\"\n   src=\"https:\/\/veterinarska-bolnica-porec.com\/wp-content\/uploads\/2023\/07\/Happy-dog-gallery-07-768x576.webp\"\n    data-image=\"https:\/\/veterinarska-bolnica-porec.com\/wp-content\/uploads\/2023\/07\/Happy-dog-gallery-07-1024x768.webp\"\n    data-title=\"Happy-dog-gallery-07\">\n\n<img decoding=\"async\" alt=\"Happy-dog-gallery-03\"\n   src=\"https:\/\/veterinarska-bolnica-porec.com\/wp-content\/uploads\/2023\/07\/Happy-dog-gallery-03-768x512.webp\"\n    data-image=\"https:\/\/veterinarska-bolnica-porec.com\/wp-content\/uploads\/2023\/07\/Happy-dog-gallery-03.webp\"\n    data-title=\"Happy-dog-gallery-03\">\n\n  \n<\/div>\n<!-- end Tile Gallery -->\t\t\t\t<\/div>\n\t\t\t\t<\/div>\n\t\t\t\t\t<\/div>\n\t\t\t\t<\/div>\n\t\t\t\t<\/div>","protected":false},"excerpt":{"rendered":"<p>Lanterna Vet Corner Znamo da vlasnici ku\u0107nih ljubimaca, osobito \u00a0pasa, \u00a0\u010desto sve \u0161to rade \u00a0dijele sa svojim najbli\u017eim prijateljima pa tako i godi\u0161nji odmor. Vi\u0161e o kampu Idete na odmor sasvojim ljubimcem? Znamo da vlasnici ku\u0107nih ljubimaca, osobito \u00a0pasa, \u00a0\u010desto sve \u0161to rade \u00a0dijele sa svojim najbli\u017eim prijateljima pa tako i godi\u0161nji odmor. \u0160to zapravo [&hellip;]<\/p>","protected":false},"author":1,"featured_media":0,"parent":0,"menu_order":0,"comment_status":"closed","ping_status":"closed","template":"","meta":{"_acf_changed":false,"site-sidebar-layout":"no-sidebar","site-content-layout":"page-builder","ast-site-content-layout":"default","site-content-style":"default","site-sidebar-style":"default","ast-global-header-display":"","ast-banner-title-visibility":"","ast-main-header-display":"","ast-hfb-above-header-display":"","ast-hfb-below-header-display":"","ast-hfb-mobile-header-display":"","site-post-title":"disabled","ast-breadcrumbs-content":"","ast-featured-img":"disabled","footer-sml-layout":"","theme-transparent-header-meta":"","adv-header-id-meta":"","stick-header-meta":"","header-above-stick-meta":"","header-main-stick-meta":"","header-below-stick-meta":"","astra-migrate-meta-layouts":"default","ast-page-background-enabled":"default","ast-page-background-meta":{"desktop":{"background-color":"","background-image":"","background-repeat":"repeat","background-position":"center center","background-size":"auto","background-attachment":"scroll","background-type":"","background-media":"","overlay-type":"","overlay-color":"","overlay-opacity":"","overlay-gradient":""},"tablet":{"background-color":"","background-image":"","background-repeat":"repeat","background-position":"center center","background-size":"auto","background-attachment":"scroll","background-type":"","background-media":"","overlay-type":"","overlay-color":"","overlay-opacity":"","overlay-gradient":""},"mobile":{"background-color":"","background-image":"","background-repeat":"repeat","background-position":"center center","background-size":"auto","background-attachment":"scroll","background-type":"","background-media":"","overlay-type":"","overlay-color":"","overlay-opacity":"","overlay-gradient":""}},"ast-content-background-meta":{"desktop":{"background-color":"var(--ast-global-color-5)","background-image":"","background-repeat":"repeat","background-position":"center center","background-size":"auto","background-attachment":"scroll","background-type":"","background-media":"","overlay-type":"","overlay-color":"","overlay-opacity":"","overlay-gradient":""},"tablet":{"background-color":"var(--ast-global-color-5)","background-image":"","background-repeat":"repeat","background-position":"center center","background-size":"auto","background-attachment":"scroll","background-type":"","background-media":"","overlay-type":"","overlay-color":"","overlay-opacity":"","overlay-gradient":""},"mobile":{"background-color":"var(--ast-global-color-5)","background-image":"","background-repeat":"repeat","background-position":"center center","background-size":"auto","background-attachment":"scroll","background-type":"","background-media":"","overlay-type":"","overlay-color":"","overlay-opacity":"","overlay-gradient":""}},"footnotes":""},"class_list":["post-8403","page","type-page","status-publish","hentry"],"acf":[],"_links":{"self":[{"href":"https:\/\/veterinarska-bolnica-porec.com\/de\/wp-json\/wp\/v2\/pages\/8403","targetHints":{"allow":["GET"]}}],"collection":[{"href":"https:\/\/veterinarska-bolnica-porec.com\/de\/wp-json\/wp\/v2\/pages"}],"about":[{"href":"https:\/\/veterinarska-bolnica-porec.com\/de\/wp-json\/wp\/v2\/types\/page"}],"author":[{"embeddable":true,"href":"https:\/\/veterinarska-bolnica-porec.com\/de\/wp-json\/wp\/v2\/users\/1"}],"replies":[{"embeddable":true,"href":"https:\/\/veterinarska-bolnica-porec.com\/de\/wp-json\/wp\/v2\/comments?post=8403"}],"version-history":[{"count":0,"href":"https:\/\/veterinarska-bolnica-porec.com\/de\/wp-json\/wp\/v2\/pages\/8403\/revisions"}],"wp:attachment":[{"href":"https:\/\/veterinarska-bolnica-porec.com\/de\/wp-json\/wp\/v2\/media?parent=8403"}],"curies":[{"name":"wp","href":"https:\/\/api.w.org\/{rel}","templated":true}]}}