
{"id":9541,"date":"2023-07-13T10:02:39","date_gmt":"2023-07-13T10:02:39","guid":{"rendered":"https:\/\/veterinarska-bolnica-porec.com\/?page_id=9541"},"modified":"2023-07-13T10:14:15","modified_gmt":"2023-07-13T10:14:15","slug":"ekg","status":"publish","type":"page","link":"https:\/\/veterinarska-bolnica-porec.com\/de\/ekg\/","title":{"rendered":"EKG"},"content":{"rendered":"<div data-elementor-type=\"wp-page\" data-elementor-id=\"9541\" class=\"elementor elementor-9541\">\n\t\t\t\t<div class=\"elementor-element elementor-element-572dbe38 main-container e-flex e-con-boxed e-con e-parent\" data-id=\"572dbe38\" data-element_type=\"container\" data-settings=\"{&quot;background_background&quot;:&quot;classic&quot;}\">\n\t\t\t\t\t<div class=\"e-con-inner\">\n\t\t<div class=\"elementor-element elementor-element-eb10d0d e-flex e-con-boxed e-con e-parent\" data-id=\"eb10d0d\" data-element_type=\"container\">\n\t\t\t\t\t<div class=\"e-con-inner\">\n\t\t<div class=\"elementor-element elementor-element-4e081955 e-con-full e-flex e-con e-parent\" data-id=\"4e081955\" data-element_type=\"container\">\n\t\t\t\t<div class=\"elementor-element elementor-element-765b78d3 elementor-widget elementor-widget-heading\" data-id=\"765b78d3\" data-element_type=\"widget\" data-widget_type=\"heading.default\">\n\t\t\t\t<div class=\"elementor-widget-container\">\n\t\t\t\t\t<h2 class=\"elementor-heading-title elementor-size-default\">EKG<\/h2>\t\t\t\t<\/div>\n\t\t\t\t<\/div>\n\t\t\t\t<div class=\"elementor-element elementor-element-512c5cb3 elementor-widget elementor-widget-text-editor\" data-id=\"512c5cb3\" data-element_type=\"widget\" data-widget_type=\"text-editor.default\">\n\t\t\t\t<div class=\"elementor-widget-container\">\n\t\t\t\t\t\t\t\t\t<p>Ein EKG ist eines der am h\u00e4ufigsten verwendeten und sichersten Diagnoseinstrumente zur Beurteilung der Herzgesundheit Ihres Haustiers.<\/p>\t\t\t\t\t\t\t\t<\/div>\n\t\t\t\t<\/div>\n\t\t\t\t<div class=\"elementor-element elementor-element-650df822 elementor-hidden-desktop elementor-hidden-tablet elementor-hidden-mobile elementor-widget elementor-widget-button\" data-id=\"650df822\" data-element_type=\"widget\" data-widget_type=\"button.default\">\n\t\t\t\t<div class=\"elementor-widget-container\">\n\t\t\t\t\t\t\t\t\t<div class=\"elementor-button-wrapper\">\n\t\t\t\t\t<a class=\"elementor-button elementor-button-link elementor-size-sm\" href=\"https:\/\/veterinarska-bolnica-porec.com\/de\/kontakt\/\">\n\t\t\t\t\t\t<span class=\"elementor-button-content-wrapper\">\n\t\t\t\t\t\t\t\t\t<span class=\"elementor-button-text\">Na\u0161 kontakt<\/span>\n\t\t\t\t\t<\/span>\n\t\t\t\t\t<\/a>\n\t\t\t\t<\/div>\n\t\t\t\t\t\t\t\t<\/div>\n\t\t\t\t<\/div>\n\t\t\t\t<\/div>\n\t\t\t\t\t<\/div>\n\t\t\t\t<\/div>\n\t\t\t\t\t<\/div>\n\t\t\t\t<\/div>\n\t\t<div class=\"elementor-element elementor-element-54ddd490 main-container e-flex e-con-boxed e-con e-parent\" data-id=\"54ddd490\" data-element_type=\"container\">\n\t\t\t\t\t<div class=\"e-con-inner\">\n\t\t\t\t<div class=\"elementor-element elementor-element-2bb017eb elementor-widget elementor-widget-heading\" data-id=\"2bb017eb\" data-element_type=\"widget\" data-widget_type=\"heading.default\">\n\t\t\t\t<div class=\"elementor-widget-container\">\n\t\t\t\t\t<h2 class=\"elementor-heading-title elementor-size-default\">Was ist ein EKG?<\/h2>\t\t\t\t<\/div>\n\t\t\t\t<\/div>\n\t\t<div class=\"elementor-element elementor-element-3af65a0c e-con-full e-flex e-con e-parent\" data-id=\"3af65a0c\" data-element_type=\"container\" data-settings=\"{&quot;background_background&quot;:&quot;classic&quot;}\">\n\t\t\t\t<\/div>\n\t\t\t\t<div class=\"elementor-element elementor-element-57df79c6 elementor-widget elementor-widget-text-editor\" data-id=\"57df79c6\" data-element_type=\"widget\" data-widget_type=\"text-editor.default\">\n\t\t\t\t<div class=\"elementor-widget-container\">\n\t\t\t\t\t\t\t\t\t<p style=\"font-weight: 400;\">Ein EKG ist eines der am h\u00e4ufigsten verwendeten und sichersten Diagnoseinstrumente zur Beurteilung der Herzgesundheit Ihres Haustieres. Dieses Ger\u00e4t zeichnet die elektrischen Impulse der Herzfrequenz Ihres Haustieres auf und verst\u00e4rkt sie 1000-mal, um ein Ergebnis zu erhalten, das den Zustand beurteilen kann. Sie k\u00f6nnen sicher sein, dass wir die genauesten Ergebnisse f\u00fcr Ihr Haustier erhalten und es sich gleichzeitig nicht unwohl f\u00fchlen wird.<\/p>\t\t\t\t\t\t\t\t<\/div>\n\t\t\t\t<\/div>\n\t\t\t\t<div class=\"elementor-element elementor-element-0ecc0d1 elementor-widget elementor-widget-heading\" data-id=\"0ecc0d1\" data-element_type=\"widget\" data-widget_type=\"heading.default\">\n\t\t\t\t<div class=\"elementor-widget-container\">\n\t\t\t\t\t<h5 class=\"elementor-heading-title elementor-size-default\">Hier sind einige Indikatoren, wann wir die Suche empfehlen werden:\n\n<\/h5>\t\t\t\t<\/div>\n\t\t\t\t<\/div>\n\t\t\t\t<div class=\"elementor-element elementor-element-3c41fcc elementor-widget elementor-widget-text-editor\" data-id=\"3c41fcc\" data-element_type=\"widget\" data-widget_type=\"text-editor.default\">\n\t\t\t\t<div class=\"elementor-widget-container\">\n\t\t\t\t\t\t\t\t\t<ul><li style=\"font-weight: 400;\">Ein Herzrhythmus, der w\u00e4hrend der Auskultation nur schwer deutlich zu h\u00f6ren ist<\/li><li style=\"font-weight: 400;\">M\u00f6glicher unregelm\u00e4\u00dfiger Herzrhythmus<\/li><li style=\"font-weight: 400;\">\u00dcberwachung der Behandlung<\/li><li style=\"font-weight: 400;\">Zur Vorbereitung und w\u00e4hrend der Vollnarkose<\/li><li style=\"font-weight: 400;\">Ohnmacht oder Atemwegssymptome<\/li><\/ul>\t\t\t\t\t\t\t\t<\/div>\n\t\t\t\t<\/div>\n\t\t\t\t\t<\/div>\n\t\t\t\t<\/div>\n\t\t\t\t<\/div>","protected":false},"excerpt":{"rendered":"<p>EKG EKG je jedan od naj\u010de\u0161\u0107e kori\u0161tenih i najsigurnijih dijagnosti\u010dkih alata za procjenu zdravstvenog stanja srca \u00a0va\u0161eg ljubimca. Na\u0161 kontakt \u0160to je EKG? EKG je jedan od naj\u010de\u0161\u0107e kori\u0161tenih i najsigurnijih dijagnosti\u010dkih alata za procjenu zdravstvenog stanja srca \u00a0va\u0161eg ljubimca.\u00a0 Ova naprava bilje\u017ei elektri\u010dne impulse otkucaja srca va\u0161eg ljubimca i poja\u010dava ih 3000 puta kako [&hellip;]<\/p>","protected":false},"author":1,"featured_media":0,"parent":0,"menu_order":0,"comment_status":"closed","ping_status":"closed","template":"","meta":{"_acf_changed":false,"site-sidebar-layout":"no-sidebar","site-content-layout":"page-builder","ast-site-content-layout":"default","site-content-style":"default","site-sidebar-style":"default","ast-global-header-display":"","ast-banner-title-visibility":"","ast-main-header-display":"","ast-hfb-above-header-display":"","ast-hfb-below-header-display":"","ast-hfb-mobile-header-display":"","site-post-title":"disabled","ast-breadcrumbs-content":"","ast-featured-img":"disabled","footer-sml-layout":"","theme-transparent-header-meta":"","adv-header-id-meta":"","stick-header-meta":"","header-above-stick-meta":"","header-main-stick-meta":"","header-below-stick-meta":"","astra-migrate-meta-layouts":"default","ast-page-background-enabled":"default","ast-page-background-meta":{"desktop":{"background-color":"","background-image":"","background-repeat":"repeat","background-position":"center center","background-size":"auto","background-attachment":"scroll","background-type":"","background-media":"","overlay-type":"","overlay-color":"","overlay-opacity":"","overlay-gradient":""},"tablet":{"background-color":"","background-image":"","background-repeat":"repeat","background-position":"center center","background-size":"auto","background-attachment":"scroll","background-type":"","background-media":"","overlay-type":"","overlay-color":"","overlay-opacity":"","overlay-gradient":""},"mobile":{"background-color":"","background-image":"","background-repeat":"repeat","background-position":"center center","background-size":"auto","background-attachment":"scroll","background-type":"","background-media":"","overlay-type":"","overlay-color":"","overlay-opacity":"","overlay-gradient":""}},"ast-content-background-meta":{"desktop":{"background-color":"var(--ast-global-color-5)","background-image":"","background-repeat":"repeat","background-position":"center center","background-size":"auto","background-attachment":"scroll","background-type":"","background-media":"","overlay-type":"","overlay-color":"","overlay-opacity":"","overlay-gradient":""},"tablet":{"background-color":"var(--ast-global-color-5)","background-image":"","background-repeat":"repeat","background-position":"center center","background-size":"auto","background-attachment":"scroll","background-type":"","background-media":"","overlay-type":"","overlay-color":"","overlay-opacity":"","overlay-gradient":""},"mobile":{"background-color":"var(--ast-global-color-5)","background-image":"","background-repeat":"repeat","background-position":"center center","background-size":"auto","background-attachment":"scroll","background-type":"","background-media":"","overlay-type":"","overlay-color":"","overlay-opacity":"","overlay-gradient":""}},"footnotes":""},"class_list":["post-9541","page","type-page","status-publish","hentry"],"acf":[],"_links":{"self":[{"href":"https:\/\/veterinarska-bolnica-porec.com\/de\/wp-json\/wp\/v2\/pages\/9541","targetHints":{"allow":["GET"]}}],"collection":[{"href":"https:\/\/veterinarska-bolnica-porec.com\/de\/wp-json\/wp\/v2\/pages"}],"about":[{"href":"https:\/\/veterinarska-bolnica-porec.com\/de\/wp-json\/wp\/v2\/types\/page"}],"author":[{"embeddable":true,"href":"https:\/\/veterinarska-bolnica-porec.com\/de\/wp-json\/wp\/v2\/users\/1"}],"replies":[{"embeddable":true,"href":"https:\/\/veterinarska-bolnica-porec.com\/de\/wp-json\/wp\/v2\/comments?post=9541"}],"version-history":[{"count":0,"href":"https:\/\/veterinarska-bolnica-porec.com\/de\/wp-json\/wp\/v2\/pages\/9541\/revisions"}],"wp:attachment":[{"href":"https:\/\/veterinarska-bolnica-porec.com\/de\/wp-json\/wp\/v2\/media?parent=9541"}],"curies":[{"name":"wp","href":"https:\/\/api.w.org\/{rel}","templated":true}]}}