
{"id":2328,"date":"2023-05-05T10:19:11","date_gmt":"2023-05-05T10:19:11","guid":{"rendered":"http:\/\/localhost:8888\/veterina-porec.com\/?page_id=2328"},"modified":"2023-06-26T12:04:55","modified_gmt":"2023-06-26T12:04:55","slug":"rtg-dijagnostika-veterinarska-bolnica-porec","status":"publish","type":"page","link":"https:\/\/veterinarska-bolnica-porec.com\/en\/rtg-dijagnostika-veterinarska-bolnica-porec\/","title":{"rendered":"RTG Dijagnostika &#8211; Veterinarksa Bolnica Pore\u010d"},"content":{"rendered":"<div data-elementor-type=\"wp-page\" data-elementor-id=\"2328\" class=\"elementor elementor-2328\">\n\t\t\t\t<div class=\"elementor-element elementor-element-7e4ea7fc e-flex e-con-boxed e-con e-parent\" data-id=\"7e4ea7fc\" data-element_type=\"container\" data-settings=\"{&quot;background_background&quot;:&quot;classic&quot;}\">\n\t\t\t\t\t<div class=\"e-con-inner\">\n\t\t<div class=\"elementor-element elementor-element-57983451 e-flex e-con-boxed e-con e-child\" data-id=\"57983451\" data-element_type=\"container\">\n\t\t\t\t\t<div class=\"e-con-inner\">\n\t\t<div class=\"elementor-element elementor-element-43c9be14 e-con-full e-flex e-con e-child\" data-id=\"43c9be14\" data-element_type=\"container\">\n\t\t\t\t<div class=\"elementor-element elementor-element-e4d8b0c elementor-widget elementor-widget-text-editor\" data-id=\"e4d8b0c\" data-element_type=\"widget\" data-widget_type=\"text-editor.default\">\n\t\t\t\t<div class=\"elementor-widget-container\">\n\t\t\t\t\t\t\t\t\t<p><strong>Pore\u010d Veterinary Hospital \/ X-ray Diagnostics<\/strong><\/p>\t\t\t\t\t\t\t\t<\/div>\n\t\t\t\t<\/div>\n\t\t\t\t<div class=\"elementor-element elementor-element-59155c94 elementor-widget elementor-widget-heading\" data-id=\"59155c94\" data-element_type=\"widget\" data-widget_type=\"heading.default\">\n\t\t\t\t<div class=\"elementor-widget-container\">\n\t\t\t\t\t<h2 class=\"elementor-heading-title elementor-size-default\">X-ray Diagnostics<\/h2>\t\t\t\t<\/div>\n\t\t\t\t<\/div>\n\t\t\t\t<div class=\"elementor-element elementor-element-8fad22d elementor-widget elementor-widget-text-editor\" data-id=\"8fad22d\" data-element_type=\"widget\" data-widget_type=\"text-editor.default\">\n\t\t\t\t<div class=\"elementor-widget-container\">\n\t\t\t\t\t\t\t\t\t<p class=\"p1\"><span class=\"s1\">This procedure is completely painless and safe because it uses a very small amount of X-rays. It is also<span class=\"Apple-converted-space\">\u00a0 <\/span>harmless for pregnant and young animals.<\/span><\/p>\t\t\t\t\t\t\t\t<\/div>\n\t\t\t\t<\/div>\n\t\t\t\t<div class=\"elementor-element elementor-element-f21dfad elementor-hidden-desktop elementor-hidden-tablet elementor-hidden-mobile elementor-widget elementor-widget-button\" data-id=\"f21dfad\" data-element_type=\"widget\" data-widget_type=\"button.default\">\n\t\t\t\t<div class=\"elementor-widget-container\">\n\t\t\t\t\t\t\t\t\t<div class=\"elementor-button-wrapper\">\n\t\t\t\t\t<a class=\"elementor-button elementor-button-link elementor-size-sm\" href=\"https:\/\/veterinarska-bolnica-porec.com\/en\/kontakt\/\">\n\t\t\t\t\t\t<span class=\"elementor-button-content-wrapper\">\n\t\t\t\t\t\t\t\t\t<span class=\"elementor-button-text\">Contact<\/span>\n\t\t\t\t\t<\/span>\n\t\t\t\t\t<\/a>\n\t\t\t\t<\/div>\n\t\t\t\t\t\t\t\t<\/div>\n\t\t\t\t<\/div>\n\t\t\t\t<\/div>\n\t\t\t\t\t<\/div>\n\t\t\t\t<\/div>\n\t\t\t\t\t<\/div>\n\t\t\t\t<\/div>\n\t\t<div class=\"elementor-element elementor-element-2d4249d main-container e-flex e-con-boxed e-con e-parent\" data-id=\"2d4249d\" data-element_type=\"container\">\n\t\t\t\t\t<div class=\"e-con-inner\">\n\t\t\t\t<div class=\"elementor-element elementor-element-39d2b5d elementor-widget elementor-widget-heading\" data-id=\"39d2b5d\" data-element_type=\"widget\" data-widget_type=\"heading.default\">\n\t\t\t\t<div class=\"elementor-widget-container\">\n\t\t\t\t\t<h2 class=\"elementor-heading-title elementor-size-default\">Performing X-ray<br>diagnostics<\/h2>\t\t\t\t<\/div>\n\t\t\t\t<\/div>\n\t\t<div class=\"elementor-element elementor-element-1e03501 e-con-full e-flex e-con e-child\" data-id=\"1e03501\" data-element_type=\"container\" data-settings=\"{&quot;background_background&quot;:&quot;classic&quot;}\">\n\t\t\t\t<\/div>\n\t\t\t\t\t<\/div>\n\t\t\t\t<\/div>\n\t\t<div class=\"elementor-element elementor-element-6c4f291 main-container e-flex e-con-boxed e-con e-parent\" data-id=\"6c4f291\" data-element_type=\"container\">\n\t\t\t\t\t<div class=\"e-con-inner\">\n\t\t<div class=\"elementor-element elementor-element-392168e e-flex e-con-boxed e-con e-child\" data-id=\"392168e\" data-element_type=\"container\">\n\t\t\t\t\t<div class=\"e-con-inner\">\n\t\t\t\t<div class=\"elementor-element elementor-element-1fd8b29 elementor-widget elementor-widget-heading\" data-id=\"1fd8b29\" data-element_type=\"widget\" data-widget_type=\"heading.default\">\n\t\t\t\t<div class=\"elementor-widget-container\">\n\t\t\t\t\t<h2 class=\"elementor-heading-title elementor-size-default\">Minimal radiation<\/h2>\t\t\t\t<\/div>\n\t\t\t\t<\/div>\n\t\t\t\t<div class=\"elementor-element elementor-element-53bb54e elementor-widget elementor-widget-text-editor\" data-id=\"53bb54e\" data-element_type=\"widget\" data-widget_type=\"text-editor.default\">\n\t\t\t\t<div class=\"elementor-widget-container\">\n\t\t\t\t\t\t\t\t\t<p>Our high-quality equipment ensures minimal amounts of X-rays and a very high-quality image.<\/p>\t\t\t\t\t\t\t\t<\/div>\n\t\t\t\t<\/div>\n\t\t\t\t<div class=\"elementor-element elementor-element-68e6384 elementor-widget elementor-widget-heading\" data-id=\"68e6384\" data-element_type=\"widget\" data-widget_type=\"heading.default\">\n\t\t\t\t<div class=\"elementor-widget-container\">\n\t\t\t\t\t<h2 class=\"elementor-heading-title elementor-size-default\">Completely harmless<\/h2>\t\t\t\t<\/div>\n\t\t\t\t<\/div>\n\t\t\t\t<div class=\"elementor-element elementor-element-2bd6162 elementor-widget elementor-widget-text-editor\" data-id=\"2bd6162\" data-element_type=\"widget\" data-widget_type=\"text-editor.default\">\n\t\t\t\t<div class=\"elementor-widget-container\">\n\t\t\t\t\t\t\t\t\t<p>With this diagnostic procedure, we are able to look inside your pet's body. Thus, we can see the changed heart, lungs, organs in the abdominal cavity and bones. We know that this procedure is completely painless and safe, because it uses a very small amount of X-rays, so it is completely harmless for pregnant and young animals.<\/p>\t\t\t\t\t\t\t\t<\/div>\n\t\t\t\t<\/div>\n\t\t\t\t<div class=\"elementor-element elementor-element-13446ca elementor-hidden-desktop elementor-hidden-tablet elementor-hidden-mobile elementor-widget elementor-widget-button\" data-id=\"13446ca\" data-element_type=\"widget\" data-widget_type=\"button.default\">\n\t\t\t\t<div class=\"elementor-widget-container\">\n\t\t\t\t\t\t\t\t\t<div class=\"elementor-button-wrapper\">\n\t\t\t\t\t<a class=\"elementor-button elementor-button-link elementor-size-sm\" href=\"https:\/\/veterinarska-bolnica-porec.com\/en\/kontakt\/\">\n\t\t\t\t\t\t<span class=\"elementor-button-content-wrapper\">\n\t\t\t\t\t\t\t\t\t<span class=\"elementor-button-text\">Make an appointment.<\/span>\n\t\t\t\t\t<\/span>\n\t\t\t\t\t<\/a>\n\t\t\t\t<\/div>\n\t\t\t\t\t\t\t\t<\/div>\n\t\t\t\t<\/div>\n\t\t\t\t\t<\/div>\n\t\t\t\t<\/div>\n\t\t<div class=\"elementor-element elementor-element-21131c3 e-con-full e-flex e-con e-child\" data-id=\"21131c3\" data-element_type=\"container\" data-settings=\"{&quot;background_background&quot;:&quot;classic&quot;}\">\n\t\t\t\t<div class=\"elementor-element elementor-element-f8a37f9 elementor-widget elementor-widget-image\" data-id=\"f8a37f9\" data-element_type=\"widget\" data-widget_type=\"image.default\">\n\t\t\t\t<div class=\"elementor-widget-container\">\n\t\t\t\t\t\t\t\t\t\t\t\t\t\t\t<img fetchpriority=\"high\" decoding=\"async\" width=\"758\" height=\"1024\" src=\"https:\/\/veterinarska-bolnica-porec.com\/wp-content\/uploads\/2023\/06\/rtg-dijagnostika-02-758x1024.webp\" class=\"attachment-large size-large wp-image-8415\" alt=\"\" srcset=\"https:\/\/veterinarska-bolnica-porec.com\/wp-content\/uploads\/2023\/06\/rtg-dijagnostika-02-758x1024.webp 758w, https:\/\/veterinarska-bolnica-porec.com\/wp-content\/uploads\/2023\/06\/rtg-dijagnostika-02-222x300.webp 222w, https:\/\/veterinarska-bolnica-porec.com\/wp-content\/uploads\/2023\/06\/rtg-dijagnostika-02-768x1037.webp 768w, https:\/\/veterinarska-bolnica-porec.com\/wp-content\/uploads\/2023\/06\/rtg-dijagnostika-02-9x12.webp 9w, https:\/\/veterinarska-bolnica-porec.com\/wp-content\/uploads\/2023\/06\/rtg-dijagnostika-02-200x270.webp 200w, https:\/\/veterinarska-bolnica-porec.com\/wp-content\/uploads\/2023\/06\/rtg-dijagnostika-02.webp 965w\" sizes=\"(max-width: 758px) 100vw, 758px\" \/>\t\t\t\t\t\t\t\t\t\t\t\t\t\t\t<\/div>\n\t\t\t\t<\/div>\n\t\t\t\t<\/div>\n\t\t\t\t\t<\/div>\n\t\t\t\t<\/div>\n\t\t\t\t<\/div>","protected":false},"excerpt":{"rendered":"<p>Veterinarksa bolnica Pore\u010d \/ RTG Dijagnostika RTG Dijagnostika Ovaj postupak je potpuno bezbolan i siguran jer koristi vrlo malu koli\u010dinu rendgenskih zraka. Ujedno je i\u00a0 bezopasan za gravidne i mlade \u017eivotinje. Na\u0161 kontakt Izvo\u0111enje RTGdijagnostike Minimalna radijacija Na\u0161a kvalitetna oprema osigurava minimalne koli\u010dine rendgenskih zraka i vrlo kvalitetnu sliku. Potpuno bezopasno Ovim dijagnosti\u010dkim postupkom u [&hellip;]<\/p>","protected":false},"author":1,"featured_media":0,"parent":0,"menu_order":0,"comment_status":"closed","ping_status":"closed","template":"","meta":{"_acf_changed":false,"site-sidebar-layout":"no-sidebar","site-content-layout":"page-builder","ast-site-content-layout":"default","site-content-style":"default","site-sidebar-style":"default","ast-global-header-display":"","ast-banner-title-visibility":"","ast-main-header-display":"","ast-hfb-above-header-display":"","ast-hfb-below-header-display":"","ast-hfb-mobile-header-display":"","site-post-title":"disabled","ast-breadcrumbs-content":"","ast-featured-img":"disabled","footer-sml-layout":"","theme-transparent-header-meta":"","adv-header-id-meta":"","stick-header-meta":"","header-above-stick-meta":"","header-main-stick-meta":"","header-below-stick-meta":"","astra-migrate-meta-layouts":"default","ast-page-background-enabled":"default","ast-page-background-meta":{"desktop":{"background-color":"","background-image":"","background-repeat":"repeat","background-position":"center center","background-size":"auto","background-attachment":"scroll","background-type":"","background-media":"","overlay-type":"","overlay-color":"","overlay-opacity":"","overlay-gradient":""},"tablet":{"background-color":"","background-image":"","background-repeat":"repeat","background-position":"center center","background-size":"auto","background-attachment":"scroll","background-type":"","background-media":"","overlay-type":"","overlay-color":"","overlay-opacity":"","overlay-gradient":""},"mobile":{"background-color":"","background-image":"","background-repeat":"repeat","background-position":"center center","background-size":"auto","background-attachment":"scroll","background-type":"","background-media":"","overlay-type":"","overlay-color":"","overlay-opacity":"","overlay-gradient":""}},"ast-content-background-meta":{"desktop":{"background-color":"var(--ast-global-color-5)","background-image":"","background-repeat":"repeat","background-position":"center center","background-size":"auto","background-attachment":"scroll","background-type":"","background-media":"","overlay-type":"","overlay-color":"","overlay-opacity":"","overlay-gradient":""},"tablet":{"background-color":"var(--ast-global-color-5)","background-image":"","background-repeat":"repeat","background-position":"center center","background-size":"auto","background-attachment":"scroll","background-type":"","background-media":"","overlay-type":"","overlay-color":"","overlay-opacity":"","overlay-gradient":""},"mobile":{"background-color":"var(--ast-global-color-5)","background-image":"","background-repeat":"repeat","background-position":"center center","background-size":"auto","background-attachment":"scroll","background-type":"","background-media":"","overlay-type":"","overlay-color":"","overlay-opacity":"","overlay-gradient":""}},"footnotes":""},"class_list":["post-2328","page","type-page","status-publish","hentry"],"acf":[],"_links":{"self":[{"href":"https:\/\/veterinarska-bolnica-porec.com\/en\/wp-json\/wp\/v2\/pages\/2328","targetHints":{"allow":["GET"]}}],"collection":[{"href":"https:\/\/veterinarska-bolnica-porec.com\/en\/wp-json\/wp\/v2\/pages"}],"about":[{"href":"https:\/\/veterinarska-bolnica-porec.com\/en\/wp-json\/wp\/v2\/types\/page"}],"author":[{"embeddable":true,"href":"https:\/\/veterinarska-bolnica-porec.com\/en\/wp-json\/wp\/v2\/users\/1"}],"replies":[{"embeddable":true,"href":"https:\/\/veterinarska-bolnica-porec.com\/en\/wp-json\/wp\/v2\/comments?post=2328"}],"version-history":[{"count":0,"href":"https:\/\/veterinarska-bolnica-porec.com\/en\/wp-json\/wp\/v2\/pages\/2328\/revisions"}],"wp:attachment":[{"href":"https:\/\/veterinarska-bolnica-porec.com\/en\/wp-json\/wp\/v2\/media?parent=2328"}],"curies":[{"name":"wp","href":"https:\/\/api.w.org\/{rel}","templated":true}]}}