
{"id":2331,"date":"2023-05-05T10:19:24","date_gmt":"2023-05-05T10:19:24","guid":{"rendered":"http:\/\/localhost:8888\/veterina-porec.com\/?page_id=2331"},"modified":"2024-01-23T06:54:44","modified_gmt":"2024-01-23T06:54:44","slug":"kirurgija-veterinarska-bolnica-porec","status":"publish","type":"page","link":"https:\/\/veterinarska-bolnica-porec.com\/en\/kirurgija-veterinarska-bolnica-porec\/","title":{"rendered":"Kirurgija &#8211; Veterinarska bolnica Pore\u010d"},"content":{"rendered":"<div data-elementor-type=\"wp-page\" data-elementor-id=\"2331\" class=\"elementor elementor-2331\">\n\t\t\t\t<div class=\"elementor-element elementor-element-670d8653 e-flex e-con-boxed e-con e-parent\" data-id=\"670d8653\" data-element_type=\"container\" data-settings=\"{&quot;background_background&quot;:&quot;classic&quot;}\">\n\t\t\t\t\t<div class=\"e-con-inner\">\n\t\t<div class=\"elementor-element elementor-element-704b6d49 main-container e-flex e-con-boxed e-con e-child\" data-id=\"704b6d49\" data-element_type=\"container\">\n\t\t\t\t\t<div class=\"e-con-inner\">\n\t\t<div class=\"elementor-element elementor-element-49e7ebc3 e-con-full e-flex e-con e-child\" data-id=\"49e7ebc3\" data-element_type=\"container\">\n\t\t\t\t<div class=\"elementor-element elementor-element-244a78c elementor-widget elementor-widget-text-editor\" data-id=\"244a78c\" data-element_type=\"widget\" data-widget_type=\"text-editor.default\">\n\t\t\t\t<div class=\"elementor-widget-container\">\n\t\t\t\t\t\t\t\t\t<p><strong>Pore\u010d Veterinary Hospital \/ Surgery<\/strong><\/p>\t\t\t\t\t\t\t\t<\/div>\n\t\t\t\t<\/div>\n\t\t\t\t<div class=\"elementor-element elementor-element-62953250 elementor-widget elementor-widget-heading\" data-id=\"62953250\" data-element_type=\"widget\" data-widget_type=\"heading.default\">\n\t\t\t\t<div class=\"elementor-widget-container\">\n\t\t\t\t\t<h2 class=\"elementor-heading-title elementor-size-default\">Surgery<\/h2>\t\t\t\t<\/div>\n\t\t\t\t<\/div>\n\t\t\t\t<div class=\"elementor-element elementor-element-671ea906 elementor-widget elementor-widget-text-editor\" data-id=\"671ea906\" data-element_type=\"widget\" data-widget_type=\"text-editor.default\">\n\t\t\t\t<div class=\"elementor-widget-container\">\n\t\t\t\t\t\t\t\t\t<p>In order to constantly provide superior veterinary services, we are proud to be able to offer you a whole range of surgical procedures for your pets. From pre- operative treatment to going home, caring for your pet is our imperative.<\/p>\t\t\t\t\t\t\t\t<\/div>\n\t\t\t\t<\/div>\n\t\t\t\t<div class=\"elementor-element elementor-element-52635376 elementor-hidden-desktop elementor-hidden-tablet elementor-hidden-mobile elementor-widget elementor-widget-button\" data-id=\"52635376\" data-element_type=\"widget\" data-widget_type=\"button.default\">\n\t\t\t\t<div class=\"elementor-widget-container\">\n\t\t\t\t\t\t\t\t\t<div class=\"elementor-button-wrapper\">\n\t\t\t\t\t<a class=\"elementor-button elementor-button-link elementor-size-sm\" href=\"https:\/\/veterinarska-bolnica-porec.com\/en\/kontakt\/\">\n\t\t\t\t\t\t<span class=\"elementor-button-content-wrapper\">\n\t\t\t\t\t\t\t\t\t<span class=\"elementor-button-text\">Contact<\/span>\n\t\t\t\t\t<\/span>\n\t\t\t\t\t<\/a>\n\t\t\t\t<\/div>\n\t\t\t\t\t\t\t\t<\/div>\n\t\t\t\t<\/div>\n\t\t\t\t<\/div>\n\t\t\t\t\t<\/div>\n\t\t\t\t<\/div>\n\t\t\t\t\t<\/div>\n\t\t\t\t<\/div>\n\t\t<div class=\"elementor-element elementor-element-3506a8f main-container e-flex e-con-boxed e-con e-parent\" data-id=\"3506a8f\" data-element_type=\"container\">\n\t\t\t\t\t<div class=\"e-con-inner\">\n\t\t\t\t<div class=\"elementor-element elementor-element-ae44967 elementor-widget elementor-widget-heading\" data-id=\"ae44967\" data-element_type=\"widget\" data-widget_type=\"heading.default\">\n\t\t\t\t<div class=\"elementor-widget-container\">\n\t\t\t\t\t<h2 class=\"elementor-heading-title elementor-size-default\">What do we offer?<\/h2>\t\t\t\t<\/div>\n\t\t\t\t<\/div>\n\t\t<div class=\"elementor-element elementor-element-53c6739 e-con-full e-flex e-con e-child\" data-id=\"53c6739\" data-element_type=\"container\" data-settings=\"{&quot;background_background&quot;:&quot;classic&quot;}\">\n\t\t\t\t<\/div>\n\t\t\t\t\t<\/div>\n\t\t\t\t<\/div>\n\t\t<div class=\"elementor-element elementor-element-c059c28 main-container e-flex e-con-boxed e-con e-parent\" data-id=\"c059c28\" data-element_type=\"container\" data-settings=\"{&quot;background_background&quot;:&quot;classic&quot;}\">\n\t\t\t\t\t<div class=\"e-con-inner\">\n\t\t<div class=\"elementor-element elementor-element-a0c68fa e-con-full e-flex e-con e-child\" data-id=\"a0c68fa\" data-element_type=\"container\">\n\t\t\t\t<div class=\"elementor-element elementor-element-b1d49a8 elementor-widget elementor-widget-heading\" data-id=\"b1d49a8\" data-element_type=\"widget\" data-widget_type=\"heading.default\">\n\t\t\t\t<div class=\"elementor-widget-container\">\n\t\t\t\t\t<h2 class=\"elementor-heading-title elementor-size-default\">Soft tissue surgery<\/h2>\t\t\t\t<\/div>\n\t\t\t\t<\/div>\n\t\t\t\t<div class=\"elementor-element elementor-element-9183907 elementor-widget elementor-widget-text-editor\" data-id=\"9183907\" data-element_type=\"widget\" data-widget_type=\"text-editor.default\">\n\t\t\t\t<div class=\"elementor-widget-container\">\n\t\t\t\t\t\t\t\t\t<p class=\"p1\">In our practice, we perform routine, preventive surgical procedures, all the way to therapeutic, emergency and other ones. Sterilization and castration will provide  them better quality and longer life with a reduced risk of hormonally induced tumorous changes.<\/p>\t\t\t\t\t\t\t\t<\/div>\n\t\t\t\t<\/div>\n\t\t\t\t<div class=\"elementor-element elementor-element-1ce1ede elementor-widget elementor-widget-text-editor\" data-id=\"1ce1ede\" data-element_type=\"widget\" data-widget_type=\"text-editor.default\">\n\t\t\t\t<div class=\"elementor-widget-container\">\n\t\t\t\t\t\t\t\t\t<p class=\"p1\">If your pet has other health problems, difficulty urinating due to bladder stones, inflammation of the uterus or stomach torsion, etc., you can contact us with full confidence.<\/p>\t\t\t\t\t\t\t\t<\/div>\n\t\t\t\t<\/div>\n\t\t<div class=\"elementor-element elementor-element-ebaa423 e-flex e-con-boxed e-con e-child\" data-id=\"ebaa423\" data-element_type=\"container\">\n\t\t\t\t\t<div class=\"e-con-inner\">\n\t\t<div class=\"elementor-element elementor-element-b28be4a card-basic e-con-full e-flex e-con e-child\" data-id=\"b28be4a\" data-element_type=\"container\" data-settings=\"{&quot;background_background&quot;:&quot;classic&quot;}\">\n\t\t\t\t<div class=\"elementor-element elementor-element-f6a7f40 elementor-widget elementor-widget-heading\" data-id=\"f6a7f40\" data-element_type=\"widget\" data-widget_type=\"heading.default\">\n\t\t\t\t<div class=\"elementor-widget-container\">\n\t\t\t\t\t<h5 class=\"elementor-heading-title elementor-size-default\">Organs of the digestive system<\/h5>\t\t\t\t<\/div>\n\t\t\t\t<\/div>\n\t\t<div class=\"elementor-element elementor-element-2d85e76 e-con-full elementor-hidden-mobile e-flex e-con e-child\" data-id=\"2d85e76\" data-element_type=\"container\" data-settings=\"{&quot;background_background&quot;:&quot;classic&quot;}\">\n\t\t\t\t<\/div>\n\t\t\t\t<div class=\"elementor-element elementor-element-77c3ed3 elementor-widget elementor-widget-text-editor\" data-id=\"77c3ed3\" data-element_type=\"widget\" data-widget_type=\"text-editor.default\">\n\t\t\t\t<div class=\"elementor-widget-container\">\n\t\t\t\t\t\t\t\t\t<p>Foreign body extraction, surgical treatment of obstruction.<\/p>\t\t\t\t\t\t\t\t<\/div>\n\t\t\t\t<\/div>\n\t\t<div class=\"elementor-element elementor-element-06a5a8c e-flex e-con-boxed e-con e-child\" data-id=\"06a5a8c\" data-element_type=\"container\">\n\t\t\t\t\t<div class=\"e-con-inner\">\n\t\t\t\t<div class=\"elementor-element elementor-element-cef6377 card-link elementor-hidden-desktop elementor-hidden-tablet elementor-hidden-mobile elementor-widget elementor-widget-text-editor\" data-id=\"cef6377\" data-element_type=\"widget\" data-widget_type=\"text-editor.default\">\n\t\t\t\t<div class=\"elementor-widget-container\">\n\t\t\t\t\t\t\t\t\t<p><a href=\"https:\/\/veterinarska-bolnica-porec.com\/en\/kontakt\/\"><span style=\"white-space: pre-wrap;\">Contact<\/span><\/a><\/p>\t\t\t\t\t\t\t\t<\/div>\n\t\t\t\t<\/div>\n\t\t\t\t\t<\/div>\n\t\t\t\t<\/div>\n\t\t\t\t<\/div>\n\t\t<div class=\"elementor-element elementor-element-bf2f1f2 card-basic e-flex e-con-boxed e-con e-child\" data-id=\"bf2f1f2\" data-element_type=\"container\" data-settings=\"{&quot;background_background&quot;:&quot;classic&quot;}\">\n\t\t\t\t\t<div class=\"e-con-inner\">\n\t\t\t\t<div class=\"elementor-element elementor-element-59214c8 elementor-widget elementor-widget-heading\" data-id=\"59214c8\" data-element_type=\"widget\" data-widget_type=\"heading.default\">\n\t\t\t\t<div class=\"elementor-widget-container\">\n\t\t\t\t\t<h5 class=\"elementor-heading-title elementor-size-default\">Sexual organs<\/h5>\t\t\t\t<\/div>\n\t\t\t\t<\/div>\n\t\t<div class=\"elementor-element elementor-element-b559a2a e-con-full elementor-hidden-mobile e-flex e-con e-child\" data-id=\"b559a2a\" data-element_type=\"container\" data-settings=\"{&quot;background_background&quot;:&quot;classic&quot;}\">\n\t\t\t\t<\/div>\n\t\t\t\t<div class=\"elementor-element elementor-element-297c4d8 elementor-widget elementor-widget-text-editor\" data-id=\"297c4d8\" data-element_type=\"widget\" data-widget_type=\"text-editor.default\">\n\t\t\t\t<div class=\"elementor-widget-container\">\n\t\t\t\t\t\t\t\t\t<p><span style=\"white-space: pre-wrap;\">Orchiectomy, ovariotomy, ovariohysterectomy, vaginal prolapse, surgical treatment of pyometra.<\/span><\/p>\t\t\t\t\t\t\t\t<\/div>\n\t\t\t\t<\/div>\n\t\t<div class=\"elementor-element elementor-element-f222058 e-flex e-con-boxed e-con e-child\" data-id=\"f222058\" data-element_type=\"container\">\n\t\t\t\t\t<div class=\"e-con-inner\">\n\t\t\t\t<div class=\"elementor-element elementor-element-506ee7e card-link elementor-hidden-desktop elementor-hidden-tablet elementor-hidden-mobile elementor-widget elementor-widget-text-editor\" data-id=\"506ee7e\" data-element_type=\"widget\" data-widget_type=\"text-editor.default\">\n\t\t\t\t<div class=\"elementor-widget-container\">\n\t\t\t\t\t\t\t\t\t<p><a href=\"https:\/\/veterinarska-bolnica-porec.com\/en\/kontakt\/\"><span style=\"white-space: pre-wrap;\">Contact<\/span><\/a><\/p>\t\t\t\t\t\t\t\t<\/div>\n\t\t\t\t<\/div>\n\t\t\t\t\t<\/div>\n\t\t\t\t<\/div>\n\t\t\t\t\t<\/div>\n\t\t\t\t<\/div>\n\t\t<div class=\"elementor-element elementor-element-99ff44f card-basic e-flex e-con-boxed e-con e-child\" data-id=\"99ff44f\" data-element_type=\"container\" data-settings=\"{&quot;background_background&quot;:&quot;classic&quot;}\">\n\t\t\t\t\t<div class=\"e-con-inner\">\n\t\t\t\t<div class=\"elementor-element elementor-element-aefbfb9 elementor-widget elementor-widget-heading\" data-id=\"aefbfb9\" data-element_type=\"widget\" data-widget_type=\"heading.default\">\n\t\t\t\t<div class=\"elementor-widget-container\">\n\t\t\t\t\t<h5 class=\"elementor-heading-title elementor-size-default\">Organs of the urinary system<\/h5>\t\t\t\t<\/div>\n\t\t\t\t<\/div>\n\t\t<div class=\"elementor-element elementor-element-6b960cb e-con-full elementor-hidden-mobile e-flex e-con e-child\" data-id=\"6b960cb\" data-element_type=\"container\" data-settings=\"{&quot;background_background&quot;:&quot;classic&quot;}\">\n\t\t\t\t<\/div>\n\t\t\t\t<div class=\"elementor-element elementor-element-265acbc elementor-widget elementor-widget-text-editor\" data-id=\"265acbc\" data-element_type=\"widget\" data-widget_type=\"text-editor.default\">\n\t\t\t\t<div class=\"elementor-widget-container\">\n\t\t\t\t\t\t\t\t\t<p><span style=\"white-space: pre-wrap;\">Cystotomy, removal of urinary stones, obstructions, nephrectomy.<\/span><\/p>\t\t\t\t\t\t\t\t<\/div>\n\t\t\t\t<\/div>\n\t\t<div class=\"elementor-element elementor-element-5d2ae1c e-flex e-con-boxed e-con e-child\" data-id=\"5d2ae1c\" data-element_type=\"container\">\n\t\t\t\t\t<div class=\"e-con-inner\">\n\t\t\t\t<div class=\"elementor-element elementor-element-ad55d66 card-link elementor-hidden-desktop elementor-hidden-tablet elementor-hidden-mobile elementor-widget elementor-widget-text-editor\" data-id=\"ad55d66\" data-element_type=\"widget\" data-widget_type=\"text-editor.default\">\n\t\t\t\t<div class=\"elementor-widget-container\">\n\t\t\t\t\t\t\t\t\t<p><a href=\"https:\/\/veterinarska-bolnica-porec.com\/en\/kontakt\/\"><span style=\"white-space: pre-wrap;\">Contact<\/span><\/a><\/p>\t\t\t\t\t\t\t\t<\/div>\n\t\t\t\t<\/div>\n\t\t\t\t\t<\/div>\n\t\t\t\t<\/div>\n\t\t\t\t\t<\/div>\n\t\t\t\t<\/div>\n\t\t\t\t\t<\/div>\n\t\t\t\t<\/div>\n\t\t\t\t<\/div>\n\t\t<div class=\"elementor-element elementor-element-8b105fe e-con-full e-flex e-con e-child\" data-id=\"8b105fe\" data-element_type=\"container\">\n\t\t\t\t<div class=\"elementor-element elementor-element-c8b0f47 elementor-widget elementor-widget-heading\" data-id=\"c8b0f47\" data-element_type=\"widget\" data-widget_type=\"heading.default\">\n\t\t\t\t<div class=\"elementor-widget-container\">\n\t\t\t\t\t<h2 class=\"elementor-heading-title elementor-size-default\">Oncological surgical procedures<\/h2>\t\t\t\t<\/div>\n\t\t\t\t<\/div>\n\t\t<div class=\"elementor-element elementor-element-6680904 e-flex e-con-boxed e-con e-child\" data-id=\"6680904\" data-element_type=\"container\">\n\t\t\t\t\t<div class=\"e-con-inner\">\n\t\t<div class=\"elementor-element elementor-element-d23eaef e-con-full card-basic e-flex e-con e-child\" data-id=\"d23eaef\" data-element_type=\"container\" data-settings=\"{&quot;background_background&quot;:&quot;classic&quot;}\">\n\t\t\t\t<div class=\"elementor-element elementor-element-f746c08 elementor-widget elementor-widget-heading\" data-id=\"f746c08\" data-element_type=\"widget\" data-widget_type=\"heading.default\">\n\t\t\t\t<div class=\"elementor-widget-container\">\n\t\t\t\t\t<h5 class=\"elementor-heading-title elementor-size-default\">Organs of the digestive system<\/h5>\t\t\t\t<\/div>\n\t\t\t\t<\/div>\n\t\t<div class=\"elementor-element elementor-element-5d2222f e-con-full elementor-hidden-mobile e-flex e-con e-child\" data-id=\"5d2222f\" data-element_type=\"container\" data-settings=\"{&quot;background_background&quot;:&quot;classic&quot;}\">\n\t\t\t\t<\/div>\n\t\t\t\t<div class=\"elementor-element elementor-element-4ecd5dc elementor-widget elementor-widget-text-editor\" data-id=\"4ecd5dc\" data-element_type=\"widget\" data-widget_type=\"text-editor.default\">\n\t\t\t\t<div class=\"elementor-widget-container\">\n\t\t\t\t\t\t\t\t\t<p>Foreign body extraction, surgical treatment of obstruction.<\/p>\t\t\t\t\t\t\t\t<\/div>\n\t\t\t\t<\/div>\n\t\t<div class=\"elementor-element elementor-element-a2b469c e-flex e-con-boxed e-con e-child\" data-id=\"a2b469c\" data-element_type=\"container\">\n\t\t\t\t\t<div class=\"e-con-inner\">\n\t\t\t\t<div class=\"elementor-element elementor-element-a0e6419 card-link elementor-hidden-desktop elementor-hidden-tablet elementor-hidden-mobile elementor-widget elementor-widget-text-editor\" data-id=\"a0e6419\" data-element_type=\"widget\" data-widget_type=\"text-editor.default\">\n\t\t\t\t<div class=\"elementor-widget-container\">\n\t\t\t\t\t\t\t\t\t<p><a href=\"https:\/\/veterinarska-bolnica-porec.com\/en\/kontakt\/\"><span style=\"white-space: pre-wrap;\">Contact<\/span><\/a><\/p>\t\t\t\t\t\t\t\t<\/div>\n\t\t\t\t<\/div>\n\t\t\t\t\t<\/div>\n\t\t\t\t<\/div>\n\t\t\t\t<\/div>\n\t\t\t\t\t<\/div>\n\t\t\t\t<\/div>\n\t\t\t\t<\/div>\n\t\t<div class=\"elementor-element elementor-element-428c2ddf e-con-full e-flex e-con e-child\" data-id=\"428c2ddf\" data-element_type=\"container\">\n\t\t\t\t<div class=\"elementor-element elementor-element-6c9d8168 elementor-widget elementor-widget-heading\" data-id=\"6c9d8168\" data-element_type=\"widget\" data-widget_type=\"heading.default\">\n\t\t\t\t<div class=\"elementor-widget-container\">\n\t\t\t\t\t<h2 class=\"elementor-heading-title elementor-size-default\">Anesthesia<\/h2>\t\t\t\t<\/div>\n\t\t\t\t<\/div>\n\t\t\t\t<div class=\"elementor-element elementor-element-7d2b80a elementor-widget elementor-widget-text-editor\" data-id=\"7d2b80a\" data-element_type=\"widget\" data-widget_type=\"text-editor.default\">\n\t\t\t\t<div class=\"elementor-widget-container\">\n\t\t\t\t\t\t\t\t\t<p>In our practice, we use all modern procedures of general and local anesthesia. Allow us to introduce you to these procedures in more detail.\u00a0<\/p><p>General anesthesia is a state of unconsciousness that allows us to perform surgical procedures because they could not be performed on an awake animal. Local anesthesia is a procedure that includes the use of drugs that prevent the transmission of impulses and thus the feeling of pain in the place where the surgical procedure will be performed.\u00a0<\/p><p>Prije dono\u0161enja odluke o anesteziji pregledati \u0107emo va\u0161eg ljubimca. Pregled uklju\u010duje i detaljnu pretragu krvi nakon \u0161to \u0107emo se s vama konzultirati.\u00a0<\/p><p>After the anesthetic is administered, we will monitor the heart rate, breathing quality, blood pressure, body temperature and oxygen supply to the body. Pets recover from anesthesia in our intensive care areas are  under constant supervision.\u00a0<\/p><p>As in humans, although complications are rarely possible when using anesthetics.\u00a0<\/p>\t\t\t\t\t\t\t\t<\/div>\n\t\t\t\t<\/div>\n\t\t\t\t<\/div>\n\t\t\t\t\t<\/div>\n\t\t\t\t<\/div>\n\t\t<div class=\"elementor-element elementor-element-30a83c0 e-flex e-con-boxed e-con e-parent\" data-id=\"30a83c0\" data-element_type=\"container\">\n\t\t\t\t\t<div class=\"e-con-inner\">\n\t\t\t\t<div class=\"elementor-element elementor-element-328f858 elementor-widget elementor-widget-image\" data-id=\"328f858\" data-element_type=\"widget\" data-widget_type=\"image.default\">\n\t\t\t\t<div class=\"elementor-widget-container\">\n\t\t\t\t\t\t\t\t\t\t\t\t\t\t\t<img fetchpriority=\"high\" decoding=\"async\" width=\"1024\" height=\"683\" src=\"https:\/\/veterinarska-bolnica-porec.com\/wp-content\/uploads\/2024\/01\/DSC_1864-1024x683.jpg\" class=\"attachment-large size-large wp-image-9860\" alt=\"\" srcset=\"https:\/\/veterinarska-bolnica-porec.com\/wp-content\/uploads\/2024\/01\/DSC_1864-1024x683.jpg 1024w, https:\/\/veterinarska-bolnica-porec.com\/wp-content\/uploads\/2024\/01\/DSC_1864-300x200.jpg 300w, https:\/\/veterinarska-bolnica-porec.com\/wp-content\/uploads\/2024\/01\/DSC_1864-768x512.jpg 768w, https:\/\/veterinarska-bolnica-porec.com\/wp-content\/uploads\/2024\/01\/DSC_1864-1536x1024.jpg 1536w, https:\/\/veterinarska-bolnica-porec.com\/wp-content\/uploads\/2024\/01\/DSC_1864-2048x1365.jpg 2048w, https:\/\/veterinarska-bolnica-porec.com\/wp-content\/uploads\/2024\/01\/DSC_1864-18x12.jpg 18w, https:\/\/veterinarska-bolnica-porec.com\/wp-content\/uploads\/2024\/01\/DSC_1864-200x133.jpg 200w\" sizes=\"(max-width: 1024px) 100vw, 1024px\" \/>\t\t\t\t\t\t\t\t\t\t\t\t\t\t\t<\/div>\n\t\t\t\t<\/div>\n\t\t\t\t\t<\/div>\n\t\t\t\t<\/div>\n\t\t<div class=\"elementor-element elementor-element-eda8c79 e-flex e-con-boxed e-con e-parent\" data-id=\"eda8c79\" data-element_type=\"container\">\n\t\t\t\t\t<div class=\"e-con-inner\">\n\t\t\t\t\t<\/div>\n\t\t\t\t<\/div>\n\t\t<div class=\"elementor-element elementor-element-4716c65 e-flex e-con-boxed e-con e-parent\" data-id=\"4716c65\" data-element_type=\"container\">\n\t\t\t\t\t<div class=\"e-con-inner\">\n\t\t\t\t<div class=\"elementor-element elementor-element-bfeb98c elementor-widget elementor-widget-image\" data-id=\"bfeb98c\" data-element_type=\"widget\" data-widget_type=\"image.default\">\n\t\t\t\t<div class=\"elementor-widget-container\">\n\t\t\t\t\t\t\t\t\t\t\t\t\t\t\t<img decoding=\"async\" width=\"1024\" height=\"683\" src=\"https:\/\/veterinarska-bolnica-porec.com\/wp-content\/uploads\/2024\/01\/DSC_1913-1024x683.jpg\" class=\"attachment-large size-large wp-image-9865\" alt=\"\" srcset=\"https:\/\/veterinarska-bolnica-porec.com\/wp-content\/uploads\/2024\/01\/DSC_1913-1024x683.jpg 1024w, https:\/\/veterinarska-bolnica-porec.com\/wp-content\/uploads\/2024\/01\/DSC_1913-300x200.jpg 300w, https:\/\/veterinarska-bolnica-porec.com\/wp-content\/uploads\/2024\/01\/DSC_1913-768x512.jpg 768w, https:\/\/veterinarska-bolnica-porec.com\/wp-content\/uploads\/2024\/01\/DSC_1913-1536x1024.jpg 1536w, https:\/\/veterinarska-bolnica-porec.com\/wp-content\/uploads\/2024\/01\/DSC_1913-2048x1365.jpg 2048w, https:\/\/veterinarska-bolnica-porec.com\/wp-content\/uploads\/2024\/01\/DSC_1913-18x12.jpg 18w, https:\/\/veterinarska-bolnica-porec.com\/wp-content\/uploads\/2024\/01\/DSC_1913-200x133.jpg 200w\" sizes=\"(max-width: 1024px) 100vw, 1024px\" \/>\t\t\t\t\t\t\t\t\t\t\t\t\t\t\t<\/div>\n\t\t\t\t<\/div>\n\t\t\t\t\t<\/div>\n\t\t\t\t<\/div>\n\t\t<div class=\"elementor-element elementor-element-e0f7e24 e-flex e-con-boxed e-con e-parent\" data-id=\"e0f7e24\" data-element_type=\"container\">\n\t\t\t\t\t<div class=\"e-con-inner\">\n\t\t\t\t<div class=\"elementor-element elementor-element-9cc5bae elementor-widget elementor-widget-image\" data-id=\"9cc5bae\" data-element_type=\"widget\" data-widget_type=\"image.default\">\n\t\t\t\t<div class=\"elementor-widget-container\">\n\t\t\t\t\t\t\t\t\t\t\t\t\t\t\t<img decoding=\"async\" width=\"1024\" height=\"683\" src=\"https:\/\/veterinarska-bolnica-porec.com\/wp-content\/uploads\/2024\/01\/DSC_1924-1024x683.jpg\" class=\"attachment-large size-large wp-image-9869\" alt=\"\" srcset=\"https:\/\/veterinarska-bolnica-porec.com\/wp-content\/uploads\/2024\/01\/DSC_1924-1024x683.jpg 1024w, https:\/\/veterinarska-bolnica-porec.com\/wp-content\/uploads\/2024\/01\/DSC_1924-300x200.jpg 300w, https:\/\/veterinarska-bolnica-porec.com\/wp-content\/uploads\/2024\/01\/DSC_1924-768x512.jpg 768w, https:\/\/veterinarska-bolnica-porec.com\/wp-content\/uploads\/2024\/01\/DSC_1924-1536x1024.jpg 1536w, https:\/\/veterinarska-bolnica-porec.com\/wp-content\/uploads\/2024\/01\/DSC_1924-2048x1365.jpg 2048w, https:\/\/veterinarska-bolnica-porec.com\/wp-content\/uploads\/2024\/01\/DSC_1924-18x12.jpg 18w, https:\/\/veterinarska-bolnica-porec.com\/wp-content\/uploads\/2024\/01\/DSC_1924-200x133.jpg 200w\" sizes=\"(max-width: 1024px) 100vw, 1024px\" \/>\t\t\t\t\t\t\t\t\t\t\t\t\t\t\t<\/div>\n\t\t\t\t<\/div>\n\t\t\t\t\t<\/div>\n\t\t\t\t<\/div>\n\t\t\t\t<\/div>","protected":false},"excerpt":{"rendered":"<p>Veterinarksa bolnica Pore\u010d \/ Kirurgija Kirurgija U cilju da\u00a0 stalno pru\u017eimo vrhunske veterinarske usluge\u00a0 ponosni smo \u0161to\u00a0 vam mo\u017eemo ponuditi\u00a0 \u010ditav niz kirur\u0161kih zahvata za va\u0161e ljubimce.\u00a0 Od prijeoperacijskog tretmana do odlaska ku\u0107i,\u00a0 briga o va\u0161em ljubimcu je na\u0161 imperativ. Na\u0161 kontakt \u0160to nudimo? Kirurgija mekih tkiva U na\u0161oj bolnici vr\u0161imo od rutinskih, preventivnih kirur\u0161kih [&hellip;]<\/p>","protected":false},"author":1,"featured_media":0,"parent":0,"menu_order":0,"comment_status":"closed","ping_status":"closed","template":"","meta":{"_acf_changed":false,"site-sidebar-layout":"no-sidebar","site-content-layout":"page-builder","ast-site-content-layout":"default","site-content-style":"default","site-sidebar-style":"default","ast-global-header-display":"","ast-banner-title-visibility":"","ast-main-header-display":"","ast-hfb-above-header-display":"","ast-hfb-below-header-display":"","ast-hfb-mobile-header-display":"","site-post-title":"disabled","ast-breadcrumbs-content":"","ast-featured-img":"disabled","footer-sml-layout":"","theme-transparent-header-meta":"","adv-header-id-meta":"","stick-header-meta":"","header-above-stick-meta":"","header-main-stick-meta":"","header-below-stick-meta":"","astra-migrate-meta-layouts":"default","ast-page-background-enabled":"default","ast-page-background-meta":{"desktop":{"background-color":"","background-image":"","background-repeat":"repeat","background-position":"center center","background-size":"auto","background-attachment":"scroll","background-type":"","background-media":"","overlay-type":"","overlay-color":"","overlay-opacity":"","overlay-gradient":""},"tablet":{"background-color":"","background-image":"","background-repeat":"repeat","background-position":"center center","background-size":"auto","background-attachment":"scroll","background-type":"","background-media":"","overlay-type":"","overlay-color":"","overlay-opacity":"","overlay-gradient":""},"mobile":{"background-color":"","background-image":"","background-repeat":"repeat","background-position":"center center","background-size":"auto","background-attachment":"scroll","background-type":"","background-media":"","overlay-type":"","overlay-color":"","overlay-opacity":"","overlay-gradient":""}},"ast-content-background-meta":{"desktop":{"background-color":"var(--ast-global-color-5)","background-image":"","background-repeat":"repeat","background-position":"center center","background-size":"auto","background-attachment":"scroll","background-type":"","background-media":"","overlay-type":"","overlay-color":"","overlay-opacity":"","overlay-gradient":""},"tablet":{"background-color":"var(--ast-global-color-5)","background-image":"","background-repeat":"repeat","background-position":"center center","background-size":"auto","background-attachment":"scroll","background-type":"","background-media":"","overlay-type":"","overlay-color":"","overlay-opacity":"","overlay-gradient":""},"mobile":{"background-color":"var(--ast-global-color-5)","background-image":"","background-repeat":"repeat","background-position":"center center","background-size":"auto","background-attachment":"scroll","background-type":"","background-media":"","overlay-type":"","overlay-color":"","overlay-opacity":"","overlay-gradient":""}},"footnotes":""},"class_list":["post-2331","page","type-page","status-publish","hentry"],"acf":[],"_links":{"self":[{"href":"https:\/\/veterinarska-bolnica-porec.com\/en\/wp-json\/wp\/v2\/pages\/2331","targetHints":{"allow":["GET"]}}],"collection":[{"href":"https:\/\/veterinarska-bolnica-porec.com\/en\/wp-json\/wp\/v2\/pages"}],"about":[{"href":"https:\/\/veterinarska-bolnica-porec.com\/en\/wp-json\/wp\/v2\/types\/page"}],"author":[{"embeddable":true,"href":"https:\/\/veterinarska-bolnica-porec.com\/en\/wp-json\/wp\/v2\/users\/1"}],"replies":[{"embeddable":true,"href":"https:\/\/veterinarska-bolnica-porec.com\/en\/wp-json\/wp\/v2\/comments?post=2331"}],"version-history":[{"count":0,"href":"https:\/\/veterinarska-bolnica-porec.com\/en\/wp-json\/wp\/v2\/pages\/2331\/revisions"}],"wp:attachment":[{"href":"https:\/\/veterinarska-bolnica-porec.com\/en\/wp-json\/wp\/v2\/media?parent=2331"}],"curies":[{"name":"wp","href":"https:\/\/api.w.org\/{rel}","templated":true}]}}