
{"id":2332,"date":"2023-05-05T10:19:33","date_gmt":"2023-05-05T10:19:33","guid":{"rendered":"http:\/\/localhost:8888\/veterina-porec.com\/?page_id=2332"},"modified":"2024-01-23T06:54:02","modified_gmt":"2024-01-23T06:54:02","slug":"stomatologija-veterinarska-bolnica-porec","status":"publish","type":"page","link":"https:\/\/veterinarska-bolnica-porec.com\/en\/stomatologija-veterinarska-bolnica-porec\/","title":{"rendered":"Stomatologija &#8211; Veterinarska bolnica Pore\u010d"},"content":{"rendered":"<div data-elementor-type=\"wp-page\" data-elementor-id=\"2332\" class=\"elementor elementor-2332\">\n\t\t\t\t<div class=\"elementor-element elementor-element-12553b2f main-container e-flex e-con-boxed e-con e-parent\" data-id=\"12553b2f\" data-element_type=\"container\" data-settings=\"{&quot;background_background&quot;:&quot;classic&quot;}\">\n\t\t\t\t\t<div class=\"e-con-inner\">\n\t\t<div class=\"elementor-element elementor-element-210cda9a e-flex e-con-boxed e-con e-child\" data-id=\"210cda9a\" data-element_type=\"container\">\n\t\t\t\t\t<div class=\"e-con-inner\">\n\t\t<div class=\"elementor-element elementor-element-25a5560a e-con-full e-flex e-con e-child\" data-id=\"25a5560a\" data-element_type=\"container\">\n\t\t\t\t<div class=\"elementor-element elementor-element-dd664e6 elementor-widget elementor-widget-text-editor\" data-id=\"dd664e6\" data-element_type=\"widget\" data-widget_type=\"text-editor.default\">\n\t\t\t\t<div class=\"elementor-widget-container\">\n\t\t\t\t\t\t\t\t\t<p><strong>Pore\u010d Veterinary hospital \/ Dentistry<\/strong><\/p>\t\t\t\t\t\t\t\t<\/div>\n\t\t\t\t<\/div>\n\t\t\t\t<div class=\"elementor-element elementor-element-250488c elementor-widget elementor-widget-heading\" data-id=\"250488c\" data-element_type=\"widget\" data-widget_type=\"heading.default\">\n\t\t\t\t<div class=\"elementor-widget-container\">\n\t\t\t\t\t<h2 class=\"elementor-heading-title elementor-size-default\">Dentistry<\/h2>\t\t\t\t<\/div>\n\t\t\t\t<\/div>\n\t\t\t\t<div class=\"elementor-element elementor-element-1c68e5a9 elementor-widget elementor-widget-text-editor\" data-id=\"1c68e5a9\" data-element_type=\"widget\" data-widget_type=\"text-editor.default\">\n\t\t\t\t<div class=\"elementor-widget-container\">\n\t\t\t\t\t\t\t\t\t<p>If problems arise, we will know how to solve them with different interventions using modern equipment<\/p>\t\t\t\t\t\t\t\t<\/div>\n\t\t\t\t<\/div>\n\t\t\t\t<div class=\"elementor-element elementor-element-1c1539f0 elementor-hidden-desktop elementor-hidden-tablet elementor-hidden-mobile elementor-widget elementor-widget-button\" data-id=\"1c1539f0\" data-element_type=\"widget\" data-widget_type=\"button.default\">\n\t\t\t\t<div class=\"elementor-widget-container\">\n\t\t\t\t\t\t\t\t\t<div class=\"elementor-button-wrapper\">\n\t\t\t\t\t<a class=\"elementor-button elementor-button-link elementor-size-sm\" href=\"https:\/\/veterinarska-bolnica-porec.com\/en\/kontakt\/\">\n\t\t\t\t\t\t<span class=\"elementor-button-content-wrapper\">\n\t\t\t\t\t\t\t\t\t<span class=\"elementor-button-text\">Contact<\/span>\n\t\t\t\t\t<\/span>\n\t\t\t\t\t<\/a>\n\t\t\t\t<\/div>\n\t\t\t\t\t\t\t\t<\/div>\n\t\t\t\t<\/div>\n\t\t\t\t<\/div>\n\t\t\t\t\t<\/div>\n\t\t\t\t<\/div>\n\t\t\t\t\t<\/div>\n\t\t\t\t<\/div>\n\t\t<div class=\"elementor-element elementor-element-1328d54f main-container e-flex e-con-boxed e-con e-parent\" data-id=\"1328d54f\" data-element_type=\"container\">\n\t\t\t\t\t<div class=\"e-con-inner\">\n\t\t<div class=\"elementor-element elementor-element-bc1a1f1 e-con-full e-flex e-con e-child\" data-id=\"bc1a1f1\" data-element_type=\"container\">\n\t\t\t\t<div class=\"elementor-element elementor-element-3639e2c8 elementor-widget elementor-widget-heading\" data-id=\"3639e2c8\" data-element_type=\"widget\" data-widget_type=\"heading.default\">\n\t\t\t\t<div class=\"elementor-widget-container\">\n\t\t\t\t\t<h2 class=\"elementor-heading-title elementor-size-default\">Preventive <br>dental care<\/h2>\t\t\t\t<\/div>\n\t\t\t\t<\/div>\n\t\t<div class=\"elementor-element elementor-element-e68a02 e-con-full e-flex e-con e-child\" data-id=\"e68a02\" data-element_type=\"container\" data-settings=\"{&quot;background_background&quot;:&quot;classic&quot;}\">\n\t\t\t\t<\/div>\n\t\t\t\t<div class=\"elementor-element elementor-element-5eee369 elementor-widget elementor-widget-text-editor\" data-id=\"5eee369\" data-element_type=\"widget\" data-widget_type=\"text-editor.default\">\n\t\t\t\t<div class=\"elementor-widget-container\">\n\t\t\t\t\t\t\t\t\t<p>Prevention is key when it comes to animal dentistry. As a responsible pet owner, you can take the following steps to ensure your pet's oral health:<\/p>\t\t\t\t\t\t\t\t<\/div>\n\t\t\t\t<\/div>\n\t\t\t\t<div class=\"elementor-element elementor-element-1416897 elementor-widget elementor-widget-text-editor\" data-id=\"1416897\" data-element_type=\"widget\" data-widget_type=\"text-editor.default\">\n\t\t\t\t<div class=\"elementor-widget-container\">\n\t\t\t\t\t\t\t\t\t<span class=\"accent-color\"><strong>1. Regular cleaning<\/strong><\/span> and by polishing the teeth, we will prevent painful inflammation of the gums and teeth and improve the pet's life.\t\t\t\t\t\t\t\t<\/div>\n\t\t\t\t<\/div>\n\t\t\t\t<div class=\"elementor-element elementor-element-9675c6a elementor-widget elementor-widget-text-editor\" data-id=\"9675c6a\" data-element_type=\"widget\" data-widget_type=\"text-editor.default\">\n\t\t\t\t<div class=\"elementor-widget-container\">\n\t\t\t\t\t\t\t\t\t<span class=\"accent-color\"><b>2. Ensure a balanced diet<\/b><\/span> which promotes dental health. Certain pet foods and treats are designed to reduce plaque and tartar build-up.\t\t\t\t\t\t\t\t<\/div>\n\t\t\t\t<\/div>\n\t\t\t\t<div class=\"elementor-element elementor-element-fa9b058 elementor-widget elementor-widget-text-editor\" data-id=\"fa9b058\" data-element_type=\"widget\" data-widget_type=\"text-editor.default\">\n\t\t\t\t<div class=\"elementor-widget-container\">\n\t\t\t\t\t\t\t\t\t<span class=\"accent-color\"><b>3. Dental toys:<\/b><\/span> Toys that help clean your pet's teeth and gums while satisfying their natural need to chew.\t\t\t\t\t\t\t\t<\/div>\n\t\t\t\t<\/div>\n\t\t\t\t<div class=\"elementor-element elementor-element-ee114ba elementor-widget elementor-widget-text-editor\" data-id=\"ee114ba\" data-element_type=\"widget\" data-widget_type=\"text-editor.default\">\n\t\t\t\t<div class=\"elementor-widget-container\">\n\t\t\t\t\t\t\t\t\t<p><span class=\"accent-color\"><b>4. Routine dental examinations:<\/b><\/span> Schedule regular visits to a veterinary specialist in dentistry. Professional teeth cleaning, check-ups and early detection of dental problems can significantly improve your pet's oral health.<\/p>\t\t\t\t\t\t\t\t<\/div>\n\t\t\t\t<\/div>\n\t\t\t\t<\/div>\n\t\t<div class=\"elementor-element elementor-element-680a4f6 e-flex e-con-boxed e-con e-child\" data-id=\"680a4f6\" data-element_type=\"container\" data-settings=\"{&quot;background_background&quot;:&quot;classic&quot;}\">\n\t\t\t\t\t<div class=\"e-con-inner\">\n\t\t\t\t<div class=\"elementor-element elementor-element-86d9550 elementor-widget elementor-widget-image\" data-id=\"86d9550\" data-element_type=\"widget\" data-widget_type=\"image.default\">\n\t\t\t\t<div class=\"elementor-widget-container\">\n\t\t\t\t\t\t\t\t\t\t\t\t\t\t\t<img fetchpriority=\"high\" decoding=\"async\" width=\"527\" height=\"900\" src=\"https:\/\/veterinarska-bolnica-porec.com\/wp-content\/uploads\/2023\/05\/stomatologija-pas.webp\" class=\"attachment-large size-large wp-image-5158\" alt=\"\" srcset=\"https:\/\/veterinarska-bolnica-porec.com\/wp-content\/uploads\/2023\/05\/stomatologija-pas.webp 527w, https:\/\/veterinarska-bolnica-porec.com\/wp-content\/uploads\/2023\/05\/stomatologija-pas-176x300.webp 176w, https:\/\/veterinarska-bolnica-porec.com\/wp-content\/uploads\/2023\/05\/stomatologija-pas-7x12.webp 7w\" sizes=\"(max-width: 527px) 100vw, 527px\" \/>\t\t\t\t\t\t\t\t\t\t\t\t\t\t\t<\/div>\n\t\t\t\t<\/div>\n\t\t\t\t\t<\/div>\n\t\t\t\t<\/div>\n\t\t\t\t\t<\/div>\n\t\t\t\t<\/div>\n\t\t<div class=\"elementor-element elementor-element-246d9171 main-container e-flex e-con-boxed e-con e-parent\" data-id=\"246d9171\" data-element_type=\"container\" data-settings=\"{&quot;background_background&quot;:&quot;classic&quot;}\">\n\t\t\t\t\t<div class=\"e-con-inner\">\n\t\t<div class=\"elementor-element elementor-element-57ad4436 e-con-full e-flex e-con e-child\" data-id=\"57ad4436\" data-element_type=\"container\">\n\t\t\t\t<div class=\"elementor-element elementor-element-669ae5dc elementor-widget elementor-widget-heading\" data-id=\"669ae5dc\" data-element_type=\"widget\" data-widget_type=\"heading.default\">\n\t\t\t\t<div class=\"elementor-widget-container\">\n\t\t\t\t\t<h2 class=\"elementor-heading-title elementor-size-default\">Common dental problems in animals<\/h2>\t\t\t\t<\/div>\n\t\t\t\t<\/div>\n\t\t\t\t<div class=\"elementor-element elementor-element-1035e27 elementor-widget elementor-widget-text-editor\" data-id=\"1035e27\" data-element_type=\"widget\" data-widget_type=\"text-editor.default\">\n\t\t\t\t<div class=\"elementor-widget-container\">\n\t\t\t\t\t\t\t\t\t<p><span class=\"accent-color\"><b>1. Periodontal diseases <\/b><\/span> are mainly the result of infections and inflammation of the gums and bones that surround and support the teeth. In the early stages, called gingivitis, the gums may become swollen, red and may bleed.<\/p><p><span class=\"accent-color\"><b>2. Tooth fractures: <\/b><\/span> Animals, especially dogs, are prone to tooth fractures due to their chewing habits. Broken teeth not only cause discomfort, but can also lead to infections<\/p><p><span class=\"accent-color\"><b>3. Oral tumors:<\/b><\/span> Oral tumors, although relatively rare, can occur in animals. These tumors can vary in severity and require prompt diagnosis and treatment.<\/p>\t\t\t\t\t\t\t\t<\/div>\n\t\t\t\t<\/div>\n\t\t\t\t<div class=\"elementor-element elementor-element-5ac1508 elementor-widget elementor-widget-text-editor\" data-id=\"5ac1508\" data-element_type=\"widget\" data-widget_type=\"text-editor.default\">\n\t\t\t\t<div class=\"elementor-widget-container\">\n\t\t\t\t\t\t\t\t\t<p><b><i>Dental care is an important aspect of overall pet care. By prioritizing dentistry, we can ensure our furry friends enjoy healthy teeth and gums, improving their overall quality of life.<\/i><\/b><\/p>\t\t\t\t\t\t\t\t<\/div>\n\t\t\t\t<\/div>\n\t\t\t\t<div class=\"elementor-element elementor-element-4d42200 elementor-widget elementor-widget-button\" data-id=\"4d42200\" data-element_type=\"widget\" data-widget_type=\"button.default\">\n\t\t\t\t<div class=\"elementor-widget-container\">\n\t\t\t\t\t\t\t\t\t<div class=\"elementor-button-wrapper\">\n\t\t\t\t\t<a class=\"elementor-button elementor-button-link elementor-size-sm\" href=\"https:\/\/veterinarska-bolnica-porec.com\/en\/kontakt\/\">\n\t\t\t\t\t\t<span class=\"elementor-button-content-wrapper\">\n\t\t\t\t\t\t\t\t\t<span class=\"elementor-button-text\">Our location<\/span>\n\t\t\t\t\t<\/span>\n\t\t\t\t\t<\/a>\n\t\t\t\t<\/div>\n\t\t\t\t\t\t\t\t<\/div>\n\t\t\t\t<\/div>\n\t\t\t\t<\/div>\n\t\t\t\t\t<\/div>\n\t\t\t\t<\/div>\n\t\t<div class=\"elementor-element elementor-element-ab12a30 e-flex e-con-boxed e-con e-parent\" data-id=\"ab12a30\" data-element_type=\"container\">\n\t\t\t\t\t<div class=\"e-con-inner\">\n\t\t\t\t<div class=\"elementor-element elementor-element-270baaa elementor-widget elementor-widget-image\" data-id=\"270baaa\" data-element_type=\"widget\" data-widget_type=\"image.default\">\n\t\t\t\t<div class=\"elementor-widget-container\">\n\t\t\t\t\t\t\t\t\t\t\t\t\t\t\t<img decoding=\"async\" width=\"1024\" height=\"683\" src=\"https:\/\/veterinarska-bolnica-porec.com\/wp-content\/uploads\/2024\/01\/DSC_1944-1024x683.jpg\" class=\"attachment-large size-large wp-image-9861\" alt=\"\" srcset=\"https:\/\/veterinarska-bolnica-porec.com\/wp-content\/uploads\/2024\/01\/DSC_1944-1024x683.jpg 1024w, https:\/\/veterinarska-bolnica-porec.com\/wp-content\/uploads\/2024\/01\/DSC_1944-300x200.jpg 300w, https:\/\/veterinarska-bolnica-porec.com\/wp-content\/uploads\/2024\/01\/DSC_1944-768x512.jpg 768w, https:\/\/veterinarska-bolnica-porec.com\/wp-content\/uploads\/2024\/01\/DSC_1944-1536x1024.jpg 1536w, https:\/\/veterinarska-bolnica-porec.com\/wp-content\/uploads\/2024\/01\/DSC_1944-2048x1365.jpg 2048w, https:\/\/veterinarska-bolnica-porec.com\/wp-content\/uploads\/2024\/01\/DSC_1944-18x12.jpg 18w, https:\/\/veterinarska-bolnica-porec.com\/wp-content\/uploads\/2024\/01\/DSC_1944-200x133.jpg 200w\" sizes=\"(max-width: 1024px) 100vw, 1024px\" \/>\t\t\t\t\t\t\t\t\t\t\t\t\t\t\t<\/div>\n\t\t\t\t<\/div>\n\t\t\t\t\t<\/div>\n\t\t\t\t<\/div>\n\t\t\t\t<\/div>","protected":false},"excerpt":{"rendered":"<p>Veterinarksa bolnica Pore\u010d \/ Stomatologija Stomatologija Ako nastanu problemi znat \u0107emo ih rije\u0161iti razli\u010ditim intervencijama uz kori\u0161tenje suvremene opreme. Na\u0161 kontakt Preventivna stomatolo\u0161ka njega Prevencija je klju\u010dna kada je stomatologija \u017eivotinja u pitanju. Kao odgovoran vlasnik ku\u0107nog ljubimca, mo\u017eete poduzeti sljede\u0107e korake kako biste osigurali oralno zdravlje svog ljubimca: 1. Redovitim \u010di\u0161\u0107enjem i poliranjem zubi [&hellip;]<\/p>","protected":false},"author":1,"featured_media":0,"parent":0,"menu_order":0,"comment_status":"closed","ping_status":"closed","template":"","meta":{"_acf_changed":false,"site-sidebar-layout":"no-sidebar","site-content-layout":"page-builder","ast-site-content-layout":"default","site-content-style":"default","site-sidebar-style":"default","ast-global-header-display":"","ast-banner-title-visibility":"","ast-main-header-display":"","ast-hfb-above-header-display":"","ast-hfb-below-header-display":"","ast-hfb-mobile-header-display":"","site-post-title":"disabled","ast-breadcrumbs-content":"","ast-featured-img":"disabled","footer-sml-layout":"","theme-transparent-header-meta":"","adv-header-id-meta":"","stick-header-meta":"","header-above-stick-meta":"","header-main-stick-meta":"","header-below-stick-meta":"","astra-migrate-meta-layouts":"default","ast-page-background-enabled":"default","ast-page-background-meta":{"desktop":{"background-color":"","background-image":"","background-repeat":"repeat","background-position":"center center","background-size":"auto","background-attachment":"scroll","background-type":"","background-media":"","overlay-type":"","overlay-color":"","overlay-opacity":"","overlay-gradient":""},"tablet":{"background-color":"","background-image":"","background-repeat":"repeat","background-position":"center center","background-size":"auto","background-attachment":"scroll","background-type":"","background-media":"","overlay-type":"","overlay-color":"","overlay-opacity":"","overlay-gradient":""},"mobile":{"background-color":"","background-image":"","background-repeat":"repeat","background-position":"center center","background-size":"auto","background-attachment":"scroll","background-type":"","background-media":"","overlay-type":"","overlay-color":"","overlay-opacity":"","overlay-gradient":""}},"ast-content-background-meta":{"desktop":{"background-color":"var(--ast-global-color-5)","background-image":"","background-repeat":"repeat","background-position":"center center","background-size":"auto","background-attachment":"scroll","background-type":"","background-media":"","overlay-type":"","overlay-color":"","overlay-opacity":"","overlay-gradient":""},"tablet":{"background-color":"var(--ast-global-color-5)","background-image":"","background-repeat":"repeat","background-position":"center center","background-size":"auto","background-attachment":"scroll","background-type":"","background-media":"","overlay-type":"","overlay-color":"","overlay-opacity":"","overlay-gradient":""},"mobile":{"background-color":"var(--ast-global-color-5)","background-image":"","background-repeat":"repeat","background-position":"center center","background-size":"auto","background-attachment":"scroll","background-type":"","background-media":"","overlay-type":"","overlay-color":"","overlay-opacity":"","overlay-gradient":""}},"footnotes":""},"class_list":["post-2332","page","type-page","status-publish","hentry"],"acf":[],"_links":{"self":[{"href":"https:\/\/veterinarska-bolnica-porec.com\/en\/wp-json\/wp\/v2\/pages\/2332","targetHints":{"allow":["GET"]}}],"collection":[{"href":"https:\/\/veterinarska-bolnica-porec.com\/en\/wp-json\/wp\/v2\/pages"}],"about":[{"href":"https:\/\/veterinarska-bolnica-porec.com\/en\/wp-json\/wp\/v2\/types\/page"}],"author":[{"embeddable":true,"href":"https:\/\/veterinarska-bolnica-porec.com\/en\/wp-json\/wp\/v2\/users\/1"}],"replies":[{"embeddable":true,"href":"https:\/\/veterinarska-bolnica-porec.com\/en\/wp-json\/wp\/v2\/comments?post=2332"}],"version-history":[{"count":0,"href":"https:\/\/veterinarska-bolnica-porec.com\/en\/wp-json\/wp\/v2\/pages\/2332\/revisions"}],"wp:attachment":[{"href":"https:\/\/veterinarska-bolnica-porec.com\/en\/wp-json\/wp\/v2\/media?parent=2332"}],"curies":[{"name":"wp","href":"https:\/\/api.w.org\/{rel}","templated":true}]}}