
{"id":2333,"date":"2023-05-05T10:19:45","date_gmt":"2023-05-05T10:19:45","guid":{"rendered":"http:\/\/localhost:8888\/veterina-porec.com\/?page_id=2333"},"modified":"2023-07-14T10:15:11","modified_gmt":"2023-07-14T10:15:11","slug":"laboratorij-veterinarska-bolnica-porec","status":"publish","type":"page","link":"https:\/\/veterinarska-bolnica-porec.com\/en\/laboratorij-veterinarska-bolnica-porec\/","title":{"rendered":"Laboratorij &#8211; Veterinarska bolnica Pore\u010d"},"content":{"rendered":"<div data-elementor-type=\"wp-page\" data-elementor-id=\"2333\" class=\"elementor elementor-2333\">\n\t\t\t\t<div class=\"elementor-element elementor-element-2f87b9af main-container e-flex e-con-boxed e-con e-parent\" data-id=\"2f87b9af\" data-element_type=\"container\" data-settings=\"{&quot;background_background&quot;:&quot;classic&quot;}\">\n\t\t\t\t\t<div class=\"e-con-inner\">\n\t\t<div class=\"elementor-element elementor-element-f3fc96b e-flex e-con-boxed e-con e-child\" data-id=\"f3fc96b\" data-element_type=\"container\">\n\t\t\t\t\t<div class=\"e-con-inner\">\n\t\t<div class=\"elementor-element elementor-element-5e85ddca e-con-full e-flex e-con e-child\" data-id=\"5e85ddca\" data-element_type=\"container\">\n\t\t\t\t<div class=\"elementor-element elementor-element-d6ea2b3 elementor-widget elementor-widget-text-editor\" data-id=\"d6ea2b3\" data-element_type=\"widget\" data-widget_type=\"text-editor.default\">\n\t\t\t\t<div class=\"elementor-widget-container\">\n\t\t\t\t\t\t\t\t\t<p><strong>Pore\u010d Veterinary Hospital \/ Laboratory<\/strong><\/p>\t\t\t\t\t\t\t\t<\/div>\n\t\t\t\t<\/div>\n\t\t\t\t<div class=\"elementor-element elementor-element-336490dd elementor-widget elementor-widget-heading\" data-id=\"336490dd\" data-element_type=\"widget\" data-widget_type=\"heading.default\">\n\t\t\t\t<div class=\"elementor-widget-container\">\n\t\t\t\t\t<h2 class=\"elementor-heading-title elementor-size-default\">Laboratory<\/h2>\t\t\t\t<\/div>\n\t\t\t\t<\/div>\n\t\t\t\t<div class=\"elementor-element elementor-element-1f7bf2a4 elementor-widget elementor-widget-text-editor\" data-id=\"1f7bf2a4\" data-element_type=\"widget\" data-widget_type=\"text-editor.default\">\n\t\t\t\t<div class=\"elementor-widget-container\">\n\t\t\t\t\t\t\t\t\t<p><span style=\"white-space: pre-wrap;\">Laboratory diagnostics is what we are proud of, because we offer a whole range of tests within our and partner laboratories.<\/span><\/p>\t\t\t\t\t\t\t\t<\/div>\n\t\t\t\t<\/div>\n\t\t\t\t<\/div>\n\t\t\t\t\t<\/div>\n\t\t\t\t<\/div>\n\t\t\t\t\t<\/div>\n\t\t\t\t<\/div>\n\t\t<div class=\"elementor-element elementor-element-d5c4a2 main-container e-flex e-con-boxed e-con e-parent\" data-id=\"d5c4a2\" data-element_type=\"container\">\n\t\t\t\t\t<div class=\"e-con-inner\">\n\t\t\t\t<div class=\"elementor-element elementor-element-172a43c elementor-widget elementor-widget-heading\" data-id=\"172a43c\" data-element_type=\"widget\" data-widget_type=\"heading.default\">\n\t\t\t\t<div class=\"elementor-widget-container\">\n\t\t\t\t\t<h2 class=\"elementor-heading-title elementor-size-default\">What does our laboratory <br>\noffer?<\/h2>\t\t\t\t<\/div>\n\t\t\t\t<\/div>\n\t\t<div class=\"elementor-element elementor-element-71aa0b95 e-con-full e-flex e-con e-child\" data-id=\"71aa0b95\" data-element_type=\"container\" data-settings=\"{&quot;background_background&quot;:&quot;classic&quot;}\">\n\t\t\t\t<\/div>\n\t\t\t\t\t<\/div>\n\t\t\t\t<\/div>\n\t\t<div class=\"elementor-element elementor-element-9441250 main-container e-flex e-con-boxed e-con e-parent\" data-id=\"9441250\" data-element_type=\"container\" data-settings=\"{&quot;background_background&quot;:&quot;classic&quot;}\">\n\t\t\t\t\t<div class=\"e-con-inner\">\n\t\t<div class=\"elementor-element elementor-element-a0c037e e-con-full e-flex e-con e-child\" data-id=\"a0c037e\" data-element_type=\"container\">\n\t\t\t\t<div class=\"elementor-element elementor-element-b952151 elementor-widget elementor-widget-heading\" data-id=\"b952151\" data-element_type=\"widget\" data-widget_type=\"heading.default\">\n\t\t\t\t<div class=\"elementor-widget-container\">\n\t\t\t\t\t<h2 class=\"elementor-heading-title elementor-size-default\">Blood tests<\/h2>\t\t\t\t<\/div>\n\t\t\t\t<\/div>\n\t\t\t\t<div class=\"elementor-element elementor-element-1dde000 elementor-widget elementor-widget-text-editor\" data-id=\"1dde000\" data-element_type=\"widget\" data-widget_type=\"text-editor.default\">\n\t\t\t\t<div class=\"elementor-widget-container\">\n\t\t\t\t\t\t\t\t\t<p><span style=\"white-space: pre-wrap;\">We can find out a lot about your pet&#039;s blood. Here is what we can precisely determine on our analyzers.<\/span><\/p>\t\t\t\t\t\t\t\t<\/div>\n\t\t\t\t<\/div>\n\t\t\t\t<\/div>\n\t\t\t\t\t<\/div>\n\t\t\t\t<\/div>\n\t\t<div class=\"elementor-element elementor-element-6984c32 main-container e-flex e-con-boxed e-con e-parent\" data-id=\"6984c32\" data-element_type=\"container\">\n\t\t\t\t\t<div class=\"e-con-inner\">\n\t\t<div class=\"elementor-element elementor-element-de23d5e e-flex e-con-boxed e-con e-child\" data-id=\"de23d5e\" data-element_type=\"container\">\n\t\t\t\t\t<div class=\"e-con-inner\">\n\t\t<div class=\"elementor-element elementor-element-6fd9054 e-con-full lab-card e-flex e-con e-child\" data-id=\"6fd9054\" data-element_type=\"container\">\n\t\t<div class=\"elementor-element elementor-element-2996673 e-con-full e-flex e-con e-child\" data-id=\"2996673\" data-element_type=\"container\" data-settings=\"{&quot;background_background&quot;:&quot;classic&quot;}\">\n\t\t\t\t<\/div>\n\t\t<div class=\"elementor-element elementor-element-189520b e-con-full e-flex e-con e-child\" data-id=\"189520b\" data-element_type=\"container\">\n\t\t\t\t<div class=\"elementor-element elementor-element-a820b73 elementor-widget elementor-widget-heading\" data-id=\"a820b73\" data-element_type=\"widget\" data-widget_type=\"heading.default\">\n\t\t\t\t<div class=\"elementor-widget-container\">\n\t\t\t\t\t<h5 class=\"elementor-heading-title elementor-size-default\">Complete blood count<\/h5>\t\t\t\t<\/div>\n\t\t\t\t<\/div>\n\t\t\t\t<div class=\"elementor-element elementor-element-3120ef0 elementor-widget elementor-widget-text-editor\" data-id=\"3120ef0\" data-element_type=\"widget\" data-widget_type=\"text-editor.default\">\n\t\t\t\t<div class=\"elementor-widget-container\">\n\t\t\t\t\t\t\t\t\t<p>From a few drops of your pet&#039;s blood, we can get a complete blood picture. We wil be able to count the number of red and white blood cells and the cells responsible for blood clotting. This gives us a better insight into possible inflammatory conditions, the presence of anemia or problems with blood clotting.<\/p>\t\t\t\t\t\t\t\t<\/div>\n\t\t\t\t<\/div>\n\t\t\t\t<\/div>\n\t\t\t\t<\/div>\n\t\t<div class=\"elementor-element elementor-element-77e533e e-con-full lab-card e-flex e-con e-child\" data-id=\"77e533e\" data-element_type=\"container\">\n\t\t<div class=\"elementor-element elementor-element-224c0be e-con-full e-flex e-con e-child\" data-id=\"224c0be\" data-element_type=\"container\" data-settings=\"{&quot;background_background&quot;:&quot;classic&quot;}\">\n\t\t\t\t<\/div>\n\t\t<div class=\"elementor-element elementor-element-b0fcf1c e-con-full e-flex e-con e-child\" data-id=\"b0fcf1c\" data-element_type=\"container\">\n\t\t\t\t<div class=\"elementor-element elementor-element-47efe1a elementor-widget elementor-widget-heading\" data-id=\"47efe1a\" data-element_type=\"widget\" data-widget_type=\"heading.default\">\n\t\t\t\t<div class=\"elementor-widget-container\">\n\t\t\t\t\t<h5 class=\"elementor-heading-title elementor-size-default\">Biochemical blood test<\/h5>\t\t\t\t<\/div>\n\t\t\t\t<\/div>\n\t\t\t\t<div class=\"elementor-element elementor-element-e975183 elementor-widget elementor-widget-text-editor\" data-id=\"e975183\" data-element_type=\"widget\" data-widget_type=\"text-editor.default\">\n\t\t\t\t<div class=\"elementor-widget-container\">\n\t\t\t\t\t\t\t\t\t<p>If we suspect that the internal organs have changed, we will recommend a biochemical blood test. This allows us to see whether your pet&#039;s kidneys, liver or pancreas are in optimal condition or whether specific therapy or additional diagnostics is required.<\/p>\t\t\t\t\t\t\t\t<\/div>\n\t\t\t\t<\/div>\n\t\t\t\t<\/div>\n\t\t\t\t<\/div>\n\t\t\t\t\t<\/div>\n\t\t\t\t<\/div>\n\t\t<div class=\"elementor-element elementor-element-75510bf e-flex e-con-boxed e-con e-child\" data-id=\"75510bf\" data-element_type=\"container\">\n\t\t\t\t\t<div class=\"e-con-inner\">\n\t\t<div class=\"elementor-element elementor-element-9dc58df e-con-full lab-card e-flex e-con e-child\" data-id=\"9dc58df\" data-element_type=\"container\">\n\t\t<div class=\"elementor-element elementor-element-047e0bd e-con-full e-flex e-con e-child\" data-id=\"047e0bd\" data-element_type=\"container\" data-settings=\"{&quot;background_background&quot;:&quot;classic&quot;}\">\n\t\t\t\t<\/div>\n\t\t<div class=\"elementor-element elementor-element-1afc4f0 e-con-full e-flex e-con e-child\" data-id=\"1afc4f0\" data-element_type=\"container\">\n\t\t\t\t<div class=\"elementor-element elementor-element-1e76580 elementor-widget elementor-widget-heading\" data-id=\"1e76580\" data-element_type=\"widget\" data-widget_type=\"heading.default\">\n\t\t\t\t<div class=\"elementor-widget-container\">\n\t\t\t\t\t<h5 class=\"elementor-heading-title elementor-size-default\">Rapid tests for infectious diseases<\/h5>\t\t\t\t<\/div>\n\t\t\t\t<\/div>\n\t\t\t\t<div class=\"elementor-element elementor-element-ab2a995 elementor-widget elementor-widget-text-editor\" data-id=\"ab2a995\" data-element_type=\"widget\" data-widget_type=\"text-editor.default\">\n\t\t\t\t<div class=\"elementor-widget-container\">\n\t\t\t\t\t\t\t\t\t<p>As part of our laboratory service , we offer rapid tests for the most common infectious diseases of pets. We can check whether your pet suffers from tick- borne diseases, heartworm, feline AIDS or leukemia, Giardia, etc.<\/p>\t\t\t\t\t\t\t\t<\/div>\n\t\t\t\t<\/div>\n\t\t\t\t<\/div>\n\t\t\t\t<\/div>\n\t\t<div class=\"elementor-element elementor-element-6e0899a e-con-full lab-card e-flex e-con e-child\" data-id=\"6e0899a\" data-element_type=\"container\">\n\t\t<div class=\"elementor-element elementor-element-c4e59cc e-con-full e-flex e-con e-child\" data-id=\"c4e59cc\" data-element_type=\"container\" data-settings=\"{&quot;background_background&quot;:&quot;classic&quot;}\">\n\t\t\t\t<\/div>\n\t\t<div class=\"elementor-element elementor-element-06c54b5 e-con-full e-flex e-con e-child\" data-id=\"06c54b5\" data-element_type=\"container\">\n\t\t\t\t<div class=\"elementor-element elementor-element-8d4b9a9 elementor-widget elementor-widget-heading\" data-id=\"8d4b9a9\" data-element_type=\"widget\" data-widget_type=\"heading.default\">\n\t\t\t\t<div class=\"elementor-widget-container\">\n\t\t\t\t\t<h5 class=\"elementor-heading-title elementor-size-default\">Endocrinology<\/h5>\t\t\t\t<\/div>\n\t\t\t\t<\/div>\n\t\t\t\t<div class=\"elementor-element elementor-element-d288d8b elementor-widget elementor-widget-text-editor\" data-id=\"d288d8b\" data-element_type=\"widget\" data-widget_type=\"text-editor.default\">\n\t\t\t\t<div class=\"elementor-widget-container\">\n\t\t\t\t\t\t\t\t\t<p>Yes, both dogs and cats can have problems with the thyroid gland, adrenal gland and can get diabetes. These conditions can greatly shorten the lifespan of your pet or significantly reduce the quality of life, that&#039;s why we are here for you.<\/p>\t\t\t\t\t\t\t\t<\/div>\n\t\t\t\t<\/div>\n\t\t\t\t<\/div>\n\t\t\t\t<\/div>\n\t\t\t\t\t<\/div>\n\t\t\t\t<\/div>\n\t\t<div class=\"elementor-element elementor-element-c63db78 e-flex e-con-boxed e-con e-child\" data-id=\"c63db78\" data-element_type=\"container\">\n\t\t\t\t\t<div class=\"e-con-inner\">\n\t\t<div class=\"elementor-element elementor-element-654a956 e-con-full lab-card e-flex e-con e-child\" data-id=\"654a956\" data-element_type=\"container\">\n\t\t<div class=\"elementor-element elementor-element-91069ab e-con-full e-flex e-con e-child\" data-id=\"91069ab\" data-element_type=\"container\" data-settings=\"{&quot;background_background&quot;:&quot;classic&quot;}\">\n\t\t\t\t<\/div>\n\t\t<div class=\"elementor-element elementor-element-1eac7fd e-con-full e-flex e-con e-child\" data-id=\"1eac7fd\" data-element_type=\"container\">\n\t\t\t\t<div class=\"elementor-element elementor-element-52a99fb elementor-widget elementor-widget-heading\" data-id=\"52a99fb\" data-element_type=\"widget\" data-widget_type=\"heading.default\">\n\t\t\t\t<div class=\"elementor-widget-container\">\n\t\t\t\t\t<h5 class=\"elementor-heading-title elementor-size-default\">Other diagnostic tests<\/h5>\t\t\t\t<\/div>\n\t\t\t\t<\/div>\n\t\t\t\t<div class=\"elementor-element elementor-element-3ae01ce elementor-widget elementor-widget-text-editor\" data-id=\"3ae01ce\" data-element_type=\"widget\" data-widget_type=\"text-editor.default\">\n\t\t\t\t<div class=\"elementor-widget-container\">\n\t\t\t\t\t\t\t\t\t<p>With the help of state-of-the-art equipment, we can also detect specific indicators of heart and pancreas disorders in the blood, or determine whether the bitch is ovulating if you are planning to have puppies.\u00a0\u00a0<\/p>\t\t\t\t\t\t\t\t<\/div>\n\t\t\t\t<\/div>\n\t\t\t\t<\/div>\n\t\t\t\t<\/div>\n\t\t\t\t\t<\/div>\n\t\t\t\t<\/div>\n\t\t<div class=\"elementor-element elementor-element-4190241 e-flex e-con-boxed e-con e-child\" data-id=\"4190241\" data-element_type=\"container\">\n\t\t\t\t\t<div class=\"e-con-inner\">\n\t\t\t\t\t<\/div>\n\t\t\t\t<\/div>\n\t\t<div class=\"elementor-element elementor-element-79502479 e-con-full e-flex e-con e-child\" data-id=\"79502479\" data-element_type=\"container\">\n\t\t\t\t<div class=\"elementor-element elementor-element-eed086c link elementor-widget elementor-widget-text-editor\" data-id=\"eed086c\" data-element_type=\"widget\" data-widget_type=\"text-editor.default\">\n\t\t\t\t<div class=\"elementor-widget-container\">\n\t\t\t\t\t\t\t\t\t<p><a href=\"https:\/\/veterinarska-bolnica-porec.com\/wp-content\/uploads\/2023\/06\/Pretrage-vet-porec.pdf\" target=\"_blank\" rel=\"noopener\"><span style=\"white-space: pre-wrap;\">All tests, in our own laboratory and cooperating licensed laboratories<\/span><\/a><\/p>\t\t\t\t\t\t\t\t<\/div>\n\t\t\t\t<\/div>\n\t\t\t\t<\/div>\n\t\t\t\t\t<\/div>\n\t\t\t\t<\/div>\n\t\t\t\t<\/div>","protected":false},"excerpt":{"rendered":"<p>Veterinarska bolnica Pore\u010d \/ Laboratorij Laboratorij Laboratorijska dijagnostika je ono \u010dime se ponosimo, jer u sklopu na\u0161eg i suradnih laboratorija\u00a0 nudimo\u00a0 cijeli niz pretraga. \u0160to na\u0161 laboratorij nudi? Pretrage krvi\u200b Pretragom krvi va\u0161eg ljubimca mo\u017eemo mnogo toga spoznati. &nbsp;Evo \u0161to mo\u017eemo precizno odrediti na na\u0161im analizatorima. Kompletna krvna slika\u200b Iz par kapljica krvi Va\u0161eg ljubimca, [&hellip;]<\/p>","protected":false},"author":1,"featured_media":0,"parent":0,"menu_order":0,"comment_status":"closed","ping_status":"closed","template":"","meta":{"_acf_changed":false,"site-sidebar-layout":"no-sidebar","site-content-layout":"page-builder","ast-site-content-layout":"default","site-content-style":"default","site-sidebar-style":"default","ast-global-header-display":"","ast-banner-title-visibility":"","ast-main-header-display":"","ast-hfb-above-header-display":"","ast-hfb-below-header-display":"","ast-hfb-mobile-header-display":"","site-post-title":"disabled","ast-breadcrumbs-content":"","ast-featured-img":"disabled","footer-sml-layout":"","theme-transparent-header-meta":"","adv-header-id-meta":"","stick-header-meta":"","header-above-stick-meta":"","header-main-stick-meta":"","header-below-stick-meta":"","astra-migrate-meta-layouts":"default","ast-page-background-enabled":"default","ast-page-background-meta":{"desktop":{"background-color":"","background-image":"","background-repeat":"repeat","background-position":"center center","background-size":"auto","background-attachment":"scroll","background-type":"","background-media":"","overlay-type":"","overlay-color":"","overlay-opacity":"","overlay-gradient":""},"tablet":{"background-color":"","background-image":"","background-repeat":"repeat","background-position":"center center","background-size":"auto","background-attachment":"scroll","background-type":"","background-media":"","overlay-type":"","overlay-color":"","overlay-opacity":"","overlay-gradient":""},"mobile":{"background-color":"","background-image":"","background-repeat":"repeat","background-position":"center center","background-size":"auto","background-attachment":"scroll","background-type":"","background-media":"","overlay-type":"","overlay-color":"","overlay-opacity":"","overlay-gradient":""}},"ast-content-background-meta":{"desktop":{"background-color":"var(--ast-global-color-5)","background-image":"","background-repeat":"repeat","background-position":"center center","background-size":"auto","background-attachment":"scroll","background-type":"","background-media":"","overlay-type":"","overlay-color":"","overlay-opacity":"","overlay-gradient":""},"tablet":{"background-color":"var(--ast-global-color-5)","background-image":"","background-repeat":"repeat","background-position":"center center","background-size":"auto","background-attachment":"scroll","background-type":"","background-media":"","overlay-type":"","overlay-color":"","overlay-opacity":"","overlay-gradient":""},"mobile":{"background-color":"var(--ast-global-color-5)","background-image":"","background-repeat":"repeat","background-position":"center center","background-size":"auto","background-attachment":"scroll","background-type":"","background-media":"","overlay-type":"","overlay-color":"","overlay-opacity":"","overlay-gradient":""}},"footnotes":""},"class_list":["post-2333","page","type-page","status-publish","hentry"],"acf":[],"_links":{"self":[{"href":"https:\/\/veterinarska-bolnica-porec.com\/en\/wp-json\/wp\/v2\/pages\/2333","targetHints":{"allow":["GET"]}}],"collection":[{"href":"https:\/\/veterinarska-bolnica-porec.com\/en\/wp-json\/wp\/v2\/pages"}],"about":[{"href":"https:\/\/veterinarska-bolnica-porec.com\/en\/wp-json\/wp\/v2\/types\/page"}],"author":[{"embeddable":true,"href":"https:\/\/veterinarska-bolnica-porec.com\/en\/wp-json\/wp\/v2\/users\/1"}],"replies":[{"embeddable":true,"href":"https:\/\/veterinarska-bolnica-porec.com\/en\/wp-json\/wp\/v2\/comments?post=2333"}],"version-history":[{"count":0,"href":"https:\/\/veterinarska-bolnica-porec.com\/en\/wp-json\/wp\/v2\/pages\/2333\/revisions"}],"wp:attachment":[{"href":"https:\/\/veterinarska-bolnica-porec.com\/en\/wp-json\/wp\/v2\/media?parent=2333"}],"curies":[{"name":"wp","href":"https:\/\/api.w.org\/{rel}","templated":true}]}}