
{"id":2383,"date":"2023-05-07T17:30:42","date_gmt":"2023-05-07T17:30:42","guid":{"rendered":"http:\/\/localhost:8888\/veterina-porec.com\/?page_id=2383"},"modified":"2023-07-03T13:59:24","modified_gmt":"2023-07-03T13:59:24","slug":"ultrazvucna-dijagnostika-ultra-vet-labin","status":"publish","type":"page","link":"https:\/\/veterinarska-bolnica-porec.com\/en\/ultrazvucna-dijagnostika-ultra-vet-labin\/","title":{"rendered":"Ultrazvu\u010dna dijagnostika &#8211; Ultra Vet Labin"},"content":{"rendered":"<div data-elementor-type=\"wp-page\" data-elementor-id=\"2383\" class=\"elementor elementor-2383\">\n\t\t\t\t<div class=\"elementor-element elementor-element-6af6845 e-flex e-con-boxed e-con e-parent\" data-id=\"6af6845\" data-element_type=\"container\" data-settings=\"{&quot;background_background&quot;:&quot;classic&quot;}\">\n\t\t\t\t\t<div class=\"e-con-inner\">\n\t\t<div class=\"elementor-element elementor-element-eb1171a e-flex e-con-boxed e-con e-child\" data-id=\"eb1171a\" data-element_type=\"container\">\n\t\t\t\t\t<div class=\"e-con-inner\">\n\t\t<div class=\"elementor-element elementor-element-372ecb6 e-con-full e-flex e-con e-child\" data-id=\"372ecb6\" data-element_type=\"container\">\n\t\t\t\t<div class=\"elementor-element elementor-element-e273d35 elementor-widget elementor-widget-text-editor\" data-id=\"e273d35\" data-element_type=\"widget\" data-widget_type=\"text-editor.default\">\n\t\t\t\t<div class=\"elementor-widget-container\">\n\t\t\t\t\t\t\t\t\t<p><strong>Ultra Vet Labin \/ Ultrasound diagnostics<\/strong><\/p>\t\t\t\t\t\t\t\t<\/div>\n\t\t\t\t<\/div>\n\t\t\t\t<div class=\"elementor-element elementor-element-018767b elementor-widget elementor-widget-heading\" data-id=\"018767b\" data-element_type=\"widget\" data-widget_type=\"heading.default\">\n\t\t\t\t<div class=\"elementor-widget-container\">\n\t\t\t\t\t<h2 class=\"elementor-heading-title elementor-size-default\">Ultrasound Diagnostics<\/h2>\t\t\t\t<\/div>\n\t\t\t\t<\/div>\n\t\t\t\t<div class=\"elementor-element elementor-element-580db6d elementor-widget elementor-widget-text-editor\" data-id=\"580db6d\" data-element_type=\"widget\" data-widget_type=\"text-editor.default\">\n\t\t\t\t<div class=\"elementor-widget-container\">\n\t\t\t\t\t\t\t\t\t<div data-id=\"81aaf6c\" data-element_type=\"widget\" data-widget_type=\"text-editor.default\"><p>Ultrasound examination is another method that can be used<span class=\"Apple-converted-space\">\u00a0\u00a0<\/span>look inside the body. Ultrasound waves precisely delineate changes in the heart, kidneys, liver, spleen, intestines, uterus, etc.<\/p><\/div><div class=\"elementor-element elementor-element-f405855 elementor-widget elementor-widget-button\" data-id=\"f405855\" data-element_type=\"widget\" data-widget_type=\"button.default\"><div class=\"elementor-widget-container\"><div class=\"elementor-button-wrapper\">\u00a0<\/div><\/div><\/div>\t\t\t\t\t\t\t\t<\/div>\n\t\t\t\t<\/div>\n\t\t\t\t<div class=\"elementor-element elementor-element-5822540 elementor-hidden-desktop elementor-hidden-tablet elementor-hidden-mobile elementor-widget elementor-widget-button\" data-id=\"5822540\" data-element_type=\"widget\" data-widget_type=\"button.default\">\n\t\t\t\t<div class=\"elementor-widget-container\">\n\t\t\t\t\t\t\t\t\t<div class=\"elementor-button-wrapper\">\n\t\t\t\t\t<a class=\"elementor-button elementor-button-link elementor-size-sm\" href=\"https:\/\/veterinarska-bolnica-porec.com\/en\/kontakt\/\">\n\t\t\t\t\t\t<span class=\"elementor-button-content-wrapper\">\n\t\t\t\t\t\t\t\t\t<span class=\"elementor-button-text\">Our location<\/span>\n\t\t\t\t\t<\/span>\n\t\t\t\t\t<\/a>\n\t\t\t\t<\/div>\n\t\t\t\t\t\t\t\t<\/div>\n\t\t\t\t<\/div>\n\t\t\t\t<\/div>\n\t\t\t\t\t<\/div>\n\t\t\t\t<\/div>\n\t\t\t\t\t<\/div>\n\t\t\t\t<\/div>\n\t\t<div class=\"elementor-element elementor-element-671f84b main-container e-flex e-con-boxed e-con e-parent\" data-id=\"671f84b\" data-element_type=\"container\">\n\t\t\t\t\t<div class=\"e-con-inner\">\n\t\t\t\t<div class=\"elementor-element elementor-element-4f8eb7b elementor-widget elementor-widget-heading\" data-id=\"4f8eb7b\" data-element_type=\"widget\" data-widget_type=\"heading.default\">\n\t\t\t\t<div class=\"elementor-widget-container\">\n\t\t\t\t\t<h2 class=\"elementor-heading-title elementor-size-default\">Performing ultrasound<br>diagnostics<\/h2>\t\t\t\t<\/div>\n\t\t\t\t<\/div>\n\t\t<div class=\"elementor-element elementor-element-d79ffbf e-con-full e-flex e-con e-child\" data-id=\"d79ffbf\" data-element_type=\"container\" data-settings=\"{&quot;background_background&quot;:&quot;classic&quot;}\">\n\t\t\t\t<\/div>\n\t\t\t\t\t<\/div>\n\t\t\t\t<\/div>\n\t\t<div class=\"elementor-element elementor-element-eae1e7a main-container e-flex e-con-boxed e-con e-parent\" data-id=\"eae1e7a\" data-element_type=\"container\">\n\t\t\t\t\t<div class=\"e-con-inner\">\n\t\t<div class=\"elementor-element elementor-element-a08edd4 e-flex e-con-boxed e-con e-child\" data-id=\"a08edd4\" data-element_type=\"container\">\n\t\t\t\t\t<div class=\"e-con-inner\">\n\t\t\t\t<div class=\"elementor-element elementor-element-50dd003 elementor-widget elementor-widget-heading\" data-id=\"50dd003\" data-element_type=\"widget\" data-widget_type=\"heading.default\">\n\t\t\t\t<div class=\"elementor-widget-container\">\n\t\t\t\t\t<h2 class=\"elementor-heading-title elementor-size-default\">Why do we perform it?<\/h2>\t\t\t\t<\/div>\n\t\t\t\t<\/div>\n\t\t\t\t<div class=\"elementor-element elementor-element-9e8fded elementor-widget elementor-widget-text-editor\" data-id=\"9e8fded\" data-element_type=\"widget\" data-widget_type=\"text-editor.default\">\n\t\t\t\t<div class=\"elementor-widget-container\">\n\t\t\t\t\t\t\t\t\t<p>We conduct this search for a number of reasons. We recommend it when we find changes in blood composition, in case of vomiting and diarrhea, emaciation, chronic infections, difficult or excessive urination, suspicion of tumor diseases, infertility, as a pre-operative procedure, etc.<\/p>\t\t\t\t\t\t\t\t<\/div>\n\t\t\t\t<\/div>\n\t\t\t\t<div class=\"elementor-element elementor-element-3b259fe elementor-widget elementor-widget-heading\" data-id=\"3b259fe\" data-element_type=\"widget\" data-widget_type=\"heading.default\">\n\t\t\t\t<div class=\"elementor-widget-container\">\n\t\t\t\t\t<h2 class=\"elementor-heading-title elementor-size-default\">How do we perform it?<\/h2>\t\t\t\t<\/div>\n\t\t\t\t<\/div>\n\t\t\t\t<div class=\"elementor-element elementor-element-f45d86a elementor-widget elementor-widget-text-editor\" data-id=\"f45d86a\" data-element_type=\"widget\" data-widget_type=\"text-editor.default\">\n\t\t\t\t<div class=\"elementor-widget-container\">\n\t\t\t\t\t\t\t\t\t<p>After we have gently picked up your pet, the skillful technical staff will thin the fur to get an authentic representation. Don't worry, the hair in that place will grow in just a few weeks.&nbsp;<span style=\"text-align: var(--text-align); background-color: var(--ast-global-color-4); font-size: 1rem;\">We will inspect a certain area with the probe in detail\nsave the recordings, and then inspect them carefully<\/span><\/p>\t\t\t\t\t\t\t\t<\/div>\n\t\t\t\t<\/div>\n\t\t\t\t<div class=\"elementor-element elementor-element-65a40f5 elementor-widget elementor-widget-button\" data-id=\"65a40f5\" data-element_type=\"widget\" data-widget_type=\"button.default\">\n\t\t\t\t<div class=\"elementor-widget-container\">\n\t\t\t\t\t\t\t\t\t<div class=\"elementor-button-wrapper\">\n\t\t\t\t\t<a class=\"elementor-button elementor-button-link elementor-size-sm\" href=\"https:\/\/veterinarska-bolnica-porec.com\/en\/kontakt\/\">\n\t\t\t\t\t\t<span class=\"elementor-button-content-wrapper\">\n\t\t\t\t\t\t\t\t\t<span class=\"elementor-button-text\">Our location<\/span>\n\t\t\t\t\t<\/span>\n\t\t\t\t\t<\/a>\n\t\t\t\t<\/div>\n\t\t\t\t\t\t\t\t<\/div>\n\t\t\t\t<\/div>\n\t\t\t\t\t<\/div>\n\t\t\t\t<\/div>\n\t\t\t\t\t<\/div>\n\t\t\t\t<\/div>\n\t\t\t\t<\/div>","protected":false},"excerpt":{"rendered":"<p>Ultra Vet Labin \/ Ultrazvu\u010dna dijagnostika Ultrazvu\u010dna Dijagnostika Ultrazvu\u010dna pretraga je jo\u0161 jedna metoda kojom se mo\u017ee\u00a0\u00a0zaviriti u unutra\u0161njost tijela. Ultrazvu\u010dnim valovima se precizno ocrtavaju promjene na srcu, bubrezima, jetri, slezeni, crijevima, maternici i sl. \u00a0 Gdje se nalazimo? Izvo\u0111enje ultrazvu\u010dnedijagnostike Za\u0161to ju izvodimo? Ovu pretragu provodimo iz brojnih razloga. Preporu\u010damo ju kada na\u0111emo promjene [&hellip;]<\/p>","protected":false},"author":1,"featured_media":0,"parent":0,"menu_order":0,"comment_status":"closed","ping_status":"closed","template":"","meta":{"_acf_changed":false,"site-sidebar-layout":"no-sidebar","site-content-layout":"page-builder","ast-site-content-layout":"default","site-content-style":"default","site-sidebar-style":"default","ast-global-header-display":"","ast-banner-title-visibility":"","ast-main-header-display":"","ast-hfb-above-header-display":"","ast-hfb-below-header-display":"","ast-hfb-mobile-header-display":"","site-post-title":"disabled","ast-breadcrumbs-content":"","ast-featured-img":"disabled","footer-sml-layout":"","theme-transparent-header-meta":"","adv-header-id-meta":"","stick-header-meta":"","header-above-stick-meta":"","header-main-stick-meta":"","header-below-stick-meta":"","astra-migrate-meta-layouts":"default","ast-page-background-enabled":"default","ast-page-background-meta":{"desktop":{"background-color":"","background-image":"","background-repeat":"repeat","background-position":"center center","background-size":"auto","background-attachment":"scroll","background-type":"","background-media":"","overlay-type":"","overlay-color":"","overlay-opacity":"","overlay-gradient":""},"tablet":{"background-color":"","background-image":"","background-repeat":"repeat","background-position":"center center","background-size":"auto","background-attachment":"scroll","background-type":"","background-media":"","overlay-type":"","overlay-color":"","overlay-opacity":"","overlay-gradient":""},"mobile":{"background-color":"","background-image":"","background-repeat":"repeat","background-position":"center center","background-size":"auto","background-attachment":"scroll","background-type":"","background-media":"","overlay-type":"","overlay-color":"","overlay-opacity":"","overlay-gradient":""}},"ast-content-background-meta":{"desktop":{"background-color":"var(--ast-global-color-5)","background-image":"","background-repeat":"repeat","background-position":"center center","background-size":"auto","background-attachment":"scroll","background-type":"","background-media":"","overlay-type":"","overlay-color":"","overlay-opacity":"","overlay-gradient":""},"tablet":{"background-color":"var(--ast-global-color-5)","background-image":"","background-repeat":"repeat","background-position":"center center","background-size":"auto","background-attachment":"scroll","background-type":"","background-media":"","overlay-type":"","overlay-color":"","overlay-opacity":"","overlay-gradient":""},"mobile":{"background-color":"var(--ast-global-color-5)","background-image":"","background-repeat":"repeat","background-position":"center center","background-size":"auto","background-attachment":"scroll","background-type":"","background-media":"","overlay-type":"","overlay-color":"","overlay-opacity":"","overlay-gradient":""}},"footnotes":""},"class_list":["post-2383","page","type-page","status-publish","hentry"],"acf":[],"_links":{"self":[{"href":"https:\/\/veterinarska-bolnica-porec.com\/en\/wp-json\/wp\/v2\/pages\/2383","targetHints":{"allow":["GET"]}}],"collection":[{"href":"https:\/\/veterinarska-bolnica-porec.com\/en\/wp-json\/wp\/v2\/pages"}],"about":[{"href":"https:\/\/veterinarska-bolnica-porec.com\/en\/wp-json\/wp\/v2\/types\/page"}],"author":[{"embeddable":true,"href":"https:\/\/veterinarska-bolnica-porec.com\/en\/wp-json\/wp\/v2\/users\/1"}],"replies":[{"embeddable":true,"href":"https:\/\/veterinarska-bolnica-porec.com\/en\/wp-json\/wp\/v2\/comments?post=2383"}],"version-history":[{"count":0,"href":"https:\/\/veterinarska-bolnica-porec.com\/en\/wp-json\/wp\/v2\/pages\/2383\/revisions"}],"wp:attachment":[{"href":"https:\/\/veterinarska-bolnica-porec.com\/en\/wp-json\/wp\/v2\/media?parent=2383"}],"curies":[{"name":"wp","href":"https:\/\/api.w.org\/{rel}","templated":true}]}}