
{"id":5248,"date":"2023-05-30T12:24:10","date_gmt":"2023-05-30T12:24:10","guid":{"rendered":"http:\/\/localhost:8888\/veterina-porec.com\/?page_id=5248"},"modified":"2023-07-07T10:52:32","modified_gmt":"2023-07-07T10:52:32","slug":"wellness","status":"publish","type":"page","link":"https:\/\/veterinarska-bolnica-porec.com\/en\/wellness\/","title":{"rendered":"Wellness"},"content":{"rendered":"<div data-elementor-type=\"wp-page\" data-elementor-id=\"5248\" class=\"elementor elementor-5248\">\n\t\t\t\t<div class=\"elementor-element elementor-element-4c4b634a main-container e-flex e-con-boxed e-con e-parent\" data-id=\"4c4b634a\" data-element_type=\"container\" data-settings=\"{&quot;background_background&quot;:&quot;classic&quot;}\">\n\t\t\t\t\t<div class=\"e-con-inner\">\n\t\t<div class=\"elementor-element elementor-element-72293551 e-flex e-con-boxed e-con e-child\" data-id=\"72293551\" data-element_type=\"container\">\n\t\t\t\t\t<div class=\"e-con-inner\">\n\t\t<div class=\"elementor-element elementor-element-7d5509bc e-con-full e-flex e-con e-child\" data-id=\"7d5509bc\" data-element_type=\"container\">\n\t\t\t\t<div class=\"elementor-element elementor-element-5a39b055 elementor-widget elementor-widget-heading\" data-id=\"5a39b055\" data-element_type=\"widget\" data-widget_type=\"heading.default\">\n\t\t\t\t<div class=\"elementor-widget-container\">\n\t\t\t\t\t<h2 class=\"elementor-heading-title elementor-size-default\">Welness\n<\/h2>\t\t\t\t<\/div>\n\t\t\t\t<\/div>\n\t\t\t\t<div class=\"elementor-element elementor-element-77c5bbd1 elementor-hidden-desktop elementor-hidden-tablet elementor-hidden-mobile elementor-widget elementor-widget-button\" data-id=\"77c5bbd1\" data-element_type=\"widget\" data-widget_type=\"button.default\">\n\t\t\t\t<div class=\"elementor-widget-container\">\n\t\t\t\t\t\t\t\t\t<div class=\"elementor-button-wrapper\">\n\t\t\t\t\t<a class=\"elementor-button elementor-button-link elementor-size-sm\" href=\"https:\/\/veterinarska-bolnica-porec.com\/en\/kontakt\/\">\n\t\t\t\t\t\t<span class=\"elementor-button-content-wrapper\">\n\t\t\t\t\t\t\t\t\t<span class=\"elementor-button-text\">Contact<\/span>\n\t\t\t\t\t<\/span>\n\t\t\t\t\t<\/a>\n\t\t\t\t<\/div>\n\t\t\t\t\t\t\t\t<\/div>\n\t\t\t\t<\/div>\n\t\t\t\t<\/div>\n\t\t\t\t\t<\/div>\n\t\t\t\t<\/div>\n\t\t\t\t\t<\/div>\n\t\t\t\t<\/div>\n\t\t<div class=\"elementor-element elementor-element-25d301b5 main-container e-flex e-con-boxed e-con e-parent\" data-id=\"25d301b5\" data-element_type=\"container\">\n\t\t\t\t\t<div class=\"e-con-inner\">\n\t\t\t\t<div class=\"elementor-element elementor-element-22a4521e elementor-widget elementor-widget-heading\" data-id=\"22a4521e\" data-element_type=\"widget\" data-widget_type=\"heading.default\">\n\t\t\t\t<div class=\"elementor-widget-container\">\n\t\t\t\t\t<h2 class=\"elementor-heading-title elementor-size-default\">\u0160to na\u0161 wellness <br>\noffer?<\/h2>\t\t\t\t<\/div>\n\t\t\t\t<\/div>\n\t\t<div class=\"elementor-element elementor-element-3a65b024 e-con-full e-flex e-con e-child\" data-id=\"3a65b024\" data-element_type=\"container\" data-settings=\"{&quot;background_background&quot;:&quot;classic&quot;}\">\n\t\t\t\t<\/div>\n\t\t\t\t\t<\/div>\n\t\t\t\t<\/div>\n\t\t<div class=\"elementor-element elementor-element-719655c7 main-container e-flex e-con-boxed e-con e-parent\" data-id=\"719655c7\" data-element_type=\"container\">\n\t\t\t\t\t<div class=\"e-con-inner\">\n\t\t<div class=\"elementor-element elementor-element-200bae2 e-flex e-con-boxed e-con e-child\" data-id=\"200bae2\" data-element_type=\"container\">\n\t\t\t\t\t<div class=\"e-con-inner\">\n\t\t<div class=\"elementor-element elementor-element-3d3ac22e e-con-full lab-card e-flex e-con e-child\" data-id=\"3d3ac22e\" data-element_type=\"container\">\n\t\t<a class=\"elementor-element elementor-element-15a95aa8 e-con-full e-flex e-con e-child\" data-id=\"15a95aa8\" data-element_type=\"container\" data-settings=\"{&quot;background_background&quot;:&quot;classic&quot;}\" href=\"http:\/\/localhost:8888\/veterina-porec.com\/wellness-plan-za-stene\/\">\n\t\t\t\t<\/a>\n\t\t<div class=\"elementor-element elementor-element-48249db3 e-con-full e-flex e-con e-child\" data-id=\"48249db3\" data-element_type=\"container\">\n\t\t\t\t<div class=\"elementor-element elementor-element-4e86693b elementor-widget elementor-widget-heading\" data-id=\"4e86693b\" data-element_type=\"widget\" data-widget_type=\"heading.default\">\n\t\t\t\t<div class=\"elementor-widget-container\">\n\t\t\t\t\t<h5 class=\"elementor-heading-title elementor-size-default\">Wellness plan for puppies<\/h5>\t\t\t\t<\/div>\n\t\t\t\t<\/div>\n\t\t\t\t<div class=\"elementor-element elementor-element-d64d6fd elementor-widget elementor-widget-text-editor\" data-id=\"d64d6fd\" data-element_type=\"widget\" data-widget_type=\"text-editor.default\">\n\t\t\t\t<div class=\"elementor-widget-container\">\n\t\t\t\t\t\t\t\t\t<div class=\"vc_row wpb_row vc_inner vc_row-fluid\"><div class=\"wpb_column vc_column_container vc_col-sm-8\"><div class=\"vc_column-inner\"><div class=\"wpb_wrapper\"><div class=\"wpb_text_column wpb_content_element\"><div class=\"wpb_wrapper\"><p>In order to ensure proper growth and development, the puppy needs special veterinary care. Now you can provide him with the best care with an optimal wellness package of specially designed services.<\/p><\/div><\/div><\/div><\/div><\/div><\/div><div id=\"ts-vcsc-button-4916865\" class=\"ts-button-parent ts-button-type-rounded\">\u00a0<\/div>\t\t\t\t\t\t\t\t<\/div>\n\t\t\t\t<\/div>\n\t\t\t\t<div class=\"elementor-element elementor-element-5d7750da card-link elementor-widget elementor-widget-text-editor\" data-id=\"5d7750da\" data-element_type=\"widget\" data-widget_type=\"text-editor.default\">\n\t\t\t\t<div class=\"elementor-widget-container\">\n\t\t\t\t\t\t\t\t\t<p><a href=\"https:\/\/veterinarska-bolnica-porec.com\/en\/wellness-plan-za-odraslog-psa\/\"><span style=\"white-space: pre-wrap;\">Find out more<\/span><\/a><\/p>\t\t\t\t\t\t\t\t<\/div>\n\t\t\t\t<\/div>\n\t\t\t\t<\/div>\n\t\t\t\t<\/div>\n\t\t<div class=\"elementor-element elementor-element-7cc6f77 e-con-full lab-card e-flex e-con e-child\" data-id=\"7cc6f77\" data-element_type=\"container\">\n\t\t<a class=\"elementor-element elementor-element-5ed79e8 e-con-full e-flex e-con e-child\" data-id=\"5ed79e8\" data-element_type=\"container\" data-settings=\"{&quot;background_background&quot;:&quot;classic&quot;}\" href=\"http:\/\/localhost:8888\/veterina-porec.com\/wellness-plan-za-macica\/\">\n\t\t\t\t<\/a>\n\t\t<div class=\"elementor-element elementor-element-462980f6 e-con-full e-flex e-con e-child\" data-id=\"462980f6\" data-element_type=\"container\">\n\t\t\t\t<div class=\"elementor-element elementor-element-763096b3 elementor-widget elementor-widget-heading\" data-id=\"763096b3\" data-element_type=\"widget\" data-widget_type=\"heading.default\">\n\t\t\t\t<div class=\"elementor-widget-container\">\n\t\t\t\t\t<h5 class=\"elementor-heading-title elementor-size-default\">Wellness plan for kittens<\/h5>\t\t\t\t<\/div>\n\t\t\t\t<\/div>\n\t\t\t\t<div class=\"elementor-element elementor-element-4a6a64f9 elementor-widget elementor-widget-text-editor\" data-id=\"4a6a64f9\" data-element_type=\"widget\" data-widget_type=\"text-editor.default\">\n\t\t\t\t<div class=\"elementor-widget-container\">\n\t\t\t\t\t\t\t\t\t<div class=\"vc_row wpb_row vc_inner vc_row-fluid\"><div class=\"wpb_column vc_column_container vc_col-sm-8\"><div class=\"vc_column-inner\"><div class=\"wpb_wrapper\"><div class=\"wpb_text_column wpb_content_element\"><div class=\"wpb_wrapper\"><p>Ma\u010di\u0107u koji raste treba tako\u0111er veterinarska skrb. Najbolje \u0161to mu mo\u017eete pru\u017eiti je na\u0161 wellness paket koji je\u00a0 specijalno dizajniran za njegovu dob.<\/p><\/div><\/div><\/div><\/div><\/div><\/div><div id=\"ts-vcsc-button-1522878\" class=\"ts-button-parent ts-button-type-rounded\">\u00a0<\/div>\t\t\t\t\t\t\t\t<\/div>\n\t\t\t\t<\/div>\n\t\t\t\t<div class=\"elementor-element elementor-element-13606d18 card-link elementor-widget elementor-widget-text-editor\" data-id=\"13606d18\" data-element_type=\"widget\" data-widget_type=\"text-editor.default\">\n\t\t\t\t<div class=\"elementor-widget-container\">\n\t\t\t\t\t\t\t\t\t<p><a href=\"https:\/\/veterinarska-bolnica-porec.com\/en\/wellness-plan-za-macica\/\"><span style=\"white-space: pre-wrap;\">Find out more<\/span><\/a><\/p>\t\t\t\t\t\t\t\t<\/div>\n\t\t\t\t<\/div>\n\t\t\t\t<\/div>\n\t\t\t\t<\/div>\n\t\t\t\t\t<\/div>\n\t\t\t\t<\/div>\n\t\t<div class=\"elementor-element elementor-element-2fc7e0bb e-flex e-con-boxed e-con e-child\" data-id=\"2fc7e0bb\" data-element_type=\"container\">\n\t\t\t\t\t<div class=\"e-con-inner\">\n\t\t<div class=\"elementor-element elementor-element-114c15bb e-con-full lab-card e-flex e-con e-child\" data-id=\"114c15bb\" data-element_type=\"container\">\n\t\t<a class=\"elementor-element elementor-element-3ccac4b8 e-con-full e-flex e-con e-child\" data-id=\"3ccac4b8\" data-element_type=\"container\" data-settings=\"{&quot;background_background&quot;:&quot;classic&quot;}\" href=\"http:\/\/localhost:8888\/veterina-porec.com\/wellness-plan-za-odraslu-macku\/\">\n\t\t\t\t<\/a>\n\t\t<div class=\"elementor-element elementor-element-7ad7764a e-con-full e-flex e-con e-child\" data-id=\"7ad7764a\" data-element_type=\"container\">\n\t\t\t\t<div class=\"elementor-element elementor-element-1d8056bd elementor-widget elementor-widget-heading\" data-id=\"1d8056bd\" data-element_type=\"widget\" data-widget_type=\"heading.default\">\n\t\t\t\t<div class=\"elementor-widget-container\">\n\t\t\t\t\t<h5 class=\"elementor-heading-title elementor-size-default\">Wellness plan for a senior cat<\/h5>\t\t\t\t<\/div>\n\t\t\t\t<\/div>\n\t\t\t\t<div class=\"elementor-element elementor-element-16ca319c elementor-widget elementor-widget-text-editor\" data-id=\"16ca319c\" data-element_type=\"widget\" data-widget_type=\"text-editor.default\">\n\t\t\t\t<div class=\"elementor-widget-container\">\n\t\t\t\t\t\t\t\t\t<div class=\"vc_row wpb_row vc_inner vc_row-fluid\"><div class=\"wpb_column vc_column_container vc_col-sm-8\"><div class=\"vc_column-inner\"><div class=\"wpb_wrapper\"><div class=\"wpb_text_column wpb_content_element\"><div class=\"wpb_wrapper\"><p>Ma\u010dke izuzetno dobro skrivaju svoje osje\u0107aje osobito \u00a0bol. Zato je neobi\u010dno va\u017eno osigurati im povremene preglede kako bi se na vrijeme moglo intervenirati.<\/p><\/div><\/div><\/div><\/div><\/div><\/div><div id=\"ts-vcsc-button-8139513\" class=\"ts-button-parent ts-button-type-rounded\">\u00a0<\/div>\t\t\t\t\t\t\t\t<\/div>\n\t\t\t\t<\/div>\n\t\t\t\t<div class=\"elementor-element elementor-element-51f6ddfc card-link elementor-widget elementor-widget-text-editor\" data-id=\"51f6ddfc\" data-element_type=\"widget\" data-widget_type=\"text-editor.default\">\n\t\t\t\t<div class=\"elementor-widget-container\">\n\t\t\t\t\t\t\t\t\t<p><a href=\"https:\/\/veterinarska-bolnica-porec.com\/en\/wellness-plan-za-odraslu-macku\/\"><span style=\"white-space: pre-wrap;\">Find out more<\/span><\/a><\/p>\t\t\t\t\t\t\t\t<\/div>\n\t\t\t\t<\/div>\n\t\t\t\t<\/div>\n\t\t\t\t<\/div>\n\t\t<div class=\"elementor-element elementor-element-1e0ee468 e-con-full lab-card e-flex e-con e-child\" data-id=\"1e0ee468\" data-element_type=\"container\">\n\t\t<a class=\"elementor-element elementor-element-541c5cc4 e-con-full e-flex e-con e-child\" data-id=\"541c5cc4\" data-element_type=\"container\" data-settings=\"{&quot;background_background&quot;:&quot;classic&quot;}\" href=\"http:\/\/localhost:8888\/veterina-porec.com\/wellness-plan-za-odraslog-psa\/\">\n\t\t\t\t<\/a>\n\t\t<div class=\"elementor-element elementor-element-721f615f e-con-full e-flex e-con e-child\" data-id=\"721f615f\" data-element_type=\"container\">\n\t\t\t\t<div class=\"elementor-element elementor-element-763b2ab3 elementor-widget elementor-widget-heading\" data-id=\"763b2ab3\" data-element_type=\"widget\" data-widget_type=\"heading.default\">\n\t\t\t\t<div class=\"elementor-widget-container\">\n\t\t\t\t\t<h5 class=\"elementor-heading-title elementor-size-default\">Wellness plan for an older dog<\/h5>\t\t\t\t<\/div>\n\t\t\t\t<\/div>\n\t\t\t\t<div class=\"elementor-element elementor-element-5036514c elementor-widget elementor-widget-text-editor\" data-id=\"5036514c\" data-element_type=\"widget\" data-widget_type=\"text-editor.default\">\n\t\t\t\t<div class=\"elementor-widget-container\">\n\t\t\t\t\t\t\t\t\t<div class=\"vc_row wpb_row vc_inner vc_row-fluid\"><div class=\"wpb_column vc_column_container vc_col-sm-8\"><div class=\"vc_column-inner\"><div class=\"wpb_wrapper\"><div class=\"wpb_text_column wpb_content_element\"><div class=\"wpb_wrapper\"><p>Prevention is better than cure, that is a well-known saying that fully corresponds to the necessity of regular examinations in older dogs in order to be able to act on time.<\/p><\/div><\/div><\/div><\/div><\/div><\/div><div id=\"ts-vcsc-button-4904254\" class=\"ts-button-parent ts-button-type-rounded\">\u00a0<\/div>\t\t\t\t\t\t\t\t<\/div>\n\t\t\t\t<\/div>\n\t\t\t\t<div class=\"elementor-element elementor-element-2d9acb94 card-link elementor-widget elementor-widget-text-editor\" data-id=\"2d9acb94\" data-element_type=\"widget\" data-widget_type=\"text-editor.default\">\n\t\t\t\t<div class=\"elementor-widget-container\">\n\t\t\t\t\t\t\t\t\t<p><a href=\"https:\/\/veterinarska-bolnica-porec.com\/en\/wellness-plan-za-odraslog-psa\/\"><span style=\"white-space: pre-wrap;\">Find out more<\/span><\/a><\/p>\t\t\t\t\t\t\t\t<\/div>\n\t\t\t\t<\/div>\n\t\t\t\t<\/div>\n\t\t\t\t<\/div>\n\t\t\t\t\t<\/div>\n\t\t\t\t<\/div>\n\t\t\t\t\t<\/div>\n\t\t\t\t<\/div>\n\t\t\t\t<\/div>","protected":false},"excerpt":{"rendered":"<p>Welness Na\u0161 kontakt \u0160to na\u0161 wellness nudi? Wellness plan za \u0161tene Kako bi osigurali pravilan rast i razvoj \u0161tenetu je neophodna specijalna veterinarska skrb. Sada mu najbolju skrb mo\u017eete osigurati optimalnim wellness paketom usluga namijenjenog upravo njegovom uzrastu. \u00a0 Saznaj vi\u0161e Wellness plan za ma\u010di\u0107a Ma\u010di\u0107u koji raste treba tako\u0111er veterinarska skrb. Najbolje \u0161to mu [&hellip;]<\/p>","protected":false},"author":1,"featured_media":0,"parent":0,"menu_order":0,"comment_status":"closed","ping_status":"closed","template":"","meta":{"_acf_changed":false,"site-sidebar-layout":"no-sidebar","site-content-layout":"page-builder","ast-site-content-layout":"default","site-content-style":"default","site-sidebar-style":"default","ast-global-header-display":"","ast-banner-title-visibility":"","ast-main-header-display":"","ast-hfb-above-header-display":"","ast-hfb-below-header-display":"","ast-hfb-mobile-header-display":"","site-post-title":"disabled","ast-breadcrumbs-content":"","ast-featured-img":"disabled","footer-sml-layout":"","theme-transparent-header-meta":"","adv-header-id-meta":"","stick-header-meta":"","header-above-stick-meta":"","header-main-stick-meta":"","header-below-stick-meta":"","astra-migrate-meta-layouts":"default","ast-page-background-enabled":"default","ast-page-background-meta":{"desktop":{"background-color":"","background-image":"","background-repeat":"repeat","background-position":"center center","background-size":"auto","background-attachment":"scroll","background-type":"","background-media":"","overlay-type":"","overlay-color":"","overlay-opacity":"","overlay-gradient":""},"tablet":{"background-color":"","background-image":"","background-repeat":"repeat","background-position":"center center","background-size":"auto","background-attachment":"scroll","background-type":"","background-media":"","overlay-type":"","overlay-color":"","overlay-opacity":"","overlay-gradient":""},"mobile":{"background-color":"","background-image":"","background-repeat":"repeat","background-position":"center center","background-size":"auto","background-attachment":"scroll","background-type":"","background-media":"","overlay-type":"","overlay-color":"","overlay-opacity":"","overlay-gradient":""}},"ast-content-background-meta":{"desktop":{"background-color":"var(--ast-global-color-5)","background-image":"","background-repeat":"repeat","background-position":"center center","background-size":"auto","background-attachment":"scroll","background-type":"","background-media":"","overlay-type":"","overlay-color":"","overlay-opacity":"","overlay-gradient":""},"tablet":{"background-color":"var(--ast-global-color-5)","background-image":"","background-repeat":"repeat","background-position":"center center","background-size":"auto","background-attachment":"scroll","background-type":"","background-media":"","overlay-type":"","overlay-color":"","overlay-opacity":"","overlay-gradient":""},"mobile":{"background-color":"var(--ast-global-color-5)","background-image":"","background-repeat":"repeat","background-position":"center center","background-size":"auto","background-attachment":"scroll","background-type":"","background-media":"","overlay-type":"","overlay-color":"","overlay-opacity":"","overlay-gradient":""}},"footnotes":""},"class_list":["post-5248","page","type-page","status-publish","hentry"],"acf":[],"_links":{"self":[{"href":"https:\/\/veterinarska-bolnica-porec.com\/en\/wp-json\/wp\/v2\/pages\/5248","targetHints":{"allow":["GET"]}}],"collection":[{"href":"https:\/\/veterinarska-bolnica-porec.com\/en\/wp-json\/wp\/v2\/pages"}],"about":[{"href":"https:\/\/veterinarska-bolnica-porec.com\/en\/wp-json\/wp\/v2\/types\/page"}],"author":[{"embeddable":true,"href":"https:\/\/veterinarska-bolnica-porec.com\/en\/wp-json\/wp\/v2\/users\/1"}],"replies":[{"embeddable":true,"href":"https:\/\/veterinarska-bolnica-porec.com\/en\/wp-json\/wp\/v2\/comments?post=5248"}],"version-history":[{"count":0,"href":"https:\/\/veterinarska-bolnica-porec.com\/en\/wp-json\/wp\/v2\/pages\/5248\/revisions"}],"wp:attachment":[{"href":"https:\/\/veterinarska-bolnica-porec.com\/en\/wp-json\/wp\/v2\/media?parent=5248"}],"curies":[{"name":"wp","href":"https:\/\/api.w.org\/{rel}","templated":true}]}}