
{"id":5727,"date":"2023-06-02T15:01:26","date_gmt":"2023-06-02T15:01:26","guid":{"rendered":"http:\/\/localhost:8888\/veterina-porec.com\/?page_id=5727"},"modified":"2023-06-26T13:38:27","modified_gmt":"2023-06-26T13:38:27","slug":"cijepljenje-kucnih-ljubimaca","status":"publish","type":"page","link":"https:\/\/veterinarska-bolnica-porec.com\/en\/cijepljenje-kucnih-ljubimaca\/","title":{"rendered":"Cijepljenje ku\u010dnih ljubimaca"},"content":{"rendered":"<div data-elementor-type=\"wp-page\" data-elementor-id=\"5727\" class=\"elementor elementor-5727\">\n\t\t\t\t<div class=\"elementor-element elementor-element-dc00667 main-container e-flex e-con-boxed e-con e-parent\" data-id=\"dc00667\" data-element_type=\"container\" data-settings=\"{&quot;background_background&quot;:&quot;classic&quot;}\">\n\t\t\t\t\t<div class=\"e-con-inner\">\n\t\t<div class=\"elementor-element elementor-element-e9e42a9 e-flex e-con-boxed e-con e-child\" data-id=\"e9e42a9\" data-element_type=\"container\">\n\t\t\t\t\t<div class=\"e-con-inner\">\n\t\t<div class=\"elementor-element elementor-element-434aeae e-con-full e-flex e-con e-child\" data-id=\"434aeae\" data-element_type=\"container\">\n\t\t\t\t<div class=\"elementor-element elementor-element-8a8fda4 elementor-widget elementor-widget-heading\" data-id=\"8a8fda4\" data-element_type=\"widget\" data-widget_type=\"heading.default\">\n\t\t\t\t<div class=\"elementor-widget-container\">\n\t\t\t\t\t<h2 class=\"elementor-heading-title elementor-size-default\">Cijepljenje ku\u0107nih<br>ljubimaca<\/h2>\t\t\t\t<\/div>\n\t\t\t\t<\/div>\n\t\t\t\t<div class=\"elementor-element elementor-element-22ff47d elementor-widget elementor-widget-text-editor\" data-id=\"22ff47d\" data-element_type=\"widget\" data-widget_type=\"text-editor.default\">\n\t\t\t\t<div class=\"elementor-widget-container\">\n\t\t\t\t\t\t\t\t\t<div class=\"wpb_text_column wpb_content_element  wpb_animate_when_almost_visible wpb_left-to-right left-to-right vc_custom_1422698090795 okruglo wpb_start_animation animated\"><div class=\"wpb_wrapper\"><p>We provide your pets with protection against dangerous infectious diseases according to the highest standards.<\/p><\/div><\/div>\t\t\t\t\t\t\t\t<\/div>\n\t\t\t\t<\/div>\n\t\t\t\t<div class=\"elementor-element elementor-element-be00d42 elementor-hidden-desktop elementor-hidden-tablet elementor-hidden-mobile elementor-widget elementor-widget-button\" data-id=\"be00d42\" data-element_type=\"widget\" data-widget_type=\"button.default\">\n\t\t\t\t<div class=\"elementor-widget-container\">\n\t\t\t\t\t\t\t\t\t<div class=\"elementor-button-wrapper\">\n\t\t\t\t\t<a class=\"elementor-button elementor-button-link elementor-size-sm\" href=\"https:\/\/veterinarska-bolnica-porec.com\/en\/kontakt\/\">\n\t\t\t\t\t\t<span class=\"elementor-button-content-wrapper\">\n\t\t\t\t\t\t\t\t\t<span class=\"elementor-button-text\">na\u0161 kontakt<\/span>\n\t\t\t\t\t<\/span>\n\t\t\t\t\t<\/a>\n\t\t\t\t<\/div>\n\t\t\t\t\t\t\t\t<\/div>\n\t\t\t\t<\/div>\n\t\t\t\t<\/div>\n\t\t\t\t\t<\/div>\n\t\t\t\t<\/div>\n\t\t\t\t\t<\/div>\n\t\t\t\t<\/div>\n\t\t<div class=\"elementor-element elementor-element-3526dbd main-container e-flex e-con-boxed e-con e-parent\" data-id=\"3526dbd\" data-element_type=\"container\">\n\t\t\t\t\t<div class=\"e-con-inner\">\n\t\t\t\t<div class=\"elementor-element elementor-element-b4584c1 elementor-widget elementor-widget-heading\" data-id=\"b4584c1\" data-element_type=\"widget\" data-widget_type=\"heading.default\">\n\t\t\t\t<div class=\"elementor-widget-container\">\n\t\t\t\t\t<h2 class=\"elementor-heading-title elementor-size-default\">What do we offer?<\/h2>\t\t\t\t<\/div>\n\t\t\t\t<\/div>\n\t\t<div class=\"elementor-element elementor-element-37cb536 e-con-full e-flex e-con e-child\" data-id=\"37cb536\" data-element_type=\"container\" data-settings=\"{&quot;background_background&quot;:&quot;classic&quot;}\">\n\t\t\t\t<\/div>\n\t\t\t\t<div class=\"elementor-element elementor-element-464ec98 elementor-widget elementor-widget-text-editor\" data-id=\"464ec98\" data-element_type=\"widget\" data-widget_type=\"text-editor.default\">\n\t\t\t\t<div class=\"elementor-widget-container\">\n\t\t\t\t\t\t\t\t\t<p>Va\u0161i ljubimcima osiguravamo osigurati za\u0161titu od opasnih zaraznih bolesti prema najvi\u0161im standardima. U ponudi su cjepiva svih renomiranih proizvo\u0111a\u010da proizvedenih najsuvremenijom tehnologijom. Pored obveznog cijepljenja protiv bjesno\u0107e za \u0161to smo registrirani od strane Ministarstva poljoprivrede Republike Hrvatske u ponudi je \u010ditav niz cjepiva protiv \u0161tene\u0107aka, parvoviroze pasa, zaraznog hepatitisa, leptospiroze i herpes virusne infekcije pasa. Ma\u010dkama osiguravamo za\u0161titu od panleukopenije,\u00a0 di\u0161nih virusnih bolesti, leukemije ma\u010daka i klamidofiloze.<\/p><div class=\"adn ads\"><div class=\"gs\"><div id=\":19k\" class=\"ii gt m14a4e15a3d2a0c6f adP adO\"><div id=\":19j\" class=\"a3s\"><div dir=\"ltr\">\u00a0<\/div><\/div><\/div><\/div><\/div>\t\t\t\t\t\t\t\t<\/div>\n\t\t\t\t<\/div>\n\t\t\t\t<div class=\"elementor-element elementor-element-27c1434 elementor-hidden-desktop elementor-hidden-tablet elementor-hidden-mobile elementor-widget elementor-widget-button\" data-id=\"27c1434\" data-element_type=\"widget\" data-widget_type=\"button.default\">\n\t\t\t\t<div class=\"elementor-widget-container\">\n\t\t\t\t\t\t\t\t\t<div class=\"elementor-button-wrapper\">\n\t\t\t\t\t<a class=\"elementor-button elementor-button-link elementor-size-sm\" href=\"https:\/\/veterinarska-bolnica-porec.com\/en\/kontakt\/\">\n\t\t\t\t\t\t<span class=\"elementor-button-content-wrapper\">\n\t\t\t\t\t\t\t\t\t<span class=\"elementor-button-text\">Contact<\/span>\n\t\t\t\t\t<\/span>\n\t\t\t\t\t<\/a>\n\t\t\t\t<\/div>\n\t\t\t\t\t\t\t\t<\/div>\n\t\t\t\t<\/div>\n\t\t\t\t\t<\/div>\n\t\t\t\t<\/div>\n\t\t<div class=\"elementor-element elementor-element-5bdfd803 main-container e-flex e-con-boxed e-con e-parent\" data-id=\"5bdfd803\" data-element_type=\"container\" data-settings=\"{&quot;background_background&quot;:&quot;classic&quot;}\">\n\t\t\t\t\t<div class=\"e-con-inner\">\n\t\t<div class=\"elementor-element elementor-element-16b5462e e-con-full e-flex e-con e-child\" data-id=\"16b5462e\" data-element_type=\"container\">\n\t\t\t\t<div class=\"elementor-element elementor-element-644d08a4 elementor-widget elementor-widget-heading\" data-id=\"644d08a4\" data-element_type=\"widget\" data-widget_type=\"heading.default\">\n\t\t\t\t<div class=\"elementor-widget-container\">\n\t\t\t\t\t<h2 class=\"elementor-heading-title elementor-size-default\">Klamidofiloza<\/h2>\t\t\t\t<\/div>\n\t\t\t\t<\/div>\n\t\t\t\t<div class=\"elementor-element elementor-element-456469d1 elementor-widget elementor-widget-text-editor\" data-id=\"456469d1\" data-element_type=\"widget\" data-widget_type=\"text-editor.default\">\n\t\t\t\t<div class=\"elementor-widget-container\">\n\t\t\t\t\t\t\t\t\t<p>Hitro k veterinaru kad primjetimo iscjedak iz oiju na\u0161eg ma\u010di\u0107a.U posljednje vrjeme bilje\u017eimo sve vi\u0161e i vi\u0161e slu\u010dajeva bolesnih ma\u010di\u0107a u kojih se uo\u010dava u po\u010detku vodenasti a potom gnojni iscjedak iz o\u010diju. Ovakve promjene su naj\u010de\u0161\u0107e uzrokovane mikroorganizmima, virusima, ali i bakterijama u prvom redu bakterijom o kojoj se u posljednje vrijeme mnogo govori. \u010cesta je to tema me\u0111u ma\u010dkoljupcima, osobito uzgajiva\u010dima pa smatramo shodnim ukratko obrazlo\u017eiti problem. Ma\u010di\u0107i su ina\u010de vrlo osjetljivi ljubimci pa je zato vrlo va\u017eno sprije\u010diti i ovu bolest. No o tome ne\u0161to kasnije. Pa kakva je to bakterija? Njen stru\u010dni naziv je Clamydophila felis \u0161to i samo ime govori da se radi o ma\u010djem problemu. Vrlo je sli\u010dna bakteriji koja uzrokuje bolest u ptica ku\u0107nih ljubimaca no za razliku od pti\u010dje vrste, ova ma\u010dja nije opasna za ljude. Radi se o vrlo sitnom mikroorganizmu koji napada stanice o\u010dnih spojnica ( konjunktiva) \u0161to dovodi do upale, ote\u010denja, obilnog vodenastog , a potom i \u017eutog gnojnog iscjedka. \u017delite li saznati ne\u0161to vi\u0161e o tome kako otkrivamo bolest i uspje\u0161no lije\u010dimo posjetite na\u0161u stranicu i rubriku Usluge, cijepljenje ku\u0107nih ljubimaca.<\/p><p>\u00a0<\/p><p>U po\u010detku promjene zahva\u0107aju jedno oko, no vez za nekoliko dana eto\u00a0 promjena i na drugom oku.\u00a0 Bol\u00a0 prisiljava ma\u010dku da dr\u017ei zatvorene o\u010di ( blefarospazam). Mjerimo li temperaturu primjetit \u0107emo da je ne\u0161to povi\u0161ena (normalna temperatura\u00a0 mo\u017ee narasti do 39,5 o C). Ma\u010dka \u0107e uslijed bolesti i nerado jesti.<\/p>\t\t\t\t\t\t\t\t<\/div>\n\t\t\t\t<\/div>\n\t\t\t\t<div class=\"elementor-element elementor-element-7cdb6db elementor-widget elementor-widget-heading\" data-id=\"7cdb6db\" data-element_type=\"widget\" data-widget_type=\"heading.default\">\n\t\t\t\t<div class=\"elementor-widget-container\">\n\t\t\t\t\t<h4 class=\"elementor-heading-title elementor-size-default\">Kako mo\u017eemo otkriti uzro\u010dnika?<\/h4>\t\t\t\t<\/div>\n\t\t\t\t<\/div>\n\t\t\t\t<div class=\"elementor-element elementor-element-5a18534 elementor-widget elementor-widget-text-editor\" data-id=\"5a18534\" data-element_type=\"widget\" data-widget_type=\"text-editor.default\">\n\t\t\t\t<div class=\"elementor-widget-container\">\n\t\t\t\t\t\t\t\t\t<p>Uzro\u010dnik je vrlo sitan i spretnom dijagnosti\u010daru ne\u0107e promaknuti ako se uzme strugotina sluznice i oboja specijalnim bojama. No svakako mnogo pouzdanija je pretraga kojom se dokazuje prisutnost DNA uzro\u010dnika koja se naziva lan\u010dana reakcija polimerazom ( engl. polymerase chain reaction, PCR). Ovu pretragu realiziramo u suradnji sa suradnim laboratorijem u inozemstvu.<\/p>\t\t\t\t\t\t\t\t<\/div>\n\t\t\t\t<\/div>\n\t\t\t\t<div class=\"elementor-element elementor-element-9860588 elementor-widget elementor-widget-heading\" data-id=\"9860588\" data-element_type=\"widget\" data-widget_type=\"heading.default\">\n\t\t\t\t<div class=\"elementor-widget-container\">\n\t\t\t\t\t<h4 class=\"elementor-heading-title elementor-size-default\">Bolest se mo\u017ee uspje\u0161no lije\u010dti\n<\/h4>\t\t\t\t<\/div>\n\t\t\t\t<\/div>\n\t\t\t\t<div class=\"elementor-element elementor-element-007102e elementor-widget elementor-widget-text-editor\" data-id=\"007102e\" data-element_type=\"widget\" data-widget_type=\"text-editor.default\">\n\t\t\t\t<div class=\"elementor-widget-container\">\n\t\t\t\t\t\t\t\t\t<p>I za ovu bolest imamo rje\u0161enje. Kada ju pouzdano doka\u017eemo pristupamo vi\u0161e tjednom lije\u010denju i to specijalnim antibioticima. Svako za to preporu\u010damo tablete koje vlasnik daje sam nakon \u0161to ga u tome podu\u010dimo.<\/p>\t\t\t\t\t\t\t\t<\/div>\n\t\t\t\t<\/div>\n\t\t\t\t<div class=\"elementor-element elementor-element-59327fa elementor-widget elementor-widget-heading\" data-id=\"59327fa\" data-element_type=\"widget\" data-widget_type=\"heading.default\">\n\t\t\t\t<div class=\"elementor-widget-container\">\n\t\t\t\t\t<h4 class=\"elementor-heading-title elementor-size-default\"> Virus i dalje uzima \u017ertve\n\n<\/h4>\t\t\t\t<\/div>\n\t\t\t\t<\/div>\n\t\t\t\t<div class=\"elementor-element elementor-element-508e335 elementor-widget elementor-widget-text-editor\" data-id=\"508e335\" data-element_type=\"widget\" data-widget_type=\"text-editor.default\">\n\t\t\t\t<div class=\"elementor-widget-container\">\n\t\t\t\t\t\t\t\t\t<p>Kao u ljudi tako i u na\u0161ih ljubimaca virusi predstavljaju\u00a0 veliki zdravstveni problem Brojni me\u0111u njima su vrlo otporni pa dugo pre\u017eivljavaju u okoli\u0161u. Vrlo brzo se umna\u017eaju te se izuzetno brzo \u0161ire. Sva ova svojstva utjelovljena su u parvovirusu koji je odgovoran za vrlo opasnu parvovirozu, bolest koja\u00a0 kada se pojavila u pro\u0161lom stolje\u0107u poharala \u010ditav \u00a0pse\u0107i svijet. Na\u017ealost i danas \u00a0je ovaj virus \u00a0prisutan \u00a0me\u0111u psima. Od njega redovito nastradaju mlade necijepljene \u017eivotinje pa smo tako u posljednje vrijeme svjedo\u010dili\u00a0 povratku \u00a0ovog velikog problema.<\/p>\t\t\t\t\t\t\t\t<\/div>\n\t\t\t\t<\/div>\n\t\t\t\t<div class=\"elementor-element elementor-element-fa68601 elementor-widget elementor-widget-heading\" data-id=\"fa68601\" data-element_type=\"widget\" data-widget_type=\"heading.default\">\n\t\t\t\t<div class=\"elementor-widget-container\">\n\t\t\t\t\t<h4 class=\"elementor-heading-title elementor-size-default\">Otkud opasnost?\n<\/h4>\t\t\t\t<\/div>\n\t\t\t\t<\/div>\n\t\t\t\t<div class=\"elementor-element elementor-element-c0a557b elementor-widget elementor-widget-text-editor\" data-id=\"c0a557b\" data-element_type=\"widget\" data-widget_type=\"text-editor.default\">\n\t\t\t\t<div class=\"elementor-widget-container\">\n\t\t\t\t\t\t\t\t\t<p>Virus bira stanice koje se brzo dijele ,a to su svakako stanice sluznice crijeva i neke krvne stanice. \u00a0Rlo je opasan jer napada i srce.<\/p>\t\t\t\t\t\t\t\t<\/div>\n\t\t\t\t<\/div>\n\t\t\t\t<div class=\"elementor-element elementor-element-05bbcb6 elementor-widget elementor-widget-heading\" data-id=\"05bbcb6\" data-element_type=\"widget\" data-widget_type=\"heading.default\">\n\t\t\t\t<div class=\"elementor-widget-container\">\n\t\t\t\t\t<h4 class=\"elementor-heading-title elementor-size-default\">Kako se o\u010dituje bolest ?\n\n<\/h4>\t\t\t\t<\/div>\n\t\t\t\t<\/div>\n\t\t\t\t<div class=\"elementor-element elementor-element-a3acab0 elementor-widget elementor-widget-text-editor\" data-id=\"a3acab0\" data-element_type=\"widget\" data-widget_type=\"text-editor.default\">\n\t\t\t\t<div class=\"elementor-widget-container\">\n\t\t\t\t\t\t\t\t\t<p>Glavni znakovi \u00a0su\u00a0 pospanost i iscrpljenost, obilno povra\u0107anje, gubitak teka,\u00a0 te krvav proljev izrazito neugodnog mirisa.\u00a0 O\u0161te\u0107eno crijevo nema sposobnost upijanja hranjivih tvari i vode pa \u017eivotinja\u00a0 vrlo brzo dehidrira, kao \u0161to i gubi veliku koli\u010dinu bjelan\u010devina.\u00a0 Dotaknemo li trbuh \u017eivotinja \u0107e vrlo bolno reagirati. U ve\u0107ini slu\u010dajeva psi nemaju povi\u0161enu, ve\u0107 sni\u017eenu temperaturu. Dehidracija naj\u010de\u0161\u0107e i\u00a0 dovodi\u00a0 smrtnog ishoda.<\/p>\t\t\t\t\t\t\t\t<\/div>\n\t\t\t\t<\/div>\n\t\t\t\t<div class=\"elementor-element elementor-element-0f33e13 elementor-widget elementor-widget-heading\" data-id=\"0f33e13\" data-element_type=\"widget\" data-widget_type=\"heading.default\">\n\t\t\t\t<div class=\"elementor-widget-container\">\n\t\t\t\t\t<h4 class=\"elementor-heading-title elementor-size-default\">Samo cjepivo poma\u017ee\n\n<\/h4>\t\t\t\t<\/div>\n\t\t\t\t<\/div>\n\t\t\t\t<div class=\"elementor-element elementor-element-dc55963 elementor-widget elementor-widget-text-editor\" data-id=\"dc55963\" data-element_type=\"widget\" data-widget_type=\"text-editor.default\">\n\t\t\t\t<div class=\"elementor-widget-container\">\n\t\t\t\t\t\t\t\t\t<p>Kako se protiv virusa ne mo\u017eemo boriti\u00a0 jedini na\u010din je\u00a0 da pravovremeno cijepimo psa.\u00a0 Zbog velike u\u010destalosti\u00a0 virusa me\u0111u psima cijepljenje protiv parvoviroze\u00a0 se smatra jednom od najva\u017enijih mjera\u00a0 kojima osiguravamo zdrav \u017eivot na\u0161em ljubimcu.\u00a0\u00a0\u00a0 Uglavnom \u0161tenad protiv ove ali i drugih zaraznih bolesti cijepimo u dobi od 6 do 8 tjedana.\u00a0 Samo jedno cijepljenje ne daje pravu sigurnost za\u0161tite pa zato ponavljamo isto za \u010detiri tjedna. Svakako preporu\u010damo\u00a0 cijepljenje ponoviti svake godine.<\/p>\t\t\t\t\t\t\t\t<\/div>\n\t\t\t\t<\/div>\n\t\t\t\t<\/div>\n\t\t\t\t\t<\/div>\n\t\t\t\t<\/div>\n\t\t\t\t<\/div>","protected":false},"excerpt":{"rendered":"<p>Cijepljenje ku\u0107nihljubimaca Va\u0161i ljubimcima osiguravamo za\u0161titu od opasnih zaraznih bolesti prema najvi\u0161im standardima. na\u0161 kontakt \u0160to nudimo? Va\u0161i ljubimcima osiguravamo osigurati za\u0161titu od opasnih zaraznih bolesti prema najvi\u0161im standardima. U ponudi su cjepiva svih renomiranih proizvo\u0111a\u010da proizvedenih najsuvremenijom tehnologijom. Pored obveznog cijepljenja protiv bjesno\u0107e za \u0161to smo registrirani od strane Ministarstva poljoprivrede Republike Hrvatske u [&hellip;]<\/p>","protected":false},"author":1,"featured_media":0,"parent":0,"menu_order":0,"comment_status":"closed","ping_status":"closed","template":"","meta":{"_acf_changed":false,"site-sidebar-layout":"no-sidebar","site-content-layout":"page-builder","ast-site-content-layout":"default","site-content-style":"default","site-sidebar-style":"default","ast-global-header-display":"","ast-banner-title-visibility":"","ast-main-header-display":"","ast-hfb-above-header-display":"","ast-hfb-below-header-display":"","ast-hfb-mobile-header-display":"","site-post-title":"disabled","ast-breadcrumbs-content":"","ast-featured-img":"disabled","footer-sml-layout":"","theme-transparent-header-meta":"","adv-header-id-meta":"","stick-header-meta":"","header-above-stick-meta":"","header-main-stick-meta":"","header-below-stick-meta":"","astra-migrate-meta-layouts":"default","ast-page-background-enabled":"default","ast-page-background-meta":{"desktop":{"background-color":"","background-image":"","background-repeat":"repeat","background-position":"center center","background-size":"auto","background-attachment":"scroll","background-type":"","background-media":"","overlay-type":"","overlay-color":"","overlay-opacity":"","overlay-gradient":""},"tablet":{"background-color":"","background-image":"","background-repeat":"repeat","background-position":"center center","background-size":"auto","background-attachment":"scroll","background-type":"","background-media":"","overlay-type":"","overlay-color":"","overlay-opacity":"","overlay-gradient":""},"mobile":{"background-color":"","background-image":"","background-repeat":"repeat","background-position":"center center","background-size":"auto","background-attachment":"scroll","background-type":"","background-media":"","overlay-type":"","overlay-color":"","overlay-opacity":"","overlay-gradient":""}},"ast-content-background-meta":{"desktop":{"background-color":"var(--ast-global-color-5)","background-image":"","background-repeat":"repeat","background-position":"center center","background-size":"auto","background-attachment":"scroll","background-type":"","background-media":"","overlay-type":"","overlay-color":"","overlay-opacity":"","overlay-gradient":""},"tablet":{"background-color":"var(--ast-global-color-5)","background-image":"","background-repeat":"repeat","background-position":"center center","background-size":"auto","background-attachment":"scroll","background-type":"","background-media":"","overlay-type":"","overlay-color":"","overlay-opacity":"","overlay-gradient":""},"mobile":{"background-color":"var(--ast-global-color-5)","background-image":"","background-repeat":"repeat","background-position":"center center","background-size":"auto","background-attachment":"scroll","background-type":"","background-media":"","overlay-type":"","overlay-color":"","overlay-opacity":"","overlay-gradient":""}},"footnotes":""},"class_list":["post-5727","page","type-page","status-publish","hentry"],"acf":[],"_links":{"self":[{"href":"https:\/\/veterinarska-bolnica-porec.com\/en\/wp-json\/wp\/v2\/pages\/5727","targetHints":{"allow":["GET"]}}],"collection":[{"href":"https:\/\/veterinarska-bolnica-porec.com\/en\/wp-json\/wp\/v2\/pages"}],"about":[{"href":"https:\/\/veterinarska-bolnica-porec.com\/en\/wp-json\/wp\/v2\/types\/page"}],"author":[{"embeddable":true,"href":"https:\/\/veterinarska-bolnica-porec.com\/en\/wp-json\/wp\/v2\/users\/1"}],"replies":[{"embeddable":true,"href":"https:\/\/veterinarska-bolnica-porec.com\/en\/wp-json\/wp\/v2\/comments?post=5727"}],"version-history":[{"count":0,"href":"https:\/\/veterinarska-bolnica-porec.com\/en\/wp-json\/wp\/v2\/pages\/5727\/revisions"}],"wp:attachment":[{"href":"https:\/\/veterinarska-bolnica-porec.com\/en\/wp-json\/wp\/v2\/media?parent=5727"}],"curies":[{"name":"wp","href":"https:\/\/api.w.org\/{rel}","templated":true}]}}