
{"id":5731,"date":"2023-06-02T15:02:31","date_gmt":"2023-06-02T15:02:31","guid":{"rendered":"http:\/\/localhost:8888\/veterina-porec.com\/?page_id=5731"},"modified":"2023-07-07T10:00:23","modified_gmt":"2023-07-07T10:00:23","slug":"zastita-od-parazita","status":"publish","type":"page","link":"https:\/\/veterinarska-bolnica-porec.com\/en\/zastita-od-parazita\/","title":{"rendered":"Protection against parasites"},"content":{"rendered":"<div data-elementor-type=\"wp-page\" data-elementor-id=\"5731\" class=\"elementor elementor-5731\">\n\t\t\t\t<div class=\"elementor-element elementor-element-f1ccd7a main-container e-flex e-con-boxed e-con e-parent\" data-id=\"f1ccd7a\" data-element_type=\"container\" data-settings=\"{&quot;background_background&quot;:&quot;classic&quot;}\">\n\t\t\t\t\t<div class=\"e-con-inner\">\n\t\t<div class=\"elementor-element elementor-element-7666bdf e-flex e-con-boxed e-con e-child\" data-id=\"7666bdf\" data-element_type=\"container\">\n\t\t\t\t\t<div class=\"e-con-inner\">\n\t\t<div class=\"elementor-element elementor-element-c0e2c48 e-con-full e-flex e-con e-child\" data-id=\"c0e2c48\" data-element_type=\"container\">\n\t\t\t\t<div class=\"elementor-element elementor-element-685ff1b elementor-widget elementor-widget-heading\" data-id=\"685ff1b\" data-element_type=\"widget\" data-widget_type=\"heading.default\">\n\t\t\t\t<div class=\"elementor-widget-container\">\n\t\t\t\t\t<h2 class=\"elementor-heading-title elementor-size-default\">Protection against parasites<\/h2>\t\t\t\t<\/div>\n\t\t\t\t<\/div>\n\t\t\t\t<div class=\"elementor-element elementor-element-ac73bc0 elementor-widget elementor-widget-text-editor\" data-id=\"ac73bc0\" data-element_type=\"widget\" data-widget_type=\"text-editor.default\">\n\t\t\t\t<div class=\"elementor-widget-container\">\n\t\t\t\t\t\t\t\t\t<p>U ponudi je \u010ditav niz za\u0161titnih sredstava za borbu protiv unutarnjih i vanjskih parazita svih renomiranih proizvo\u0111a\u010da.<\/p>\t\t\t\t\t\t\t\t<\/div>\n\t\t\t\t<\/div>\n\t\t\t\t<div class=\"elementor-element elementor-element-82ce748 elementor-hidden-desktop elementor-hidden-tablet elementor-hidden-mobile elementor-widget elementor-widget-button\" data-id=\"82ce748\" data-element_type=\"widget\" data-widget_type=\"button.default\">\n\t\t\t\t<div class=\"elementor-widget-container\">\n\t\t\t\t\t\t\t\t\t<div class=\"elementor-button-wrapper\">\n\t\t\t\t\t<a class=\"elementor-button elementor-button-link elementor-size-sm\" href=\"https:\/\/veterinarska-bolnica-porec.com\/en\/kontakt\/\">\n\t\t\t\t\t\t<span class=\"elementor-button-content-wrapper\">\n\t\t\t\t\t\t\t\t\t<span class=\"elementor-button-text\">Contact<\/span>\n\t\t\t\t\t<\/span>\n\t\t\t\t\t<\/a>\n\t\t\t\t<\/div>\n\t\t\t\t\t\t\t\t<\/div>\n\t\t\t\t<\/div>\n\t\t\t\t<\/div>\n\t\t\t\t\t<\/div>\n\t\t\t\t<\/div>\n\t\t\t\t\t<\/div>\n\t\t\t\t<\/div>\n\t\t<div class=\"elementor-element elementor-element-cebd8dd main-container e-flex e-con-boxed e-con e-parent\" data-id=\"cebd8dd\" data-element_type=\"container\">\n\t\t\t\t\t<div class=\"e-con-inner\">\n\t\t\t\t<div class=\"elementor-element elementor-element-61efeb8 elementor-widget elementor-widget-heading\" data-id=\"61efeb8\" data-element_type=\"widget\" data-widget_type=\"heading.default\">\n\t\t\t\t<div class=\"elementor-widget-container\">\n\t\t\t\t\t<h2 class=\"elementor-heading-title elementor-size-default\">Koje su opasnosti <br>parazita?<\/h2>\t\t\t\t<\/div>\n\t\t\t\t<\/div>\n\t\t<div class=\"elementor-element elementor-element-4b41bfc e-con-full e-flex e-con e-child\" data-id=\"4b41bfc\" data-element_type=\"container\" data-settings=\"{&quot;background_background&quot;:&quot;classic&quot;}\">\n\t\t\t\t<\/div>\n\t\t\t\t<div class=\"elementor-element elementor-element-300b083 elementor-widget elementor-widget-text-editor\" data-id=\"300b083\" data-element_type=\"widget\" data-widget_type=\"text-editor.default\">\n\t\t\t\t<div class=\"elementor-widget-container\">\n\t\t\t\t\t\t\t\t\t<p>\u017delite i saznati ne\u0161to vi\u0161e o pse\u0107oj glisti ili kako se stru\u010dno naziva pse\u0107em obli\u0107u Toxocara canis ostanite jo\u0161 kratko u na\u0161em dru\u0161tvu.<\/p><p>Mo\u017eda niste znali no \u2018gliste\u2019 koje je \u2018iska\u0161ljalo\u2019 va\u0161e \u0161tene mogu stvarno biti opasne kako za \u0161tene tako i za vas. No, dajmo prednost ljubimcu. O \u010demu se to radi? Te \u2018gliste\u2019 su u stvari potomci naj\u010de\u0161\u0107eg pse\u0107eg crijevnog obli\u0107a koji se stru\u010dno naziva Toxocara canis. Ovaj parazit kao odrasli oblik u\u017eiva u blagodatima toplog i hranjivim tvarima bogatog crijeva i naj\u010de\u0161\u0107e ne predstavlja zna\u010dajniji problem odraslom psu osim u slu\u010dajevima vrlo jake \u201czaraze\u201d.<\/p><p>\u0160tene ovog parazita mnogo te\u017ee podnosi i \u017eivot u \u0161tenetu za njega predstavlja najbolje rje\u0161enje. Dakle, za zarazu \u0161teneta moramo optu\u017eiti kuju koja se prethodno zarazila i u kojoj je parazit u obliku li\u010dinke mirovao. \u201cSretan\u201d trenutak odnosno skotnost, parazit je prepoznao i krenuo na put. Pre\u0161ao je krvlju iz majke u \u0161tene i u njemu nastavio avanturu prolaze\u0107i jetrima i plu\u0107ima. Ni tu nije bio siguran jer je na svom putu nailazio na brojne prepreke u obliku stanica i razli\u010ditih tvari koje su ga nastojale uni\u0161titi. Ipak, sretno je stigao i u \u017edrijelo kada je bio progutan. Napokon, na\u0161ao se u svom omiljenom svijetu bogatog crijeva gdje je nastavio svoj vi\u0161emjese\u010dni \u017eivot. A sada je red na nama. Ovim parazitom obiluju pse\u0107i izmeti pa je potpuno jasno da mo\u017ee zaostati u tlu ili pak one\u010distiti hranu i vodu. I u ljudskom tijelu ovaj parazit ima sklonosti lutanja pa mo\u017ee o\u0161tetiti unutarnje organe pa i oko.\u00a0<\/p>\t\t\t\t\t\t\t\t<\/div>\n\t\t\t\t<\/div>\n\t\t\t\t<div class=\"elementor-element elementor-element-df40794 elementor-widget elementor-widget-text-editor\" data-id=\"df40794\" data-element_type=\"widget\" data-widget_type=\"text-editor.default\">\n\t\t\t\t<div class=\"elementor-widget-container\">\n\t\t\t\t\t\t\t\t\t<p>Stoga Savjet europskih parazitologa ESCCAP preporu\u010da redovito uklanjanje i svakako pretragu izmeta ljubimca jer opasnost vreba kako za nas tako i za ostale ljude.Zato vam preporu\u010damo da poslu\u0161ate na\u0161 savjet te lije\u010dite \u0161tene protiv ovih parazita ve\u0107 u najranijoj dobi. Nemojte zanemariti ni problem u va\u0161eg odraslog psa, no tada prije preporu\u010damo tzv. koprolo\u0161ku pretragu kojom \u0107emo mo\u0107i dokazati opasnost i naravno potom lije\u010diti. Na slici je prikazana golim okom nevidljiva li\u010dinka koja izlazi iz parazitskog jaja i to je ono \u0161to se zbiva kada slu\u010dajno \u00a0progutamo jaja\u0161ca ovog parazita kojima obiluje \u00a0tlo na kojem se prethodno nalazio izmet zara\u017eenog psa.<\/p>\t\t\t\t\t\t\t\t<\/div>\n\t\t\t\t<\/div>\n\t\t\t\t<div class=\"elementor-element elementor-element-f992c82 elementor-widget elementor-widget-button\" data-id=\"f992c82\" data-element_type=\"widget\" data-widget_type=\"button.default\">\n\t\t\t\t<div class=\"elementor-widget-container\">\n\t\t\t\t\t\t\t\t\t<div class=\"elementor-button-wrapper\">\n\t\t\t\t\t<a class=\"elementor-button elementor-button-link elementor-size-sm\" href=\"https:\/\/veterinarska-bolnica-porec.com\/en\/kontakt\/\">\n\t\t\t\t\t\t<span class=\"elementor-button-content-wrapper\">\n\t\t\t\t\t\t\t\t\t<span class=\"elementor-button-text\">Our location<\/span>\n\t\t\t\t\t<\/span>\n\t\t\t\t\t<\/a>\n\t\t\t\t<\/div>\n\t\t\t\t\t\t\t\t<\/div>\n\t\t\t\t<\/div>\n\t\t\t\t\t<\/div>\n\t\t\t\t<\/div>\n\t\t\t\t<\/div>","protected":false},"excerpt":{"rendered":"<p>Za\u0161tita od parazita U ponudi je \u010ditav niz za\u0161titnih sredstava za borbu protiv unutarnjih i vanjskih parazita svih renomiranih proizvo\u0111a\u010da. Na\u0161 kontakt Koje su opasnosti parazita? \u017delite i saznati ne\u0161to vi\u0161e o pse\u0107oj glisti ili kako se stru\u010dno naziva pse\u0107em obli\u0107u Toxocara canis ostanite jo\u0161 kratko u na\u0161em dru\u0161tvu. Mo\u017eda niste znali no \u2018gliste\u2019 koje [&hellip;]<\/p>","protected":false},"author":1,"featured_media":0,"parent":0,"menu_order":0,"comment_status":"closed","ping_status":"closed","template":"","meta":{"_acf_changed":false,"site-sidebar-layout":"no-sidebar","site-content-layout":"page-builder","ast-site-content-layout":"default","site-content-style":"default","site-sidebar-style":"default","ast-global-header-display":"","ast-banner-title-visibility":"","ast-main-header-display":"","ast-hfb-above-header-display":"","ast-hfb-below-header-display":"","ast-hfb-mobile-header-display":"","site-post-title":"disabled","ast-breadcrumbs-content":"","ast-featured-img":"disabled","footer-sml-layout":"","theme-transparent-header-meta":"","adv-header-id-meta":"","stick-header-meta":"","header-above-stick-meta":"","header-main-stick-meta":"","header-below-stick-meta":"","astra-migrate-meta-layouts":"default","ast-page-background-enabled":"default","ast-page-background-meta":{"desktop":{"background-color":"","background-image":"","background-repeat":"repeat","background-position":"center center","background-size":"auto","background-attachment":"scroll","background-type":"","background-media":"","overlay-type":"","overlay-color":"","overlay-opacity":"","overlay-gradient":""},"tablet":{"background-color":"","background-image":"","background-repeat":"repeat","background-position":"center center","background-size":"auto","background-attachment":"scroll","background-type":"","background-media":"","overlay-type":"","overlay-color":"","overlay-opacity":"","overlay-gradient":""},"mobile":{"background-color":"","background-image":"","background-repeat":"repeat","background-position":"center center","background-size":"auto","background-attachment":"scroll","background-type":"","background-media":"","overlay-type":"","overlay-color":"","overlay-opacity":"","overlay-gradient":""}},"ast-content-background-meta":{"desktop":{"background-color":"var(--ast-global-color-5)","background-image":"","background-repeat":"repeat","background-position":"center center","background-size":"auto","background-attachment":"scroll","background-type":"","background-media":"","overlay-type":"","overlay-color":"","overlay-opacity":"","overlay-gradient":""},"tablet":{"background-color":"var(--ast-global-color-5)","background-image":"","background-repeat":"repeat","background-position":"center center","background-size":"auto","background-attachment":"scroll","background-type":"","background-media":"","overlay-type":"","overlay-color":"","overlay-opacity":"","overlay-gradient":""},"mobile":{"background-color":"var(--ast-global-color-5)","background-image":"","background-repeat":"repeat","background-position":"center center","background-size":"auto","background-attachment":"scroll","background-type":"","background-media":"","overlay-type":"","overlay-color":"","overlay-opacity":"","overlay-gradient":""}},"footnotes":""},"class_list":["post-5731","page","type-page","status-publish","hentry"],"acf":[],"_links":{"self":[{"href":"https:\/\/veterinarska-bolnica-porec.com\/en\/wp-json\/wp\/v2\/pages\/5731","targetHints":{"allow":["GET"]}}],"collection":[{"href":"https:\/\/veterinarska-bolnica-porec.com\/en\/wp-json\/wp\/v2\/pages"}],"about":[{"href":"https:\/\/veterinarska-bolnica-porec.com\/en\/wp-json\/wp\/v2\/types\/page"}],"author":[{"embeddable":true,"href":"https:\/\/veterinarska-bolnica-porec.com\/en\/wp-json\/wp\/v2\/users\/1"}],"replies":[{"embeddable":true,"href":"https:\/\/veterinarska-bolnica-porec.com\/en\/wp-json\/wp\/v2\/comments?post=5731"}],"version-history":[{"count":0,"href":"https:\/\/veterinarska-bolnica-porec.com\/en\/wp-json\/wp\/v2\/pages\/5731\/revisions"}],"wp:attachment":[{"href":"https:\/\/veterinarska-bolnica-porec.com\/en\/wp-json\/wp\/v2\/media?parent=5731"}],"curies":[{"name":"wp","href":"https:\/\/api.w.org\/{rel}","templated":true}]}}