
{"id":5734,"date":"2023-06-02T15:03:05","date_gmt":"2023-06-02T15:03:05","guid":{"rendered":"http:\/\/localhost:8888\/veterina-porec.com\/?page_id=5734"},"modified":"2023-07-14T10:36:49","modified_gmt":"2023-07-14T10:36:49","slug":"stacionar","status":"publish","type":"page","link":"https:\/\/veterinarska-bolnica-porec.com\/en\/stacionar\/","title":{"rendered":"Inpatient facility"},"content":{"rendered":"<div data-elementor-type=\"wp-page\" data-elementor-id=\"5734\" class=\"elementor elementor-5734\">\n\t\t\t\t<div class=\"elementor-element elementor-element-a22a010 main-container e-flex e-con-boxed e-con e-parent\" data-id=\"a22a010\" data-element_type=\"container\" data-settings=\"{&quot;background_background&quot;:&quot;classic&quot;}\">\n\t\t\t\t\t<div class=\"e-con-inner\">\n\t\t<div class=\"elementor-element elementor-element-898d00f e-flex e-con-boxed e-con e-child\" data-id=\"898d00f\" data-element_type=\"container\">\n\t\t\t\t\t<div class=\"e-con-inner\">\n\t\t<div class=\"elementor-element elementor-element-c5b5efd e-con-full e-flex e-con e-child\" data-id=\"c5b5efd\" data-element_type=\"container\">\n\t\t\t\t<div class=\"elementor-element elementor-element-823f4b9 elementor-widget elementor-widget-heading\" data-id=\"823f4b9\" data-element_type=\"widget\" data-widget_type=\"heading.default\">\n\t\t\t\t<div class=\"elementor-widget-container\">\n\t\t\t\t\t<h2 class=\"elementor-heading-title elementor-size-default\">Inpatient facility<\/h2>\t\t\t\t<\/div>\n\t\t\t\t<\/div>\n\t\t\t\t<div class=\"elementor-element elementor-element-34cefee elementor-widget elementor-widget-text-editor\" data-id=\"34cefee\" data-element_type=\"widget\" data-widget_type=\"text-editor.default\">\n\t\t\t\t<div class=\"elementor-widget-container\">\n\t\t\t\t\t\t\t\t\t<p>We have a modern and well-equipped hospital where your pet  will feel comfortable and  will be constantly under the watchful eye of the professional staff.<\/p>\t\t\t\t\t\t\t\t<\/div>\n\t\t\t\t<\/div>\n\t\t\t\t<div class=\"elementor-element elementor-element-581509d elementor-hidden-desktop elementor-hidden-tablet elementor-hidden-mobile elementor-widget elementor-widget-button\" data-id=\"581509d\" data-element_type=\"widget\" data-widget_type=\"button.default\">\n\t\t\t\t<div class=\"elementor-widget-container\">\n\t\t\t\t\t\t\t\t\t<div class=\"elementor-button-wrapper\">\n\t\t\t\t\t<a class=\"elementor-button elementor-button-link elementor-size-sm\" href=\"https:\/\/veterinarska-bolnica-porec.com\/en\/kontakt\/\">\n\t\t\t\t\t\t<span class=\"elementor-button-content-wrapper\">\n\t\t\t\t\t\t\t\t\t<span class=\"elementor-button-text\">Contact<\/span>\n\t\t\t\t\t<\/span>\n\t\t\t\t\t<\/a>\n\t\t\t\t<\/div>\n\t\t\t\t\t\t\t\t<\/div>\n\t\t\t\t<\/div>\n\t\t\t\t<\/div>\n\t\t\t\t\t<\/div>\n\t\t\t\t<\/div>\n\t\t\t\t\t<\/div>\n\t\t\t\t<\/div>\n\t\t<div class=\"elementor-element elementor-element-64fdb26 main-container e-flex e-con-boxed e-con e-parent\" data-id=\"64fdb26\" data-element_type=\"container\">\n\t\t\t\t\t<div class=\"e-con-inner\">\n\t\t<div class=\"elementor-element elementor-element-fe4325f e-flex e-con-boxed e-con e-child\" data-id=\"fe4325f\" data-element_type=\"container\">\n\t\t\t\t\t<div class=\"e-con-inner\">\n\t\t\t\t<div class=\"elementor-element elementor-element-6e07180 elementor-widget elementor-widget-heading\" data-id=\"6e07180\" data-element_type=\"widget\" data-widget_type=\"heading.default\">\n\t\t\t\t<div class=\"elementor-widget-container\">\n\t\t\t\t\t<h2 class=\"elementor-heading-title elementor-size-default\">Caring for your <br>sick pet<\/h2>\t\t\t\t<\/div>\n\t\t\t\t<\/div>\n\t\t<div class=\"elementor-element elementor-element-8f03410 e-con-full e-flex e-con e-child\" data-id=\"8f03410\" data-element_type=\"container\" data-settings=\"{&quot;background_background&quot;:&quot;classic&quot;}\">\n\t\t\t\t<\/div>\n\t\t\t\t<div class=\"elementor-element elementor-element-bdb936b elementor-widget elementor-widget-text-editor\" data-id=\"bdb936b\" data-element_type=\"widget\" data-widget_type=\"text-editor.default\">\n\t\t\t\t<div class=\"elementor-widget-container\">\n\t\t\t\t\t\t\t\t\t<p style=\"font-weight: 400;\">We know that it is not easy to keep a pet relaxed and calm after surgery. A day or two after surgery, recovery procedures can be very demanding, such as timely administration of medication, dressing of the surgical wound, as well as fitting of collars and monitoring of behavior. In order to avoid all this, we have a modern and well-equipped inpatient facility where your pet  will feel comfortable and constantly under the watchful eye of  the professional staff.<\/p>\t\t\t\t\t\t\t\t<\/div>\n\t\t\t\t<\/div>\n\t\t\t\t<div class=\"elementor-element elementor-element-adb4493 elementor-widget elementor-widget-text-editor\" data-id=\"adb4493\" data-element_type=\"widget\" data-widget_type=\"text-editor.default\">\n\t\t\t\t<div class=\"elementor-widget-container\">\n\t\t\t\t\t\t\t\t\t<p style=\"font-weight: 400;\">We believe in the benefits of our system, not only because it is part of the services we want to offer you as a pet owner, but also because we want to provide the best post-operative care. Pets with special needs will be provided with all the conditions for a quick recovery.<\/p>\t\t\t\t\t\t\t\t<\/div>\n\t\t\t\t<\/div>\n\t\t\t\t<div class=\"elementor-element elementor-element-71acacc elementor-widget elementor-widget-button\" data-id=\"71acacc\" data-element_type=\"widget\" data-widget_type=\"button.default\">\n\t\t\t\t<div class=\"elementor-widget-container\">\n\t\t\t\t\t\t\t\t\t<div class=\"elementor-button-wrapper\">\n\t\t\t\t\t<a class=\"elementor-button elementor-button-link elementor-size-sm\" href=\"https:\/\/veterinarska-bolnica-porec.com\/en\/kontakt\/\">\n\t\t\t\t\t\t<span class=\"elementor-button-content-wrapper\">\n\t\t\t\t\t\t\t\t\t<span class=\"elementor-button-text\">Our location<\/span>\n\t\t\t\t\t<\/span>\n\t\t\t\t\t<\/a>\n\t\t\t\t<\/div>\n\t\t\t\t\t\t\t\t<\/div>\n\t\t\t\t<\/div>\n\t\t\t\t\t<\/div>\n\t\t\t\t<\/div>\n\t\t<div class=\"elementor-element elementor-element-134d74f e-con-full e-flex e-con e-child\" data-id=\"134d74f\" data-element_type=\"container\" data-settings=\"{&quot;background_background&quot;:&quot;classic&quot;}\">\n\t\t\t\t<div class=\"elementor-element elementor-element-7b153df elementor-widget elementor-widget-image\" data-id=\"7b153df\" data-element_type=\"widget\" data-widget_type=\"image.default\">\n\t\t\t\t<div class=\"elementor-widget-container\">\n\t\t\t\t\t\t\t\t\t\t\t\t\t\t\t<img fetchpriority=\"high\" decoding=\"async\" width=\"600\" height=\"900\" src=\"https:\/\/veterinarska-bolnica-porec.com\/wp-content\/uploads\/2023\/06\/slika-macke.jpg\" class=\"attachment-large size-large wp-image-5573\" alt=\"\" srcset=\"https:\/\/veterinarska-bolnica-porec.com\/wp-content\/uploads\/2023\/06\/slika-macke.jpg 600w, https:\/\/veterinarska-bolnica-porec.com\/wp-content\/uploads\/2023\/06\/slika-macke-200x300.jpg 200w, https:\/\/veterinarska-bolnica-porec.com\/wp-content\/uploads\/2023\/06\/slika-macke-8x12.jpg 8w\" sizes=\"(max-width: 600px) 100vw, 600px\" \/>\t\t\t\t\t\t\t\t\t\t\t\t\t\t\t<\/div>\n\t\t\t\t<\/div>\n\t\t\t\t<\/div>\n\t\t\t\t\t<\/div>\n\t\t\t\t<\/div>\n\t\t<div class=\"elementor-element elementor-element-1da18b84 main-container e-flex e-con-boxed e-con e-parent\" data-id=\"1da18b84\" data-element_type=\"container\" data-settings=\"{&quot;background_background&quot;:&quot;classic&quot;}\">\n\t\t\t\t\t<div class=\"e-con-inner\">\n\t\t\t\t<div class=\"elementor-element elementor-element-4334e9d2 elementor-widget elementor-widget-heading\" data-id=\"4334e9d2\" data-element_type=\"widget\" data-widget_type=\"heading.default\">\n\t\t\t\t<div class=\"elementor-widget-container\">\n\t\t\t\t\t<h2 class=\"elementor-heading-title elementor-size-default\">Inpatient facility gallery<\/h2>\t\t\t\t<\/div>\n\t\t\t\t<\/div>\n\t\t\t\t<div class=\"elementor-element elementor-element-5bd87455 elementor-widget__width-inherit elementor-widget elementor-widget-ucaddon_uc_tiles_grid_image\" data-id=\"5bd87455\" data-element_type=\"widget\" data-widget_type=\"ucaddon_uc_tiles_grid_image.default\">\n\t\t\t\t<div class=\"elementor-widget-container\">\n\t\t\t\t\t\n<!-- start Tile Gallery -->\n\t\t<link id='unitegallery-css' href='https:\/\/veterinarska-bolnica-porec.com\/wp-content\/plugins\/unlimited-elements-for-elementor\/assets_libraries\/unitegallery\/css\/unite-gallery.css' type='text\/css' rel='stylesheet' >\n\n\n<div id=\"uc_uc_tiles_grid_image_elementor_5bd87455\" style=\"display:none;\" class=\"uc-items-wrapper\" data-custom-sethtml=\"true\" >\n\n\n<img decoding=\"async\" alt=\"stacionar-01\"\n   src=\"https:\/\/veterinarska-bolnica-porec.com\/wp-content\/uploads\/2023\/07\/stacionar-01-768x512.webp\"\n    data-image=\"https:\/\/veterinarska-bolnica-porec.com\/wp-content\/uploads\/2023\/07\/stacionar-01-1024x683.webp\"\n    data-title=\"stacionar-01\">\n\n<img decoding=\"async\" alt=\"stacionar-02\"\n   src=\"https:\/\/veterinarska-bolnica-porec.com\/wp-content\/uploads\/2023\/07\/stacionar-02-768x512.webp\"\n    data-image=\"https:\/\/veterinarska-bolnica-porec.com\/wp-content\/uploads\/2023\/07\/stacionar-02-1024x683.webp\"\n    data-title=\"stacionar-02\">\n\n<img decoding=\"async\" alt=\"stacionar-03\"\n   src=\"https:\/\/veterinarska-bolnica-porec.com\/wp-content\/uploads\/2023\/07\/stacionar-03.webp\"\n    data-image=\"https:\/\/veterinarska-bolnica-porec.com\/wp-content\/uploads\/2023\/07\/stacionar-03.webp\"\n    data-title=\"stacionar-03\">\n\n<img decoding=\"async\" alt=\"stacionar-05\"\n   src=\"https:\/\/veterinarska-bolnica-porec.com\/wp-content\/uploads\/2023\/07\/stacionar-05.webp\"\n    data-image=\"https:\/\/veterinarska-bolnica-porec.com\/wp-content\/uploads\/2023\/07\/stacionar-05.webp\"\n    data-title=\"stacionar-05\">\n\n<img decoding=\"async\" alt=\"stacionar-07\"\n   src=\"https:\/\/veterinarska-bolnica-porec.com\/wp-content\/uploads\/2023\/07\/stacionar-07-768x768.webp\"\n    data-image=\"https:\/\/veterinarska-bolnica-porec.com\/wp-content\/uploads\/2023\/07\/stacionar-07-1024x1024.webp\"\n    data-title=\"stacionar-07\">\n\n<img decoding=\"async\" alt=\"stacionar-08\"\n   src=\"https:\/\/veterinarska-bolnica-porec.com\/wp-content\/uploads\/2023\/07\/stacionar-08-768x768.webp\"\n    data-image=\"https:\/\/veterinarska-bolnica-porec.com\/wp-content\/uploads\/2023\/07\/stacionar-08-1024x1024.webp\"\n    data-title=\"stacionar-08\">\n\n<img decoding=\"async\" alt=\"stacionar-11\"\n   src=\"https:\/\/veterinarska-bolnica-porec.com\/wp-content\/uploads\/2023\/07\/stacionar-11-768x512.webp\"\n    data-image=\"https:\/\/veterinarska-bolnica-porec.com\/wp-content\/uploads\/2023\/07\/stacionar-11-1024x683.webp\"\n    data-title=\"stacionar-11\">\n\n<img decoding=\"async\" alt=\"stacionar-12\"\n   src=\"https:\/\/veterinarska-bolnica-porec.com\/wp-content\/uploads\/2023\/07\/stacionar-12.webp\"\n    data-image=\"https:\/\/veterinarska-bolnica-porec.com\/wp-content\/uploads\/2023\/07\/stacionar-12.webp\"\n    data-title=\"stacionar-12\">\n\n<img decoding=\"async\" alt=\"stacionar-13\"\n   src=\"https:\/\/veterinarska-bolnica-porec.com\/wp-content\/uploads\/2023\/07\/stacionar-13-768x512.webp\"\n    data-image=\"https:\/\/veterinarska-bolnica-porec.com\/wp-content\/uploads\/2023\/07\/stacionar-13-1024x683.webp\"\n    data-title=\"stacionar-13\">\n\n<img decoding=\"async\" alt=\"stacionar-14\"\n   src=\"https:\/\/veterinarska-bolnica-porec.com\/wp-content\/uploads\/2023\/07\/stacionar-14-768x576.webp\"\n    data-image=\"https:\/\/veterinarska-bolnica-porec.com\/wp-content\/uploads\/2023\/07\/stacionar-14-1024x768.webp\"\n    data-title=\"stacionar-14\">\n\n<img decoding=\"async\" alt=\"stacionar-15\"\n   src=\"https:\/\/veterinarska-bolnica-porec.com\/wp-content\/uploads\/2023\/07\/stacionar-15-768x768.webp\"\n    data-image=\"https:\/\/veterinarska-bolnica-porec.com\/wp-content\/uploads\/2023\/07\/stacionar-15-1024x1024.webp\"\n    data-title=\"stacionar-15\">\n\n  \n<\/div>\n<!-- end Tile Gallery -->\t\t\t\t<\/div>\n\t\t\t\t<\/div>\n\t\t\t\t\t<\/div>\n\t\t\t\t<\/div>\n\t\t\t\t<\/div>","protected":false},"excerpt":{"rendered":"<p>Stacionar Posjedujemo moderan I dobro opremljen stacionar\u00a0 u kojem \u0107e se ugodno osje\u0107ati I biti stalno pod budnim okom stru\u010dnog osoblja. Na\u0161 kontakt Briga o va\u0161em oboljelom ljubimcu Znamo da nakon \u00a0operacije ljubimca nije lako \u00a0odr\u017eati opu\u0161tenim i mirnim. Dan ili dva nakon operacije, postupci za oporavak mogu biti vrlo zatjevni poput pravovremeno davanja lijeka, [&hellip;]<\/p>","protected":false},"author":1,"featured_media":0,"parent":0,"menu_order":0,"comment_status":"closed","ping_status":"closed","template":"","meta":{"_acf_changed":false,"site-sidebar-layout":"no-sidebar","site-content-layout":"page-builder","ast-site-content-layout":"default","site-content-style":"default","site-sidebar-style":"default","ast-global-header-display":"","ast-banner-title-visibility":"","ast-main-header-display":"","ast-hfb-above-header-display":"","ast-hfb-below-header-display":"","ast-hfb-mobile-header-display":"","site-post-title":"disabled","ast-breadcrumbs-content":"","ast-featured-img":"disabled","footer-sml-layout":"","theme-transparent-header-meta":"","adv-header-id-meta":"","stick-header-meta":"","header-above-stick-meta":"","header-main-stick-meta":"","header-below-stick-meta":"","astra-migrate-meta-layouts":"default","ast-page-background-enabled":"default","ast-page-background-meta":{"desktop":{"background-color":"","background-image":"","background-repeat":"repeat","background-position":"center center","background-size":"auto","background-attachment":"scroll","background-type":"","background-media":"","overlay-type":"","overlay-color":"","overlay-opacity":"","overlay-gradient":""},"tablet":{"background-color":"","background-image":"","background-repeat":"repeat","background-position":"center center","background-size":"auto","background-attachment":"scroll","background-type":"","background-media":"","overlay-type":"","overlay-color":"","overlay-opacity":"","overlay-gradient":""},"mobile":{"background-color":"","background-image":"","background-repeat":"repeat","background-position":"center center","background-size":"auto","background-attachment":"scroll","background-type":"","background-media":"","overlay-type":"","overlay-color":"","overlay-opacity":"","overlay-gradient":""}},"ast-content-background-meta":{"desktop":{"background-color":"var(--ast-global-color-5)","background-image":"","background-repeat":"repeat","background-position":"center center","background-size":"auto","background-attachment":"scroll","background-type":"","background-media":"","overlay-type":"","overlay-color":"","overlay-opacity":"","overlay-gradient":""},"tablet":{"background-color":"var(--ast-global-color-5)","background-image":"","background-repeat":"repeat","background-position":"center center","background-size":"auto","background-attachment":"scroll","background-type":"","background-media":"","overlay-type":"","overlay-color":"","overlay-opacity":"","overlay-gradient":""},"mobile":{"background-color":"var(--ast-global-color-5)","background-image":"","background-repeat":"repeat","background-position":"center center","background-size":"auto","background-attachment":"scroll","background-type":"","background-media":"","overlay-type":"","overlay-color":"","overlay-opacity":"","overlay-gradient":""}},"footnotes":""},"class_list":["post-5734","page","type-page","status-publish","hentry"],"acf":[],"_links":{"self":[{"href":"https:\/\/veterinarska-bolnica-porec.com\/en\/wp-json\/wp\/v2\/pages\/5734","targetHints":{"allow":["GET"]}}],"collection":[{"href":"https:\/\/veterinarska-bolnica-porec.com\/en\/wp-json\/wp\/v2\/pages"}],"about":[{"href":"https:\/\/veterinarska-bolnica-porec.com\/en\/wp-json\/wp\/v2\/types\/page"}],"author":[{"embeddable":true,"href":"https:\/\/veterinarska-bolnica-porec.com\/en\/wp-json\/wp\/v2\/users\/1"}],"replies":[{"embeddable":true,"href":"https:\/\/veterinarska-bolnica-porec.com\/en\/wp-json\/wp\/v2\/comments?post=5734"}],"version-history":[{"count":0,"href":"https:\/\/veterinarska-bolnica-porec.com\/en\/wp-json\/wp\/v2\/pages\/5734\/revisions"}],"wp:attachment":[{"href":"https:\/\/veterinarska-bolnica-porec.com\/en\/wp-json\/wp\/v2\/media?parent=5734"}],"curies":[{"name":"wp","href":"https:\/\/api.w.org\/{rel}","templated":true}]}}