
{"id":6360,"date":"2023-06-04T13:36:31","date_gmt":"2023-06-04T13:36:31","guid":{"rendered":"http:\/\/localhost:8888\/veterina-porec.com\/?page_id=6360"},"modified":"2023-06-26T12:20:42","modified_gmt":"2023-06-26T12:20:42","slug":"pet-shop-veterinarska-bolnica-porec","status":"publish","type":"page","link":"https:\/\/veterinarska-bolnica-porec.com\/en\/pet-shop-veterinarska-bolnica-porec\/","title":{"rendered":"Pet Shop &#8211; Veterinarska bolnica Pore\u010d"},"content":{"rendered":"<div data-elementor-type=\"wp-page\" data-elementor-id=\"6360\" class=\"elementor elementor-6360\">\n\t\t\t\t<div class=\"elementor-element elementor-element-b09fcb5 main-container e-flex e-con-boxed e-con e-parent\" data-id=\"b09fcb5\" data-element_type=\"container\" data-settings=\"{&quot;background_background&quot;:&quot;classic&quot;}\">\n\t\t\t\t\t<div class=\"e-con-inner\">\n\t\t<div class=\"elementor-element elementor-element-aaf0cc6 e-flex e-con-boxed e-con e-child\" data-id=\"aaf0cc6\" data-element_type=\"container\">\n\t\t\t\t\t<div class=\"e-con-inner\">\n\t\t<div class=\"elementor-element elementor-element-d9c3298 e-con-full e-flex e-con e-child\" data-id=\"d9c3298\" data-element_type=\"container\">\n\t\t\t\t<div class=\"elementor-element elementor-element-350c954 elementor-widget elementor-widget-text-editor\" data-id=\"350c954\" data-element_type=\"widget\" data-widget_type=\"text-editor.default\">\n\t\t\t\t<div class=\"elementor-widget-container\">\n\t\t\t\t\t\t\t\t\t<p><strong>Pore\u010d Veterinary Hospital \/ Pet Shop<\/strong><\/p>\t\t\t\t\t\t\t\t<\/div>\n\t\t\t\t<\/div>\n\t\t\t\t<div class=\"elementor-element elementor-element-8fa81df elementor-widget elementor-widget-heading\" data-id=\"8fa81df\" data-element_type=\"widget\" data-widget_type=\"heading.default\">\n\t\t\t\t<div class=\"elementor-widget-container\">\n\t\t\t\t\t<h2 class=\"elementor-heading-title elementor-size-default\">Pet Shop<\/h2>\t\t\t\t<\/div>\n\t\t\t\t<\/div>\n\t\t\t\t<div class=\"elementor-element elementor-element-3754e4c elementor-widget elementor-widget-text-editor\" data-id=\"3754e4c\" data-element_type=\"widget\" data-widget_type=\"text-editor.default\">\n\t\t\t\t<div class=\"elementor-widget-container\">\n\t\t\t\t\t\t\t\t\t<p>Always available to help you find the best products for your pets.<\/p>\t\t\t\t\t\t\t\t<\/div>\n\t\t\t\t<\/div>\n\t\t\t\t<div class=\"elementor-element elementor-element-4656d1f elementor-hidden-desktop elementor-hidden-tablet elementor-hidden-mobile elementor-widget elementor-widget-button\" data-id=\"4656d1f\" data-element_type=\"widget\" data-widget_type=\"button.default\">\n\t\t\t\t<div class=\"elementor-widget-container\">\n\t\t\t\t\t\t\t\t\t<div class=\"elementor-button-wrapper\">\n\t\t\t\t\t<a class=\"elementor-button elementor-button-link elementor-size-sm\" href=\"https:\/\/veterinarska-bolnica-porec.com\/en\/kontakt\/\">\n\t\t\t\t\t\t<span class=\"elementor-button-content-wrapper\">\n\t\t\t\t\t\t\t\t\t<span class=\"elementor-button-text\">Contact<\/span>\n\t\t\t\t\t<\/span>\n\t\t\t\t\t<\/a>\n\t\t\t\t<\/div>\n\t\t\t\t\t\t\t\t<\/div>\n\t\t\t\t<\/div>\n\t\t\t\t<\/div>\n\t\t\t\t\t<\/div>\n\t\t\t\t<\/div>\n\t\t\t\t\t<\/div>\n\t\t\t\t<\/div>\n\t\t<div class=\"elementor-element elementor-element-2c2e6fff main-container e-flex e-con-boxed e-con e-parent\" data-id=\"2c2e6fff\" data-element_type=\"container\">\n\t\t\t\t\t<div class=\"e-con-inner\">\n\t\t\t\t<div class=\"elementor-element elementor-element-64734a36 elementor-widget elementor-widget-heading\" data-id=\"64734a36\" data-element_type=\"widget\" data-widget_type=\"heading.default\">\n\t\t\t\t<div class=\"elementor-widget-container\">\n\t\t\t\t\t<h2 class=\"elementor-heading-title elementor-size-default\">All in one <br>place<\/h2>\t\t\t\t<\/div>\n\t\t\t\t<\/div>\n\t\t<div class=\"elementor-element elementor-element-7ea2a2c e-con-full e-flex e-con e-child\" data-id=\"7ea2a2c\" data-element_type=\"container\" data-settings=\"{&quot;background_background&quot;:&quot;classic&quot;}\">\n\t\t\t\t<\/div>\n\t\t\t\t<div class=\"elementor-element elementor-element-38dab1ca elementor-widget elementor-widget-text-editor\" data-id=\"38dab1ca\" data-element_type=\"widget\" data-widget_type=\"text-editor.default\">\n\t\t\t\t<div class=\"elementor-widget-container\">\n\t\t\t\t\t\t\t\t\t<p class=\"p1\">In our pet shop you can find a diverse range of food and treats for dogs and cats. In addition to complete dry and wet food from the Royal Canina, Vincent and FiSDog, Belcando and other lines, we also offer specialized veterinary diets for the special needs of your pets.<\/p>\t\t\t\t\t\t\t\t<\/div>\n\t\t\t\t<\/div>\n\t\t\t\t<div class=\"elementor-element elementor-element-c311570 elementor-widget elementor-widget-text-editor\" data-id=\"c311570\" data-element_type=\"widget\" data-widget_type=\"text-editor.default\">\n\t\t\t\t<div class=\"elementor-widget-container\">\n\t\t\t\t\t\t\t\t\t<p class=\"p1\">If your pet has problems with heart failure, kidney failure, food hypersensitivity or just has an extremely sensitive stomach, we recommend veterinary diets from the Trovet, VetExpert or Royal Canin lines.<\/p>\t\t\t\t\t\t\t\t<\/div>\n\t\t\t\t<\/div>\n\t\t\t\t\t<\/div>\n\t\t\t\t<\/div>\n\t\t\t\t<\/div>","protected":false},"excerpt":{"rendered":"<p>Veterinarksa bolnica Pore\u010d \/ Pet Shop Pet Shop Uvijek na raspolaganju da Vam pomognemo u pronala\u017eenju najboljih proizvoda za va\u0161e ljubimce. Na\u0161 kontakt Sve na jednom mjestu U na\u0161em pet shopu mo\u017eete na\u0107i raznolik asortiman hrane i poslastica za pse i ma\u010dke. Osim potpune suhe i mokre hrane iz linije Royal Canina, Vincent i FiDog, [&hellip;]<\/p>","protected":false},"author":1,"featured_media":0,"parent":0,"menu_order":0,"comment_status":"closed","ping_status":"closed","template":"","meta":{"_acf_changed":false,"site-sidebar-layout":"no-sidebar","site-content-layout":"page-builder","ast-site-content-layout":"default","site-content-style":"default","site-sidebar-style":"default","ast-global-header-display":"","ast-banner-title-visibility":"","ast-main-header-display":"","ast-hfb-above-header-display":"","ast-hfb-below-header-display":"","ast-hfb-mobile-header-display":"","site-post-title":"disabled","ast-breadcrumbs-content":"","ast-featured-img":"disabled","footer-sml-layout":"","theme-transparent-header-meta":"","adv-header-id-meta":"","stick-header-meta":"","header-above-stick-meta":"","header-main-stick-meta":"","header-below-stick-meta":"","astra-migrate-meta-layouts":"default","ast-page-background-enabled":"default","ast-page-background-meta":{"desktop":{"background-color":"","background-image":"","background-repeat":"repeat","background-position":"center center","background-size":"auto","background-attachment":"scroll","background-type":"","background-media":"","overlay-type":"","overlay-color":"","overlay-opacity":"","overlay-gradient":""},"tablet":{"background-color":"","background-image":"","background-repeat":"repeat","background-position":"center center","background-size":"auto","background-attachment":"scroll","background-type":"","background-media":"","overlay-type":"","overlay-color":"","overlay-opacity":"","overlay-gradient":""},"mobile":{"background-color":"","background-image":"","background-repeat":"repeat","background-position":"center center","background-size":"auto","background-attachment":"scroll","background-type":"","background-media":"","overlay-type":"","overlay-color":"","overlay-opacity":"","overlay-gradient":""}},"ast-content-background-meta":{"desktop":{"background-color":"var(--ast-global-color-5)","background-image":"","background-repeat":"repeat","background-position":"center center","background-size":"auto","background-attachment":"scroll","background-type":"","background-media":"","overlay-type":"","overlay-color":"","overlay-opacity":"","overlay-gradient":""},"tablet":{"background-color":"var(--ast-global-color-5)","background-image":"","background-repeat":"repeat","background-position":"center center","background-size":"auto","background-attachment":"scroll","background-type":"","background-media":"","overlay-type":"","overlay-color":"","overlay-opacity":"","overlay-gradient":""},"mobile":{"background-color":"var(--ast-global-color-5)","background-image":"","background-repeat":"repeat","background-position":"center center","background-size":"auto","background-attachment":"scroll","background-type":"","background-media":"","overlay-type":"","overlay-color":"","overlay-opacity":"","overlay-gradient":""}},"footnotes":""},"class_list":["post-6360","page","type-page","status-publish","hentry"],"acf":[],"_links":{"self":[{"href":"https:\/\/veterinarska-bolnica-porec.com\/en\/wp-json\/wp\/v2\/pages\/6360","targetHints":{"allow":["GET"]}}],"collection":[{"href":"https:\/\/veterinarska-bolnica-porec.com\/en\/wp-json\/wp\/v2\/pages"}],"about":[{"href":"https:\/\/veterinarska-bolnica-porec.com\/en\/wp-json\/wp\/v2\/types\/page"}],"author":[{"embeddable":true,"href":"https:\/\/veterinarska-bolnica-porec.com\/en\/wp-json\/wp\/v2\/users\/1"}],"replies":[{"embeddable":true,"href":"https:\/\/veterinarska-bolnica-porec.com\/en\/wp-json\/wp\/v2\/comments?post=6360"}],"version-history":[{"count":0,"href":"https:\/\/veterinarska-bolnica-porec.com\/en\/wp-json\/wp\/v2\/pages\/6360\/revisions"}],"wp:attachment":[{"href":"https:\/\/veterinarska-bolnica-porec.com\/en\/wp-json\/wp\/v2\/media?parent=6360"}],"curies":[{"name":"wp","href":"https:\/\/api.w.org\/{rel}","templated":true}]}}