
{"id":8020,"date":"2023-06-15T10:25:56","date_gmt":"2023-06-15T10:25:56","guid":{"rendered":"https:\/\/veterinarska-bolnica-porec.com\/?page_id=8020"},"modified":"2024-01-25T09:07:10","modified_gmt":"2024-01-25T09:07:10","slug":"nas-tim-ultra-vet-labin","status":"publish","type":"page","link":"https:\/\/veterinarska-bolnica-porec.com\/en\/nas-tim-ultra-vet-labin\/","title":{"rendered":"Na\u0161 tim &#8211; Ultra Vet Labin"},"content":{"rendered":"<div data-elementor-type=\"wp-page\" data-elementor-id=\"8020\" class=\"elementor elementor-8020\">\n\t\t\t\t<div class=\"elementor-element elementor-element-dddb746 main-container e-flex e-con-boxed e-con e-parent\" data-id=\"dddb746\" data-element_type=\"container\" data-settings=\"{&quot;background_background&quot;:&quot;classic&quot;}\">\n\t\t\t\t\t<div class=\"e-con-inner\">\n\t\t<div class=\"elementor-element elementor-element-b7a521f e-flex e-con-boxed e-con e-child\" data-id=\"b7a521f\" data-element_type=\"container\">\n\t\t\t\t\t<div class=\"e-con-inner\">\n\t\t<div class=\"elementor-element elementor-element-e5075f1 e-con-full e-flex e-con e-child\" data-id=\"e5075f1\" data-element_type=\"container\">\n\t\t\t\t<div class=\"elementor-element elementor-element-0fa7a6b elementor-widget elementor-widget-heading\" data-id=\"0fa7a6b\" data-element_type=\"widget\" data-widget_type=\"heading.default\">\n\t\t\t\t<div class=\"elementor-widget-container\">\n\t\t\t\t\t<h2 class=\"elementor-heading-title elementor-size-default\">A team of recognized <br>experts\n\n<\/h2>\t\t\t\t<\/div>\n\t\t\t\t<\/div>\n\t\t\t\t<div class=\"elementor-element elementor-element-4488cb5 elementor-widget elementor-widget-text-editor\" data-id=\"4488cb5\" data-element_type=\"widget\" data-widget_type=\"text-editor.default\">\n\t\t\t\t<div class=\"elementor-widget-container\">\n\t\t\t\t\t\t\t\t\t<p>Meet our exceptional team of compassionate veterinarians who are committed to providing the highest standard of care for your pets<\/p>\t\t\t\t\t\t\t\t<\/div>\n\t\t\t\t<\/div>\n\t\t\t\t<div class=\"elementor-element elementor-element-9e20ffa elementor-hidden-desktop elementor-hidden-tablet elementor-hidden-mobile elementor-widget elementor-widget-button\" data-id=\"9e20ffa\" data-element_type=\"widget\" data-widget_type=\"button.default\">\n\t\t\t\t<div class=\"elementor-widget-container\">\n\t\t\t\t\t\t\t\t\t<div class=\"elementor-button-wrapper\">\n\t\t\t\t\t<a class=\"elementor-button elementor-button-link elementor-size-sm\" href=\"https:\/\/veterinarska-bolnica-porec.com\/en\/kontakt\/\">\n\t\t\t\t\t\t<span class=\"elementor-button-content-wrapper\">\n\t\t\t\t\t\t\t\t\t<span class=\"elementor-button-text\">Contact<\/span>\n\t\t\t\t\t<\/span>\n\t\t\t\t\t<\/a>\n\t\t\t\t<\/div>\n\t\t\t\t\t\t\t\t<\/div>\n\t\t\t\t<\/div>\n\t\t\t\t<\/div>\n\t\t\t\t\t<\/div>\n\t\t\t\t<\/div>\n\t\t\t\t\t<\/div>\n\t\t\t\t<\/div>\n\t\t<div class=\"elementor-element elementor-element-b7a0ce8 main-container e-flex e-con-boxed e-con e-parent\" data-id=\"b7a0ce8\" data-element_type=\"container\">\n\t\t\t\t\t<div class=\"e-con-inner\">\n\t\t<div class=\"elementor-element elementor-element-4967952 e-con-full e-flex e-con e-child\" data-id=\"4967952\" data-element_type=\"container\">\n\t\t\t\t<div class=\"elementor-element elementor-element-145b9fd elementor-widget elementor-widget-heading\" data-id=\"145b9fd\" data-element_type=\"widget\" data-widget_type=\"heading.default\">\n\t\t\t\t<div class=\"elementor-widget-container\">\n\t\t\t\t\t<h2 class=\"elementor-heading-title elementor-size-default\">Meet our team<\/h2>\t\t\t\t<\/div>\n\t\t\t\t<\/div>\n\t\t\t\t<div class=\"elementor-element elementor-element-f9c2d74 elementor-widget elementor-widget-text-editor\" data-id=\"f9c2d74\" data-element_type=\"widget\" data-widget_type=\"text-editor.default\">\n\t\t\t\t<div class=\"elementor-widget-container\">\n\t\t\t\t\t\t\t\t\t<p>Dedicated professionals behind our veterinary practice<\/p>\t\t\t\t\t\t\t\t<\/div>\n\t\t\t\t<\/div>\n\t\t\t\t<div class=\"elementor-element elementor-element-7c15f72 elementor-widget-divider--view-line elementor-widget elementor-widget-divider\" data-id=\"7c15f72\" data-element_type=\"widget\" data-widget_type=\"divider.default\">\n\t\t\t\t<div class=\"elementor-widget-container\">\n\t\t\t\t\t\t\t<div class=\"elementor-divider\">\n\t\t\t<span class=\"elementor-divider-separator\">\n\t\t\t\t\t\t<\/span>\n\t\t<\/div>\n\t\t\t\t\t\t<\/div>\n\t\t\t\t<\/div>\n\t\t<div class=\"elementor-element elementor-element-9acc109 e-con-full e-flex e-con e-child\" data-id=\"9acc109\" data-element_type=\"container\">\n\t\t<div class=\"elementor-element elementor-element-d673c24 e-con-full e-flex e-con e-child\" data-id=\"d673c24\" data-element_type=\"container\">\n\t\t\t\t<div class=\"elementor-element elementor-element-715c467 elementor-widget elementor-widget-image\" data-id=\"715c467\" data-element_type=\"widget\" data-widget_type=\"image.default\">\n\t\t\t\t<div class=\"elementor-widget-container\">\n\t\t\t\t\t\t\t\t\t\t\t\t\t\t\t<img fetchpriority=\"high\" decoding=\"async\" width=\"600\" height=\"750\" src=\"https:\/\/veterinarska-bolnica-porec.com\/wp-content\/uploads\/2023\/06\/Branko_Juric.webp\" class=\"attachment-full size-full wp-image-6771\" alt=\"\" srcset=\"https:\/\/veterinarska-bolnica-porec.com\/wp-content\/uploads\/2023\/06\/Branko_Juric.webp 600w, https:\/\/veterinarska-bolnica-porec.com\/wp-content\/uploads\/2023\/06\/Branko_Juric-240x300.webp 240w, https:\/\/veterinarska-bolnica-porec.com\/wp-content\/uploads\/2023\/06\/Branko_Juric-10x12.webp 10w\" sizes=\"(max-width: 600px) 100vw, 600px\" \/>\t\t\t\t\t\t\t\t\t\t\t\t\t\t\t<\/div>\n\t\t\t\t<\/div>\n\t\t\t\t<\/div>\n\t\t<div class=\"elementor-element elementor-element-5b5ad7f e-con-full e-flex e-con e-child\" data-id=\"5b5ad7f\" data-element_type=\"container\">\n\t\t\t\t<div class=\"elementor-element elementor-element-8945c94 elementor-widget elementor-widget-heading\" data-id=\"8945c94\" data-element_type=\"widget\" data-widget_type=\"heading.default\">\n\t\t\t\t<div class=\"elementor-widget-container\">\n\t\t\t\t\t<div class=\"elementor-heading-title elementor-size-small\">dr.med.vet.<\/div>\t\t\t\t<\/div>\n\t\t\t\t<\/div>\n\t\t\t\t<div class=\"elementor-element elementor-element-346e67c elementor-vertical-align-top elementor-widget elementor-widget-image-box\" data-id=\"346e67c\" data-element_type=\"widget\" data-widget_type=\"image-box.default\">\n\t\t\t\t<div class=\"elementor-widget-container\">\n\t\t\t\t\t<div class=\"elementor-image-box-wrapper\"><div class=\"elementor-image-box-content\"><h3 class=\"elementor-image-box-title\">mr.sc. Branko Juri\u0107<\/h3><p class=\"elementor-image-box-description\">Branko Juri\u0107, MSc, MD, PhD. was born in 1962. Even as a child, he was happiest when surrounded by animals. He loved his dog Riki immensely, so he promised himself that he wanted to be ready to help animals in need. In order to better prepare for his studies, he attended the Secondary Medical School and finally started his studies. \n\nAfter graduating from the Veterinary Faculty of the University of Zagreb in 1992. he got a job at the Veterinary Station  in Pore\u010d, which today thanks to him has grown into a renowned veterinary hospital.<\/p><\/div><\/div>\t\t\t\t<\/div>\n\t\t\t\t<\/div>\n\t\t<div class=\"elementor-element elementor-element-5feea5c expandable-text-el e-flex e-con-boxed e-con e-child\" data-id=\"5feea5c\" data-element_type=\"container\">\n\t\t\t\t\t<div class=\"e-con-inner\">\n\t\t\t\t<div class=\"elementor-element elementor-element-c181515 elementor-widget elementor-widget-text-editor\" data-id=\"c181515\" data-element_type=\"widget\" data-widget_type=\"text-editor.default\">\n\t\t\t\t<div class=\"elementor-widget-container\">\n\t\t\t\t\t\t\t\t\t<p>He obtained his master's degree based on the results of his research work in the field of pet microsporosis at the Veterinary Faculty of the University of Ljubljana in 2002 under the surveillance of renowned scientists Assoc. Ph.D. Zaninovi\u0107, Prof. Ph.D. Pinter and Prof. Ph.D. Sim\u010di\u0107. He is  also  licensed veterinarian.<\/p>\t\t\t\t\t\t\t\t<\/div>\n\t\t\t\t<\/div>\n\t\t\t\t<div class=\"elementor-element elementor-element-2849876 elementor-widget elementor-widget-text-editor\" data-id=\"2849876\" data-element_type=\"widget\" data-widget_type=\"text-editor.default\">\n\t\t\t\t<div class=\"elementor-widget-container\">\n\t\t\t\t\t\t\t\t\t<p style=\"font-weight: 400;\">So far, he has  been trained at the University of Ljubljana (Small Animal Clinic) and Kranj ((Small Animal Clinic Kranj) in the field of internal diseases and soft surgery. He has participated in numerous seminars and professional training in Croatia, Slovenia and Italy. For more than two decades, Juri\u0107, M.Sc., has been working dedicatedly and for several years as a director he has been coordinating a team of veterinarians and support staff, of which  is really  proud of. In Veterinary Hospital Pore\u010d and Veterinary practice Ultra Vet , he organizes and performs  various surgical procedures.\u00a0<a href=\"http:\/\/mr.sc\/\" data-saferedirecturl=\"https:\/\/www.google.com\/url?q=http:\/\/mr.sc&amp;source=gmail&amp;ust=1688828671975000&amp;usg=AOvVaw13IC8Qv1IkrpUUhDJX8hH3\">mr.sc<\/a>. Juri\u0107 works dedicatedly and has been coordinating a team of veterinarians and support staff for several years as director, which he is particularly proud of. As part of the Hospital and Veterinary Practice, Ultra-vet organizes and performs surgical procedures.<\/p>\t\t\t\t\t\t\t\t<\/div>\n\t\t\t\t<\/div>\n\t\t\t\t<div class=\"elementor-element elementor-element-0dc47dc elementor-widget elementor-widget-text-editor\" data-id=\"0dc47dc\" data-element_type=\"widget\" data-widget_type=\"text-editor.default\">\n\t\t\t\t<div class=\"elementor-widget-container\">\n\t\t\t\t\t\t\t\t\t<p style=\"font-weight: 400;\">He is the father of an adult son. In the past, his boxer Aja cheered up his home, and now he gives all his love together with his family to Luna, an adopted pinscher. He spends free time with his family and whenever possible enjoying  archipelago of Pore\u010d as he has always been a great lover of fishing and sea.<\/p>\t\t\t\t\t\t\t\t<\/div>\n\t\t\t\t<\/div>\n\t\t\t\t<div class=\"elementor-element elementor-element-01cfdc4 elementor-widget elementor-widget-heading\" data-id=\"01cfdc4\" data-element_type=\"widget\" data-widget_type=\"heading.default\">\n\t\t\t\t<div class=\"elementor-widget-container\">\n\t\t\t\t\t<h2 class=\"elementor-heading-title elementor-size-default\">Here's what he thinks:<\/h2>\t\t\t\t<\/div>\n\t\t\t\t<\/div>\n\t\t\t\t<div class=\"elementor-element elementor-element-3601d67 elementor-widget elementor-widget-text-editor\" data-id=\"3601d67\" data-element_type=\"widget\" data-widget_type=\"text-editor.default\">\n\t\t\t\t<div class=\"elementor-widget-container\">\n\t\t\t\t\t\t\t\t\t<p><em style=\"font-weight: inherit; text-align: var(--text-align); background-color: var(--ast-global-color-4);\">\u201d For me, being a veterinarian is not a job but a pleasure. In more than two decades, I have never felt it as employment, but as the pleasure of helping<span style=\"text-align: var(--text-align); background-color: var(--ast-global-color-4); font-size: 1rem;\">\"<\/span><\/em><br><\/p>\t\t\t\t\t\t\t\t<\/div>\n\t\t\t\t<\/div>\n\t\t\t\t\t<\/div>\n\t\t\t\t<\/div>\n\t\t\t\t<div class=\"elementor-element elementor-element-94bf1b4 expand-text-button elementor-widget elementor-widget-heading\" data-id=\"94bf1b4\" data-element_type=\"widget\" data-widget_type=\"heading.default\">\n\t\t\t\t<div class=\"elementor-widget-container\">\n\t\t\t\t\t<h6 class=\"elementor-heading-title elementor-size-default\">Read more<\/h6>\t\t\t\t<\/div>\n\t\t\t\t<\/div>\n\t\t\t\t<\/div>\n\t\t\t\t<\/div>\n\t\t<div class=\"elementor-element elementor-element-2c16353 e-con-full e-flex e-con e-child\" data-id=\"2c16353\" data-element_type=\"container\">\n\t\t<div class=\"elementor-element elementor-element-9136aec e-con-full e-flex e-con e-child\" data-id=\"9136aec\" data-element_type=\"container\">\n\t\t\t\t<div class=\"elementor-element elementor-element-4a8f29e elementor-widget elementor-widget-image\" data-id=\"4a8f29e\" data-element_type=\"widget\" data-widget_type=\"image.default\">\n\t\t\t\t<div class=\"elementor-widget-container\">\n\t\t\t\t\t\t\t\t\t\t\t\t\t\t\t<img decoding=\"async\" width=\"1414\" height=\"1979\" src=\"https:\/\/veterinarska-bolnica-porec.com\/wp-content\/uploads\/2024\/01\/alma-11_pp.jpg\" class=\"attachment-full size-full wp-image-9882\" alt=\"\" srcset=\"https:\/\/veterinarska-bolnica-porec.com\/wp-content\/uploads\/2024\/01\/alma-11_pp.jpg 1414w, https:\/\/veterinarska-bolnica-porec.com\/wp-content\/uploads\/2024\/01\/alma-11_pp-214x300.jpg 214w, https:\/\/veterinarska-bolnica-porec.com\/wp-content\/uploads\/2024\/01\/alma-11_pp-732x1024.jpg 732w, https:\/\/veterinarska-bolnica-porec.com\/wp-content\/uploads\/2024\/01\/alma-11_pp-768x1075.jpg 768w, https:\/\/veterinarska-bolnica-porec.com\/wp-content\/uploads\/2024\/01\/alma-11_pp-1097x1536.jpg 1097w, https:\/\/veterinarska-bolnica-porec.com\/wp-content\/uploads\/2024\/01\/alma-11_pp-9x12.jpg 9w, https:\/\/veterinarska-bolnica-porec.com\/wp-content\/uploads\/2024\/01\/alma-11_pp-200x280.jpg 200w\" sizes=\"(max-width: 1414px) 100vw, 1414px\" \/>\t\t\t\t\t\t\t\t\t\t\t\t\t\t\t<\/div>\n\t\t\t\t<\/div>\n\t\t\t\t<\/div>\n\t\t<div class=\"elementor-element elementor-element-55185f1 e-con-full e-flex e-con e-child\" data-id=\"55185f1\" data-element_type=\"container\">\n\t\t\t\t<div class=\"elementor-element elementor-element-4bea60a elementor-widget elementor-widget-heading\" data-id=\"4bea60a\" data-element_type=\"widget\" data-widget_type=\"heading.default\">\n\t\t\t\t<div class=\"elementor-widget-container\">\n\t\t\t\t\t<div class=\"elementor-heading-title elementor-size-small\">dr.med.vet.<\/div>\t\t\t\t<\/div>\n\t\t\t\t<\/div>\n\t\t\t\t<div class=\"elementor-element elementor-element-8c81672 elementor-vertical-align-top elementor-widget elementor-widget-image-box\" data-id=\"8c81672\" data-element_type=\"widget\" data-widget_type=\"image-box.default\">\n\t\t\t\t<div class=\"elementor-widget-container\">\n\t\t\t\t\t<div class=\"elementor-image-box-wrapper\"><div class=\"elementor-image-box-content\"><h3 class=\"elementor-image-box-title\">univ.mag. Alma Ristani\u0107<\/h3><p class=\"elementor-image-box-description\">She was born on December 6, 1968 in Slavonski Brod. She completed her primary and secondary education in Ora\u0161je, Bosnia and Herzegovina. In 1987, she enrolled in the Faculty of Veterinary Medicine, University of Zagreb, where she studied with interruptions due to the war. She successfully graduated from the same study in 2003. In May 2006, she enrolled in the postgraduate specialist study \"Pathology and Breeding of Domestic Carnivores\", and after defending her thesis on March 26, 2010, she obtained the academic title of university master of domestic carnivores. From August 1, 2003 to June 15, 2008, she worked as a field veterinarian at the Veterinary Station in Od\u017eak, Bosnia and Herzegovina. In a team and independently, she performs all field work of a veterinarian, examinations, prevention, treatment and operations in the field and in the station's office, as well as supervision of slaughterhouses and other facilities under veterinary supervision, issuing veterinary documentation and numerous other tasks within the scope of veterinary activities. From June 15, 2008 to January 31, 2009, she worked at the Hungarian company \"Agrokomplex nutritions\", in the animal feed factory in Ora\u0161je. She carried out preparation and control in the production of animal feed, as well as supervision on farms where this feed is distributed. In the period from 2009, when she founded it, until 2023, she ran the company \"Ana-vet\" d.o.o. Donji Svilaj, Od\u017eak, within which she ran a veterinary station until 2017, within the scope of which she also offered small practice services. In the period from 2017 to 2018, she was employed at VS \"Fad\u017eis\" d.o.o. Od\u017eak, as a master's degree specialist for pets and collaborated as part of the \"Dog Trust\" project, which provides support for sterilization, chipping and vaccination of dogs. From March 1, 2018 to December 15, 2018. is employed as the manager of the Veterinary Clinic Lukavec, owned by the company \"Ekosanitacija\" d.o.o. Zagreb. From 15.3.2018 to 31.7.2020 she worked at the company \"Sanitarac\" j.d.o.o. for DDD in Zagreb. From 23.08.2021 to 23.08.2022 she was employed at the pet clinic Dobra veterinarska praksa d.o.o., Zagreb. From 17.1.2023 to 31.10.2023 she performs the tasks of a licensed veterinarian at the Veterinary Clinic Labin, as well as in the pet clinic, field work and manager of the veterinary pharmacy. She joined our team as part of the hospital on 1.11.2023 and from 1. 1. 2024 she takes care of pets in our veterinary practice Ultra vet in Labin. \n\n<\/p><\/div><\/div>\t\t\t\t<\/div>\n\t\t\t\t<\/div>\n\t\t\t\t<\/div>\n\t\t\t\t<\/div>\n\t\t<div class=\"elementor-element elementor-element-d6ebc02 e-con-full e-flex e-con e-child\" data-id=\"d6ebc02\" data-element_type=\"container\">\n\t\t<div class=\"elementor-element elementor-element-594d400 e-con-full e-flex e-con e-child\" data-id=\"594d400\" data-element_type=\"container\">\n\t\t\t\t<\/div>\n\t\t<div class=\"elementor-element elementor-element-7881149 e-con-full e-flex e-con e-child\" data-id=\"7881149\" data-element_type=\"container\">\n\t\t\t\t<\/div>\n\t\t\t\t<\/div>\n\t\t\t\t<\/div>\n\t\t\t\t\t<\/div>\n\t\t\t\t<\/div>\n\t\t\t\t<\/div>","protected":false},"excerpt":{"rendered":"<p>Tim priznatih stru\u010dnjaka Upoznajte na\u0161 izniman tim suosje\u0107ajnih veterinara koji su predani pru\u017eanju najvi\u0161eg standarda skrbi za va\u0161e ku\u0107ne ljubimce. Na\u0161 kontakt Upoznajte na\u0161 tim Predani profesionalci koji stoje iza na\u0161e veterinarske prakse dr.med.vet. mr.sc. Branko Juri\u0107 Mr.sc Branko Juri\u0107, dr.med.vet. je ro\u0111en 1962. godine. Ve\u0107 kao dijete bio je najsretniji kad su ga okru\u017eivale [&hellip;]<\/p>","protected":false},"author":1,"featured_media":0,"parent":0,"menu_order":0,"comment_status":"closed","ping_status":"closed","template":"","meta":{"_acf_changed":false,"site-sidebar-layout":"no-sidebar","site-content-layout":"page-builder","ast-site-content-layout":"default","site-content-style":"default","site-sidebar-style":"default","ast-global-header-display":"","ast-banner-title-visibility":"","ast-main-header-display":"","ast-hfb-above-header-display":"","ast-hfb-below-header-display":"","ast-hfb-mobile-header-display":"","site-post-title":"disabled","ast-breadcrumbs-content":"","ast-featured-img":"disabled","footer-sml-layout":"","theme-transparent-header-meta":"","adv-header-id-meta":"","stick-header-meta":"","header-above-stick-meta":"","header-main-stick-meta":"","header-below-stick-meta":"","astra-migrate-meta-layouts":"default","ast-page-background-enabled":"default","ast-page-background-meta":{"desktop":{"background-color":"","background-image":"","background-repeat":"repeat","background-position":"center center","background-size":"auto","background-attachment":"scroll","background-type":"","background-media":"","overlay-type":"","overlay-color":"","overlay-opacity":"","overlay-gradient":""},"tablet":{"background-color":"","background-image":"","background-repeat":"repeat","background-position":"center center","background-size":"auto","background-attachment":"scroll","background-type":"","background-media":"","overlay-type":"","overlay-color":"","overlay-opacity":"","overlay-gradient":""},"mobile":{"background-color":"","background-image":"","background-repeat":"repeat","background-position":"center center","background-size":"auto","background-attachment":"scroll","background-type":"","background-media":"","overlay-type":"","overlay-color":"","overlay-opacity":"","overlay-gradient":""}},"ast-content-background-meta":{"desktop":{"background-color":"var(--ast-global-color-5)","background-image":"","background-repeat":"repeat","background-position":"center center","background-size":"auto","background-attachment":"scroll","background-type":"","background-media":"","overlay-type":"","overlay-color":"","overlay-opacity":"","overlay-gradient":""},"tablet":{"background-color":"var(--ast-global-color-5)","background-image":"","background-repeat":"repeat","background-position":"center center","background-size":"auto","background-attachment":"scroll","background-type":"","background-media":"","overlay-type":"","overlay-color":"","overlay-opacity":"","overlay-gradient":""},"mobile":{"background-color":"var(--ast-global-color-5)","background-image":"","background-repeat":"repeat","background-position":"center center","background-size":"auto","background-attachment":"scroll","background-type":"","background-media":"","overlay-type":"","overlay-color":"","overlay-opacity":"","overlay-gradient":""}},"footnotes":""},"class_list":["post-8020","page","type-page","status-publish","hentry"],"acf":[],"_links":{"self":[{"href":"https:\/\/veterinarska-bolnica-porec.com\/en\/wp-json\/wp\/v2\/pages\/8020","targetHints":{"allow":["GET"]}}],"collection":[{"href":"https:\/\/veterinarska-bolnica-porec.com\/en\/wp-json\/wp\/v2\/pages"}],"about":[{"href":"https:\/\/veterinarska-bolnica-porec.com\/en\/wp-json\/wp\/v2\/types\/page"}],"author":[{"embeddable":true,"href":"https:\/\/veterinarska-bolnica-porec.com\/en\/wp-json\/wp\/v2\/users\/1"}],"replies":[{"embeddable":true,"href":"https:\/\/veterinarska-bolnica-porec.com\/en\/wp-json\/wp\/v2\/comments?post=8020"}],"version-history":[{"count":0,"href":"https:\/\/veterinarska-bolnica-porec.com\/en\/wp-json\/wp\/v2\/pages\/8020\/revisions"}],"wp:attachment":[{"href":"https:\/\/veterinarska-bolnica-porec.com\/en\/wp-json\/wp\/v2\/media?parent=8020"}],"curies":[{"name":"wp","href":"https:\/\/api.w.org\/{rel}","templated":true}]}}